{"id":14961,"date":"2018-09-01T17:53:10","date_gmt":"2018-09-01T15:53:10","guid":{"rendered":"https:\/\/hotel-kgm.cz\/?page_id=14961"},"modified":"2025-05-22T11:01:05","modified_gmt":"2025-05-22T09:01:05","slug":"triluzkovy-pokoj-econom-de","status":"publish","type":"page","link":"https:\/\/hotel-kgm.cz\/de\/pokoje-de\/triluzkovy-pokoj-econom-de\/","title":{"rendered":"Dreibettzimmer Economy"},"content":{"rendered":"<div class=\"wpb-content-wrapper\">[vc_row full_width=&#8220;stretch_row&#8220; parallax=&#8220;content-moving&#8220; parallax_image=&#8220;7364&#8243; overlay_color=&#8220;rgba(0,0,0,0.01)&#8220; css=&#8220;.vc_custom_1662199842247{padding-top: 300px !important;padding-bottom: 500px !important;}&#8220;][vc_column][\/vc_column][\/vc_row][vc_row full_width=&#8220;stretch_row&#8220; equal_height=&#8220;yes&#8220; overlay_color=&#8220;rgba(0,0,0,0.01)&#8220; css=&#8220;.vc_custom_1511302591026{padding-top: 20px !important;padding-bottom: 30px !important;}&#8220;][vc_column][vc_row_inner content_placement=&#8220;middle&#8220;][vc_column_inner css=&#8220;.vc_custom_1525718376414{padding-top: 18px !important;}&#8220;][vc_column_text]<strong><span style=\"color: #ac8b51;\">KARLSBAD GRANDE MADONNA <em>&amp;<\/em> FESTIVAL Apartments \u2013 KARLOVY VARY<\/span><\/strong><\/p>\n<h2><strong><span style=\"font-size: 36pt;\">Dreibettzimmer Economy<\/span><\/strong><\/h2>\n[\/vc_column_text][\/vc_column_inner][\/vc_row_inner][vc_separator color=&#8220;chino&#8220; align=&#8220;align_left&#8220; border_width=&#8220;2&#8243;][\/vc_column][\/vc_row][vc_row overlay_color=&#8220;rgba(0,0,0,0.01)&#8220;][vc_column][vc_row_inner][vc_column_inner width=&#8220;2\/3&#8243;][vc_column_text css=&#8220;&#8220;]<strong>Gesamtfl\u00e4che 31\u00a0m\u00b2.<\/strong><\/p>\n<p><span id=\"result_box\" class=\"short_text\" lang=\"de\"><span class=\"\"><strong>Zimmer<\/strong> mit einer schr\u00e4gen Decke (Mansarden-Typ).<\/span><\/span><\/p>\n<p><strong>Komfortabel eingerichtete Zimmer<\/strong> mit franz\u00f6sischem Balkon und einem Ausblick in den ruhigen Hof.<\/p>\n<p><strong>Die Zimmer sind mit modernen<\/strong>, behaglichen, cremefarbenen M\u00f6beln, LED-TV LG, Telefon, kleinem K\u00fchlschrank (auf Wunsch f\u00fcllen wir ihn mit Getr\u00e4nken), Safe, Regenschirm ausgestattet. Im Zimmer ist ein Doppelbett 180\u00d7200 cm mit der M\u00f6glichkeit getrennter Betten \u2013 Twin Bed und mit einem eigenst\u00e4ndigen Bett 90\u00d7200 cm.<\/p>\n<p><strong>Bad mit Wanne<\/strong>, WC, Haartrockner, Toiletten- und Kosmetikartikeln, Handt\u00fcchern, Badem\u00e4nteln und Pantoffeln.[\/vc_column_text][vc_btn title=&#8220;Zuruck auf &gt; Dreibettzimmer&#8220; shape=&#8220;square&#8220; color=&#8220;chino&#8220; size=&#8220;lg&#8220; align=&#8220;center&#8220; css=&#8220;&#8220; link=&#8220;url:https%3A%2F%2Fhotel-kgm.cz%2Fde%2Fpokoje-de%2Ftriluzkovy-pokoj-de%2F|title:Pokoje&#8220;][vc_empty_space height=&#8220;20px&#8220;][vc_column_text]<div class=\"su-list\" style=\"margin-left:0px\">\n<div class=\"large-6 columns\">\n<div class=\"vc_column-inner \">\n<div class=\"wpb_wrapper\">\n<div class=\"wpb_text_column wpb_content_element animate-text loaded-text\">\n<div class=\"wpb_wrapper\">\n<ul>\n<li><i class=\"sui sui-circle\" style=\"color:#AC8B51\"><\/i> <strong>D<\/strong>ie Innenr\u00e4ume sind liebevoll mit Kunstgegenst\u00e4nden und Blumenarrangements dekoriert, was ein echtes Zuhausegef\u00fchl vermittelt.<\/li>\n<li><i class=\"sui sui-circle\" style=\"color:#AC8B51\"><\/i> <strong>D<\/strong>ie Reinigung der Zimmer erfolgt jeden Tag. Wechseln der Bettw\u00e4sche \u2013 alle 6 N\u00e4chte.<\/li>\n<li><i class=\"sui sui-circle\" style=\"color:#AC8B51\"><\/i> <strong>Z<\/strong>immerservice.<\/li>\n<li><i class=\"sui sui-circle\" style=\"color:#AC8B51\"><\/i> <strong>C<\/strong>HECK-IN ab 14:00 Uhr<br \/>\n<strong>C<\/strong>HECK-OUT\u00a0 bis 11:00 Uhr<br \/>\n<strong>L<\/strong>ATE CHECK-OUT\u00a0 bis 15:00 Uhr \u2013 30 \u20ac<br \/>\n<strong>L<\/strong>ATE CHECK-OUT\u00a0 bis\u00a0 20:00 Uhr\u2013 50 \u20ac<\/li>\n<\/ul>\n<\/div>\n<\/div>\n<\/div>\n<\/div>\n<\/div>\n<\/div>[\/vc_column_text][\/vc_column_inner][vc_column_inner width=&#8220;1\/3&#8243; css=&#8220;.vc_custom_1522138238838{padding-right: 60px !important;}&#8220;][vc_empty_space height=&#8220;10px&#8220;][vc_btn title=&#8220;BUCHEN&#8220; shape=&#8220;square&#8220; color=&#8220;chino&#8220; size=&#8220;lg&#8220; align=&#8220;left&#8220; i_icon_fontawesome=&#8220;fas fa-bed&#8220; css=&#8220;&#8220; add_icon=&#8220;true&#8220; link=&#8220;url:https%3A%2F%2Fhotel-kgm.cz%2Fde%2Frezervace-2-de%2F|title:Pokoje&#8220; el_id=&#8220;trojluzkovyeco&#8220;][vc_raw_html css=&#8220;&#8220;]JTVCeHl6LWlocyUyMHNuaXBwZXQlM0QlMjJrb250YWt0dWotb3BlcmF0b3JhLWRlJTIyJTVE[\/vc_raw_html][\/vc_column_inner][\/vc_row_inner][vc_empty_space height=&#8220;20px&#8220;][\/vc_column][\/vc_row][vc_row full_width=&#8220;stretch_row&#8220; equal_height=&#8220;yes&#8220; overlay_color=&#8220;rgba(0,0,0,0.01)&#8220; css=&#8220;.vc_custom_1511302591026{padding-top: 20px !important;padding-bottom: 30px !important;}&#8220;][vc_column][vc_row_inner content_placement=&#8220;middle&#8220;][vc_column_inner width=&#8220;3\/4&#8243; css=&#8220;.vc_custom_1525718376414{padding-top: 18px !important;}&#8220;][vc_column_text]<strong><span style=\"color: #ac8b51;\">KARLSBAD GRANDE MADONNA <em>&amp;<\/em> FESTIVAL Apartments \u2013 KARLOVY VARY<\/span><\/strong><\/p>\n<h2><span style=\"font-size: 36pt;\">Fotogalerie \u2013 Zimmer<\/span><\/h2>\n[\/vc_column_text][\/vc_column_inner][vc_column_inner width=&#8220;1\/4&#8243; css=&#8220;.vc_custom_1655046293679{padding-top: 70px !important;}&#8220;][vc_column_text]<img decoding=\"async\" class=\"wp-image-10069 size-medium alignnone\" src=\"https:\/\/hotel-kgm.cz\/wp-content\/uploads\/s_andelskou_peci_pruhledne_de-300x58.png\" alt=\"\" width=\"300\" height=\"62\" \/>[\/vc_column_text][\/vc_column_inner][\/vc_row_inner][vc_separator color=&#8220;chino&#8220; align=&#8220;align_left&#8220; border_width=&#8220;2&#8243;][\/vc_column][\/vc_row][vc_row overlay_color=&#8220;rgba(0,0,0,0.01)&#8220; css=&#8220;.vc_custom_1511302638225{padding-top: 20px !important;padding-bottom: 90px !important;}&#8220;][vc_column][vc_gallery interval=&#8220;3&#8243; images=&#8220;7360,7361,7363,7364,7365,7366,7367,7368&#8243; img_size=&#8220;1200&#215;700&#8243; onclick=&#8220;&#8220;][vc_btn title=&#8220;BUCHEN&#8220; shape=&#8220;square&#8220; color=&#8220;chino&#8220; size=&#8220;lg&#8220; align=&#8220;center&#8220; i_icon_fontawesome=&#8220;fas fa-bed&#8220; css=&#8220;&#8220; add_icon=&#8220;true&#8220; link=&#8220;url:https%3A%2F%2Fhotel-kgm.cz%2Fde%2Frezervace-2-de%2F|title:Pokoje&#8220; el_id=&#8220;trojluzkovyeco2&#8243;][\/vc_column][\/vc_row][vc_row][vc_column][vc_raw_html]JTVCeHl6LWlocyUyMHNuaXBwZXQlM0QlMjJsZWNlbmluYWJpZGthREUlMjIlNUQ=[\/vc_raw_html][vc_empty_space][\/vc_column][\/vc_row][vc_row][vc_column][vc_raw_html]JTVCeHl6LWlocyUyMHNuaXBwZXQlM0QlMjJ2c2VjaG55LXBva29qZURFJTIyJTVE[\/vc_raw_html][vc_empty_space][\/vc_column][\/vc_row][vc_row][vc_column][vc_empty_space height=&#8220;12px&#8220;][vc_column_text]<img decoding=\"async\" class=\"wp-image-6258 aligncenter\" src=\"https:\/\/hotel-kgm.cz\/wp-content\/uploads\/free_wifi_no_bronz.png\" alt=\"\" width=\"120\" height=\"49\" \/><\/p>\n<p style=\"text-align: center;\">Alle Zimmer sind <strong>NICHTRAUCHERZIMMER<\/strong> und in jedem von ihnen ist GRATIS<strong> WLAN-<\/strong>Internet!<\/p>\n[\/vc_column_text][vc_empty_space height=&#8220;12px&#8220;][\/vc_column][\/vc_row]\n<\/div>","protected":false},"excerpt":{"rendered":"<p>[vc_row full_width=&#8220;stretch_row&#8220; parallax=&#8220;content-moving&#8220; parallax_image=&#8220;7364&#8243; overlay_color=&#8220;rgba(0,0,0,0.01)&#8220; css=&#8220;.vc_custom_1662199842247{padding-top: 300px !important;padding-bottom: 500px !important;}&#8220;][vc_column][\/vc_column][\/vc_row][vc_row  [&#8230;]<\/p>\n","protected":false},"author":1,"featured_media":0,"parent":5446,"menu_order":0,"comment_status":"closed","ping_status":"closed","template":"","meta":{"iawp_total_views":22,"footnotes":""},"class_list":["post-14961","page","type-page","status-publish","hentry"],"aioseo_notices":[],"_links":{"self":[{"href":"https:\/\/hotel-kgm.cz\/de\/wp-json\/wp\/v2\/pages\/14961","targetHints":{"allow":["GET"]}}],"collection":[{"href":"https:\/\/hotel-kgm.cz\/de\/wp-json\/wp\/v2\/pages"}],"about":[{"href":"https:\/\/hotel-kgm.cz\/de\/wp-json\/wp\/v2\/types\/page"}],"author":[{"embeddable":true,"href":"https:\/\/hotel-kgm.cz\/de\/wp-json\/wp\/v2\/users\/1"}],"replies":[{"embeddable":true,"href":"https:\/\/hotel-kgm.cz\/de\/wp-json\/wp\/v2\/comments?post=14961"}],"version-history":[{"count":8,"href":"https:\/\/hotel-kgm.cz\/de\/wp-json\/wp\/v2\/pages\/14961\/revisions"}],"predecessor-version":[{"id":37671,"href":"https:\/\/hotel-kgm.cz\/de\/wp-json\/wp\/v2\/pages\/14961\/revisions\/37671"}],"up":[{"embeddable":true,"href":"https:\/\/hotel-kgm.cz\/de\/wp-json\/wp\/v2\/pages\/5446"}],"wp:attachment":[{"href":"https:\/\/hotel-kgm.cz\/de\/wp-json\/wp\/v2\/media?parent=14961"}],"curies":[{"name":"wp","href":"https:\/\/api.w.org\/{rel}","templated":true}]}}