{"id":15122,"date":"2018-09-14T15:08:13","date_gmt":"2018-09-14T13:08:13","guid":{"rendered":"https:\/\/hotel-kgm.cz\/?page_id=15122"},"modified":"2025-10-09T14:21:36","modified_gmt":"2025-10-09T12:21:36","slug":"relaxacni-pobyt-2-noci-de","status":"publish","type":"page","link":"https:\/\/hotel-kgm.cz\/de\/leceni-de\/lazenske-pobyty-de\/relaxacni-pobyt-2-noci-de\/","title":{"rendered":"Schneller Neustart der Imunit\u00e4t f\u00fcr 2 N\u00c4CHTE"},"content":{"rendered":"<div class=\"wpb-content-wrapper\">[vc_row full_width=&#8220;stretch_row&#8220; parallax=&#8220;content-moving&#8220; parallax_image=&#8220;11961&#8243; overlay_color=&#8220;rgba(0,0,0,0.01)&#8220; css=&#8220;.vc_custom_1688999479754{padding-top: 300px !important;padding-bottom: 500px !important;}&#8220;][vc_column][\/vc_column][\/vc_row][vc_row full_width=&#8220;stretch_row&#8220; equal_height=&#8220;yes&#8220; overlay_color=&#8220;rgba(0,0,0,0.01)&#8220; css=&#8220;.vc_custom_1511302591026{padding-top: 20px !important;padding-bottom: 30px !important;}&#8220;][vc_column][vc_row_inner content_placement=&#8220;middle&#8220;][vc_column_inner css=&#8220;.vc_custom_1525718376414{padding-top: 18px !important;}&#8220;][vc_column_text]<strong><span style=\"color: #ac8b51;\">KARLSBAD GRANDE MADONNA <em>&amp;<\/em> FESTIVAL Apartments \u2013 KARLOVY VARY<\/span><\/strong><\/p>\n<h2><strong><span style=\"font-size: 36pt;\">Schneller Neustart der Imunit\u00e4t f\u00fcr 2 N\u00c4CHTE<\/span><\/strong><\/h2>\n[\/vc_column_text][\/vc_column_inner][\/vc_row_inner][vc_separator color=&#8220;chino&#8220; align=&#8220;align_left&#8220; border_width=&#8220;2&#8243;][\/vc_column][\/vc_row][vc_row overlay_color=&#8220;rgba(0,0,0,0.01)&#8220;][vc_column][vc_column_text css=&#8220;&#8220;]\n<h3 class=\"toggle-title\"><strong>DER AUFENTHALT F\u00dcR 2 N\u00c4CHTE (3 TAGE) BEINHALTET<\/strong>:<\/h3>\n[\/vc_column_text][vc_row_inner][vc_column_inner width=&#8220;1\/2&#8243;][vc_column_text css=&#8220;&#8220;]<div class=\"su-list\" style=\"margin-left:0px\">\n<ul>\n<li><i class=\"sui sui-circle\" style=\"color:#AC8B51\"><\/i> <u><a href=\"https:\/\/hotel-kgm.cz\/de\/pokoje-de\/\"><strong>UNTERKUNFT<\/strong><\/a><\/u><u><\/u><\/li>\n<li><i class=\"sui sui-circle\" style=\"color:#AC8B51\"><\/i> <u><a href=\"https:\/\/hotel-kgm.cz\/de\/restaurace-de\/grand-restaurant-de\/#bufet\"><strong>HALBPENSION<\/strong><\/a><\/u> (HB) umfasst Fr\u00fchst\u00fcck und nach Wahl des Gastes Mittag- oder Abendessen. Alles wird in Form eines warmen und kalten Buffets serviert.<\/li>\n<li><i class=\"sui sui-circle\" style=\"color:#AC8B51\"><\/i> Die Verpflegung beinhaltet auch Di\u00e4t- und vegetarische Ern\u00e4hrung<\/li>\n<li><i class=\"sui sui-circle\" style=\"color:#AC8B51\"><\/i> Insgesamt <strong>3<\/strong> <strong><a href=\"https:\/\/hotel-kgm.cz\/de\/leceni-de\/lazenske-procedury-de\/\"><span style=\"text-decoration: underline;\">PROZEDUREN<\/span><\/a><\/strong><br \/>\n1x Citrus-Vitaminbad<br \/>\n1x klassische Teilmassage<br \/>\n1x Paraffinfolie auf H\u00e4nde<\/li>\n<li><i class=\"sui sui-circle\" style=\"color:#AC8B51\"><\/i> Kostenlose Nutzung der Sauna (trocken, Dampf, Infrarot), des Whirlpools und Fitness-Ger\u00e4te direkt im Hotel<\/li>\n<li><i class=\"sui sui-circle\" style=\"color:#AC8B51\"><\/i> Bademantel, Hausschuhe und Regenschirm sind im Zimmer vorhanden<\/li>\n<\/ul>\n<\/div>[\/vc_column_text][\/vc_column_inner][vc_column_inner width=&#8220;1\/2&#8243; css=&#8220;.vc_custom_1522138238838{padding-right: 60px !important;}&#8220;][vc_gallery interval=&#8220;3&#8243; images=&#8220;13942,13987,13862,13917&#8243; img_size=&#8220;1200&#215;700&#8243; onclick=&#8220;&#8220;][\/vc_column_inner][\/vc_row_inner][\/vc_column][\/vc_row][vc_row disable_element=&#8220;yes&#8220; overlay_color=&#8220;rgba(0,0,0,0.01)&#8220;][vc_column][vc_row_inner][vc_column_inner width=&#8220;1\/2&#8243;][vc_column_text]\n<h3 class=\"toggle-title\">DER AUFENTHALT F\u00dcR 2 N\u00c4CHTE UMFASST:<\/h3>\n<div class=\"su-list\" style=\"margin-left:0px\">\n<ul>\n<li><i class=\"sui sui-circle\" style=\"color:#AC8B51\"><\/i> <u><a href=\"https:\/\/hotel-kgm.cz\/de\/pokoje-de\/\"><strong>UNTERKUNFT<\/strong><\/a><\/u><\/li>\n<li><i class=\"sui sui-circle\" style=\"color:#AC8B51\"><\/i> Halbpension \u2013 HB (Fr\u00fchst\u00fcck + Mittagessen oder Fr\u00fchst\u00fcck + Abendessen)<\/li>\n<li><i class=\"sui sui-circle\" style=\"color:#AC8B51\"><\/i> Die Verpflegung umfasst auch Di\u00e4t- und vegetarische Kost<\/li>\n<li><i class=\"sui sui-circle\" style=\"color:#AC8B51\"><\/i> Tee, Getr\u00e4nke zum Fr\u00fchst\u00fcck, zum Mittag- oder Abendessen<\/li>\n<li><i class=\"sui sui-circle\" style=\"color:#AC8B51\"><\/i> 1 x Perlbad mit Zusatzstoffen<\/li>\n<li><i class=\"sui sui-circle\" style=\"color:#AC8B51\"><\/i> 1 x Xilopia von Dr. Gaye (Bad in Sprudelwasser mit Extrakt aus den Fr\u00fcchten der Xylopia aethiopica\/Mohrenpfeffer)<\/li>\n<li><i class=\"sui sui-circle\" style=\"color:#AC8B51\"><\/i> 2 x trockenes Kohlens\u00e4urebad<\/li>\n<li><i class=\"sui sui-circle\" style=\"color:#AC8B51\"><\/i> 1 x klassische Vollmassage<\/li>\n<li><i class=\"sui sui-circle\" style=\"color:#AC8B51\"><\/i> M\u00f6glichkeit der Inanspruchnahme der Sauna (Trocken- oder Dampfsauna oder Infra), des Whirlpools,\u00a0sie k\u00f6nnen auch Laufband, Rotoped und Stepper im balneologischen Zentrum benutzen<\/li>\n<li><i class=\"sui sui-circle\" style=\"color:#AC8B51\"><\/i> Bademantel und Pantoffeln auf dem Zimmer<\/li>\n<\/ul>\n<\/div>[\/vc_column_text][\/vc_column_inner][vc_column_inner width=&#8220;1\/2&#8243; css=&#8220;.vc_custom_1522138238838{padding-right: 60px !important;}&#8220;][reda_masonry_gallery type=&#8220;custom_masonry&#8220; images=&#8220;3724,3733,3708,3719&#8243; custom_string=&#8220;4,4,2,2&#8243;][\/vc_column_inner][\/vc_row_inner][\/vc_column][\/vc_row][vc_row][vc_column][vc_empty_space height=&#8220;22px&#8220;][\/vc_column][\/vc_row][vc_row][vc_column width=&#8220;1\/3&#8243;][mvc_advanced_button align=&#8220;center&#8220; btn_text=&#8220;GESCHENKKARTE&#8220; btn_block=&#8220;btn_block&#8220; google_fonts=&#8220;font_family:Merriweather%20Sans%3A300%2C300italic%2Cregular%2Citalic%2C700%2C700italic%2C800%2C800italic|font_style:400%20regular%3A400%3Anormal&#8220; btn_url=&#8220;url:https%3A%2F%2Fhotel-kgm.cz%2Fde%2Fleceni-de%2Fdarkove-poukazy-de%2F%23restart_imunity&#8220; btn_clr=&#8220;#ffffff&#8220; btn_bg=&#8220;#ac8b51&#8243; btn_hvrclr=&#8220;#ffffff&#8220; btn_hvrbg=&#8220;#714d1f&#8220;][vc_empty_space height=&#8220;12px&#8220;][\/vc_column][vc_column width=&#8220;1\/3&#8243; el_id=&#8220;rychlyrestartimunity&#8220;][mvc_advanced_button align=&#8220;center&#8220; btn_text=&#8220;BUCHEN&#8220; btn_block=&#8220;btn_block&#8220; btn_size=&#8220;25&#8243; icon_size=&#8220;28&#8243; google_fonts=&#8220;font_family:Merriweather%20Sans%3A300%2C300italic%2Cregular%2Citalic%2C700%2C700italic%2C800%2C800italic|font_style:700%20bold%20regular%3A700%3Anormal&#8220; btn_icon=&#8220;fas fa-bed&#8220; btn_url=&#8220;url:https%3A%2F%2Fhotel-kgm.cz%2Fde%2Frezervace-2-de%2F&#8220; btn_clr=&#8220;#ffffff&#8220; btn_bg=&#8220;#ac8b51&#8243; btn_hvrclr=&#8220;#ffffff&#8220; btn_hvrbg=&#8220;#714d1f&#8220; classname=&#8220;tlacitko_rezervace&#8220;][vc_empty_space height=&#8220;12px&#8220;][\/vc_column][vc_column width=&#8220;1\/3&#8243;][mvc_advanced_button align=&#8220;center&#8220; btn_text=&#8220;KONTAKT OPERATOR&#8220; btn_block=&#8220;btn_block&#8220; google_fonts=&#8220;font_family:Merriweather%20Sans%3A300%2C300italic%2Cregular%2Citalic%2C700%2C700italic%2C800%2C800italic|font_style:400%20regular%3A400%3Anormal&#8220; btn_url=&#8220;url:https%3A%2F%2Fhotel-kgm.cz%2Fde%2Fkontakt-de%2F%23obchodni_oddeleni&#8220; btn_clr=&#8220;#ffffff&#8220; btn_bg=&#8220;#ac8b51&#8243; btn_hvrclr=&#8220;#ffffff&#8220; btn_hvrbg=&#8220;#714d1f&#8220;][vc_empty_space height=&#8220;12px&#8220;][\/vc_column][\/vc_row][vc_row][vc_column][vc_empty_space height=&#8220;52px&#8220;][\/vc_column][\/vc_row][vc_row disable_element=&#8220;yes&#8220; overlay_color=&#8220;rgba(0,0,0,0.01)&#8220;][vc_column][vc_column_text]\n<table style=\"border-collapse: collapse; width: 100%; height: 168px;\">\n<tbody>\n<tr style=\"height: 24px;\">\n<td style=\"width: 34.6103%; height: 24px; text-align: center;\"><strong>PREISLISTE (Preise verstehen sich in EUR, pro 1 Person\/1 Nacht)<\/strong><\/td>\n<td style=\"width: 14.4503%; height: 24px; text-align: center;\">Top-saison:<br \/>\n1.7.-31.10.23<br \/>\n27.12.23-3.1.24<\/td>\n<td style=\"width: 13.4711%; text-align: center; height: 24px;\">Hochsaison:<br \/>\n14.3.-30.6.23<br \/>\n1.11.-26.12.23<\/td>\n<td style=\"width: 13.1491%; text-align: center; height: 24px;\">Nebensaison:<br \/>\n4.1-13.3.23<\/td>\n<\/tr>\n<tr style=\"height: 24px;\">\n<td style=\"width: 34.6103%; height: 24px;\"><strong>Einbettzimmer<\/strong><\/td>\n<td style=\"width: 14.4503%; text-align: center;\"><strong>101,-<\/strong><\/td>\n<td style=\"width: 13.4711%; text-align: center;\"><strong>93,-<br \/>\n<\/strong><\/td>\n<td style=\"width: 13.1491%; text-align: center;\"><strong>84,-<br \/>\n<\/strong><\/td>\n<\/tr>\n<tr style=\"height: 24px;\">\n<td style=\"width: 34.6103%; height: 24px;\"><strong>Doppelzimmer<\/strong><\/td>\n<td style=\"width: 14.4503%; text-align: center;\"><strong>86,-<\/strong><\/td>\n<td style=\"width: 13.4711%; text-align: center;\"><strong>78,-<\/strong><\/td>\n<td style=\"width: 13.1491%; text-align: center;\"><strong>69,-<br \/>\n<\/strong><\/td>\n<\/tr>\n<tr style=\"height: 24px;\">\n<td style=\"width: 34.6103%; height: 24px;\"><strong>Dreibettzimmer<br \/>\n<\/strong><\/td>\n<td style=\"width: 14.4503%; text-align: center;\"><strong>86,-<\/strong><\/td>\n<td style=\"width: 13.4711%; text-align: center;\"><strong>78,-<\/strong><\/td>\n<td style=\"width: 13.1491%; text-align: center;\"><strong>69,-<br \/>\n<\/strong><\/td>\n<\/tr>\n<tr style=\"height: 24px;\">\n<td style=\"width: 34.6103%; height: 24px;\"><strong>Suite<\/strong><\/td>\n<td style=\"width: 14.4503%; text-align: center;\"><strong>101,-<\/strong><\/td>\n<td style=\"width: 13.4711%; text-align: center;\"><strong>93,-<br \/>\n<\/strong><\/td>\n<td style=\"width: 13.1491%; text-align: center;\"><strong>84,-<br \/>\n<\/strong><\/td>\n<\/tr>\n<tr style=\"height: 24px;\">\n<td style=\"width: 34.6103%; height: 24px;\"><strong>Suite mit Erker<\/strong><\/td>\n<td style=\"width: 14.4503%; text-align: center;\"><strong>106,-<\/strong><\/td>\n<td style=\"width: 13.4711%; text-align: center;\"><strong>98,-<br \/>\n<\/strong><\/td>\n<td style=\"width: 13.1491%; text-align: center;\"><strong>89,-<br \/>\n<\/strong><\/td>\n<\/tr>\n<tr style=\"height: 24px;\">\n<td style=\"width: 34.6103%; height: 24px;\"><strong>Appartement Festival <\/strong><\/td>\n<td style=\"width: 14.4503%; text-align: center;\"><strong>86,-<\/strong><\/td>\n<td style=\"width: 13.4711%; text-align: center;\"><strong>78,-<\/strong><\/td>\n<td style=\"width: 13.1491%; text-align: center;\"><strong>69,-<br \/>\n<\/strong><\/td>\n<\/tr>\n<\/tbody>\n<\/table>\n[\/vc_column_text][vc_empty_space height=&#8220;22px&#8220;][\/vc_column][\/vc_row][vc_row disable_element=&#8220;yes&#8220; overlay_color=&#8220;rgba(0,0,0,0.01)&#8220;][vc_column][vc_column_text]<strong>AUFENTHALT F\u00dcR 2 N\u00c4CHTE<\/strong> \u2013 <em><strong>Kur- und Wellness-Kurzprogramm<\/strong><\/em>[\/vc_column_text][\/vc_column][\/vc_row][vc_row disable_element=&#8220;yes&#8220; overlay_color=&#8220;rgba(0,0,0,0.01)&#8220;][vc_column width=&#8220;2\/3&#8243;][vc_column_text]\n<table class=\" alignleft\">\n<tbody>\n<tr>\n<td style=\"text-align: center;\"><strong>PRIESE IN EUR<br \/>\n1 Per.\/2 N\u00e4chte<\/strong><\/td>\n<td style=\"text-align: center;\"><strong>15.04.19 \u2013 31.10.19<br \/>\n24.12.19 \u2013 10.01.20<\/strong><\/td>\n<td style=\"text-align: center;\"><strong> 01.11.19 \u2013 23.12.19<br \/>\n11.01.19 \u2013 14.04.19<br \/>\n<\/strong><\/td>\n<\/tr>\n<tr>\n<td><strong> Einbettzimmer<\/strong><\/td>\n<td style=\"text-align: center;\"><del> <del> \u20ac 314 <\/del><\/del> \/ <strong>\u20ac 251,50<\/strong><\/td>\n<td style=\"text-align: center;\"><del> \u20ac 246 <\/del><strong> \/ \u20ac 197,00<\/strong><\/td>\n<\/tr>\n<tr>\n<td><strong> Doppelzimmer <\/strong><\/td>\n<td style=\"text-align: center;\"><del> \u20ac 256 <\/del><strong> \/ \u20ac 205,00<\/strong><\/td>\n<td style=\"text-align: center;\"><del> \u20ac 195 <\/del><strong> \/ \u20ac 156,50<\/strong><\/td>\n<\/tr>\n<tr>\n<td><strong> Dreibettzimmer<\/strong><\/td>\n<td style=\"text-align: center;\"><del> \u20ac 256 <\/del><strong> \/ \u20ac 205,00<\/strong><\/td>\n<td style=\"text-align: center;\"><del> \u20ac 195 <\/del><strong> \/ \u20ac 156,50<\/strong><\/td>\n<\/tr>\n<tr>\n<td><strong> Appartement <\/strong><\/td>\n<td style=\"text-align: center;\"><del> \u20ac 331 <\/del><strong> \/ \u20ac 265,00<\/strong><\/td>\n<td style=\"text-align: center;\"><del> \u20ac 264 <\/del><strong> \/ \u20ac 211,50<\/strong><\/td>\n<\/tr>\n<tr>\n<td><strong> \u0410ppartement mit Erker<\/strong><\/td>\n<td style=\"text-align: center;\"><del> \u20ac 343 <\/del><strong> \/ \u20ac 275,00<\/strong><\/td>\n<td style=\"text-align: center;\"><del> \u20ac 276 <\/del><strong> \/ \u20ac 221,50<\/strong><\/td>\n<\/tr>\n<tr>\n<td style=\"text-align: center;\" colspan=\"3\"><strong>Aufenthalt einer Person im Doppelzimmer oder Appartement \u2013 Aufpreis 40%<\/strong><\/td>\n<\/tr>\n<\/tbody>\n<\/table>\n[\/vc_column_text][\/vc_column][vc_column width=&#8220;1\/3&#8243;][vc_column_text]<strong>Wir empfehlen zu ihrem Programm die Inanspruchnahme des Angebots sehr attraktiver und gefragter Anwendungen wie u. a.: <\/strong>Aroma \u2013 Teilmassage \u25cf Bierbad u. a.<\/p>\n<p><strong>Hotelservice: Kosmetik \u2013 <\/strong>Natur- und medizinische Kosmetik<strong><br \/>\n<\/strong>[\/vc_column_text][\/vc_column][\/vc_row][vc_row][vc_column][vc_raw_html]JTVCeHl6LWlocyUyMHNuaXBwZXQlM0QlMjJsZWNlbmluYWJpZGthREUlMjIlNUQ=[\/vc_raw_html][\/vc_column][\/vc_row]\n<\/div>","protected":false},"excerpt":{"rendered":"<p>[vc_row full_width=&#8220;stretch_row&#8220; parallax=&#8220;content-moving&#8220; parallax_image=&#8220;11961&#8243; overlay_color=&#8220;rgba(0,0,0,0.01)&#8220; css=&#8220;.vc_custom_1688999479754{padding-top: 300px !important;padding-bottom: 500px !important;}&#8220;][vc_column][\/vc_column][\/vc_row][vc_row  [&#8230;]<\/p>\n","protected":false},"author":1,"featured_media":0,"parent":5498,"menu_order":0,"comment_status":"closed","ping_status":"closed","template":"","meta":{"iawp_total_views":257,"footnotes":""},"class_list":["post-15122","page","type-page","status-publish","hentry"],"aioseo_notices":[],"_links":{"self":[{"href":"https:\/\/hotel-kgm.cz\/de\/wp-json\/wp\/v2\/pages\/15122","targetHints":{"allow":["GET"]}}],"collection":[{"href":"https:\/\/hotel-kgm.cz\/de\/wp-json\/wp\/v2\/pages"}],"about":[{"href":"https:\/\/hotel-kgm.cz\/de\/wp-json\/wp\/v2\/types\/page"}],"author":[{"embeddable":true,"href":"https:\/\/hotel-kgm.cz\/de\/wp-json\/wp\/v2\/users\/1"}],"replies":[{"embeddable":true,"href":"https:\/\/hotel-kgm.cz\/de\/wp-json\/wp\/v2\/comments?post=15122"}],"version-history":[{"count":16,"href":"https:\/\/hotel-kgm.cz\/de\/wp-json\/wp\/v2\/pages\/15122\/revisions"}],"predecessor-version":[{"id":39126,"href":"https:\/\/hotel-kgm.cz\/de\/wp-json\/wp\/v2\/pages\/15122\/revisions\/39126"}],"up":[{"embeddable":true,"href":"https:\/\/hotel-kgm.cz\/de\/wp-json\/wp\/v2\/pages\/5498"}],"wp:attachment":[{"href":"https:\/\/hotel-kgm.cz\/de\/wp-json\/wp\/v2\/media?parent=15122"}],"curies":[{"name":"wp","href":"https:\/\/api.w.org\/{rel}","templated":true}]}}