{"id":28295,"date":"2022-11-02T13:21:17","date_gmt":"2022-11-02T12:21:17","guid":{"rendered":"https:\/\/hotel-kgm.cz\/?page_id=28295"},"modified":"2026-03-20T10:52:01","modified_gmt":"2026-03-20T09:52:01","slug":"karlovarska-lazenska-lecba-light-de","status":"publish","type":"page","link":"https:\/\/hotel-kgm.cz\/de\/leceni-de\/lazenske-pobyty-de\/karlovarska-lazenska-lecba-light-de\/","title":{"rendered":"Karlsbader Kurbehandlung &#8211; LIGHT"},"content":{"rendered":"<div class=\"wpb-content-wrapper\">[vc_row full_width=&#8220;stretch_row&#8220; parallax=&#8220;content-moving&#8220; parallax_image=&#8220;28550&#8243; overlay_color=&#8220;rgba(0,0,0,0.01)&#8220; css=&#8220;.vc_custom_1688998239966{padding-top: 300px !important;padding-bottom: 500px !important;}&#8220;][vc_column][\/vc_column][\/vc_row][vc_row full_width=&#8220;stretch_row&#8220; equal_height=&#8220;yes&#8220; overlay_color=&#8220;rgba(0,0,0,0.01)&#8220; css=&#8220;.vc_custom_1511302591026{padding-top: 20px !important;padding-bottom: 30px !important;}&#8220;][vc_column][vc_row_inner content_placement=&#8220;middle&#8220;][vc_column_inner css=&#8220;.vc_custom_1525718376414{padding-top: 18px !important;}&#8220;][vc_column_text]<strong><span style=\"color: #ac8b51;\">KARLSBAD GRANDE MADONNA <em>&amp;<\/em> FESTIVAL Apartments \u2013 KARLOVY VARY<\/span><\/strong><\/p>\n<h2><strong><span style=\"font-size: 36pt;\">Karlsbader Kurbehandlung \u2013 LIGHT<\/span><\/strong><\/h2>\n[\/vc_column_text][\/vc_column_inner][\/vc_row_inner][vc_separator color=&#8220;chino&#8220; align=&#8220;align_left&#8220; border_width=&#8220;2&#8243;][\/vc_column][\/vc_row][vc_row disable_element=&#8220;yes&#8220; overlay_color=&#8220;rgba(0,0,0,0.01)&#8220;][vc_column css=&#8220;.vc_custom_1641139964101{background-color: #138dd2 !important;}&#8220;][vc_empty_space height=&#8220;25px&#8220;][vc_column_text]\n<p style=\"text-align: center;\"><span style=\"font-size: 18px; color: #ffffff;\"><strong>1x Vstup na 2 hodiny do baz\u00e9nov\u00e9ho komplexu <span style=\"text-decoration: underline;\"><a style=\"color: #ffffff; text-decoration: underline;\" href=\"https:\/\/www.karlovyvary.cz\/cs\/alzbetiny-lazne-1\" target=\"_blank\" rel=\"noopener noreferrer\">Al\u017eb\u011btiny l\u00e1zn\u011b<\/a><\/span> (CENTR\u00c1LN\u00cd M\u011aSTSK\u00c9 L\u00c1ZN\u011a, Smetanovy sady 1145\/1)<br \/>\n<\/strong><\/span><\/p>\n[\/vc_column_text][\/vc_column][\/vc_row][vc_row overlay_color=&#8220;rgba(0,0,0,0.01)&#8220;][vc_column][vc_column_text css=&#8220;&#8220;]\n<h3 class=\"toggle-title\"><strong>DER AUFENTHALT F\u00dcR 6 N\u00c4CHTE (7 TAGE) BEINHALTET<\/strong>:<\/h3>\n[\/vc_column_text][vc_row_inner][vc_column_inner width=&#8220;1\/2&#8243;][vc_column_text css=&#8220;&#8220;]<div class=\"su-list\" style=\"margin-left:0px\">\n<ul>\n<li><i class=\"sui sui-circle\" style=\"color:#AC8B51\"><\/i> <u><a href=\"https:\/\/hotel-kgm.cz\/de\/pokoje-de\/\"><strong>UNTERKUNFT<\/strong><\/a><\/u><\/li>\n<li><i class=\"sui sui-circle\" style=\"color:#AC8B51\"><\/i> <u><a href=\"https:\/\/hotel-kgm.cz\/de\/restaurace-de\/grand-restaurant-de\/#bufet\"><strong>HALBPENSION<\/strong><\/a><\/u> (HB) umfasst Fr\u00fchst\u00fcck und nach Wahl des Gastes Mittag- oder Abendessen. Alles wird in Form eines warmen und kalten Buffets serviert.<\/li>\n<li><i class=\"sui sui-circle\" style=\"color:#AC8B51\"><\/i> Die Verpflegung beinhaltet auch Di\u00e4t- und vegetarische Ern\u00e4hrung<\/li>\n<li><i class=\"sui sui-circle\" style=\"color:#AC8B51\"><\/i> Eintrittskontrolle beim Arzt mit der Prozeduren Verschreibung<\/li>\n<li><i class=\"sui sui-circle\" style=\"color:#AC8B51\"><\/i> Verordnung von Karlsb\u00e4der-Mineralwasser durch einen Arzt<\/li>\n<li><i class=\"sui sui-circle\" style=\"color:#AC8B51\"><\/i> <strong>10 <\/strong><a href=\"https:\/\/hotel-kgm.cz\/de\/leceni-de\/lazenske-procedury-de\/\"><strong><span style=\"text-decoration: underline;\">PROZEDUREN<\/span><\/strong><\/a> pro Woche nach \u00e4rztlicher Verordnung<\/li>\n<\/ul>\n<\/div>[\/vc_column_text][vc_column_text css=&#8220;&#8220;]<strong>Zus\u00e4tzlich kostenlos<\/strong><\/p>\n<div class=\"su-list\" style=\"margin-left:0px\">\n<ul>\n<li><i class=\"sui sui-circle\" style=\"color:#AC8B51\"><\/i> Eintritt ins Wellnesscenter (Whirlpool, 3 Saunen, Fitnessger\u00e4te)<\/li>\n<li><i class=\"sui sui-circle\" style=\"color:#AC8B51\"><\/i> Bademantel, Hausschuhe und Regenschirm w\u00e4hrend des Aufenthalts<\/li>\n<li><i class=\"sui sui-circle\" style=\"color:#AC8B51\"><\/i> 1 x Eintritt f\u00fcr 2 Stunden in Hallenbadkomplex vom <a href=\"https:\/\/www.karlovyvary.cz\/de\/elisabethbad-1\" target=\"_blank\" rel=\"noopener\">Elisabethbad<\/a> (STADTZENTRALBAD, Smetanovy sady 1145\/1)<\/li>\n<\/ul>\n<\/div>[\/vc_column_text][\/vc_column_inner][vc_column_inner width=&#8220;1\/2&#8243; css=&#8220;.vc_custom_1522138238838{padding-right: 60px !important;}&#8220;][vc_gallery interval=&#8220;3&#8243; images=&#8220;13932,13947,13987,13522&#8243; img_size=&#8220;1200&#215;700&#8243; onclick=&#8220;&#8220;][\/vc_column_inner][\/vc_row_inner][\/vc_column][\/vc_row][vc_row][vc_column][vc_empty_space height=&#8220;22px&#8220;][\/vc_column][\/vc_row][vc_row][vc_column width=&#8220;1\/3&#8243;][mvc_advanced_button align=&#8220;center&#8220; btn_text=&#8220;GESCHENKKARTE&#8220; btn_block=&#8220;btn_block&#8220; google_fonts=&#8220;font_family:Merriweather%20Sans%3A300%2C300italic%2Cregular%2Citalic%2C700%2C700italic%2C800%2C800italic|font_style:400%20regular%3A400%3Anormal&#8220; btn_url=&#8220;url:https%3A%2F%2Fhotel-kgm.cz%2Fde%2Fleceni-de%2Fdarkove-poukazy-de%2F%23kkl_light&#8220; btn_clr=&#8220;#ffffff&#8220; btn_bg=&#8220;#ac8b51&#8243; btn_hvrclr=&#8220;#ffffff&#8220; btn_hvrbg=&#8220;#714d1f&#8220;][vc_empty_space height=&#8220;12px&#8220;][\/vc_column][vc_column width=&#8220;1\/3&#8243; el_id=&#8220;kkllight&#8220;][mvc_advanced_button align=&#8220;center&#8220; btn_text=&#8220;BUCHEN&#8220; btn_block=&#8220;btn_block&#8220; btn_size=&#8220;25&#8243; icon_size=&#8220;28&#8243; google_fonts=&#8220;font_family:Merriweather%20Sans%3A300%2C300italic%2Cregular%2Citalic%2C700%2C700italic%2C800%2C800italic|font_style:700%20bold%20regular%3A700%3Anormal&#8220; btn_icon=&#8220;fas fa-bed&#8220; btn_url=&#8220;url:https%3A%2F%2Fhotel-kgm.cz%2Fde%2Frezervace-2-de%2F&#8220; btn_clr=&#8220;#ffffff&#8220; btn_bg=&#8220;#ac8b51&#8243; btn_hvrclr=&#8220;#ffffff&#8220; btn_hvrbg=&#8220;#714d1f&#8220; classname=&#8220;tlacitko_rezervace&#8220;][vc_empty_space height=&#8220;12px&#8220;][\/vc_column][vc_column width=&#8220;1\/3&#8243;][mvc_advanced_button align=&#8220;center&#8220; btn_text=&#8220;KONTAKT OPERATOR&#8220; btn_block=&#8220;btn_block&#8220; google_fonts=&#8220;font_family:Merriweather%20Sans%3A300%2C300italic%2Cregular%2Citalic%2C700%2C700italic%2C800%2C800italic|font_style:400%20regular%3A400%3Anormal&#8220; btn_url=&#8220;url:https%3A%2F%2Fhotel-kgm.cz%2Fde%2Fkontakt-de%2F%23obchodni_oddeleni&#8220; btn_clr=&#8220;#ffffff&#8220; btn_bg=&#8220;#ac8b51&#8243; btn_hvrclr=&#8220;#ffffff&#8220; btn_hvrbg=&#8220;#714d1f&#8220;][vc_empty_space height=&#8220;12px&#8220;][\/vc_column][\/vc_row][vc_row][vc_column][vc_empty_space height=&#8220;52px&#8220;][\/vc_column][\/vc_row][vc_row disable_element=&#8220;yes&#8220; overlay_color=&#8220;rgba(0,0,0,0.01)&#8220;][vc_column][vc_column_text]\n<h3 style=\"text-align: center;\">Karlsbader Kurbehandlung \u2013 LIGHT Halbpension<\/h3>\n[\/vc_column_text][vc_column_text]\n<table style=\"border-collapse: collapse; width: 100%; height: 168px;\">\n<tbody>\n<tr style=\"height: 24px;\">\n<td style=\"width: 34.6103%; height: 24px; text-align: center;\"><strong>PREISLISTE (Preise verstehen sich in EUR, pro 1 Person\/1 Nacht)<\/strong><\/td>\n<td style=\"width: 9.55848%; text-align: center; height: 24px;\"><strong>1.7. \u2013 31.10.23<\/strong><br \/>\n<strong>27.12.23 \u2013 3.1.24<\/strong><\/td>\n<td style=\"width: 8.95967%; text-align: center; height: 24px;\"><strong>14.3. \u2013 30.6.23<\/strong><br \/>\n<strong>1.11. \u2013 26.12.23<\/strong><\/td>\n<td style=\"width: 8.10205%; text-align: center; height: 24px;\"><strong>4.1. \u2013 13.3.23<\/strong><\/td>\n<\/tr>\n<tr>\n<td style=\"width: 34.6103%;\"><strong>Einbettzimmer<\/strong><\/td>\n<td style=\"width: 9.55848%; text-align: center; height: 24px;\"><strong>97,-<\/strong><\/td>\n<td style=\"width: 8.95967%; text-align: center; height: 24px;\"><strong>87,-<\/strong><\/td>\n<td style=\"width: 8.10205%; text-align: center; height: 24px;\"><strong>79,-<\/strong><\/td>\n<\/tr>\n<tr>\n<td style=\"width: 34.6103%;\"><strong>Doppelzimmer<\/strong><\/td>\n<td style=\"width: 9.55848%; text-align: center; height: 24px;\"><strong>82,-<\/strong><\/td>\n<td style=\"width: 8.95967%; text-align: center; height: 24px;\"><strong>72,-<\/strong><\/td>\n<td style=\"width: 8.10205%; text-align: center; height: 24px;\"><strong>64,-<\/strong><\/td>\n<\/tr>\n<tr>\n<td style=\"width: 34.6103%;\"><strong>Dreibettzimmer<\/strong><\/td>\n<td style=\"width: 9.55848%; text-align: center; height: 24px;\"><strong>82,-<\/strong><\/td>\n<td style=\"width: 8.95967%; text-align: center; height: 24px;\"><strong>72,-<\/strong><\/td>\n<td style=\"width: 8.10205%; text-align: center; height: 24px;\"><strong>64,-<\/strong><\/td>\n<\/tr>\n<tr>\n<td style=\"width: 34.6103%;\"><strong>Suite (mindestens zwei Personen)<br \/>\n<\/strong><\/td>\n<td style=\"width: 9.55848%; text-align: center; height: 24px;\"><strong>97,-<\/strong><\/td>\n<td style=\"width: 8.95967%; text-align: center; height: 24px;\"><strong>87,-<\/strong><\/td>\n<td style=\"width: 8.10205%; text-align: center; height: 24px;\"><strong>79,-<\/strong><\/td>\n<\/tr>\n<tr>\n<td style=\"width: 34.6103%;\"><strong>Suite mit Erker (mindestens zwei Personen)<br \/>\n<\/strong><\/td>\n<td style=\"width: 9.55848%; text-align: center; height: 24px;\"><strong>102,-<\/strong><\/td>\n<td style=\"width: 8.95967%; text-align: center; height: 24px;\"><strong>92,-<\/strong><\/td>\n<td style=\"width: 8.10205%; text-align: center; height: 24px;\"><strong>84,-<\/strong><\/td>\n<\/tr>\n<tr>\n<td style=\"width: 34.6103%;\"><strong>Appartement Festival (mindestens zwei Personen)<br \/>\n<\/strong><\/td>\n<td style=\"width: 9.55848%; text-align: center; height: 24px;\"><strong>82,-<\/strong><\/td>\n<td style=\"width: 8.95967%; text-align: center; height: 24px;\"><strong>72,-<\/strong><\/td>\n<td style=\"width: 8.10205%; text-align: center; height: 24px;\"><strong>64,-<\/strong><\/td>\n<\/tr>\n<\/tbody>\n<\/table>\n[\/vc_column_text][vc_column_text]\n<h3 style=\"text-align: center;\">Karlsbader Kurbehandlung \u2013 LIGHT mit Vollpension<\/h3>\n[\/vc_column_text][vc_column_text]\n<table style=\"border-collapse: collapse; width: 100%; height: 168px;\">\n<tbody>\n<tr style=\"height: 24px;\">\n<td style=\"width: 34.6103%; height: 24px; text-align: center;\"><strong>PREISLISTE (Preise verstehen sich in EUR, pro 1 Person\/1 Nacht)<\/strong><\/td>\n<td style=\"width: 9.55848%; text-align: center; height: 24px;\"><strong>1.7. \u2013 31.10.23<\/strong><br \/>\n<strong>27.12.23 \u2013 3.1.24<\/strong><\/td>\n<td style=\"width: 8.95967%; text-align: center; height: 24px;\"><strong>14.3. \u2013 30.6.23<\/strong><br \/>\n<strong>1.11. \u2013 26.12.23<\/strong><\/td>\n<td style=\"width: 8.10205%; text-align: center; height: 24px;\"><strong>4.1. \u2013 13.3.23<\/strong><\/td>\n<\/tr>\n<tr>\n<td style=\"width: 34.6103%;\"><strong>Einbettzimmer<\/strong><\/td>\n<td style=\"width: 9.55848%; text-align: center; height: 24px;\"><strong>105,-<\/strong><\/td>\n<td style=\"width: 8.95967%; text-align: center; height: 24px;\"><strong>95,-<\/strong><\/td>\n<td style=\"width: 8.10205%; text-align: center; height: 24px;\"><strong>87,-<\/strong><\/td>\n<\/tr>\n<tr>\n<td style=\"width: 34.6103%;\"><strong>Doppelzimmer<\/strong><\/td>\n<td style=\"width: 9.55848%; text-align: center; height: 24px;\"><strong>90,-<\/strong><\/td>\n<td style=\"width: 8.95967%; text-align: center; height: 24px;\"><strong>81,-<\/strong><\/td>\n<td style=\"width: 8.10205%; text-align: center; height: 24px;\"><strong>72,-<\/strong><\/td>\n<\/tr>\n<tr>\n<td style=\"width: 34.6103%;\"><strong>Dreibettzimmer<\/strong><\/td>\n<td style=\"width: 9.55848%; text-align: center; height: 24px;\"><strong>90,-<\/strong><\/td>\n<td style=\"width: 8.95967%; text-align: center; height: 24px;\"><strong>81,-<\/strong><\/td>\n<td style=\"width: 8.10205%; text-align: center; height: 24px;\"><strong>72,-<\/strong><\/td>\n<\/tr>\n<tr>\n<td style=\"width: 34.6103%;\"><strong>Suite (mindestens zwei Personen)<br \/>\n<\/strong><\/td>\n<td style=\"width: 9.55848%; text-align: center; height: 24px;\"><strong>105,-<\/strong><\/td>\n<td style=\"width: 8.95967%; text-align: center; height: 24px;\"><strong>95,-<\/strong><\/td>\n<td style=\"width: 8.10205%; text-align: center; height: 24px;\"><strong>87,-<\/strong><\/td>\n<\/tr>\n<tr>\n<td style=\"width: 34.6103%;\"><strong>Suite mit Erker (mindestens zwei Personen)<br \/>\n<\/strong><\/td>\n<td style=\"width: 9.55848%; text-align: center; height: 24px;\"><strong>110,-<\/strong><\/td>\n<td style=\"width: 8.95967%; text-align: center; height: 24px;\"><strong>100,-<\/strong><\/td>\n<td style=\"width: 8.10205%; text-align: center; height: 24px;\"><strong>92,-<\/strong><\/td>\n<\/tr>\n<tr>\n<td style=\"width: 34.6103%;\"><strong>Appartement Festival (mindestens zwei Personen)<br \/>\n<\/strong><\/td>\n<td style=\"width: 9.55848%; text-align: center; height: 24px;\"><strong>90,-<\/strong><\/td>\n<td style=\"width: 8.95967%; text-align: center; height: 24px;\"><strong>81,-<\/strong><\/td>\n<td style=\"width: 8.10205%; text-align: center; height: 24px;\"><strong>72,-<\/strong><\/td>\n<\/tr>\n<\/tbody>\n<\/table>\n[\/vc_column_text][vc_empty_space height=&#8220;22px&#8220;][\/vc_column][\/vc_row][vc_row][vc_column][vc_raw_html]JTVCeHl6LWlocyUyMHNuaXBwZXQlM0QlMjJsZWNlbmluYWJpZGthREUlMjIlNUQ=[\/vc_raw_html][\/vc_column][\/vc_row]\n<\/div>","protected":false},"excerpt":{"rendered":"<p>[vc_row full_width=&#8220;stretch_row&#8220; parallax=&#8220;content-moving&#8220; parallax_image=&#8220;28550&#8243; overlay_color=&#8220;rgba(0,0,0,0.01)&#8220; css=&#8220;.vc_custom_1688998239966{padding-top: 300px !important;padding-bottom: 500px !important;}&#8220;][vc_column][\/vc_column][\/vc_row][vc_row  [&#8230;]<\/p>\n","protected":false},"author":1,"featured_media":0,"parent":5498,"menu_order":0,"comment_status":"closed","ping_status":"closed","template":"","meta":{"iawp_total_views":655,"footnotes":""},"class_list":["post-28295","page","type-page","status-publish","hentry"],"aioseo_notices":[],"_links":{"self":[{"href":"https:\/\/hotel-kgm.cz\/de\/wp-json\/wp\/v2\/pages\/28295","targetHints":{"allow":["GET"]}}],"collection":[{"href":"https:\/\/hotel-kgm.cz\/de\/wp-json\/wp\/v2\/pages"}],"about":[{"href":"https:\/\/hotel-kgm.cz\/de\/wp-json\/wp\/v2\/types\/page"}],"author":[{"embeddable":true,"href":"https:\/\/hotel-kgm.cz\/de\/wp-json\/wp\/v2\/users\/1"}],"replies":[{"embeddable":true,"href":"https:\/\/hotel-kgm.cz\/de\/wp-json\/wp\/v2\/comments?post=28295"}],"version-history":[{"count":38,"href":"https:\/\/hotel-kgm.cz\/de\/wp-json\/wp\/v2\/pages\/28295\/revisions"}],"predecessor-version":[{"id":45627,"href":"https:\/\/hotel-kgm.cz\/de\/wp-json\/wp\/v2\/pages\/28295\/revisions\/45627"}],"up":[{"embeddable":true,"href":"https:\/\/hotel-kgm.cz\/de\/wp-json\/wp\/v2\/pages\/5498"}],"wp:attachment":[{"href":"https:\/\/hotel-kgm.cz\/de\/wp-json\/wp\/v2\/media?parent=28295"}],"curies":[{"name":"wp","href":"https:\/\/api.w.org\/{rel}","templated":true}]}}