{"id":32016,"date":"2023-08-15T18:17:53","date_gmt":"2023-08-15T16:17:53","guid":{"rendered":"https:\/\/hotel-kgm.cz\/?page_id=32016"},"modified":"2024-08-12T16:37:08","modified_gmt":"2024-08-12T14:37:08","slug":"navstevni-kniha-de","status":"publish","type":"page","link":"https:\/\/hotel-kgm.cz\/de\/o-hotelu-de\/navstevni-kniha-de\/","title":{"rendered":"Besucherbuch"},"content":{"rendered":"<div class=\"wpb-content-wrapper\">[vc_row full_width=&#8220;stretch_row&#8220; equal_height=&#8220;yes&#8220; overlay_color=&#8220;rgba(0,0,0,0.01)&#8220; css=&#8220;.vc_custom_1655045396833{padding-top: 20px !important;padding-bottom: 30px !important;background-image: url(https:\/\/hotel-kgm.cz\/wp-content\/uploads\/gobelin3.jpg?id=3653) !important;}&#8220;][vc_column][vc_row_inner content_placement=&#8220;middle&#8220;][vc_column_inner width=&#8220;5\/6&#8243; offset=&#8220;vc_hidden-sm vc_hidden-xs&#8220;][vc_empty_space height=&#8220;22px&#8220;][vc_column_text]\n<h1><em><span style=\"font-size: 96px;\">Hotelbuch<\/span><\/em><\/h1>\n[\/vc_column_text][vc_column_text]\n<h2><span style=\"color: #ac8b51;\">KARLSBAD GRANDE MADONNA &#8211; KARLOVY VARY<\/span><\/h2>\n[\/vc_column_text][\/vc_column_inner][vc_column_inner width=&#8220;1\/6&#8243; offset=&#8220;vc_hidden-sm vc_hidden-xs&#8220;][vc_column_text]\n<h1><img decoding=\"async\" class=\"size-full wp-image-2507 aligncenter\" src=\"https:\/\/hotel-kgm.cz\/wp-content\/uploads\/andel_maly7.png\" alt=\"\" width=\"180\" height=\"261\" \/><\/h1>\n[\/vc_column_text][\/vc_column_inner][\/vc_row_inner][\/vc_column][\/vc_row][vc_row full_width=&#8220;stretch_row&#8220; equal_height=&#8220;yes&#8220; overlay_color=&#8220;rgba(0,0,0,0.01)&#8220; css=&#8220;.vc_custom_1720897652450{padding-bottom: 30px !important;background-image: url(https:\/\/hotel-kgm.cz\/wp-content\/uploads\/gobelin3.jpg?id=3653) !important;}&#8220;][vc_column offset=&#8220;vc_hidden-lg vc_hidden-md&#8220;][vc_row_inner content_placement=&#8220;middle&#8220;][vc_column_inner width=&#8220;5\/6&#8243;][vc_column_text css=&#8220;&#8220;]\n<h2>Hotelbuch<\/h2>\n[\/vc_column_text][\/vc_column_inner][vc_column_inner width=&#8220;1\/6&#8243;][\/vc_column_inner][\/vc_row_inner][\/vc_column][\/vc_row][vc_row][vc_column][vc_empty_space][\/vc_column][\/vc_row][vc_row][vc_column width=&#8220;1\/4&#8243;][vc_empty_space height=&#8220;72px&#8220;][vc_single_image image=&#8220;3485&#8243; img_size=&#8220;full&#8220;][\/vc_column][vc_column width=&#8220;1\/2&#8243;][vc_column_text]<img decoding=\"async\" class=\"aligncenter wp-image-2313\" src=\"https:\/\/hotel-kgm.cz\/wp-content\/uploads\/recenze_big_2_de.png\" alt=\"\" width=\"570\" height=\"400\" \/>[\/vc_column_text][\/vc_column][vc_column width=&#8220;1\/4&#8243;][vc_empty_space height=&#8220;72px&#8220;][vc_single_image image=&#8220;8612&#8243; img_size=&#8220;full&#8220;][\/vc_column][\/vc_row][vc_row][vc_column][vc_empty_space height=&#8220;22px&#8220;][\/vc_column][\/vc_row][vc_row][vc_column width=&#8220;1\/2&#8243;][vc_column_text]Wir w\u00fcrden uns sehr w\u00fcnschen, da\u00df andere mehr \u00fcber unser Hotel <strong>KARLSBAD GRANDE MADONNA und DEPANDANCE FESTIVAL Apartments<\/strong> zu erfahren und wir bitten Sie, noch ein paar Minuten zu finden und ein paar weitere Worte \u00fcber uns auf dem Touristenportal <a href=\"https:\/\/www.tripadvisor.de\/UserReviewEdit-g274697-d630391-KARLSBAD_GRANDE_MADONNA_Spa_Wellness_hotel-Karlovy_Vary_Karlovy_Vary_Region_Bohemia.html\" target=\"_blank\" rel=\"noopener noreferrer\">TRIPADVISOR<\/a> zu schreiben, wo andere potenzionelle G\u00e4ste \u00fcber uns lesen und basierend auf Ihren guten Bewertungen und Empfehlungen werden diese entweder f\u00fcr einen therapeutischen, Wellness- oder Hotelaufenthalt zu uns kommen.[\/vc_column_text][\/vc_column][vc_column width=&#8220;1\/2&#8243;][vc_column_text]Vielen Dank im Voraus f\u00fcr Ihre Bereitschaft, und wenn Sie <a href=\"https:\/\/www.tripadvisor.de\/UserReviewEdit-g274697-d630391-KARLSBAD_GRANDE_MADONNA_Spa_Wellness_hotel-Karlovy_Vary_Karlovy_Vary_Region_Bohemia.html\" target=\"_blank\" rel=\"noopener noreferrer\">durchkliken<\/a> und eine m\u00fcndliche Bewertung schreiben, senden wir Ihnen auf diese Weise ein virtuelles sch\u00f6nes Dankesch\u00f6n und wir freuen uns darauf, da\u00df Sie wieder zu uns kommen und sich mit K\u00f6rper und Seeleentspannen und so viel Kr\u00e4fte sch\u00f6pfen wie andeswo.[\/vc_column_text][vc_single_image image=&#8220;17217&#8243; img_size=&#8220;full&#8220; onclick=&#8220;custom_link&#8220; img_link_target=&#8220;_blank&#8220; link=&#8220;https:\/\/www.tripadvisor.de\/UserReviewEdit-g274697-d630391-KARLSBAD_GRANDE_MADONNA_Spa_Wellness_hotel-Karlovy_Vary_Karlovy_Vary_Region_Bohemia.html&#8220;][\/vc_column][\/vc_row][vc_row][vc_column][vc_empty_space height=&#8220;52px&#8220;][\/vc_column][\/vc_row][vc_row][vc_column][vc_column_text]Karlsbad ist ein wunderbarer Kurort mit sehr sch\u00f6ner Architektur. Die Heilquellen sind sehr zu empfehlen. Die Post ist so sch\u00f6n wie eine Kirche. Sehenswert!<\/p>\n<p style=\"text-align: right;\"><strong>Karen A.<\/strong> (Marsch 2023)<strong><img decoding=\"async\" class=\"alignright size-full wp-image-6014\" src=\"https:\/\/hotel-kgm.cz\/wp-content\/uploads\/5stars-1.png\" alt=\"\" width=\"108\" height=\"19\" \/><\/strong><\/p>\n<p><strong><img decoding=\"async\" class=\"aligncenter size-full wp-image-2271\" src=\"https:\/\/hotel-kgm.cz\/wp-content\/uploads\/ozdobna_delici_cara_zlata_g.png\" alt=\"\" width=\"680\" height=\"45\" srcset=\"https:\/\/hotel-kgm.cz\/wp-content\/uploads\/ozdobna_delici_cara_zlata_g-300x20.png 300w, https:\/\/hotel-kgm.cz\/wp-content\/uploads\/ozdobna_delici_cara_zlata_g.png 680w\" sizes=\"(max-width: 680px) 100vw, 680px\" \/><\/strong><\/p>\n<p>Zimmer war sauber und f\u00fcr einen Wochenendausflug zu zweit ausreichend. Beim Fr\u00fchst\u00fcck gab&#8217;s&nbsp;keine Riesenauswahl, aber man ist satt geworden. Alles in allem ein gutes Hotel mit sch\u00f6ner Lage.<\/p>\n<p style=\"text-align: right;\"><strong>M.<\/strong> (Februar 2023)<strong><img decoding=\"async\" class=\"alignright size-full wp-image-6014\" src=\"https:\/\/hotel-kgm.cz\/wp-content\/uploads\/5stars-1.png\" alt=\"\" width=\"108\" height=\"19\" \/><\/strong><\/p>\n<p><strong><img decoding=\"async\" class=\"aligncenter size-full wp-image-2271\" src=\"https:\/\/hotel-kgm.cz\/wp-content\/uploads\/ozdobna_delici_cara_zlata_g.png\" alt=\"\" width=\"680\" height=\"45\" srcset=\"https:\/\/hotel-kgm.cz\/wp-content\/uploads\/ozdobna_delici_cara_zlata_g-300x20.png 300w, https:\/\/hotel-kgm.cz\/wp-content\/uploads\/ozdobna_delici_cara_zlata_g.png 680w\" sizes=\"(max-width: 680px) 100vw, 680px\" \/><\/strong><\/p>\n<p>Es hat uns sehr gefallen.Die Zimmern sind stillvoll eingerichtet, sauber und zugleich auch komfortable.Das Essen und Servierung hat mir sehr gut gefallen.<\/p>\n<p style=\"text-align: right;\"><strong>Elisabeta<\/strong> (Februar 2023)<strong><img decoding=\"async\" class=\"alignright size-full wp-image-6014\" src=\"https:\/\/hotel-kgm.cz\/wp-content\/uploads\/5stars-1.png\" alt=\"\" width=\"108\" height=\"19\" \/><\/strong><\/p>\n<p><strong><img decoding=\"async\" class=\"aligncenter size-full wp-image-2271\" src=\"https:\/\/hotel-kgm.cz\/wp-content\/uploads\/ozdobna_delici_cara_zlata_g.png\" alt=\"\" width=\"680\" height=\"45\" srcset=\"https:\/\/hotel-kgm.cz\/wp-content\/uploads\/ozdobna_delici_cara_zlata_g-300x20.png 300w, https:\/\/hotel-kgm.cz\/wp-content\/uploads\/ozdobna_delici_cara_zlata_g.png 680w\" sizes=\"(max-width: 680px) 100vw, 680px\" \/><\/strong><\/p>\n<p>Wir waren (ich, Mann, Kind 14 Jahre alt) zum letzten Mal im September dieses Jahres. Wir waren 3 Tage unterwegs. Wir kommen seit 7 Jahren hierher, wir kommen sehr gerne am Wochenende und in den Ferien hierher. Wir lieben buchst\u00e4blich alles hier. Besonders angenehm ist, dass der Preis f\u00fcr das Zimmer der gebotenen Qualit\u00e4t voll und ganz entspricht. Wir haben hier mehrmals eine Behandlung f\u00fcr 10-12 Tage gekauft. Das Hotel ist nach der Renovierung, die Zimmer haben neue wei\u00dfe M\u00f6bel, sie werden st\u00e4ndig gereinigt. Perfekte Sauberkeit. K\u00f6stliches Kochen.<\/p>\n<p style=\"text-align: right;\"><strong>J.<\/strong> (Oktober 2022)<strong><img decoding=\"async\" class=\"alignright size-full wp-image-6014\" src=\"https:\/\/hotel-kgm.cz\/wp-content\/uploads\/5stars-1.png\" alt=\"\" width=\"108\" height=\"19\" \/><\/strong><\/p>\n<p><strong><img decoding=\"async\" class=\"aligncenter size-full wp-image-2271\" src=\"https:\/\/hotel-kgm.cz\/wp-content\/uploads\/ozdobna_delici_cara_zlata_g.png\" alt=\"\" width=\"680\" height=\"45\" srcset=\"https:\/\/hotel-kgm.cz\/wp-content\/uploads\/ozdobna_delici_cara_zlata_g-300x20.png 300w, https:\/\/hotel-kgm.cz\/wp-content\/uploads\/ozdobna_delici_cara_zlata_g.png 680w\" sizes=\"(max-width: 680px) 100vw, 680px\" \/><\/strong><\/p>\n<p>Sehr netter Empfang, Bedienung war freundlich und zuvorkommend, es gab hausgemachte frische Limonade, Speisen waren alle frisch und lecker, Preis-Leistung ist echt super, sehr zu empfehlen. Wir kommen wieder.<\/p>\n<p style=\"text-align: right;\"><strong>Familie K.<\/strong> (September 2022)<strong><img decoding=\"async\" class=\"alignright size-full wp-image-6014\" src=\"https:\/\/hotel-kgm.cz\/wp-content\/uploads\/5stars-1.png\" alt=\"\" width=\"108\" height=\"19\" \/><\/strong><\/p>\n<p><strong><img decoding=\"async\" class=\"aligncenter size-full wp-image-2271\" src=\"https:\/\/hotel-kgm.cz\/wp-content\/uploads\/ozdobna_delici_cara_zlata_g.png\" alt=\"\" width=\"680\" height=\"45\" srcset=\"https:\/\/hotel-kgm.cz\/wp-content\/uploads\/ozdobna_delici_cara_zlata_g-300x20.png 300w, https:\/\/hotel-kgm.cz\/wp-content\/uploads\/ozdobna_delici_cara_zlata_g.png 680w\" sizes=\"(max-width: 680px) 100vw, 680px\" \/><\/strong><\/p>\n<p>War alles gut, wir sind sehr zufrieden! Die Zeit ist sehr schnel vergangen, leider. Nammen unbedingt noch.<\/p>\n<p style=\"text-align: right;\"><strong>Nelli<\/strong> und <strong>Viktor<\/strong> (September 2020)<strong><img decoding=\"async\" class=\"alignright size-full wp-image-6014\" src=\"https:\/\/hotel-kgm.cz\/wp-content\/uploads\/5stars-1.png\" alt=\"\" width=\"108\" height=\"19\" \/><\/strong><\/p>\n<p><strong><img decoding=\"async\" class=\"aligncenter size-full wp-image-2271\" src=\"https:\/\/hotel-kgm.cz\/wp-content\/uploads\/ozdobna_delici_cara_zlata_g.png\" alt=\"\" width=\"680\" height=\"45\" srcset=\"https:\/\/hotel-kgm.cz\/wp-content\/uploads\/ozdobna_delici_cara_zlata_g-300x20.png 300w, https:\/\/hotel-kgm.cz\/wp-content\/uploads\/ozdobna_delici_cara_zlata_g.png 680w\" sizes=\"(max-width: 680px) 100vw, 680px\" \/><\/strong><\/p>\n<p><strong>\u201cOriginelle Unterkunft\u201d<a href=\"https:\/\/www.tripadvisor.cz\/Hotel_Review-g274697-d630391-Reviews-KARLSBAD_GRANDE_MADONNA_Spa_Wellness_hotel-Karlovy_Vary_Karlovy_Vary_Region_Bohemia.html\" target=\"_blank\" rel=\"noopener noreferrer\"><img decoding=\"async\" class=\"alignright wp-image-6015\" src=\"https:\/\/hotel-kgm.cz\/wp-content\/uploads\/tripadvisor_ico.png\" alt=\"\" width=\"200\" height=\"34\" \/><\/a><\/strong><\/p>\n<p>Sehr sch\u00f6ner Kuraufenthalt mit vielen Anwendungen und Vollpension inkl. Getr\u00e4nke. Der Wellnessbereich ist sehr sch\u00f6n und sauber. Die Anwendungen werden professionell von geschultem und sehr freundlichem Personal durchgef\u00fchrt. Das Hotel selbst ist sehr sehenswert \u2013 mit viel liebervoller Dekoration ausgestattet.<\/p>\n<p style=\"text-align: right;\"><strong>Mnichov (2017)<img decoding=\"async\" class=\"alignright size-full wp-image-6014\" src=\"https:\/\/hotel-kgm.cz\/wp-content\/uploads\/5stars-1.png\" alt=\"\" width=\"108\" height=\"19\" \/><\/strong><\/p>\n<p><strong><img decoding=\"async\" class=\"aligncenter size-full wp-image-2271\" src=\"https:\/\/hotel-kgm.cz\/wp-content\/uploads\/ozdobna_delici_cara_zlata_g.png\" alt=\"\" width=\"680\" height=\"45\" srcset=\"https:\/\/hotel-kgm.cz\/wp-content\/uploads\/ozdobna_delici_cara_zlata_g-300x20.png 300w, https:\/\/hotel-kgm.cz\/wp-content\/uploads\/ozdobna_delici_cara_zlata_g.png 680w\" sizes=\"(max-width: 680px) 100vw, 680px\" \/><\/strong><\/p>\n<p><strong>\u201cKurze Wellness Reise \u2013 Entspannung PUR\u201d<a href=\"https:\/\/www.tripadvisor.cz\/Hotel_Review-g274697-d630391-Reviews-KARLSBAD_GRANDE_MADONNA_Spa_Wellness_hotel-Karlovy_Vary_Karlovy_Vary_Region_Bohemia.html\" target=\"_blank\" rel=\"noopener noreferrer\"><img decoding=\"async\" class=\"alignright wp-image-6015\" src=\"https:\/\/hotel-kgm.cz\/wp-content\/uploads\/tripadvisor_ico.png\" alt=\"\" width=\"200\" height=\"34\" \/><\/a><\/strong><\/p>\n<p>4Tage im absoluten Nebensaison \u2013 sehr vorteilhaft \u2013 da nicht \u00fcberf\u00fcllt, schnell bedient, keine Hektik und Andrang\u2026 Wir hatten ein gro\u00dfes 2Zimmer Appartement ca 50qm f\u00fcr unsere 3-k\u00f6pfige Familie \u2013 Prachtvoll dekoriert, bequemes Bett, Klapp-Sofa ok f\u00fcr drei N\u00e4chte, Badem\u00e4ntel und Pantoffel f\u00fcr alle, 6Anwendungen aufgeteilt in 3 Tage: B\u00e4der, Massagen, Beautybehandlungen \u2013 perfekt geplant da bis Mittag Anwendungen durchgemacht, danach war noch Zeit zum Spazieren, Trinkkuren und Ausgehen. Im Hotel hatten wir Halbpension. Das Restaurant wie das gesamtes Haus ist prachtvoll, \u00fcberall viele Bilder, Wanduhren, Spiegel und Antikm\u00f6bel sowie viele viele Engel. Hell, komfortabel und sauber. Spa-Bereich auf zwei obersten Etagen, mit Rezeption, Arzt, vielen Behandlungszimmern, drei Saunen, Whirlpool und Aufzug. Ohne Ausnahmen alles perfekt geklappt. Erholung und Entspannung 99%. Nur das Essen \u2026 war sogar in den wenigen Tagen irgendwie immer gleich \u2013 verkochte Gerichte, gleiche Salate und Bestellung am ersten Tag f\u00fcr kompletten Aufenthalt?! Wir hatten 2 Abend- und 1 Mittagessen dort \u2013 und gut so. Da hatten wir die M\u00f6glichkeit andere Karlsbaderlokation kennenzulernen. Und so war es perfekt.<\/p>\n<p style=\"text-align: right;\"><strong><a id=\"diwira\"><\/a>Irene W (2017)<img decoding=\"async\" class=\"alignright size-full wp-image-6014\" src=\"https:\/\/hotel-kgm.cz\/wp-content\/uploads\/5stars-1.png\" alt=\"\" width=\"108\" height=\"19\" \/><\/strong><\/p>\n<p><strong><img decoding=\"async\" class=\"aligncenter size-full wp-image-2271\" src=\"https:\/\/hotel-kgm.cz\/wp-content\/uploads\/ozdobna_delici_cara_zlata_g.png\" alt=\"\" width=\"680\" height=\"45\" srcset=\"https:\/\/hotel-kgm.cz\/wp-content\/uploads\/ozdobna_delici_cara_zlata_g-300x20.png 300w, https:\/\/hotel-kgm.cz\/wp-content\/uploads\/ozdobna_delici_cara_zlata_g.png 680w\" sizes=\"(max-width: 680px) 100vw, 680px\" \/><\/strong><\/p>\n<p><strong><a href=\"https:\/\/www.tripadvisor.cz\/Hotel_Review-g274697-d630391-Reviews-KARLSBAD_GRANDE_MADONNA_Spa_Wellness_hotel-Karlovy_Vary_Karlovy_Vary_Region_Bohemia.html\" target=\"_blank\" rel=\"noopener noreferrer\"><img decoding=\"async\" class=\"alignright wp-image-6015\" src=\"https:\/\/hotel-kgm.cz\/wp-content\/uploads\/tripadvisor_ico.png\" alt=\"\" width=\"200\" height=\"34\" \/><\/a><\/strong><\/p>\n<p><strong>Um gesund zu sein, besuche Aura Palace !<\/strong><\/p>\n<p>Im April haben wir zweiwoechige Reise gemacht. Ich war mit meinem Ehemann und noch zwei Freunde (nicht Ehepaar)Die Lage dieses Hotels finde ich prima \u2013 ruhig,ganz in der Naehe von Kolonada.Hilfsbereit von allen Mitarbeitern stand an der Spitze dieses Hotels.Massage war guenstig,nach einer Woche fuehtle ich mich gut.Das Essen machte uns viel Spas, weil es gut schmeckt war.<\/p>\n<p style=\"text-align: right;\"><strong><a id=\"pedrokatz\"><\/a>Diwira<img decoding=\"async\" class=\"alignright size-full wp-image-6014\" src=\"https:\/\/hotel-kgm.cz\/wp-content\/uploads\/5stars-1.png\" alt=\"\" width=\"108\" height=\"19\" \/><\/strong><\/p>\n<p><strong><img decoding=\"async\" class=\"aligncenter size-full wp-image-2271\" src=\"https:\/\/hotel-kgm.cz\/wp-content\/uploads\/ozdobna_delici_cara_zlata_g.png\" alt=\"\" width=\"680\" height=\"45\" srcset=\"https:\/\/hotel-kgm.cz\/wp-content\/uploads\/ozdobna_delici_cara_zlata_g-300x20.png 300w, https:\/\/hotel-kgm.cz\/wp-content\/uploads\/ozdobna_delici_cara_zlata_g.png 680w\" sizes=\"(max-width: 680px) 100vw, 680px\" \/><\/strong><br \/>\n<strong>Gutes Essen<a href=\"https:\/\/www.tripadvisor.cz\/Hotel_Review-g274697-d630391-Reviews-KARLSBAD_GRANDE_MADONNA_Spa_Wellness_hotel-Karlovy_Vary_Karlovy_Vary_Region_Bohemia.html\" target=\"_blank\" rel=\"noopener noreferrer\"><img decoding=\"async\" class=\"alignright wp-image-6015\" src=\"https:\/\/hotel-kgm.cz\/wp-content\/uploads\/tripadvisor_ico.png\" alt=\"\" width=\"200\" height=\"34\" \/><\/a><\/strong><\/p>\n<p>Wir waren hier nur 2 Mal im Restaurant. \u00dcber das Hotel k\u00f6nnen wir daher nichts schreiben.<br \/>\nGleich vorab: es handelt sich um ein Raucherlokal. Wer damit nicht klar kommt, sollte hier nicht rein.<\/p>\n<p>Das Restaurant:<\/p>\n<p>Der Eingang ist quasi tiefer gelegt und man geht in einen Raum, der eigentlich der Keller des Hauses ist. Es ist sehr sch\u00f6n eingerichtet, nicht zu schwere M\u00f6bel.<\/p>\n<p>Das Essen:<\/p>\n<p>Es gibt leider nur eine Suppe, da die Tagessuppe nicht angeboten wird. Die Knoblauchsuppe ist zwar nicht typisch tschechisch, schmeckt aber trotzdem. Wir haben dann noch die ger\u00e4ucherte Rinderzungen gegessen. An den zwei Abenden haben wir dann Rindergulasch, Lendenbraten, Lammgulasch im Brot und eine Bratenpfanne bestellt. Als Beilage gab es Kartoffeln und Kartoffelpuffer. Kleine Salate waren unser Gem\u00fcseersatz. Alles war sehr gut und hat lecker geschmeckt. Es war frisch zubereitet und es kam nichts aus dem Frost. Als Nachtisch haben wir Apfelstrudel und Palatschinken bestellt. Auch hier war alles bestens.<\/p>\n<p>Der Service:<\/p>\n<p>Unser Kellner war zwar ein kleiner schr\u00e4ger Vogel, aber im Grunde sehr nett. Er hat uns gut beraten und war auch so freundlich am zweiten Abend die Musik etwas zu dimmen, da diese leicht zu laut war. \u00dcber unseren Hinweis, da\u00df er bei der zweiten Rechnung ein Bier vergessen hat, hat er sich sehr gefreut und bedankt.<\/p>\n<p>Preis-Leistungs-Verh\u00e4ltnis:<\/p>\n<p>Wir haben ausgiebig geschlemmt und es uns gut gehen lassen an den zwei letzten Abenden unserer 10-t\u00e4gigen Rundreise. Da wir bewu\u00dft an den beiden Tagen das Mittagessen haben ausfallen lassen, war der Preis von jeweils ca. 1100 CZK pro Abend absolut vertretbar.<\/p>\n<p>Fazit:<\/p>\n<p><a id=\"recenze\"><\/a>In Karlsbad ist es \u00fcblich Vollpension im Hotel zu buchen. Wir waren froh, da\u00df wir das in unserem nicht gemacht haben, da das Essen keinen guten Eindruck gemacht hat. Insgesamt war es f\u00fcr uns schwer, abends etwas zu finden, was nicht einfach nur \u00fcberteuert war, aber keine Qualit\u00e4t hatte. Dieses kleine T\u00fcrchen in der Nachbarstra\u00dfe, das in den Keller f\u00fchrte und etwas ab vom Trubel ist, machte daher den besten Eindruck und wir w\u00fcrden hier jederzeit wieder hingehen \u2013 wahrscheinlich auch wieder jeden Abend, den wir in Karlsbad verbringen w\u00fcrden.<\/p>\n<p style=\"text-align: right;\"><strong>Pedrokatz<img decoding=\"async\" class=\"alignright size-full wp-image-6014\" src=\"https:\/\/hotel-kgm.cz\/wp-content\/uploads\/5stars-1.png\" alt=\"\" width=\"108\" height=\"19\" \/><\/strong><\/p>\n[\/vc_column_text][\/vc_column][\/vc_row]\n<\/div>","protected":false},"excerpt":{"rendered":"<p>[vc_row full_width=&#8220;stretch_row&#8220; equal_height=&#8220;yes&#8220; overlay_color=&#8220;rgba(0,0,0,0.01)&#8220; css=&#8220;.vc_custom_1655045396833{padding-top: 20px !important;padding-bottom: 30px !important;background-image: url(https:\/\/hotel-kgm.cz\/wp-content\/uploads\/gobelin3.jpg?id=3653)  [&#8230;]<\/p>\n","protected":false},"author":1,"featured_media":0,"parent":5439,"menu_order":0,"comment_status":"closed","ping_status":"closed","template":"","meta":{"iawp_total_views":10,"footnotes":""},"class_list":["post-32016","page","type-page","status-publish","hentry"],"aioseo_notices":[],"_links":{"self":[{"href":"https:\/\/hotel-kgm.cz\/de\/wp-json\/wp\/v2\/pages\/32016","targetHints":{"allow":["GET"]}}],"collection":[{"href":"https:\/\/hotel-kgm.cz\/de\/wp-json\/wp\/v2\/pages"}],"about":[{"href":"https:\/\/hotel-kgm.cz\/de\/wp-json\/wp\/v2\/types\/page"}],"author":[{"embeddable":true,"href":"https:\/\/hotel-kgm.cz\/de\/wp-json\/wp\/v2\/users\/1"}],"replies":[{"embeddable":true,"href":"https:\/\/hotel-kgm.cz\/de\/wp-json\/wp\/v2\/comments?post=32016"}],"version-history":[{"count":8,"href":"https:\/\/hotel-kgm.cz\/de\/wp-json\/wp\/v2\/pages\/32016\/revisions"}],"predecessor-version":[{"id":34554,"href":"https:\/\/hotel-kgm.cz\/de\/wp-json\/wp\/v2\/pages\/32016\/revisions\/34554"}],"up":[{"embeddable":true,"href":"https:\/\/hotel-kgm.cz\/de\/wp-json\/wp\/v2\/pages\/5439"}],"wp:attachment":[{"href":"https:\/\/hotel-kgm.cz\/de\/wp-json\/wp\/v2\/media?parent=32016"}],"curies":[{"name":"wp","href":"https:\/\/api.w.org\/{rel}","templated":true}]}}