{"id":41089,"date":"2025-11-15T16:22:56","date_gmt":"2025-11-15T15:22:56","guid":{"rendered":"https:\/\/hotel-kgm.cz\/?page_id=41089"},"modified":"2026-03-05T11:03:27","modified_gmt":"2026-03-05T10:03:27","slug":"andelsky-relax-de","status":"publish","type":"page","link":"https:\/\/hotel-kgm.cz\/de\/leceni-de\/lazenske-pobyty-de\/andelsky-relax-de\/","title":{"rendered":"Engelhafte Entspannung"},"content":{"rendered":"<div class=\"wpb-content-wrapper\">[vc_row full_width=&#8220;stretch_row&#8220; parallax=&#8220;content-moving&#8220; parallax_image=&#8220;40874&#8243; overlay_color=&#8220;rgba(0,0,0,0.01)&#8220; css=&#8220;.vc_custom_1763223510111{padding-top: 300px !important;padding-bottom: 500px !important;}&#8220;][vc_column][\/vc_column][\/vc_row][vc_row full_width=&#8220;stretch_row&#8220; equal_height=&#8220;yes&#8220; overlay_color=&#8220;rgba(0,0,0,0.01)&#8220; css=&#8220;.vc_custom_1511302591026{padding-top: 20px !important;padding-bottom: 30px !important;}&#8220;][vc_column][vc_row_inner content_placement=&#8220;middle&#8220;][vc_column_inner width=&#8220;2\/3&#8243; css=&#8220;.vc_custom_1525718376414{padding-top: 18px !important;}&#8220;][vc_column_text css=&#8220;&#8220;]<strong><span style=\"color: #ac8b51;\">KARLSBAD GRANDE MADONNA <em>&amp;<\/em> FESTIVAL Apartments \u2013 KARLOVY VARY<\/span><\/strong><\/p>\n<h2><strong><span style=\"font-size: 36pt;\">Engelhafte Entspannung<\/span><\/strong><\/h2>\n[\/vc_column_text][\/vc_column_inner][vc_column_inner width=&#8220;1\/3&#8243;][vc_empty_space height=&#8220;102px&#8220;][vc_column_text css=&#8220;.vc_custom_1536931397950{margin-top: -30px !important;}&#8220;]<img decoding=\"async\" class=\"wp-image-10069 alignnone\" src=\"https:\/\/hotel-kgm.cz\/wp-content\/uploads\/s_andelskou_peci_pruhledne_de-300x58.png\" alt=\"\" width=\"288\" height=\"59\" \/>[\/vc_column_text][\/vc_column_inner][\/vc_row_inner][vc_separator color=&#8220;chino&#8220; align=&#8220;align_left&#8220; border_width=&#8220;2&#8243;][\/vc_column][\/vc_row][vc_row overlay_color=&#8220;rgba(0,0,0,0.01)&#8220;][vc_column][vc_column_text css=&#8220;&#8220;]<span style=\"font-size: 14pt;\"><em>G\u00f6nnen Sie sich tiefe Entspannung und ruhige Entschleunigung. Genie\u00dfen Sie Harmonie, sanfte Pflege und Momente, in denen Sie einfach abschalten k\u00f6nnen. Die ideale Wahl, um neue Energie zu tanken und den Geist zu beruhigen.<\/em><\/span><\/p>\n<h3 class=\"toggle-title\"><strong>DER AUFENTHALT F\u00dcR 3 N\u00c4CHTE (4 TAGE) BEINHALTET<\/strong><\/h3>\n[\/vc_column_text][vc_row_inner][vc_column_inner width=&#8220;1\/2&#8243;][vc_column_text css=&#8220;&#8220;]<div class=\"su-list\" style=\"margin-left:0px\">\n<ul>\n<li><i class=\"sui sui-circle\" style=\"color:#AC8B51\"><\/i> <u><a href=\"https:\/\/hotel-kgm.cz\/de\/pokoje-de\/\"><strong>UNTERKUNFT<\/strong><\/a><\/u><\/li>\n<li><i class=\"sui sui-circle\" style=\"color:#AC8B51\"><\/i> <u><a href=\"https:\/\/hotel-kgm.cz\/de\/restaurace-de\/grand-restaurant-de\/#bufet\"><strong>HALBPENSION<\/strong><\/a><\/u> (HB) umfasst Fr\u00fchst\u00fcck und nach Wahl des Gastes Mittag- oder Abendessen. Alles wird in Form eines warmen und kalten Buffets serviert.<\/li>\n<li><i class=\"sui sui-circle\" style=\"color:#AC8B51\"><\/i> Die Verpflegung umfasst auch Di\u00e4t- und vegetarische Kost<\/li>\n<li><i class=\"sui sui-circle\" style=\"color:#AC8B51\"><\/i> 1x Kaffee oder Tee und Dessert im Restaurant &#8222;U K\u0159\u00ed\u017eovn\u00edk\u016f&#8220;<\/li>\n<li><i class=\"sui sui-circle\" style=\"color:#AC8B51\"><\/i> <strong>3 Anwendungen gem\u00e4\u00df der untenstehenden Vorschrift:<br \/>\n<\/strong>1x Bad mit Magnesiumsalz (regenerierend)<br \/>\n1x Teil-Aromamassage<br \/>\n1x Paraffin-Handwickel<\/li>\n<\/ul>\n<\/div>[\/vc_column_text][vc_column_text css=&#8220;&#8220;]<strong>Zus\u00e4tzlich kostenlos<\/strong><\/p>\n<div class=\"su-list\" style=\"margin-left:0px\">\n<ul>\n<li><i class=\"sui sui-circle\" style=\"color:#AC8B51\"><\/i> Eintritt ins Wellnesscenter (Whirlpool, 3 Saunen, Fitnessger\u00e4te)<\/li>\n<li><i class=\"sui sui-circle\" style=\"color:#AC8B51\"><\/i> Bademantel, Hausschuhe und Regenschirm w\u00e4hrend des Aufenthalts<\/li>\n<\/ul>\n<\/div>[\/vc_column_text][\/vc_column_inner][vc_column_inner width=&#8220;1\/2&#8243; css=&#8220;.vc_custom_1522138238838{padding-right: 60px !important;}&#8220;][vc_gallery interval=&#8220;3&#8243; images=&#8220;13527,13557,14522,13622&#8243; img_size=&#8220;1200&#215;700&#8243; onclick=&#8220;&#8220; css=&#8220;&#8220;][\/vc_column_inner][\/vc_row_inner][\/vc_column][\/vc_row][vc_row disable_element=&#8220;yes&#8220; overlay_color=&#8220;rgba(0,0,0,0.01)&#8220;][vc_column][vc_row_inner][vc_column_inner width=&#8220;1\/2&#8243;][vc_column_text]\n<h3 class=\"toggle-title\">DER AUFENTHALT F\u00dcR 5 N\u00c4CHTE UMFASST:<\/h3>\n<div class=\"su-list\" style=\"margin-left:0px\">\n<ul>\n<li><i class=\"sui sui-circle\" style=\"color:#AC8B51\"><\/i> <u><a href=\"https:\/\/hotel-kgm.cz\/de\/pokoje-de\/\"><strong>UNTERKUNFT<\/strong><\/a><\/u><\/li>\n<li><i class=\"sui sui-circle\" style=\"color:#AC8B51\"><\/i> Vollpension \u2013 FB (Fr\u00fchst\u00fcck, Mittagessen, Abendessen)<\/li>\n<li><i class=\"sui sui-circle\" style=\"color:#AC8B51\"><\/i> Die Verpflegung umfasst auch Di\u00e4t- und vegetarische Kost<\/li>\n<li><i class=\"sui sui-circle\" style=\"color:#AC8B51\"><\/i> Tee, Getr\u00e4nke zum Fr\u00fchst\u00fcck, zum Mittag- wie Abendessen<\/li>\n<li><i class=\"sui sui-circle\" style=\"color:#AC8B51\"><\/i> 2 x Emotions \u2013 leichte, entspannende Massage<\/li>\n<li><i class=\"sui sui-circle\" style=\"color:#AC8B51\"><\/i> 1 \u0445 Bad Kleopatra (Bad in Sprudelwasser mit Molke, Honig, \u00e4therischen \u00d6len und Rosenbl\u00e4ttern)<\/li>\n<li><i class=\"sui sui-circle\" style=\"color:#AC8B51\"><\/i> 1 \u0445 Perlbad<\/li>\n<li><i class=\"sui sui-circle\" style=\"color:#AC8B51\"><\/i> 1 x Bad mit Seesalz<\/li>\n<li><i class=\"sui sui-circle\" style=\"color:#AC8B51\"><\/i> 1 x Torfbad<\/li>\n<li><i class=\"sui sui-circle\" style=\"color:#AC8B51\"><\/i> 1 x\u00a0Vitaminpackung aus Zitrusfr\u00fcchten<\/li>\n<li><i class=\"sui sui-circle\" style=\"color:#AC8B51\"><\/i> 1 x A<span id=\"result_box\" lang=\"de\">romatische Teilmassage<\/span><\/li>\n<li><i class=\"sui sui-circle\" style=\"color:#AC8B51\"><\/i> 1 x Hei\u00df-Stein-Massage<\/li>\n<li><i class=\"sui sui-circle\" style=\"color:#AC8B51\"><\/i> 1 x Kohlens\u00e4urebad<\/li>\n<li><i class=\"sui sui-circle\" style=\"color:#AC8B51\"><\/i> M\u00f6glichkeit der Inanspruchnahme der Sauna (Trocken- oder Dampfsauna oder Infra), des Whirlpools, sie k\u00f6nnen auch Laufband, Rotoped und Stepper im balneologischen Zentrum benutzen<\/li>\n<li><i class=\"sui sui-circle\" style=\"color:#AC8B51\"><\/i> Bademantel und Pantoffeln auf dem Zimmer<\/li>\n<\/ul>\n<\/div>[\/vc_column_text][\/vc_column_inner][vc_column_inner width=&#8220;1\/2&#8243; css=&#8220;.vc_custom_1522138238838{padding-right: 60px !important;}&#8220;][reda_masonry_gallery type=&#8220;custom_masonry&#8220; images=&#8220;3213,3200,3233,3225&#8243; custom_string=&#8220;4,4,4,4&#8243;][\/vc_column_inner][\/vc_row_inner][\/vc_column][\/vc_row][vc_row][vc_column][vc_empty_space height=&#8220;22px&#8220;][\/vc_column][\/vc_row][vc_row][vc_column width=&#8220;1\/6&#8243;][\/vc_column][vc_column width=&#8220;2\/3&#8243;][vc_row_inner][vc_column_inner width=&#8220;1\/2&#8243; el_id=&#8220;andelskyrelax&#8220;][mvc_advanced_button align=&#8220;center&#8220; btn_text=&#8220;BUCHEN&#8220; btn_block=&#8220;btn_block&#8220; btn_size=&#8220;25&#8243; icon_size=&#8220;28&#8243; google_fonts=&#8220;font_family:Merriweather%20Sans%3A300%2C300italic%2Cregular%2Citalic%2C700%2C700italic%2C800%2C800italic|font_style:700%20bold%20regular%3A700%3Anormal&#8220; btn_icon=&#8220;fas fa-bed&#8220; btn_url=&#8220;url:https%3A%2F%2Fhotel-kgm.cz%2Fde%2Frezervace-2-de%2F&#8220; btn_clr=&#8220;#ffffff&#8220; btn_bg=&#8220;#ac8b51&#8243; btn_hvrclr=&#8220;#ffffff&#8220; btn_hvrbg=&#8220;#714d1f&#8220; classname=&#8220;tlacitko_rezervace&#8220;][vc_empty_space height=&#8220;12px&#8220;][\/vc_column_inner][vc_column_inner width=&#8220;1\/2&#8243;][mvc_advanced_button align=&#8220;center&#8220; btn_text=&#8220;KONTAKT OPERATOR&#8220; btn_block=&#8220;btn_block&#8220; google_fonts=&#8220;font_family:Merriweather%20Sans%3A300%2C300italic%2Cregular%2Citalic%2C700%2C700italic%2C800%2C800italic|font_style:400%20regular%3A400%3Anormal&#8220; btn_url=&#8220;url:https%3A%2F%2Fhotel-kgm.cz%2Fde%2Fkontakt-de%2F%23obchodni_oddeleni&#8220; btn_clr=&#8220;#ffffff&#8220; btn_bg=&#8220;#ac8b51&#8243; btn_hvrclr=&#8220;#ffffff&#8220; btn_hvrbg=&#8220;#714d1f&#8220;][vc_empty_space height=&#8220;12px&#8220;][\/vc_column_inner][\/vc_row_inner][\/vc_column][vc_column width=&#8220;1\/6&#8243;][\/vc_column][\/vc_row][vc_row disable_element=&#8220;yes&#8220;][vc_column width=&#8220;1\/3&#8243;][mvc_advanced_button align=&#8220;center&#8220; btn_text=&#8220;GESCHENKKARTE&#8220; btn_block=&#8220;btn_block&#8220; google_fonts=&#8220;font_family:Merriweather%20Sans%3A300%2C300italic%2Cregular%2Citalic%2C700%2C700italic%2C800%2C800italic|font_style:400%20regular%3A400%3Anormal&#8220; btn_url=&#8220;url:https%3A%2F%2Fhotel-kgm.cz%2Fde%2Fleceni-de%2Fdarkove-poukazy-de%2F%23antistres&#8220; btn_clr=&#8220;#ffffff&#8220; btn_bg=&#8220;#ac8b51&#8243; btn_hvrclr=&#8220;#ffffff&#8220; btn_hvrbg=&#8220;#714d1f&#8220;][vc_empty_space height=&#8220;12px&#8220;][\/vc_column][vc_column width=&#8220;1\/3&#8243;][mvc_advanced_button align=&#8220;center&#8220; btn_text=&#8220;BUCHEN&#8220; btn_block=&#8220;btn_block&#8220; btn_size=&#8220;25&#8243; icon_size=&#8220;28&#8243; google_fonts=&#8220;font_family:Merriweather%20Sans%3A300%2C300italic%2Cregular%2Citalic%2C700%2C700italic%2C800%2C800italic|font_style:700%20bold%20regular%3A700%3Anormal&#8220; btn_icon=&#8220;fas fa-bed&#8220; btn_url=&#8220;url:https%3A%2F%2Fhotel-kgm.cz%2Fde%2Frezervace-2-de%2F&#8220; btn_clr=&#8220;#ffffff&#8220; btn_bg=&#8220;#ac8b51&#8243; btn_hvrclr=&#8220;#ffffff&#8220; btn_hvrbg=&#8220;#714d1f&#8220; classname=&#8220;tlacitko_rezervace&#8220;][vc_empty_space height=&#8220;12px&#8220;][\/vc_column][vc_column width=&#8220;1\/3&#8243;][mvc_advanced_button align=&#8220;center&#8220; btn_text=&#8220;KONTAKT OPERATOR&#8220; btn_block=&#8220;btn_block&#8220; google_fonts=&#8220;font_family:Merriweather%20Sans%3A300%2C300italic%2Cregular%2Citalic%2C700%2C700italic%2C800%2C800italic|font_style:400%20regular%3A400%3Anormal&#8220; btn_url=&#8220;url:https%3A%2F%2Fhotel-kgm.cz%2Fde%2Fkontakt-de%2F%23obchodni_oddeleni&#8220; btn_clr=&#8220;#ffffff&#8220; btn_bg=&#8220;#ac8b51&#8243; btn_hvrclr=&#8220;#ffffff&#8220; btn_hvrbg=&#8220;#714d1f&#8220;][vc_empty_space height=&#8220;12px&#8220;][\/vc_column][\/vc_row][vc_row][vc_column][vc_empty_space height=&#8220;52px&#8220;][\/vc_column][\/vc_row][vc_row disable_element=&#8220;yes&#8220; overlay_color=&#8220;rgba(0,0,0,0.01)&#8220;][vc_column][vc_column_text]\n<table style=\"border-collapse: collapse; width: 100%; height: 168px;\">\n<tbody>\n<tr style=\"height: 24px;\">\n<td style=\"width: 34.6103%; height: 24px; text-align: center;\"><strong>PREISLISTE (Preise verstehen sich in EUR, pro 1 Person\/1 Nacht)<\/strong><\/td>\n<td style=\"width: 14.4503%; height: 24px; text-align: center;\">Top-saison:<br \/>\n1.7.-31.10.23<br \/>\n27.12.23-3.1.24<\/td>\n<td style=\"width: 13.4711%; text-align: center; height: 24px;\">Hochsaison:<br \/>\n14.3.-30.6.23<br \/>\n1.11.-26.12.23<\/td>\n<td style=\"width: 13.1491%; text-align: center; height: 24px;\">Nebensaison:<br \/>\n4.1-13.3.23<\/td>\n<\/tr>\n<tr style=\"height: 24px;\">\n<td style=\"width: 34.6103%; height: 24px;\"><strong>Einbettzimmer<\/strong><\/td>\n<td style=\"width: 14.4503%; text-align: center;\"><strong>107,-<\/strong><\/td>\n<td style=\"width: 13.4711%; text-align: center;\"><strong>97,-<br \/>\n<\/strong><\/td>\n<td style=\"width: 13.1491%; text-align: center;\"><strong>90,-<br \/>\n<\/strong><\/td>\n<\/tr>\n<tr style=\"height: 24px;\">\n<td style=\"width: 34.6103%; height: 24px;\"><strong>Doppelzimmer<\/strong><\/td>\n<td style=\"width: 14.4503%; text-align: center;\"><strong>92,-<\/strong><\/td>\n<td style=\"width: 13.4711%; text-align: center;\"><strong>82,-<\/strong><\/td>\n<td style=\"width: 13.1491%; text-align: center;\"><strong>75,-<br \/>\n<\/strong><\/td>\n<\/tr>\n<tr style=\"height: 24px;\">\n<td style=\"width: 34.6103%; height: 24px;\"><strong>Dreibettzimmer<br \/>\n<\/strong><\/td>\n<td style=\"width: 14.4503%; text-align: center;\"><strong>92,-<\/strong><\/td>\n<td style=\"width: 13.4711%; text-align: center;\"><strong>82,-<\/strong><\/td>\n<td style=\"width: 13.1491%; text-align: center;\"><strong>75,-<br \/>\n<\/strong><\/td>\n<\/tr>\n<tr style=\"height: 24px;\">\n<td style=\"width: 34.6103%; height: 24px;\"><strong>Suite<\/strong><\/td>\n<td style=\"width: 14.4503%; text-align: center;\"><strong>107,-<\/strong><\/td>\n<td style=\"width: 13.4711%; text-align: center;\"><strong>97,-<br \/>\n<\/strong><\/td>\n<td style=\"width: 13.1491%; text-align: center;\"><strong>90,-<br \/>\n<\/strong><\/td>\n<\/tr>\n<tr style=\"height: 24px;\">\n<td style=\"width: 34.6103%; height: 24px;\"><strong>Suite mit Erker<\/strong><\/td>\n<td style=\"width: 14.4503%; text-align: center;\"><strong>112,-<\/strong><\/td>\n<td style=\"width: 13.4711%; text-align: center;\"><strong>102,-<br \/>\n<\/strong><\/td>\n<td style=\"width: 13.1491%; text-align: center;\"><strong>95,-<br \/>\n<\/strong><\/td>\n<\/tr>\n<tr style=\"height: 24px;\">\n<td style=\"width: 34.6103%; height: 24px;\"><strong>Appartement Festival <\/strong><\/td>\n<td style=\"width: 14.4503%; text-align: center;\"><strong>92,-<\/strong><\/td>\n<td style=\"width: 13.4711%; text-align: center;\"><strong>82,-<\/strong><\/td>\n<td style=\"width: 13.1491%; text-align: center;\"><strong>75,-<br \/>\n<\/strong><\/td>\n<\/tr>\n<\/tbody>\n<\/table>\n[\/vc_column_text][vc_empty_space height=&#8220;22px&#8220;][\/vc_column][\/vc_row][vc_row disable_element=&#8220;yes&#8220; overlay_color=&#8220;rgba(0,0,0,0.01)&#8220;][vc_column][vc_column_text]<strong>THERAPEUTISCHER AUFENTHALT F\u00dcR\u00a05 N\u00c4CHTE\u00a0<\/strong> \u2013 <strong><em>Programm zur Erholung und Entspannung nach langandauerndem Stress und nach der Hektik des Alltags<\/em><\/strong>[\/vc_column_text][\/vc_column][\/vc_row][vc_row disable_element=&#8220;yes&#8220; overlay_color=&#8220;rgba(0,0,0,0.01)&#8220;][vc_column width=&#8220;2\/3&#8243;][vc_column_text]\n<table class=\" alignleft\">\n<tbody>\n<tr>\n<td style=\"text-align: center;\"><strong>PRIESE IN EUR<br \/>\n1 Per.\/5 N\u00e4chte<\/strong><\/td>\n<td style=\"text-align: center;\"><strong>15.04.19 \u2013 31.10.19<br \/>\n24.12.19 \u2013 10.01.20<\/strong><\/td>\n<td style=\"text-align: center;\"><strong> 01.11.19 \u2013 23.12.19<br \/>\n11.01.19 \u2013 14.04.19<\/strong><\/td>\n<\/tr>\n<tr>\n<td><strong> Einbettzimmer<\/strong><\/td>\n<td style=\"text-align: center;\"><del> \u20ac 695 <\/del> \/ <strong>\u20ac 556,25<\/strong><\/td>\n<td style=\"text-align: center;\"><del> \u20ac 545 <\/del> \/ <strong>\u20ac 436,25<\/strong><\/td>\n<\/tr>\n<tr>\n<td><strong> Doppelzimmer<\/strong><\/td>\n<td style=\"text-align: center;\"><del> \u20ac 555 <\/del> \/ <strong>\u20ac 443,75<\/strong><\/td>\n<td style=\"text-align: center;\"><del> \u20ac 428 <\/del> \/ <strong>\u20ac 342,50<\/strong><\/td>\n<\/tr>\n<tr>\n<td><strong> Dreibettzimmer <\/strong><\/td>\n<td style=\"text-align: center;\"><del> \u20ac 555 <\/del> \/ <strong>\u20ac 443,75<\/strong><\/td>\n<td style=\"text-align: center;\"><del> \u20ac 428 <\/del> \/ <strong>\u20ac 342,00<\/strong><\/td>\n<\/tr>\n<tr>\n<td><strong> Appartement<\/strong><\/td>\n<td style=\"text-align: center;\"><del> \u20ac 747 <\/del> \/ <strong>\u20ac 597,50<\/strong><\/td>\n<td style=\"text-align: center;\"><del> \u20ac 617 <\/del> \/ <strong>\u20ac 493,75<\/strong><\/td>\n<\/tr>\n<tr>\n<td><strong> \u0410ppartement mit Erker<\/strong><\/td>\n<td style=\"text-align: center;\"><del> \u20ac 778 <\/del> \/ <strong>\u20ac 622,50<\/strong><\/td>\n<td style=\"text-align: center;\"><del> \u20ac 648 <\/del> \/ <strong>\u20ac 518,75<\/strong><\/td>\n<\/tr>\n<tr>\n<td style=\"text-align: center;\" colspan=\"3\"><strong>Aufenthalt einer Person im Doppelzimmer oder Appartement \u2013 Aufpreis 40%<\/strong><\/td>\n<\/tr>\n<\/tbody>\n<\/table>\n[\/vc_column_text][\/vc_column][vc_column width=&#8220;1\/3&#8243;][vc_column_text]<strong>Wir empfehlen zu ihrem Programm die Inanspruchnahme des Angebots sehr attraktiver und gefragter Anwendungen wie u. a.: <\/strong>Ayurvedische Ganzk\u00f6rpermasssage u. a.<\/p>\n<p>&nbsp;<\/p>\n<p><strong>Hotelservice: Kosmetik \u2013 <\/strong>Natur- und medizinische Kosmetik[\/vc_column_text][\/vc_column][\/vc_row][vc_row][vc_column][vc_raw_html]JTVCeHl6LWlocyUyMHNuaXBwZXQlM0QlMjJsZWNlbmluYWJpZGthREUlMjIlNUQ=[\/vc_raw_html][\/vc_column][\/vc_row]\n<\/div>","protected":false},"excerpt":{"rendered":"<p>[vc_row full_width=&#8220;stretch_row&#8220; parallax=&#8220;content-moving&#8220; parallax_image=&#8220;40874&#8243; overlay_color=&#8220;rgba(0,0,0,0.01)&#8220; css=&#8220;.vc_custom_1763223510111{padding-top: 300px !important;padding-bottom: 500px !important;}&#8220;][vc_column][\/vc_column][\/vc_row][vc_row  [&#8230;]<\/p>\n","protected":false},"author":1,"featured_media":40874,"parent":5498,"menu_order":0,"comment_status":"closed","ping_status":"closed","template":"","meta":{"iawp_total_views":153,"footnotes":""},"class_list":["post-41089","page","type-page","status-publish","has-post-thumbnail","hentry"],"aioseo_notices":[],"_links":{"self":[{"href":"https:\/\/hotel-kgm.cz\/de\/wp-json\/wp\/v2\/pages\/41089","targetHints":{"allow":["GET"]}}],"collection":[{"href":"https:\/\/hotel-kgm.cz\/de\/wp-json\/wp\/v2\/pages"}],"about":[{"href":"https:\/\/hotel-kgm.cz\/de\/wp-json\/wp\/v2\/types\/page"}],"author":[{"embeddable":true,"href":"https:\/\/hotel-kgm.cz\/de\/wp-json\/wp\/v2\/users\/1"}],"replies":[{"embeddable":true,"href":"https:\/\/hotel-kgm.cz\/de\/wp-json\/wp\/v2\/comments?post=41089"}],"version-history":[{"count":5,"href":"https:\/\/hotel-kgm.cz\/de\/wp-json\/wp\/v2\/pages\/41089\/revisions"}],"predecessor-version":[{"id":45578,"href":"https:\/\/hotel-kgm.cz\/de\/wp-json\/wp\/v2\/pages\/41089\/revisions\/45578"}],"up":[{"embeddable":true,"href":"https:\/\/hotel-kgm.cz\/de\/wp-json\/wp\/v2\/pages\/5498"}],"wp:featuredmedia":[{"embeddable":true,"href":"https:\/\/hotel-kgm.cz\/de\/wp-json\/wp\/v2\/media\/40874"}],"wp:attachment":[{"href":"https:\/\/hotel-kgm.cz\/de\/wp-json\/wp\/v2\/media?parent=41089"}],"curies":[{"name":"wp","href":"https:\/\/api.w.org\/{rel}","templated":true}]}}