{"id":5446,"date":"2018-02-16T05:21:32","date_gmt":"2018-02-16T04:21:32","guid":{"rendered":"https:\/\/hotel-kgm.cz\/?page_id=5446"},"modified":"2025-05-21T15:39:26","modified_gmt":"2025-05-21T13:39:26","slug":"pokoje-de","status":"publish","type":"page","link":"https:\/\/hotel-kgm.cz\/de\/pokoje-de\/","title":{"rendered":"Zimmer"},"content":{"rendered":"<div class=\"wpb-content-wrapper\">[vc_row full_width=&#8220;stretch_row&#8220; equal_height=&#8220;yes&#8220; overlay_color=&#8220;rgba(0,0,0,0.01)&#8220; css=&#8220;.vc_custom_1720273787824{padding-bottom: 30px !important;background-image: url(https:\/\/hotel-kgm.cz\/wp-content\/uploads\/gobelin3.jpg?id=3653) !important;}&#8220;][vc_column offset=&#8220;vc_hidden-sm vc_hidden-xs&#8220;][vc_row_inner content_placement=&#8220;middle&#8220;][vc_column_inner width=&#8220;5\/6&#8243;][vc_column_text]\n<h1><em><span style=\"font-size: 96px;\">Zimmer<\/span><\/em><\/h1>\n[\/vc_column_text][vc_column_text]\n<h2><span style=\"color: #ac8b51;\">KARLSBAD GRANDE MADONNA \u2013 KARLOVY VARY<\/span><\/h2>\n[\/vc_column_text][\/vc_column_inner][vc_column_inner width=&#8220;1\/6&#8243;][vc_column_text]\n<h1><img decoding=\"async\" class=\"size-full wp-image-2507 aligncenter\" src=\"https:\/\/hotel-kgm.cz\/wp-content\/uploads\/andel_maly7.png\" alt=\"\" width=\"180\" height=\"261\" \/><\/h1>\n[\/vc_column_text][\/vc_column_inner][\/vc_row_inner][\/vc_column][\/vc_row][vc_row full_width=&#8220;stretch_row&#8220; equal_height=&#8220;yes&#8220; overlay_color=&#8220;rgba(0,0,0,0.01)&#8220; css=&#8220;.vc_custom_1720273787824{padding-bottom: 30px !important;background-image: url(https:\/\/hotel-kgm.cz\/wp-content\/uploads\/gobelin3.jpg?id=3653) !important;}&#8220;][vc_column offset=&#8220;vc_hidden-lg vc_hidden-md&#8220;][vc_row_inner content_placement=&#8220;middle&#8220;][vc_column_inner][vc_column_text css=&#8220;&#8220;]\n<h2>Zimmer<\/h2>\n[\/vc_column_text][\/vc_column_inner][\/vc_row_inner][\/vc_column][\/vc_row][vc_row full_width=&#8220;stretch_row&#8220; gap=&#8220;yes&#8220; equal_height=&#8220;yes&#8220; parallax=&#8220;content-moving&#8220; parallax_image=&#8220;8737&#8243; overlay_color=&#8220;rgba(0,0,0,0.01)&#8220; css=&#8220;.vc_custom_1688498808844{padding-top: 180px !important;padding-bottom: 180px !important;}&#8220; el_class=&#8220;reset-padding&#8220;][vc_column css=&#8220;.vc_custom_1522917411122{background-position: center !important;background-repeat: no-repeat !important;background-size: cover !important;}&#8220;][\/vc_column][\/vc_row][vc_row][vc_column][vc_empty_space height=&#8220;60px&#8220;][\/vc_column][\/vc_row][vc_row][vc_column width=&#8220;1\/2&#8243;][vc_single_image image=&#8220;6131&#8243; img_size=&#8220;full&#8220; alignment=&#8220;center&#8220; onclick=&#8220;custom_link&#8220; link=&#8220;https:\/\/hotel-kgm.cz\/de\/pokoje-de\/apartma-s-arkyrem-de\/&#8220;][\/vc_column][vc_column width=&#8220;1\/2&#8243;][vc_column_text css=&#8220;.vc_custom_1747834751932{margin-top: 20px !important;}&#8220;]\n<h3>Suite mit Erker<\/h3>\n<p><img decoding=\"async\" class=\"alignnone wp-image-37453\" src=\"https:\/\/hotel-kgm.cz\/wp-content\/uploads\/free_wifi_no_smoking_nespresso_grey.png\" alt=\"\" width=\"145\" height=\"41\" \/><\/p>\n<p><strong>Ger\u00e4umiges Zweizimmer-Suite mit Erker<\/strong> mit Ausblick auf die Marien-Magdalenen-Kirche oder mit Blick in den ruhigen Hof. <strong>Gesamtfl\u00e4che 44,63\u00a0m\u00b2. Bad mit Wanne<\/strong>, WC, Bidet, Haartrockner, Toiletten- und Kosmetikartikeln, Handt\u00fcchern, Badem\u00e4nteln und Pantoffeln.[\/vc_column_text][vc_btn title=&#8220;DETAIL&#8220; shape=&#8220;square&#8220; size=&#8220;lg&#8220; link=&#8220;url:https%3A%2F%2Fhotel-kgm.cz%2Fde%2Fpokoje-de%2Fapartma-s-arkyrem-de%2F|title:Pokoje&#8220;][vc_btn title=&#8220;BUCHEN&#8220; shape=&#8220;square&#8220; color=&#8220;chino&#8220; size=&#8220;lg&#8220; css=&#8220;.vc_custom_1729345972532{padding-right: 8px !important;padding-left: 8px !important;}&#8220; link=&#8220;url:https%3A%2F%2Fhotel-kgm.cz%2Fde%2Frezervace-2-de%2F|title:Pokoje&#8220; el_id=&#8220;arkyr&#8220;][\/vc_column][\/vc_row][vc_row][vc_column][vc_separator][\/vc_column][\/vc_row][vc_row][vc_column width=&#8220;1\/2&#8243;][vc_single_image image=&#8220;6224&#8243; img_size=&#8220;full&#8220; alignment=&#8220;center&#8220; onclick=&#8220;custom_link&#8220; link=&#8220;https:\/\/hotel-kgm.cz\/de\/pokoje-de\/apartma-de\/&#8220;][\/vc_column][vc_column width=&#8220;1\/2&#8243;][vc_column_text css=&#8220;.vc_custom_1745889201487{margin-top: 20px !important;}&#8220;]\n<h3>Suite<\/h3>\n<p><img decoding=\"async\" class=\"alignnone wp-image-37453\" src=\"https:\/\/hotel-kgm.cz\/wp-content\/uploads\/free_wifi_no_smoking_nespresso_grey.png\" alt=\"\" width=\"145\" height=\"41\" \/><\/p>\n<p><strong>Ger\u00e4umiges Zweizimmer-Suite<\/strong> mit franz\u00f6sischem Balkon, einem wundersch\u00f6nen Ausblick auf die Marien-Magdalenen-Kirche. <strong>Gesamtfl\u00e4che 41,7\u00a0m\u00b2. Bad mit Wanne<\/strong>, WC, Bidet, Haartrockner, Toiletten- und Kosmetikartikeln, Handt\u00fcchern, Badem\u00e4nteln und Pantoffeln.[\/vc_column_text][vc_btn title=&#8220;DETAIL&#8220; shape=&#8220;square&#8220; size=&#8220;lg&#8220; link=&#8220;url:https%3A%2F%2Fhotel-kgm.cz%2Fde%2Fpokoje-de%2Fapartma-de%2F|title:Pokoje&#8220;][vc_btn title=&#8220;BUCHEN&#8220; shape=&#8220;square&#8220; color=&#8220;chino&#8220; size=&#8220;lg&#8220; css=&#8220;.vc_custom_1729345980678{padding-right: 8px !important;padding-left: 8px !important;}&#8220; link=&#8220;url:https%3A%2F%2Fhotel-kgm.cz%2Fde%2Frezervace-2-de%2F|title:Pokoje&#8220; el_id=&#8220;suite&#8220;][vc_btn title=&#8220;Zimmerversion Economy&#8220; shape=&#8220;square&#8220; size=&#8220;lg&#8220; link=&#8220;url:https%3A%2F%2Fhotel-kgm.cz%2Fde%2Fpokoje-de%2Fapartma-econom-de%2F|title:Pokoje&#8220;][\/vc_column][\/vc_row][vc_row][vc_column][vc_separator][\/vc_column][\/vc_row][vc_row][vc_column width=&#8220;1\/2&#8243;][vc_single_image image=&#8220;6140&#8243; img_size=&#8220;full&#8220; alignment=&#8220;center&#8220; onclick=&#8220;custom_link&#8220; link=&#8220;https:\/\/hotel-kgm.cz\/de\/pokoje-de\/jednoluzkovy-pokoj-de\/&#8220;][\/vc_column][vc_column width=&#8220;1\/2&#8243;][vc_column_text css=&#8220;.vc_custom_1747834761700{margin-top: 20px !important;}&#8220;]\n<h3>Einbettzimmer<\/h3>\n<p><img decoding=\"async\" class=\"wp-image-6231 alignnone\" src=\"https:\/\/hotel-kgm.cz\/wp-content\/uploads\/free_wifi_no_smoking_grey.png\" alt=\"\" width=\"100\" height=\"41\" \/><\/p>\n<p><strong>Komfortabel eingerichtete Zimmer<\/strong> mit franz\u00f6sischem Balkon und einem Ausblick in den ruhigen Hof. <strong>Gesamtfl\u00e4che 20\u00a0m\u00b2. Bad mit Wanne,<\/strong> WC, Haartrockner, Toiletten- und Kosmetikartikeln, Handt\u00fcchern, Bade-m\u00e4nteln und Pantoffeln.<\/p>\n[\/vc_column_text][vc_btn title=&#8220;DETAIL&#8220; shape=&#8220;square&#8220; size=&#8220;lg&#8220; link=&#8220;url:https%3A%2F%2Fhotel-kgm.cz%2Fde%2Fpokoje-de%2Fjednoluzkovy-pokoj-de%2F|title:Pokoje&#8220;][vc_btn title=&#8220;BUCHEN&#8220; shape=&#8220;square&#8220; color=&#8220;chino&#8220; size=&#8220;lg&#8220; css=&#8220;.vc_custom_1729346350044{padding-right: 8px !important;padding-left: 8px !important;}&#8220; link=&#8220;url:https%3A%2F%2Fhotel-kgm.cz%2Fde%2Frezervace-2-de%2F|title:Pokoje&#8220; el_id=&#8220;jednoluzkovy&#8220;][\/vc_column][\/vc_row][vc_row][vc_column][vc_separator][\/vc_column][\/vc_row][vc_row][vc_column width=&#8220;1\/2&#8243;][vc_single_image image=&#8220;6151&#8243; img_size=&#8220;full&#8220; alignment=&#8220;center&#8220; onclick=&#8220;custom_link&#8220; link=&#8220;https:\/\/hotel-kgm.cz\/de\/pokoje-de\/dvouluzkovy-pokoj-de\/&#8220;][\/vc_column][vc_column width=&#8220;1\/2&#8243;][vc_column_text css=&#8220;.vc_custom_1695199170264{margin-top: 20px !important;}&#8220;]\n<h3>Doppelzimmer<\/h3>\n<p><img decoding=\"async\" class=\"wp-image-6231 alignnone\" src=\"https:\/\/hotel-kgm.cz\/wp-content\/uploads\/free_wifi_no_smoking_grey.png\" alt=\"\" width=\"100\" height=\"41\" \/><\/p>\n<p><strong>Komfortable eingerichtete Zimmer<\/strong> mit Ausblick auf die Stadt und die Marien-Magdalenen-Kirche. Einige Zimmer haben einen Balkon oder ein Fenster mit franz\u00f6sischem Balkon. <strong>Gesamtfl\u00e4che 21 bis 23\u00a0m\u00b2. Bad mit Wanne<\/strong>, WC, Haartrockner, Toiletten- und Kosmetikartikeln, Handt\u00fcchern, Badem\u00e4nteln und Pantoffeln.[\/vc_column_text][vc_btn title=&#8220;DETAIL&#8220; shape=&#8220;square&#8220; size=&#8220;lg&#8220; link=&#8220;url:https%3A%2F%2Fhotel-kgm.cz%2Fde%2Fpokoje-de%2Fdvouluzkovy-pokoj-de%2F|title:Pokoje&#8220;][vc_btn title=&#8220;BUCHEN&#8220; shape=&#8220;square&#8220; color=&#8220;chino&#8220; size=&#8220;lg&#8220; css=&#8220;.vc_custom_1729346498031{padding-right: 8px !important;padding-left: 8px !important;}&#8220; link=&#8220;url:https%3A%2F%2Fhotel-kgm.cz%2Fde%2Frezervace-2-de%2F|title:Pokoje&#8220; el_id=&#8220;dvouluzkovy&#8220;][vc_btn title=&#8220;Zimmerversion Economy&#8220; shape=&#8220;square&#8220; size=&#8220;lg&#8220; link=&#8220;url:https%3A%2F%2Fhotel-kgm.cz%2Fde%2Fpokoje-de%2Fdvouluzkovy-pokoj-econom-de%2F|title:Pokoje&#8220;][\/vc_column][\/vc_row][vc_row][vc_column][vc_separator][\/vc_column][\/vc_row][vc_row][vc_column width=&#8220;1\/2&#8243;][vc_single_image image=&#8220;6148&#8243; img_size=&#8220;full&#8220; alignment=&#8220;center&#8220; onclick=&#8220;custom_link&#8220; link=&#8220;https:\/\/hotel-kgm.cz\/de\/pokoje-de\/bezbarierovy-dvouluzkovy-pokoj-de\/&#8220;][\/vc_column][vc_column width=&#8220;1\/2&#8243;][vc_column_text css=&#8220;.vc_custom_1695660711840{margin-top: 20px !important;}&#8220;]\n<h3>Behindertenfreundliches Doppelzimmer<\/h3>\n<p><img decoding=\"async\" class=\"wp-image-6231 alignnone\" src=\"https:\/\/hotel-kgm.cz\/wp-content\/uploads\/free_wifi_no_smoking_grey.png\" alt=\"\" width=\"100\" height=\"41\" \/><\/p>\n<p><strong>Komfortable eingerichtete Zimmer<\/strong> mit Ausblick auf die Stadt und die Marien-Magdalenen-Kirche. <strong>Gesamtfl\u00e4che 23\u00a0m\u00b2. Bad mit Dusche<\/strong>, WC, Haartrockner, Toiletten- und Kosmetikartikeln, Handt\u00fcchern, Badem\u00e4nteln und Pantoffeln.[\/vc_column_text][vc_btn title=&#8220;DETAIL&#8220; shape=&#8220;square&#8220; size=&#8220;lg&#8220; link=&#8220;url:https%3A%2F%2Fhotel-kgm.cz%2Fde%2Fpokoje-de%2Fbezbarierovy-dvouluzkovy-pokoj-de%2F|title:Pokoje&#8220;][vc_btn title=&#8220;BUCHEN&#8220; shape=&#8220;square&#8220; color=&#8220;chino&#8220; size=&#8220;lg&#8220; css=&#8220;.vc_custom_1729346706333{padding-right: 8px !important;padding-left: 8px !important;}&#8220; link=&#8220;url:https%3A%2F%2Fhotel-kgm.cz%2Fde%2Frezervace-2-de%2F|title:Pokoje&#8220; el_id=&#8220;rezervace&#8220;][\/vc_column][\/vc_row][vc_row][vc_column][vc_separator][\/vc_column][\/vc_row][vc_row][vc_column width=&#8220;1\/2&#8243;][vc_single_image image=&#8220;6160&#8243; img_size=&#8220;full&#8220; alignment=&#8220;center&#8220; onclick=&#8220;custom_link&#8220; link=&#8220;https:\/\/hotel-kgm.cz\/de\/pokoje-de\/triluzkovy-pokoj-de\/&#8220;][\/vc_column][vc_column width=&#8220;1\/2&#8243;][vc_column_text css=&#8220;.vc_custom_1695199151145{margin-top: 20px !important;}&#8220;]\n<h3>Dreibettzimmer<\/h3>\n<p><img decoding=\"async\" class=\"wp-image-6231 alignnone\" src=\"https:\/\/hotel-kgm.cz\/wp-content\/uploads\/free_wifi_no_smoking_grey.png\" alt=\"\" width=\"100\" height=\"41\" \/><\/p>\n<p><strong>Komfortabel eingerichtete Zimmer<\/strong> mit franz\u00f6sischem Balkon und einem Ausblick in den ruhigen Hof. <strong>Gesamtfl\u00e4che 31\u00a0m\u00b2. Bad mit Wanne<\/strong>, WC, Haartrockner, Toiletten- und Kosmetikartikeln, Handt\u00fcchern, Badem\u00e4nteln und Pantoffeln.[\/vc_column_text][vc_btn title=&#8220;DETAIL&#8220; shape=&#8220;square&#8220; size=&#8220;lg&#8220; link=&#8220;url:https%3A%2F%2Fhotel-kgm.cz%2Fde%2Fpokoje-de%2Ftriluzkovy-pokoj-de%2F|title:Pokoje&#8220;][vc_btn title=&#8220;BUCHEN&#8220; shape=&#8220;square&#8220; color=&#8220;chino&#8220; size=&#8220;lg&#8220; css=&#8220;.vc_custom_1739290344550{padding-right: 8px !important;padding-left: 8px !important;}&#8220; link=&#8220;url:https%3A%2F%2Fhotel-kgm.cz%2Fde%2Frezervace-2-de%2F|title:Pokoje&#8220; el_id=&#8220;trojluzkovy&#8220;][vc_btn title=&#8220;Zimmerversion Economy&#8220; shape=&#8220;square&#8220; size=&#8220;lg&#8220; link=&#8220;url:https%3A%2F%2Fhotel-kgm.cz%2Fde%2Fpokoje-de%2Ftriluzkovy-pokoj-econom-de%2F|title:Pokoje&#8220;][\/vc_column][\/vc_row][vc_row][vc_column][vc_empty_space][vc_column_text]\n<p style=\"text-align: center;\"><img decoding=\"async\" class=\"wp-image-6258 aligncenter\" src=\"https:\/\/hotel-kgm.cz\/wp-content\/uploads\/free_wifi_no_bronz.png\" alt=\"\" width=\"120\" height=\"49\" \/>Alle Zimmer sind <strong>NICHTRAUCHERZIMMER<\/strong> und in jedem von ihnen ist GRATIS<strong> WLAN-<\/strong>Internet!<\/p>\n[\/vc_column_text][vc_empty_space][vc_raw_html]JTVCeHl6LWlocyUyMHNuaXBwZXQlM0QlMjIzdGxhY2l0a2EtcmV6ZXJ2YWNlLWRlJTIyJTVE[\/vc_raw_html][vc_empty_space][vc_column_text]<a href=\"https:\/\/hotel-kgm.cz\/wp-content\/uploads\/eurospa2_de.jpg\"><img decoding=\"async\" class=\"alignleft wp-image-2268 size-full\" src=\"https:\/\/hotel-kgm.cz\/wp-content\/uploads\/logo_eurospa_v.png\" alt=\"\" width=\"203\" height=\"100\" \/><\/a><a href=\"https:\/\/hotel-kgm.cz\/wp-content\/uploads\/eurospa2_de.jpg\"><strong>ERSTES HOTEL in Karlovy Vary (Karlsbad), welches von Schweizer Auditoren das Qualit\u00e4tszertifikat EUROPESPA med erhielt<\/strong><\/a>[\/vc_column_text][vc_empty_space][\/vc_column][\/vc_row]\n<\/div>","protected":false},"excerpt":{"rendered":"<p>[vc_row full_width=&#8220;stretch_row&#8220; equal_height=&#8220;yes&#8220; overlay_color=&#8220;rgba(0,0,0,0.01)&#8220; css=&#8220;.vc_custom_1720273787824{padding-bottom: 30px !important;background-image: url(https:\/\/hotel-kgm.cz\/wp-content\/uploads\/gobelin3.jpg?id=3653) !important;}&#8220;][vc_column offset=&#8220;vc_hidden-sm  [&#8230;]<\/p>\n","protected":false},"author":1,"featured_media":0,"parent":0,"menu_order":0,"comment_status":"closed","ping_status":"closed","template":"","meta":{"iawp_total_views":1302,"footnotes":""},"class_list":["post-5446","page","type-page","status-publish","hentry"],"aioseo_notices":[],"_links":{"self":[{"href":"https:\/\/hotel-kgm.cz\/de\/wp-json\/wp\/v2\/pages\/5446","targetHints":{"allow":["GET"]}}],"collection":[{"href":"https:\/\/hotel-kgm.cz\/de\/wp-json\/wp\/v2\/pages"}],"about":[{"href":"https:\/\/hotel-kgm.cz\/de\/wp-json\/wp\/v2\/types\/page"}],"author":[{"embeddable":true,"href":"https:\/\/hotel-kgm.cz\/de\/wp-json\/wp\/v2\/users\/1"}],"replies":[{"embeddable":true,"href":"https:\/\/hotel-kgm.cz\/de\/wp-json\/wp\/v2\/comments?post=5446"}],"version-history":[{"count":14,"href":"https:\/\/hotel-kgm.cz\/de\/wp-json\/wp\/v2\/pages\/5446\/revisions"}],"predecessor-version":[{"id":27550,"href":"https:\/\/hotel-kgm.cz\/de\/wp-json\/wp\/v2\/pages\/5446\/revisions\/27550"}],"wp:attachment":[{"href":"https:\/\/hotel-kgm.cz\/de\/wp-json\/wp\/v2\/media?parent=5446"}],"curies":[{"name":"wp","href":"https:\/\/api.w.org\/{rel}","templated":true}]}}