{"id":5556,"date":"2018-02-19T02:42:00","date_gmt":"2018-02-19T01:42:00","guid":{"rendered":"https:\/\/hotel-kgm.cz\/?page_id=5556"},"modified":"2024-08-12T17:05:12","modified_gmt":"2024-08-12T15:05:12","slug":"sluzby-lekare-de","status":"publish","type":"page","link":"https:\/\/hotel-kgm.cz\/de\/leceni-de\/sluzby-lekare-de\/","title":{"rendered":"Medizinische dienste"},"content":{"rendered":"<div class=\"wpb-content-wrapper\">[vc_row full_width=&#8220;stretch_row&#8220; equal_height=&#8220;yes&#8220; overlay_color=&#8220;rgba(0,0,0,0.01)&#8220; css=&#8220;.vc_custom_1655045396833{padding-top: 20px !important;padding-bottom: 30px !important;background-image: url(https:\/\/hotel-kgm.cz\/wp-content\/uploads\/gobelin3.jpg?id=3653) !important;}&#8220;][vc_column][vc_row_inner content_placement=&#8220;middle&#8220;][vc_column_inner width=&#8220;5\/6&#8243; offset=&#8220;vc_hidden-sm vc_hidden-xs&#8220;][vc_column_text]\n<h1><span style=\"font-size: 66px;\"><em>Medizinische dienste<\/em><\/span><\/h1>\n[\/vc_column_text][vc_column_text]\n<h2><span style=\"color: #ac8b51;\">KARLSBAD GRANDE MADONNA <em>&amp;<\/em><\/span><br \/>\n<span style=\"color: #ac8b51;\">FESTIVAL Apartments<\/span><\/h2>\n[\/vc_column_text][\/vc_column_inner][vc_column_inner width=&#8220;1\/6&#8243; offset=&#8220;vc_hidden-sm vc_hidden-xs&#8220;][vc_column_text]\n<h1><img decoding=\"async\" class=\"size-full wp-image-2507 aligncenter\" src=\"https:\/\/hotel-kgm.cz\/wp-content\/uploads\/andel_maly7.png\" alt=\"\" width=\"180\" height=\"261\" \/><\/h1>\n[\/vc_column_text][\/vc_column_inner][\/vc_row_inner][\/vc_column][\/vc_row][vc_row full_width=&#8220;stretch_row&#8220; equal_height=&#8220;yes&#8220; overlay_color=&#8220;rgba(0,0,0,0.01)&#8220; css=&#8220;.vc_custom_1720897652450{padding-bottom: 30px !important;background-image: url(https:\/\/hotel-kgm.cz\/wp-content\/uploads\/gobelin3.jpg?id=3653) !important;}&#8220;][vc_column offset=&#8220;vc_hidden-lg vc_hidden-md&#8220;][vc_row_inner content_placement=&#8220;middle&#8220;][vc_column_inner width=&#8220;5\/6&#8243;][vc_column_text css=&#8220;&#8220;]\n<h2>Medizinische dienste<\/h2>\n[\/vc_column_text][\/vc_column_inner][vc_column_inner width=&#8220;1\/6&#8243;][\/vc_column_inner][\/vc_row_inner][\/vc_column][\/vc_row][vc_row][vc_column][vc_empty_space height=&#8220;62px&#8220;][\/vc_column][\/vc_row][vc_row disable_element=&#8220;yes&#8220; overlay_color=&#8220;rgba(0,0,0,0.01)&#8220;][vc_column width=&#8220;1\/3&#8243;][vc_row_inner][vc_column_inner width=&#8220;1\/2&#8243;][vc_single_image image=&#8220;20262&#8243; img_size=&#8220;medium&#8220; css_animation=&#8220;none&#8220;][\/vc_column_inner][vc_column_inner width=&#8220;1\/2&#8243;][vc_column_text]<strong>MUDr. V\u00e1clav \u0160olc<br \/>\n<\/strong><em>Hauptarzt<\/em><\/p>\n<p><span style=\"font-size: 14px;\">Tel.: +420&nbsp;353&nbsp;169&nbsp;504<\/span><br \/>\n<span style=\"font-size: 14px;\">Fax: +420&nbsp;353&nbsp;169&nbsp;510<\/span><br \/>\n<span style=\"font-size: 14px;\">primar@hotel-kgm.cz<\/span>[\/vc_column_text][\/vc_column_inner][\/vc_row_inner][\/vc_column][vc_column width=&#8220;2\/3&#8243;][vc_row_inner][vc_column_inner][vc_column_text]Er studierte an der Medizinischen Fakult\u00e4t der Karlsuniversit\u00e4t in Hradec Kr\u00e1lov\u00e9, absolvierte 1977 im Zentralem Milit\u00e4rkrankenhaus in Prag. Danach arbeitete er lange Zeit in der Armee der Tschechischen Republik, einschlie\u00dflich Auslandseins\u00e4tzen.<\/p>\n<p>Er hat die Bescheinigung in Sozial-, Innen- und Allgemeinmedizin bestanden. Neben dem medizinischen Praktikum und dem Praktizieren in seiner Heimatstadt Ji\u010d\u00edn war er in seiner Karriere als \u00c4rztlicher Direktor 20 Jahre lang als Qualit\u00e4tsmanager in L\u00e1zn\u011b B\u011blohrad t\u00e4tig.<\/p>\n<p>Er hat ein Diplom der Tschechischen \u00c4rztekammer f\u00fcr lebenslange Ausbildung bekommen und meidet die Naturmedizin nicht. Sein Credo lautet: Bonus aegroti suprema lex.[\/vc_column_text][\/vc_column_inner][\/vc_row_inner][\/vc_column][\/vc_row][vc_row][vc_column width=&#8220;1\/3&#8243;][vc_single_image image=&#8220;3153&#8243; img_size=&#8220;full&#8220; alignment=&#8220;center&#8220;][vc_column_text]<strong><span style=\"color: #ac8b51; font-size: 10pt;\">MEDIZINISCHE DIENSTE<\/span><\/strong>[\/vc_column_text][vc_column_text css=&#8220;.vc_custom_1663060025992{margin-top: -30px !important;}&#8220;]<span style=\"font-size: 18pt;\"><strong>\u00c4rztliche Untersuchung<\/strong><\/span>[\/vc_column_text][vc_separator color=&#8220;chino&#8220; align=&#8220;align_left&#8220; border_width=&#8220;2&#8243; css=&#8220;.vc_custom_1662634265588{margin-top: -20px !important;}&#8220;][vc_column_text]<div class=\"lvca-accordion lvca-style2\" data-toggle=\"true\" data-expanded=\"false\"><div class=\"lvca-panel\" id=\"\"><div class=\"lvca-panel-title\">Servicebeschreibung<\/div><div class=\"lvca-panel-content\">Preis: 1075,- CZK<\/p>\n<p>Die \u00e4rztliche Eingangsuntersuchung umfasst:<\/p>\n<ul>\n<li>Eingangsuntersuchung<\/li>\n<li>Verschreibung der Anwendungen<\/li>\n<li>Vorschreibung des Trinkregimes<\/li>\n<li>Verordnung der Di\u00e4t<\/li>\n<li>Messen des Blutdruckes<\/li>\n<li>Kontrolluntersuchung (bei einem Aufenthalt von mehr als 14 Tagen)<\/li>\n<li>Abschlussuntersuchung und abschlie\u00dfender \u00e4rztlicher Bericht nach Beendigung der Behandlung<\/li>\n<\/ul>\n<\/div><\/div><!-- .lvca-panel --><\/div><!-- .lvca-accordion -->[\/vc_column_text][\/vc_column][vc_column width=&#8220;1\/3&#8243;][vc_single_image image=&#8220;3154&#8243; img_size=&#8220;full&#8220; alignment=&#8220;center&#8220;][vc_column_text]<strong><span style=\"color: #ac8b51; font-size: 10pt;\">MEDIZINISCHE DIENSTE<\/span><\/strong>[\/vc_column_text][vc_column_text css=&#8220;.vc_custom_1663060035817{margin-top: -30px !important;}&#8220;]<span style=\"font-size: 18pt;\"><strong>Messen des Blutzuckerspiegels<\/strong><\/span>[\/vc_column_text][vc_separator color=&#8220;chino&#8220; align=&#8220;align_left&#8220; border_width=&#8220;2&#8243; css=&#8220;.vc_custom_1662635192184{margin-top: -20px !important;}&#8220;][vc_column_text]<div class=\"lvca-accordion lvca-style2\" data-toggle=\"true\" data-expanded=\"false\"><div class=\"lvca-panel\" id=\"\"><div class=\"lvca-panel-title\">Servicebeschreibung<\/div><div class=\"lvca-panel-content\">\n<div id=\"ui-id-2\" class=\"toggle-content ui-accordion-content ui-helper-reset ui-widget-content ui-corner-bottom ui-accordion-content-active\" role=\"tabpanel\" aria-hidden=\"false\" aria-labelledby=\"ui-id-1\">\n<div class=\"toggle-container entry-content\">\n<p>Preis: 200,- CZK<\/p>\n<\/div>\n<\/div>\n<\/div><\/div><!-- .lvca-panel --><\/div><!-- .lvca-accordion -->[\/vc_column_text][\/vc_column][vc_column width=&#8220;1\/3&#8243;][vc_single_image image=&#8220;3151&#8243; img_size=&#8220;full&#8220; alignment=&#8220;center&#8220;][vc_column_text]<strong><span style=\"color: #ac8b51; font-size: 10pt;\">MEDIZINISCHE DIENSTE<\/span><\/strong>[\/vc_column_text][vc_column_text css=&#8220;.vc_custom_1663060044363{margin-top: -30px !important;}&#8220;]<span style=\"font-size: 18pt;\"><strong>Konsultation mit dem Arzt<\/strong><\/span>[\/vc_column_text][vc_separator color=&#8220;chino&#8220; align=&#8220;align_left&#8220; border_width=&#8220;2&#8243; css=&#8220;.vc_custom_1662635213294{margin-top: -20px !important;}&#8220;][vc_column_text]<div class=\"lvca-accordion lvca-style2\" data-toggle=\"true\" data-expanded=\"false\"><div class=\"lvca-panel\" id=\"\"><div class=\"lvca-panel-title\">Servicebeschreibung<\/div><div class=\"lvca-panel-content\">\n<div id=\"ui-id-2\" class=\"toggle-content ui-accordion-content ui-helper-reset ui-widget-content ui-corner-bottom ui-accordion-content-active\" role=\"tabpanel\" aria-hidden=\"false\" aria-labelledby=\"ui-id-1\">\n<div class=\"toggle-container entry-content\">\n<p>Preis: 250,- CZK \u2013 nur f\u00fcr Hotelg\u00e4ste<\/p>\n<p>Preis: 600,- CZK \u2013 ambulante Untersuchung von G\u00e4sten aus anderen Hotels<\/p>\n<\/div>\n<\/div>\n<\/div><\/div><!-- .lvca-panel --><\/div><!-- .lvca-accordion -->[\/vc_column_text][\/vc_column][\/vc_row][vc_row][vc_column][vc_empty_space][\/vc_column][\/vc_row][vc_row][vc_column width=&#8220;1\/3&#8243;][vc_single_image image=&#8220;3150&#8243; img_size=&#8220;full&#8220; alignment=&#8220;center&#8220;][vc_column_text]<strong><span style=\"color: #ac8b51; font-size: 10pt;\">MEDIZINISCHE DIENSTE<\/span><\/strong>[\/vc_column_text][vc_column_text css=&#8220;.vc_custom_1663060054787{margin-top: -30px !important;}&#8220;]<span style=\"font-size: 18pt;\"><strong>Anwendung der Injektion<\/strong><\/span>[\/vc_column_text][vc_separator color=&#8220;chino&#8220; align=&#8220;align_left&#8220; border_width=&#8220;2&#8243; css=&#8220;.vc_custom_1662634265588{margin-top: -20px !important;}&#8220;][vc_column_text]<div class=\"lvca-accordion lvca-style2\" data-toggle=\"true\" data-expanded=\"false\"><div class=\"lvca-panel\" id=\"\"><div class=\"lvca-panel-title\">Servicebeschreibung<\/div><div class=\"lvca-panel-content\">\n<div id=\"ui-id-2\" class=\"toggle-content ui-accordion-content ui-helper-reset ui-widget-content ui-corner-bottom ui-accordion-content-active\" role=\"tabpanel\" aria-hidden=\"false\" aria-labelledby=\"ui-id-1\">\n<div class=\"toggle-container entry-content\">Preis: 100,- CZK<\/div>\n<\/div>\n<\/div><\/div><!-- .lvca-panel --><\/div><!-- .lvca-accordion -->[\/vc_column_text][\/vc_column][vc_column width=&#8220;1\/3&#8243;][vc_single_image image=&#8220;3152&#8243; img_size=&#8220;full&#8220; alignment=&#8220;center&#8220;][vc_column_text]<strong><span style=\"color: #ac8b51; font-size: 10pt;\">MEDIZINISCHE DIENSTE<\/span><\/strong>[\/vc_column_text][vc_column_text css=&#8220;.vc_custom_1663060063449{margin-top: -30px !important;}&#8220;]<span style=\"font-size: 18pt;\"><strong>Laboruntersuchung<\/strong><\/span>[\/vc_column_text][vc_separator color=&#8220;chino&#8220; align=&#8220;align_left&#8220; border_width=&#8220;2&#8243; css=&#8220;.vc_custom_1662635192184{margin-top: -20px !important;}&#8220;][vc_column_text]<div class=\"lvca-accordion lvca-style2\" data-toggle=\"true\" data-expanded=\"false\"><div class=\"lvca-panel\" id=\"\"><div class=\"lvca-panel-title\">Servicebeschreibung<\/div><div class=\"lvca-panel-content\">\n<div id=\"ui-id-2\" class=\"toggle-content ui-accordion-content ui-helper-reset ui-widget-content ui-corner-bottom ui-accordion-content-active\" role=\"tabpanel\" aria-hidden=\"false\" aria-labelledby=\"ui-id-1\">\n<div class=\"toggle-container entry-content\">\n<p>Preis: Standarduntersuchung \u2013 825,- CZK<\/p>\n<p>Den Standard \u00fcbersteigende Untersuchung \u2013 gem\u00e4\u00df aktueller Preisliste<\/p>\n<p>Den Standard \u00fcbersteigende Labortests erfolgen nach Konsultation mit dem Arzt.<\/p>\n<\/div>\n<\/div>\n<\/div><\/div><!-- .lvca-panel --><\/div><!-- .lvca-accordion -->[\/vc_column_text][\/vc_column][vc_column width=&#8220;1\/3&#8243;][vc_single_image image=&#8220;3156&#8243; img_size=&#8220;full&#8220; alignment=&#8220;center&#8220;][vc_column_text]<strong><span style=\"color: #ac8b51; font-size: 10pt;\">MEDIZINISCHE DIENSTE<\/span><\/strong>[\/vc_column_text][vc_column_text css=&#8220;.vc_custom_1663058606489{margin-top: -30px !important;}&#8220;]<span style=\"font-size: 18pt;\"><strong>EKG<\/strong><\/span>[\/vc_column_text][vc_separator color=&#8220;chino&#8220; align=&#8220;align_left&#8220; border_width=&#8220;2&#8243; css=&#8220;.vc_custom_1662635213294{margin-top: -20px !important;}&#8220;][vc_column_text]<div class=\"lvca-accordion lvca-style2\" data-toggle=\"true\" data-expanded=\"false\"><div class=\"lvca-panel\" id=\"\"><div class=\"lvca-panel-title\">Servicebeschreibung<\/div><div class=\"lvca-panel-content\">\n<div id=\"ui-id-2\" class=\"toggle-content ui-accordion-content ui-helper-reset ui-widget-content ui-corner-bottom ui-accordion-content-active\" role=\"tabpanel\" aria-hidden=\"false\" aria-labelledby=\"ui-id-1\">\n<div class=\"toggle-container entry-content\">\n<p>Preis: 375,- CZK<\/p>\n<\/div>\n<\/div>\n<\/div><\/div><!-- .lvca-panel --><\/div><!-- .lvca-accordion -->[\/vc_column_text][\/vc_column][\/vc_row][vc_row][vc_column][vc_empty_space][\/vc_column][\/vc_row][vc_row][vc_column width=&#8220;1\/3&#8243;][\/vc_column][vc_column width=&#8220;1\/3&#8243;][vc_single_image image=&#8220;3148&#8243; img_size=&#8220;full&#8220; alignment=&#8220;center&#8220;][vc_column_text]<strong><span style=\"color: #ac8b51; font-size: 10pt;\">MEDIZINISCHE DIENSTE<\/span><\/strong>[\/vc_column_text][vc_column_text css=&#8220;.vc_custom_1663060077451{margin-top: -30px !important;}&#8220;]<span style=\"font-size: 18pt;\"><strong>Administrative Leistungen des Arztes auf Wunsch des Patienten<\/strong><\/span>[\/vc_column_text][vc_separator color=&#8220;chino&#8220; align=&#8220;align_left&#8220; border_width=&#8220;2&#8243; css=&#8220;.vc_custom_1662635192184{margin-top: -20px !important;}&#8220;][vc_column_text]<div class=\"lvca-accordion lvca-style2\" data-toggle=\"true\" data-expanded=\"false\"><div class=\"lvca-panel\" id=\"\"><div class=\"lvca-panel-title\">Servicebeschreibung<\/div><div class=\"lvca-panel-content\">Preis: 100,- CZK<\/p>\n<p>Beispiel: \u00c4nderung des Zeitplans der Anwendungen, Verschreibung einer bestimmten Anwendung, Ausstellung eines Rezeptes usw\u2026<\/div><\/div><!-- .lvca-panel --><\/div><!-- .lvca-accordion -->[\/vc_column_text][\/vc_column][vc_column width=&#8220;1\/3&#8243;][\/vc_column][\/vc_row][vc_row][vc_column][vc_empty_space][\/vc_column][\/vc_row]\n<\/div>","protected":false},"excerpt":{"rendered":"<p>[vc_row full_width=&#8220;stretch_row&#8220; equal_height=&#8220;yes&#8220; overlay_color=&#8220;rgba(0,0,0,0.01)&#8220; css=&#8220;.vc_custom_1655045396833{padding-top: 20px !important;padding-bottom: 30px !important;background-image: url(https:\/\/hotel-kgm.cz\/wp-content\/uploads\/gobelin3.jpg?id=3653)  [&#8230;]<\/p>\n","protected":false},"author":1,"featured_media":0,"parent":5491,"menu_order":0,"comment_status":"closed","ping_status":"closed","template":"","meta":{"iawp_total_views":193,"footnotes":""},"class_list":["post-5556","page","type-page","status-publish","hentry"],"aioseo_notices":[],"_links":{"self":[{"href":"https:\/\/hotel-kgm.cz\/de\/wp-json\/wp\/v2\/pages\/5556","targetHints":{"allow":["GET"]}}],"collection":[{"href":"https:\/\/hotel-kgm.cz\/de\/wp-json\/wp\/v2\/pages"}],"about":[{"href":"https:\/\/hotel-kgm.cz\/de\/wp-json\/wp\/v2\/types\/page"}],"author":[{"embeddable":true,"href":"https:\/\/hotel-kgm.cz\/de\/wp-json\/wp\/v2\/users\/1"}],"replies":[{"embeddable":true,"href":"https:\/\/hotel-kgm.cz\/de\/wp-json\/wp\/v2\/comments?post=5556"}],"version-history":[{"count":5,"href":"https:\/\/hotel-kgm.cz\/de\/wp-json\/wp\/v2\/pages\/5556\/revisions"}],"predecessor-version":[{"id":34579,"href":"https:\/\/hotel-kgm.cz\/de\/wp-json\/wp\/v2\/pages\/5556\/revisions\/34579"}],"up":[{"embeddable":true,"href":"https:\/\/hotel-kgm.cz\/de\/wp-json\/wp\/v2\/pages\/5491"}],"wp:attachment":[{"href":"https:\/\/hotel-kgm.cz\/de\/wp-json\/wp\/v2\/media?parent=5556"}],"curies":[{"name":"wp","href":"https:\/\/api.w.org\/{rel}","templated":true}]}}