{"id":5567,"date":"2018-02-19T05:18:03","date_gmt":"2018-02-19T04:18:03","guid":{"rendered":"https:\/\/hotel-kgm.cz\/?page_id=5567"},"modified":"2025-06-10T03:09:07","modified_gmt":"2025-06-10T01:09:07","slug":"restaurace-de","status":"publish","type":"page","link":"https:\/\/hotel-kgm.cz\/de\/restaurace-de\/","title":{"rendered":"Restaurant"},"content":{"rendered":"<div class=\"wpb-content-wrapper\">[vc_row full_width=&#8220;stretch_row&#8220; equal_height=&#8220;yes&#8220; overlay_color=&#8220;rgba(0,0,0,0.01)&#8220; css=&#8220;.vc_custom_1720198086305{padding-bottom: 30px !important;background-image: url(https:\/\/hotel-kgm.cz\/wp-content\/uploads\/gobelin3.jpg?id=3653) !important;}&#8220;][vc_column][vc_row_inner content_placement=&#8220;middle&#8220;][vc_column_inner width=&#8220;5\/6&#8243; offset=&#8220;vc_hidden-sm vc_hidden-xs&#8220;][vc_column_text]\n<h1><em><span style=\"font-size: 96px;\">Restaurant<\/span><\/em><\/h1>\n[\/vc_column_text][vc_column_text]\n<h2><span style=\"color: #ac8b51;\">KARLSBAD GRANDE MADONNA <em>&amp;<\/em><\/span><br \/>\n<span style=\"color: #ac8b51;\">FESTIVAL Apartments<\/span><\/h2>\n[\/vc_column_text][\/vc_column_inner][vc_column_inner width=&#8220;1\/6&#8243; offset=&#8220;vc_hidden-sm vc_hidden-xs&#8220;][vc_column_text]\n<h1><img decoding=\"async\" class=\"size-full wp-image-2507 aligncenter\" src=\"https:\/\/hotel-kgm.cz\/wp-content\/uploads\/andel_maly7.png\" alt=\"\" width=\"180\" height=\"261\" \/><\/h1>\n[\/vc_column_text][\/vc_column_inner][\/vc_row_inner][\/vc_column][\/vc_row][vc_row full_width=&#8220;stretch_row&#8220; equal_height=&#8220;yes&#8220; overlay_color=&#8220;rgba(0,0,0,0.01)&#8220; css=&#8220;.vc_custom_1720897652450{padding-bottom: 30px !important;background-image: url(https:\/\/hotel-kgm.cz\/wp-content\/uploads\/gobelin3.jpg?id=3653) !important;}&#8220;][vc_column offset=&#8220;vc_hidden-lg vc_hidden-md&#8220;][vc_row_inner content_placement=&#8220;middle&#8220;][vc_column_inner width=&#8220;5\/6&#8243;][vc_column_text css=&#8220;&#8220;]\n<h2>Restaurant<\/h2>\n[\/vc_column_text][\/vc_column_inner][vc_column_inner width=&#8220;1\/6&#8243;][\/vc_column_inner][\/vc_row_inner][\/vc_column][\/vc_row][vc_row][vc_column offset=&#8220;vc_hidden-xs&#8220;][vc_empty_space][\/vc_column][\/vc_row][vc_row full_width=&#8220;stretch_row_content_no_spaces&#8220; gap=&#8220;yes&#8220; equal_height=&#8220;yes&#8220; content_placement=&#8220;middle&#8220; parallax=&#8220;content-moving&#8220; overlay_color=&#8220;rgba(0,0,0,0.01)&#8220; css=&#8220;.vc_custom_1524949764508{background-position: center;background-repeat: no-repeat;background-size: cover !important;}&#8220; el_class=&#8220;reset-padding&#8220;][vc_column width=&#8220;2\/3&#8243; css=&#8220;.vc_custom_1689158758443{background-position: center !important;background-repeat: no-repeat !important;background-size: cover !important;}&#8220; offset=&#8220;vc_hidden-xs&#8220;][vc_single_image image=&#8220;6760&#8243; img_size=&#8220;full&#8220; alignment=&#8220;center&#8220; onclick=&#8220;custom_link&#8220; link=&#8220;https:\/\/hotel-kgm.cz\/de\/restaurace-de\/grand-restaurant-de\/&#8220;][\/vc_column][vc_column width=&#8220;1\/3&#8243;][vc_empty_space height=&#8220;120px&#8220; height2=&#8220;0&#8243;][vc_row_inner css=&#8220;.vc_custom_1689158223604{margin-right: 20px !important;margin-left: 20px !important;background-color: #ffffff !important;}&#8220;][vc_column_inner][vc_column_text css=&#8220;&#8220;]\n<div class=\"wpb_text_column wpb_content_element vc_custom_1513433702389 animate-text loaded-text\">\n<div class=\"wpb_wrapper\">\n<h2 style=\"text-align: center;\"><a href=\"https:\/\/hotel-kgm.cz\/de\/restaurace-de\/grand-restaurant-de\/\"><strong>GRAND RESTAURANT R1\/R2<\/strong><\/a><\/h2>\n<\/div>\n<\/div>\n<div class=\"grid vc-interactive-banner\">\n<p style=\"text-align: center;\">Der ideale Ort nicht nur f\u00fcr Ihre Gesch\u00e4ftstreffen<\/p>\n<\/div>\n[\/vc_column_text][vc_single_image image=&#8220;9011&#8243; img_size=&#8220;full&#8220; alignment=&#8220;center&#8220;][vc_btn title=&#8220;MEHR&#8220; shape=&#8220;square&#8220; color=&#8220;chino&#8220; size=&#8220;lg&#8220; align=&#8220;center&#8220; link=&#8220;url:https%3A%2F%2Fhotel-kgm.cz%2Fde%2Frestaurace-de%2Fgrand-restaurant-de%2F|title:Pokoje&#8220;][\/vc_column_inner][\/vc_row_inner][vc_empty_space height=&#8220;120px&#8220; height2=&#8220;0&#8243;][\/vc_column][\/vc_row][vc_row][vc_column offset=&#8220;vc_hidden-xs&#8220;][vc_empty_space][\/vc_column][\/vc_row][vc_row full_width=&#8220;stretch_row_content_no_spaces&#8220; equal_height=&#8220;yes&#8220; content_placement=&#8220;middle&#8220; parallax=&#8220;content-moving&#8220; overlay_color=&#8220;rgba(0,0,0,0.01)&#8220; css=&#8220;.vc_custom_1689158523566{background-position: center;background-repeat: no-repeat !important;background-size: cover !important;}&#8220; el_class=&#8220;reset-padding&#8220;][vc_column width=&#8220;1\/3&#8243; css=&#8220;.vc_custom_1496055533970{background-color: #f5f5f5 !important;}&#8220;][vc_empty_space height=&#8220;120px&#8220; height2=&#8220;0&#8243;][vc_row_inner css=&#8220;.vc_custom_1689158223604{margin-right: 20px !important;margin-left: 20px !important;background-color: #ffffff !important;}&#8220;][vc_column_inner][vc_column_text]\n<div class=\"wpb_text_column wpb_content_element vc_custom_1512480188615 animate-text loaded-text\">\n<div class=\"wpb_wrapper\">\n<h2 style=\"text-align: center;\"><a href=\"https:\/\/hotel-kgm.cz\/de\/restaurace-de\/lobby-bar-de\/\"><strong>LOBBY BAR<\/strong><\/a><\/h2>\n<\/div>\n<\/div>\n<div class=\"grid vc-interactive-banner\">\n<p style=\"text-align: center;\"><span id=\"result_box\" class=\"\" lang=\"cs\"><span class=\"\">Vielf\u00e4ltiges Angebot der b\u00f6hmischen und internationalen K\u00fcch<\/span><\/span>e<\/p>\n<\/div>\n[\/vc_column_text][vc_single_image image=&#8220;9012&#8243; img_size=&#8220;full&#8220; alignment=&#8220;center&#8220;][vc_btn title=&#8220;MEHR&#8220; shape=&#8220;square&#8220; color=&#8220;chino&#8220; size=&#8220;lg&#8220; align=&#8220;center&#8220; link=&#8220;url:https%3A%2F%2Fhotel-kgm.cz%2Fde%2Frestaurace-de%2Flobby-bar-de%2F|title:Pokoje&#8220;][\/vc_column_inner][\/vc_row_inner][vc_empty_space height=&#8220;120px&#8220; height2=&#8220;0&#8243;][\/vc_column][vc_column width=&#8220;2\/3&#8243; css=&#8220;.vc_custom_1689158767777{background-position: center !important;background-repeat: no-repeat !important;background-size: cover !important;}&#8220; offset=&#8220;vc_hidden-xs&#8220;][vc_single_image image=&#8220;8096&#8243; img_size=&#8220;full&#8220; alignment=&#8220;center&#8220; onclick=&#8220;custom_link&#8220; link=&#8220;https:\/\/hotel-kgm.cz\/de\/restaurace-de\/lobby-bar-de\/&#8220;][\/vc_column][\/vc_row][vc_row][vc_column offset=&#8220;vc_hidden-xs&#8220;][vc_empty_space][\/vc_column][\/vc_row][vc_row full_width=&#8220;stretch_row_content_no_spaces&#8220; gap=&#8220;yes&#8220; equal_height=&#8220;yes&#8220; content_placement=&#8220;middle&#8220; parallax=&#8220;content-moving&#8220; overlay_color=&#8220;rgba(0,0,0,0.01)&#8220; css=&#8220;.vc_custom_1524949823582{background-position: center;background-repeat: no-repeat !important;background-size: cover !important;}&#8220; el_class=&#8220;reset-padding&#8220;][vc_column width=&#8220;2\/3&#8243; css=&#8220;.vc_custom_1689158776815{background-position: center !important;background-repeat: no-repeat !important;background-size: cover !important;}&#8220; offset=&#8220;vc_hidden-xs&#8220;][vc_single_image image=&#8220;6764&#8243; img_size=&#8220;full&#8220; alignment=&#8220;center&#8220; onclick=&#8220;custom_link&#8220; link=&#8220;https:\/\/hotel-kgm.cz\/de\/restaurace-de\/restaurace-u-krizovniku-de\/&#8220;][\/vc_column][vc_column width=&#8220;1\/3&#8243; css=&#8220;.vc_custom_1496055533970{background-color: #f5f5f5 !important;}&#8220;][vc_empty_space height=&#8220;120px&#8220; height2=&#8220;0&#8243;][vc_row_inner css=&#8220;.vc_custom_1689158223604{margin-right: 20px !important;margin-left: 20px !important;background-color: #ffffff !important;}&#8220;][vc_column_inner][vc_column_text]\n<div class=\"wpb_text_column wpb_content_element vc_custom_1512480188615 animate-text loaded-text\">\n<div class=\"wpb_wrapper\">\n<h2 style=\"text-align: center;\"><a href=\"https:\/\/hotel-kgm.cz\/de\/restaurace-de\/restaurace-u-krizovniku-de\/\"><strong>RESTAURANT U\u00a0K\u0158I\u017dOVN\u00cdK\u016e<\/strong><\/a><\/h2>\n<\/div>\n<\/div>\n<div class=\"grid vc-interactive-banner\" style=\"text-align: center;\">Angenehmes Umfeld und freundliche Bedienung<\/div>\n[\/vc_column_text][vc_single_image image=&#8220;9013&#8243; img_size=&#8220;full&#8220; alignment=&#8220;center&#8220;][vc_btn title=&#8220;MEHR&#8220; shape=&#8220;square&#8220; color=&#8220;chino&#8220; size=&#8220;lg&#8220; align=&#8220;center&#8220; link=&#8220;url:https%3A%2F%2Fhotel-kgm.cz%2Fde%2Frestaurace-de%2Frestaurace-u-krizovniku-de%2F|title:Pokoje&#8220;][\/vc_column_inner][\/vc_row_inner][vc_empty_space height=&#8220;120px&#8220; height2=&#8220;0&#8243;][\/vc_column][\/vc_row][vc_row][vc_column][vc_empty_space height=&#8220;52px&#8220;][vc_column_text]<a href=\"https:\/\/hotel-kgm.cz\/wp-content\/uploads\/eurospa2_de.jpg\"><img decoding=\"async\" class=\"alignleft wp-image-2268 size-full\" src=\"https:\/\/hotel-kgm.cz\/wp-content\/uploads\/logo_eurospa_v.png\" alt=\"\" width=\"203\" height=\"100\" \/><\/a><a href=\"https:\/\/hotel-kgm.cz\/wp-content\/uploads\/eurospa2_de.jpg\"><strong>ERSTES HOTEL in Karlovy Vary (Karlsbad), welches von Schweizer Auditoren das Qualit\u00e4tszertifikat EUROPESPA med erhielt<\/strong><\/a>[\/vc_column_text][vc_empty_space][\/vc_column][\/vc_row]\n<\/div>","protected":false},"excerpt":{"rendered":"<p>[vc_row full_width=&#8220;stretch_row&#8220; equal_height=&#8220;yes&#8220; overlay_color=&#8220;rgba(0,0,0,0.01)&#8220; css=&#8220;.vc_custom_1720198086305{padding-bottom: 30px !important;background-image: url(https:\/\/hotel-kgm.cz\/wp-content\/uploads\/gobelin3.jpg?id=3653) !important;}&#8220;][vc_column][vc_row_inner content_placement=&#8220;middle&#8220;][vc_column_inner  [&#8230;]<\/p>\n","protected":false},"author":1,"featured_media":0,"parent":0,"menu_order":0,"comment_status":"closed","ping_status":"closed","template":"","meta":{"iawp_total_views":1158,"footnotes":""},"class_list":["post-5567","page","type-page","status-publish","hentry"],"aioseo_notices":[],"_links":{"self":[{"href":"https:\/\/hotel-kgm.cz\/de\/wp-json\/wp\/v2\/pages\/5567","targetHints":{"allow":["GET"]}}],"collection":[{"href":"https:\/\/hotel-kgm.cz\/de\/wp-json\/wp\/v2\/pages"}],"about":[{"href":"https:\/\/hotel-kgm.cz\/de\/wp-json\/wp\/v2\/types\/page"}],"author":[{"embeddable":true,"href":"https:\/\/hotel-kgm.cz\/de\/wp-json\/wp\/v2\/users\/1"}],"replies":[{"embeddable":true,"href":"https:\/\/hotel-kgm.cz\/de\/wp-json\/wp\/v2\/comments?post=5567"}],"version-history":[{"count":6,"href":"https:\/\/hotel-kgm.cz\/de\/wp-json\/wp\/v2\/pages\/5567\/revisions"}],"predecessor-version":[{"id":37729,"href":"https:\/\/hotel-kgm.cz\/de\/wp-json\/wp\/v2\/pages\/5567\/revisions\/37729"}],"wp:attachment":[{"href":"https:\/\/hotel-kgm.cz\/de\/wp-json\/wp\/v2\/media?parent=5567"}],"curies":[{"name":"wp","href":"https:\/\/api.w.org\/{rel}","templated":true}]}}