{"id":5571,"date":"2018-02-19T05:56:11","date_gmt":"2018-02-19T04:56:11","guid":{"rendered":"https:\/\/hotel-kgm.cz\/?page_id=5571"},"modified":"2026-01-09T10:41:50","modified_gmt":"2026-01-09T09:41:50","slug":"grand-restaurant-de","status":"publish","type":"page","link":"https:\/\/hotel-kgm.cz\/de\/restaurace-de\/grand-restaurant-de\/","title":{"rendered":"GRAND RESTAURANT R1\/R2"},"content":{"rendered":"<div class=\"wpb-content-wrapper\">[vc_row full_width=&#8220;stretch_row&#8220; equal_height=&#8220;yes&#8220; overlay_color=&#8220;rgba(0,0,0,0.01)&#8220; css=&#8220;.vc_custom_1655045396833{padding-top: 20px !important;padding-bottom: 30px !important;background-image: url(https:\/\/hotel-kgm.cz\/wp-content\/uploads\/gobelin3.jpg?id=3653) !important;}&#8220;][vc_column][vc_row_inner content_placement=&#8220;middle&#8220;][vc_column_inner width=&#8220;5\/6&#8243; offset=&#8220;vc_hidden-sm vc_hidden-xs&#8220;][vc_column_text]\n<h1><em><span style=\"font-size: 96px;\">Grand Restaurant<\/span><\/em><\/h1>\n[\/vc_column_text][vc_column_text]\n<h2><span style=\"color: #ac8b51;\">KARLSBAD GRANDE MADONNA <em>&amp;<\/em><\/span><br \/>\n<span style=\"color: #ac8b51;\">FESTIVAL Apartments<\/span><\/h2>\n[\/vc_column_text][\/vc_column_inner][vc_column_inner width=&#8220;1\/6&#8243; offset=&#8220;vc_hidden-sm vc_hidden-xs&#8220;][vc_column_text]\n<h1><img decoding=\"async\" class=\"size-full wp-image-2507 aligncenter\" src=\"https:\/\/hotel-kgm.cz\/wp-content\/uploads\/andel_maly7.png\" alt=\"\" width=\"180\" height=\"261\" \/><\/h1>\n[\/vc_column_text][\/vc_column_inner][\/vc_row_inner][\/vc_column][\/vc_row][vc_row full_width=&#8220;stretch_row&#8220; equal_height=&#8220;yes&#8220; overlay_color=&#8220;rgba(0,0,0,0.01)&#8220; css=&#8220;.vc_custom_1720897652450{padding-bottom: 30px !important;background-image: url(https:\/\/hotel-kgm.cz\/wp-content\/uploads\/gobelin3.jpg?id=3653) !important;}&#8220;][vc_column offset=&#8220;vc_hidden-lg vc_hidden-md&#8220;][vc_row_inner content_placement=&#8220;middle&#8220;][vc_column_inner width=&#8220;5\/6&#8243;][vc_column_text css=&#8220;&#8220;]\n<h2>Grand Restaurant<\/h2>\n[\/vc_column_text][\/vc_column_inner][vc_column_inner width=&#8220;1\/6&#8243;][\/vc_column_inner][\/vc_row_inner][\/vc_column][\/vc_row][vc_row][vc_column][vc_empty_space height=&#8220;22px&#8220;][vc_raw_html css=&#8220;&#8220;]JTNDYSUyMGlkJTNEJTIyYnVmZXQlMjIlM0UlM0MlMkZhJTNF[\/vc_raw_html][\/vc_column][\/vc_row][vc_row][vc_column width=&#8220;1\/2&#8243;][vc_gallery interval=&#8220;3&#8243; images=&#8220;2721,2722,2723,2724,2725,2726,2727,2728,2729,3021,3022,3023,3024,3025&#8243; img_size=&#8220;1200&#215;700&#8243; onclick=&#8220;&#8220;][\/vc_column][vc_column width=&#8220;1\/2&#8243;][vc_column_text]<strong><span style=\"color: #ac8b51;\">KARLSBAD GRANDE MADONNA <em>&amp; <\/em><\/span><\/strong><strong><span style=\"color: #ac8b51;\">FESTIVAL Apartments<\/span><\/strong><\/p>\n<h2>\u00dcber das Restaurant<\/h2>\n<p>Das zweist\u00f6ckige Restaurant unseres Hotels \u2013 <strong>GRAND RESTAURANT KARLSBAD GRANDE MADONNA<\/strong> \u2013 vermittelt Ihnen im Verlaufe Ihres Aufenthaltes ein wirkliches gastronomisches Erlebnis, wobei Sie sich in der Tat wie ein K\u00f6nig bzw. eine K\u00f6nigin f\u00fchlen werden. Im Restaurant bieten wir eine Gastronomie auf h\u00f6chstem Niveau an. In unserer K\u00fcche und in unserem Restaurant f\u00fcr die Kurg\u00e4ste halten wir die Grunds\u00e4tze der Di\u00e4t- und Vitalk\u00fcche ein. Wir kochen f\u00fcr Sie schmackhafte und leicht verdauliche Gerichte mit Liebe und mit \u201c<strong><em>Himmlischer F\u00fcrsorge<\/em><\/strong>\u201c.[\/vc_column_text][\/vc_column][\/vc_row][vc_row][vc_column width=&#8220;1\/2&#8243;][vc_column_text css=&#8220;&#8220;]<div class=\"su-list\" style=\"margin-left:0px\">\n<ul>\n<li><i class=\"sui sui-circle\" style=\"color:#AC8B51\"><\/i> <span style=\"font-size: 14pt;\"><strong>Fr\u00fchst\u00fcck:<\/strong> 7.00 \u2013 10.30 <strong>Uhr In Form eines warmen und kalten Buffets,<\/strong> einer gesunden Ecke und eines Getr\u00e4nkebuffets inkl. warmer Getr\u00e4nke \u2013 Kaffee, Tee, hei\u00dfe Schokolade und 4 Saftsorten. Weitere alkoholfreie und alkoholische Getr\u00e4nke k\u00f6nnen beim Servicepersonal bestellt werden.<\/span><\/li>\n<li><i class=\"sui sui-circle\" style=\"color:#AC8B51\"><\/i> <span style=\"font-size: 14pt;\"><strong>Mittagessen:<\/strong> 12.00 \u2013 14.00<strong> In Form eine warmen und kalten B\u00fcfetts.<\/strong> T\u00e4glich abwechslungsreiche Auswahl an Hauptgerichten (Fleisch, Fisch, Wild, vegetarische Gerichte), Suppen, Salate, Gem\u00fcse, Obst und hausgemachte Desserts von unserem Konditor. <strong>Getr\u00e4nke:<\/strong> Wasser in Kr\u00fcgen ist an jedem Tisch verf\u00fcgbar. Alkoholfreie und alkoholische Getr\u00e4nke k\u00f6nnen beim Personal bestellt werden.<\/span><\/li>\n<li><i class=\"sui sui-circle\" style=\"color:#AC8B51\"><\/i> <span style=\"font-size: 14pt;\"><strong>Abendessen:<\/strong> 18.00 \u2013 20.00 <strong>In Form eine warmen und kalten B\u00fcfetts.<\/strong> T\u00e4glich abwechslungsreiche Auswahl an Hauptgerichten (Fleisch, Fisch, Wild, vegetarische Gerichte), Suppen, Salate, Gem\u00fcse, Obst und hausgemachte Desserts von unserem Konditor. <strong>Getr\u00e4nke:<\/strong> Wasser in Kr\u00fcgen ist an jedem Tisch verf\u00fcgbar. Alkoholfreie und alkoholische Getr\u00e4nke k\u00f6nnen beim Personal bestellt werden.<\/span><\/li>\n<li><i class=\"sui sui-circle\" style=\"color:#AC8B51\"><\/i> <span style=\"font-size: 14pt;\"><strong>Die G\u00e4ste k\u00f6nnen ihrem Wunsch gem\u00e4\u00df w\u00e4hlen:<br \/>\n<\/strong><strong>Fr\u00fchst\u00fcck (BB)<\/strong> \u2013 nur Fr\u00fchst\u00fcck<\/span><br \/>\n<span style=\"font-size: 14pt;\"><strong>Halbpension (HB)<\/strong> \u2013 Verpflegung 2x t\u00e4glich<\/span><br \/>\n<span style=\"font-size: 14pt;\">(Fr\u00fchst\u00fcck + Mittagessen oder Fr\u00fchst\u00fcck + Abendessen)<\/span><br \/>\n<span style=\"font-size: 14pt;\"><strong>Vollpension (FB)<\/strong> \u2013 Verpflegung 3x t\u00e4glich<\/span><br \/>\n<span style=\"font-size: 14pt;\">(Fr\u00fchst\u00fcck + Mittagessen+ Abendessen)<\/span><\/li>\n<\/ul>\n<\/div>[\/vc_column_text][\/vc_column][vc_column width=&#8220;1\/2&#8243;][vc_column_text css=&#8220;&#8220;]<div class=\"su-list\" style=\"margin-left:0px\">\n<ul>\n<li><i class=\"sui sui-circle\" style=\"color:#AC8B51\"><\/i> <strong>Das Restaurant bietet<\/strong> vielf\u00e4ltige Gerichte der b\u00f6hmischen und der internationalen K\u00fcche an, eine bunte Auswahl an warmen und kalten Gerichten, die di\u00e4tetische und rationale Zubereitung der Gerichte, eine reiche Auswahl an t\u00e4glich frischem Obst und Gem\u00fcse, an Milchprodukten, leckeren Desserts aus der hoteleigenen Konditorei.<\/li>\n<li><i class=\"sui sui-circle\" style=\"color:#AC8B51\"><\/i> <strong>Die Lebensmittel<\/strong>, aus denen wir die Gerichte im Einklang mit den modernen Trends gem\u00e4\u00df den Grunds\u00e4tzen HACCP zubereiten, kaufen wir ausschlie\u00dflich von bew\u00e4hrten Lieferanten mit der Zertifikation ISO ein.<\/li>\n<li><i class=\"sui sui-circle\" style=\"color:#AC8B51\"><\/i> <strong>Fl\u00e4che:<\/strong> 155 m2 (1. Stock: 65 m2 \/ 2. Stock: 90 m2)<\/li>\n<li><i class=\"sui sui-circle\" style=\"color:#AC8B51\"><\/i> <strong>Das Restaurant ist ausgestattet:<\/strong> Mit Klimaanlage und kostenlosem WiFi-Internetanschluss.<\/li>\n<li><i class=\"sui sui-circle\" style=\"color:#AC8B51\"><\/i> <strong>Das Restaurant bietet an:<\/strong> Coffee breaks, B\u00fcfetts, Abendessen f\u00fcr Gruppen.<\/li>\n<li><i class=\"sui sui-circle\" style=\"color:#AC8B51\"><\/i> F\u00fcr Kurg\u00e4ste bieten wir auch einen Service wie eine kalte Platte auf dem Zimmer bei sp\u00e4ter Ankunft der G\u00e4ste (sp\u00e4te Ankunft muss am Anreisetag bis sp\u00e4testens 18 Uhr an der Hotelrezeption unter der Mobilnummer +420 728 800 968), ein Reisepaket bei Abreise der G\u00e4ste, z. B. zu einem Ausflug (das Reisepaket muss mindestens 24 Stunden im Voraus an der Hotelrezeption gemeldet werden).<\/li>\n<li><i class=\"sui sui-circle\" style=\"color:#AC8B51\"><\/i> Die Di\u00e4tverpflegung wird nach entsprechender Beratung mit dem Kurarzt festgelegt, aber jeder kann sich seinen Verpflegungstyp je nach Wunsch und Geschmack ausw\u00e4hlen.<\/li>\n<\/ul>\n<\/div>[\/vc_column_text][vc_empty_space][\/vc_column][\/vc_row][vc_row][vc_column][vc_empty_space height=&#8220;22px&#8220;][\/vc_column][\/vc_row][vc_row full_width=&#8220;stretch_row&#8220; equal_height=&#8220;yes&#8220; content_placement=&#8220;bottom&#8220; video_bg=&#8220;yes&#8220; video_bg_url=&#8220;https:\/\/www.youtube.com\/watch?v=v2R16lth9Qc&#8220; video_bg_parallax=&#8220;content-moving&#8220; parallax_speed_video=&#8220;1&#8243; overlay_color=&#8220;rgba(0,0,0,0.2)&#8220; css=&#8220;.vc_custom_1524223938964{padding-top: 220px !important;padding-bottom: 220px !important;background-position: center !important;background-repeat: no-repeat !important;background-size: cover !important;}&#8220;][vc_column][vc_column_text]\n<h2><span style=\"background-color: #ffffff;\"><span style=\"color: #ffffff;\">_<\/span>KARLSBAD GRANDE MADONNA Spa &amp; Wellness Hotel<span style=\"color: #ffffff;\">_<\/span><\/span><\/h2>\n<p><span style=\"background-color: #ffffff;\"><em><span style=\"color: #ffffff;\">__<\/span>Mit Himmlischer F\u00fcrsorge<span style=\"color: #ffffff;\">__<\/span><\/em><\/span>[\/vc_column_text][\/vc_column][\/vc_row][vc_row][vc_column][vc_empty_space height=&#8220;72px&#8220;][\/vc_column][\/vc_row][vc_row][vc_column width=&#8220;1\/2&#8243;][vc_single_image image=&#8220;31574&#8243; img_size=&#8220;full&#8220;][\/vc_column][vc_column width=&#8220;1\/2&#8243;][vc_column_text css=&#8220;&#8220;]<strong><span style=\"color: #ac8b51;\">KARLSBAD GRANDE MADONNA \u2013 KARLOVY VARY<\/span><\/strong><\/p>\n<h2>Buffet-Men\u00fc &#8211; Beispiel<\/h2>\n<p><a href=\"https:\/\/hotel-kgm.cz\/wp-content\/uploads\/Raut_nabidka.pdf\" target=\"_blank\" rel=\"noopener\"><img decoding=\"async\" class=\"alignnone wp-image-37975 size-full\" src=\"https:\/\/hotel-kgm.cz\/wp-content\/uploads\/buffet_ukazka.png\" alt=\"\" width=\"785\" height=\"525\" srcset=\"https:\/\/hotel-kgm.cz\/wp-content\/uploads\/buffet_ukazka-200x134.png 200w, https:\/\/hotel-kgm.cz\/wp-content\/uploads\/buffet_ukazka-300x201.png 300w, https:\/\/hotel-kgm.cz\/wp-content\/uploads\/buffet_ukazka-400x268.png 400w, https:\/\/hotel-kgm.cz\/wp-content\/uploads\/buffet_ukazka-600x401.png 600w, https:\/\/hotel-kgm.cz\/wp-content\/uploads\/buffet_ukazka-768x514.png 768w, https:\/\/hotel-kgm.cz\/wp-content\/uploads\/buffet_ukazka.png 785w\" sizes=\"(max-width: 785px) 100vw, 785px\" \/><\/a>[\/vc_column_text][vc_btn title=&#8220;BEISPIEL DARSTELLEN&#8220; shape=&#8220;square&#8220; color=&#8220;chino&#8220; size=&#8220;lg&#8220; align=&#8220;center&#8220; css=&#8220;&#8220; link=&#8220;url:https%3A%2F%2Fhotel-kgm.cz%2Fwp-content%2Fuploads%2FRaut_nabidka.pdf|title:Pokoje|target:_blank&#8220;][\/vc_column][\/vc_row][vc_row full_width=&#8220;stretch_row&#8220; equal_height=&#8220;yes&#8220; overlay_color=&#8220;rgba(0,0,0,0.01)&#8220; css=&#8220;.vc_custom_1511302591026{padding-top: 20px !important;padding-bottom: 30px !important;}&#8220;][vc_column][vc_raw_html]JTNDYSUyMGlkJTNEJTIyZGlldGElMjIlM0UlM0MlMkZhJTNF[\/vc_raw_html][vc_empty_space height=&#8220;2px&#8220;][vc_row_inner content_placement=&#8220;middle&#8220;][vc_column_inner width=&#8220;3\/4&#8243; css=&#8220;.vc_custom_1525718376414{padding-top: 18px !important;}&#8220;][vc_column_text]<strong><span style=\"color: #ac8b51;\">KARLSBAD GRANDE MADONNA <em>&amp;<\/em> FESTIVAL Apartments \u2013 KARLOVY VARY<\/span><\/strong><\/p>\n<h2><span style=\"font-size: 36pt;\">Di\u00e4tverpflegung<\/span><\/h2>\n[\/vc_column_text][\/vc_column_inner][vc_column_inner width=&#8220;1\/4&#8243; css=&#8220;.vc_custom_1662197981720{padding-top: 38px !important;}&#8220;][vc_column_text]<img decoding=\"async\" class=\"wp-image-10069 size-medium aligncenter\" src=\"https:\/\/hotel-kgm.cz\/wp-content\/uploads\/s_andelskou_peci_pruhledne_de-300x58.png\" alt=\" motto S And\u011blskou p\u00e9\u010d\u00ed DE\" width=\"300\" height=\"58\" srcset=\"https:\/\/hotel-kgm.cz\/wp-content\/uploads\/s_andelskou_peci_pruhledne_de-300x58.png 300w, https:\/\/hotel-kgm.cz\/wp-content\/uploads\/s_andelskou_peci_pruhledne_de-680x133.png 680w, https:\/\/hotel-kgm.cz\/wp-content\/uploads\/s_andelskou_peci_pruhledne_de.png 683w\" sizes=\"(max-width: 300px) 100vw, 300px\" \/>[\/vc_column_text][\/vc_column_inner][\/vc_row_inner][vc_separator color=&#8220;chino&#8220; align=&#8220;align_left&#8220; border_width=&#8220;2&#8243;][\/vc_column][\/vc_row][vc_row][vc_column][vc_column_text]Das GRAND RESTAURANT KARLSBAD GRANDE MADONNA bietet seinen G\u00e4sten eine Auswahl an Di\u00e4t-gerichten auf der Grundlage der Empfehlungen des Arztes oder Gerichte nach eigener Wahl an. Bestandteil des Mittag- und des Abendessens ist ein reichhaltiges B\u00fcfett mit einer gro\u00dfen Auswahl an Gem\u00fcsesalaten, frischem Obst, warmem und kaltem B\u00fcfett, an Desserts aus der hoteleigenen Konditorei sowie an warmen und kalten alkoholfreien Getr\u00e4nken, die bereits im Preis der gew\u00e4hlten Verpflegungsvariante umfasst und unabdingbarer Bestandteil der komplexen Di\u00e4t- und Vitalverpflegung sind. Das Team der professionellen Mitarbeiter des GRAND RESTAURANTS KARLSBAD GRANDE MADONNA schuf ein System eines Kur-Di\u00e4tmen\u00fcs f\u00fcr 3 Wochen so, dass sich die Gerichte wechselseitig nicht wiederholen, womit auch der Ideenreichtum und die Vielfalt des Men\u00fcs gew\u00e4hrleistet ist. Das Men\u00fc umfasst die Di\u00e4tverpflegung, die internationale und die traditionelle b\u00f6hmische K\u00fcche.[\/vc_column_text]<div class=\"lvca-accordion lvca-style2\" data-toggle=\"false\" data-expanded=\"false\"><div class=\"lvca-panel\" id=\"\"><div class=\"lvca-panel-title\">Nr. 2 \u2013 Gallen-Schondi\u00e4t<\/div><div class=\"lvca-panel-content\">Die Grundlage der Gallen-Schondi\u00e4t ist eine nichtbl\u00e4hende, leicht verdauliche, vielf\u00e4ltige, schmackhafte Verpflegung. Die Di\u00e4t sollte langzeitig eingehalten werden. Bei der technologischen Zubereitung der Di\u00e4tgerichte gelangen das Kochen, D\u00fcnsten, Backen, Braten im Wasserbad zur Anwendung. Die Kost sollte weichgegart, ohne unverdauliche Reste und ohne harte Rinden zubereitet sein. Die Gerichte werden trocken zubereitet, indem das Fett dem fertigen Gericht in minimaler Menge hinzugegeben wird. Empfohlen wird die Di\u00e4t bei Erkrankungen der Galle, der Gallenwege und der Leber, bei Gallensteinen, ferner bei Darmerkrankung, nach infekti\u00f6ser Gelbsucht, bei der Erkrankung der Bauchspeicherdr\u00fcse. Die Di\u00e4t ist zugleich fettreduziert. Die Kost hat ei-nen schonenden Charakter, sowohl in der Auswahl der Lebensmittel, als auch in ihrer Zubereitung.<\/div><\/div><!-- .lvca-panel --><div class=\"lvca-panel\" id=\"\"><div class=\"lvca-panel-title\">Nr. 3 \u2013 rationale Di\u00e4t<\/div><div class=\"lvca-panel-content\">Diese Di\u00e4t bereiten wir f\u00fcr G\u00e4ste zu, die zu einem Entspannungs- und Regenerationsaufenthalt anreisen, da es sich um die optimale Kost handelt, die von ihrer Zusammensetzung her den Organismus nicht belastet. Diese Di\u00e4t ist in ihrer Zubereitung ohne jedwede Einschr\u00e4nkungen. Sie wird nach den Grunds\u00e4tzen der gesunden Ern\u00e4hrung zusammengestellt.<\/div><\/div><!-- .lvca-panel --><div class=\"lvca-panel\" id=\"\"><div class=\"lvca-panel-title\">Nr. 4 \u2013 fettreduzierte Di\u00e4t<\/div><div class=\"lvca-panel-content\">Die fettreduzierte Di\u00e4t ist eine vollwertige, leicht verdauliche, lange genie\u00dfbare Kost mit verringertem Fettgehalt. Gier werden keine Lebensmittel mit erh\u00f6htem Cholesteringehalt verwendet, sodass die Di\u00e4t auch einen leicht antisklerotischen Charakter hat. Verschrieben wird sie im abklingenden akuten Stadium der Erkrankung der Bauchspeicheldr\u00fcse und bei einer Erkrankung der Leber.<\/div><\/div><!-- .lvca-panel --><div class=\"lvca-panel\" id=\"\"><div class=\"lvca-panel-title\">Nr. 8 \u2013 Reduktionsdi\u00e4t<\/div><div class=\"lvca-panel-content\">Die hat einen g\u00fcnstigen Einfluss auf das K\u00f6rpergewicht des Menschen, wobei es bei der richtigen und regelm\u00e4\u00dfigen Anwendung zu einer allm\u00e4hlichen Gewichtsabnahme und zur Verbesserung der physischen Funktionen kommt. Sie ist kalorisch und biologisch ausgewogen. Die Reduktionsdi\u00e4t wird stets individuell unter Ber\u00fccksichtigung des aktuellen Gesundheitszustandes des Gastes zusammengestellt.<\/div><\/div><!-- .lvca-panel --><div class=\"lvca-panel\" id=\"\"><div class=\"lvca-panel-title\">Nr. 9 \u2013 Di\u00e4t f\u00fcr Diabetiker<\/div><div class=\"lvca-panel-content\">Bestimmt f\u00fcr Patienten mit Diabetes. Von der Kost werden Lebensmittel ausgeschlossen, die frei konzentrierte Zucker (Saccharide) enthalten. Die Grundlage sind Lebensmittel mit geringem Cholesteringehalt, die Einschr\u00e4nkung von Fetten und Sacchariden und vor allem die regelm\u00e4\u00dfige und h\u00e4ufige Nahrungsaufnahme der G\u00e4ste in geringerer Menge. Jene G\u00e4ste, die Insulin anwenden, haben mindestens 5x t\u00e4glich eine Mahlzeit (Fr\u00fchst\u00fcck, Mittagessen, Jause, Abendessen, 2. Abendessen)<\/div><\/div><!-- .lvca-panel --><\/div><!-- .lvca-accordion -->[vc_row_inner][vc_column_inner][vc_column_text]\n<div class=\"exp-col-content-holder\" style=\"text-align: center;\">\n<div id=\"target-id7115\" class=\"collapseomatic_content \">\n<div class=\"hidden-content\">\n<p style=\"text-align: left;\"><strong>Nach Vereinbarung und im Falle der kur\u00e4rztlichen Verschreibung sind wir gern bereit, die individuelle Zubereitung weiterer Di\u00e4tgerichte wie u. a. glutenfreie, vegetarische, Warfarin-Gerichte zu gew\u00e4hrleisten.<\/strong><\/p>\n<\/div>\n<\/div>\n<\/div>\n[\/vc_column_text][\/vc_column_inner][\/vc_row_inner][\/vc_column][\/vc_row][vc_row][vc_column][vc_empty_space][\/vc_column][\/vc_row][vc_row][vc_column width=&#8220;1\/2&#8243;][vc_single_image image=&#8220;31568&#8243; img_size=&#8220;full&#8220;][\/vc_column][vc_column width=&#8220;1\/2&#8243;][vc_column_text]<strong><span style=\"color: #ac8b51;\">KARLSBAD GRANDE MADONNA \u2013 KARLOVY VARY<\/span><\/strong><\/p>\n<h2>Verpflegung Organisierter Wander- und Reisegruppen<\/h2>\n<p><em>Dar\u00fcber hinaus bieten wir die M\u00f6glichkeit der Verpflegung auf der Durchreise befindlicher Gruppen an. Diese M\u00f6glichkeit wird seit Jahren von Reiseb\u00fcros in Anspruch genommen, die Touristen aus Spanien, Griechenland, Indien, der T\u00fcrkei und aus anderen L\u00e4ndern der Welt zu Ausfl\u00fcgen nach Karlsbad bef\u00f6rdern. Wir stellen gern ein geeignetes Angebot mit dem Vorteil der Verpflegung auf der \u00fcblichen Route bei der Durchreise durch Karlsbad auch f\u00fcr Ihre Klienten zusammen. Sehen Sie sich unser <a href=\"https:\/\/hotel-kgm.cz\/wp-content\/uploads\/menu_skupiny_DE.pdf\" target=\"_blank\" rel=\"noopener noreferrer\">Mustermen\u00fc<\/a> an, wo Sie sowohl die traditionelle b\u00f6hmische, als auch die internationale K\u00fcche finden, unter anderem auch ein glutenfreies Men\u00fc und vegetarische Varianten. Das Men\u00fc Ihr Mittagessen- oder Abendessen bereiten wir selbstverst\u00e4ndlich nach Ihrem Geschmack zu.<\/em>[\/vc_column_text][vc_btn title=&#8220;MEN\u00dcAUSWAHL&#8220; shape=&#8220;square&#8220; color=&#8220;chino&#8220; size=&#8220;lg&#8220; align=&#8220;center&#8220; link=&#8220;url:https%3A%2F%2Fhotel-kgm.cz%2Fwp-content%2Fuploads%2Fmenu_skupiny_DE.pdf|title:Pokoje|target:_blank&#8220;][vc_btn title=&#8220;KAFFE UND KUCHEN&#8220; shape=&#8220;square&#8220; color=&#8220;chino&#8220; size=&#8220;lg&#8220; align=&#8220;center&#8220; css=&#8220;&#8220; link=&#8220;url:https%3A%2F%2Fhotel-kgm.cz%2Fwp-content%2Fuploads%2FKaffee-und-Kuchen-KGM-ENDE.pdf|title:Pokoje|target:_blank&#8220;][\/vc_column][\/vc_row][vc_row][vc_column][vc_empty_space][\/vc_column][\/vc_row][vc_row][vc_column width=&#8220;1\/2&#8243;][vc_column_text]<strong><span style=\"color: #ac8b51;\">KARLSBAD GRANDE MADONNA <em>&amp; <\/em><\/span><\/strong><strong><span style=\"color: #ac8b51;\">FESTIVAL Apartments<\/span><\/strong><\/p>\n<h2>Kleiner Salon des Kurhotel<\/h2>\n<p>Wir bieten Leistungen f\u00fcr Firmenkonferenzen und Gesch\u00e4ftsverhandlungen, Familienfeiern, Jubil\u00e4en und Hochzeiten oder einen Service gem\u00e4\u00df den individuellen W\u00fcnschen der Klienten an.<\/p>\n<div class=\"su-list\" style=\"margin-left:0px\">\n<ul>\n<li><i class=\"sui sui-circle\" style=\"color:#AC8B51\"><\/i> <strong>Der Salon hat alles, was er braucht:<\/strong> Klimaanlage, Internetanschluss, Flipchart, DVD-Player, Dataprojektor und Projektionswand<\/li>\n<li><i class=\"sui sui-circle\" style=\"color:#AC8B51\"><\/i> <strong>Der Salonservice umfasst:<\/strong> Coffee Breaks, B\u00fcfetts, Gruppen-Abendessen, Men\u00fc \u00e0 la carte<\/li>\n<li><i class=\"sui sui-circle\" style=\"color:#AC8B51\"><\/i> <strong>Fl\u00e4che: <\/strong>31m<sup>2<\/sup><\/li>\n<li><i class=\"sui sui-circle\" style=\"color:#AC8B51\"><\/i> <strong>Anzahl der Pl\u00e4tze:<\/strong> 25<\/li>\n<li><i class=\"sui sui-circle\" style=\"color:#AC8B51\"><\/i> Konferenz-Mustermen\u00fc zur Inspiration: <a href=\"https:\/\/hotel-kgm.cz\/wp-content\/uploads\/nabidka_konference_coffee_breaks-DE.pdf\">Coffee Breaks<\/a> \/ <a href=\"https:\/\/hotel-kgm.cz\/wp-content\/uploads\/nabidka_konference_menu-DE.pdf\">Men\u00fc<\/a> \/ <a href=\"https:\/\/hotel-kgm.cz\/wp-content\/uploads\/nabidka_konference_rauty-DE.pdf\">Rauty<\/a><\/li>\n<\/ul>\n<\/div>\n[\/vc_column_text][\/vc_column][vc_column width=&#8220;1\/2&#8243;][vc_empty_space height=&#8220;52px&#8220;][vc_gallery interval=&#8220;3&#8243; images=&#8220;9363,9362,9361&#8243; img_size=&#8220;1200&#215;700&#8243; onclick=&#8220;&#8220;][\/vc_column][\/vc_row][vc_row][vc_column][vc_empty_space][\/vc_column][\/vc_row][vc_row][vc_column][vc_empty_space height=&#8220;12px&#8220;][vc_column_text]\n<p style=\"text-align: center;\"><img decoding=\"async\" class=\"wp-image-6258 aligncenter\" src=\"https:\/\/hotel-kgm.cz\/wp-content\/uploads\/free_wifi_no_bronz.png\" alt=\"\" width=\"120\" height=\"49\" \/>Alle Zimmer sind <strong>NICHTRAUCHERZIMMER<\/strong> und in jedem von ihnen ist GRATIS<strong> WLAN-<\/strong>Internet!<\/p>\n[\/vc_column_text][vc_empty_space height=&#8220;12px&#8220;][\/vc_column][\/vc_row]\n<\/div>","protected":false},"excerpt":{"rendered":"<p>[vc_row full_width=&#8220;stretch_row&#8220; equal_height=&#8220;yes&#8220; overlay_color=&#8220;rgba(0,0,0,0.01)&#8220; css=&#8220;.vc_custom_1655045396833{padding-top: 20px !important;padding-bottom: 30px !important;background-image: url(https:\/\/hotel-kgm.cz\/wp-content\/uploads\/gobelin3.jpg?id=3653)  [&#8230;]<\/p>\n","protected":false},"author":1,"featured_media":0,"parent":5567,"menu_order":0,"comment_status":"closed","ping_status":"closed","template":"","meta":{"iawp_total_views":1361,"footnotes":""},"class_list":["post-5571","page","type-page","status-publish","hentry"],"aioseo_notices":[],"_links":{"self":[{"href":"https:\/\/hotel-kgm.cz\/de\/wp-json\/wp\/v2\/pages\/5571","targetHints":{"allow":["GET"]}}],"collection":[{"href":"https:\/\/hotel-kgm.cz\/de\/wp-json\/wp\/v2\/pages"}],"about":[{"href":"https:\/\/hotel-kgm.cz\/de\/wp-json\/wp\/v2\/types\/page"}],"author":[{"embeddable":true,"href":"https:\/\/hotel-kgm.cz\/de\/wp-json\/wp\/v2\/users\/1"}],"replies":[{"embeddable":true,"href":"https:\/\/hotel-kgm.cz\/de\/wp-json\/wp\/v2\/comments?post=5571"}],"version-history":[{"count":28,"href":"https:\/\/hotel-kgm.cz\/de\/wp-json\/wp\/v2\/pages\/5571\/revisions"}],"predecessor-version":[{"id":44943,"href":"https:\/\/hotel-kgm.cz\/de\/wp-json\/wp\/v2\/pages\/5571\/revisions\/44943"}],"up":[{"embeddable":true,"href":"https:\/\/hotel-kgm.cz\/de\/wp-json\/wp\/v2\/pages\/5567"}],"wp:attachment":[{"href":"https:\/\/hotel-kgm.cz\/de\/wp-json\/wp\/v2\/media?parent=5571"}],"curies":[{"name":"wp","href":"https:\/\/api.w.org\/{rel}","templated":true}]}}