{"id":5582,"date":"2018-02-19T06:17:31","date_gmt":"2018-02-19T05:17:31","guid":{"rendered":"https:\/\/hotel-kgm.cz\/?page_id=5582"},"modified":"2025-06-12T15:08:45","modified_gmt":"2025-06-12T13:08:45","slug":"lobby-bar-de","status":"publish","type":"page","link":"https:\/\/hotel-kgm.cz\/de\/restaurace-de\/lobby-bar-de\/","title":{"rendered":"Lobby Bar"},"content":{"rendered":"<div class=\"wpb-content-wrapper\">[vc_row full_width=&#8220;stretch_row&#8220; equal_height=&#8220;yes&#8220; overlay_color=&#8220;rgba(0,0,0,0.01)&#8220; css=&#8220;.vc_custom_1655045396833{padding-top: 20px !important;padding-bottom: 30px !important;background-image: url(https:\/\/hotel-kgm.cz\/wp-content\/uploads\/gobelin3.jpg?id=3653) !important;}&#8220;][vc_column offset=&#8220;vc_hidden-sm vc_hidden-xs&#8220;][vc_row_inner content_placement=&#8220;middle&#8220;][vc_column_inner width=&#8220;5\/6&#8243; offset=&#8220;vc_hidden-sm vc_hidden-xs&#8220;][vc_column_text]\n<h1><em><span style=\"font-size: 96px;\">Lobby bar<\/span><\/em><\/h1>\n[\/vc_column_text][vc_column_text]\n<h2><span style=\"color: #ac8b51;\">KARLSBAD GRANDE MADONNA <em>&amp;<\/em><\/span><br \/>\n<span style=\"color: #ac8b51;\">FESTIVAL Apartments<\/span><\/h2>\n[\/vc_column_text][\/vc_column_inner][vc_column_inner width=&#8220;1\/6&#8243; offset=&#8220;vc_hidden-sm vc_hidden-xs&#8220;][vc_column_text]\n<h1><img decoding=\"async\" class=\"size-full wp-image-2507 aligncenter\" src=\"https:\/\/hotel-kgm.cz\/wp-content\/uploads\/andel_maly7.png\" alt=\"\" width=\"180\" height=\"261\" \/><\/h1>\n[\/vc_column_text][\/vc_column_inner][\/vc_row_inner][\/vc_column][\/vc_row][vc_row full_width=&#8220;stretch_row&#8220; equal_height=&#8220;yes&#8220; overlay_color=&#8220;rgba(0,0,0,0.01)&#8220; css=&#8220;.vc_custom_1720897652450{padding-bottom: 30px !important;background-image: url(https:\/\/hotel-kgm.cz\/wp-content\/uploads\/gobelin3.jpg?id=3653) !important;}&#8220;][vc_column offset=&#8220;vc_hidden-lg vc_hidden-md&#8220;][vc_row_inner content_placement=&#8220;middle&#8220;][vc_column_inner width=&#8220;5\/6&#8243;][vc_column_text css=&#8220;&#8220;]\n<h2>Lobby bar<\/h2>\n[\/vc_column_text][\/vc_column_inner][vc_column_inner width=&#8220;1\/6&#8243;][\/vc_column_inner][\/vc_row_inner][\/vc_column][\/vc_row][vc_row][vc_column][vc_empty_space height=&#8220;52px&#8220;][vc_row_inner][vc_column_inner width=&#8220;1\/4&#8243;][vc_hoverbox image=&#8220;8498&#8243; primary_title=&#8220;&#8220; hover_title=&#8220;&#8220; hover_background_color=&#8220;custom&#8220; el_width=&#8220;70&#8243; hover_btn_title=&#8220;DAS LOBBY BAR MEN\u00dc DARSTELLEN&#8220; hover_btn_style=&#8220;outline&#8220; hover_btn_shape=&#8220;round&#8220; hover_btn_color=&#8220;inverse&#8220; hover_btn_size=&#8220;lg&#8220; hover_btn_align=&#8220;center&#8220; hover_btn_css_animation=&#8220;none&#8220; hover_add_button=&#8220;true&#8220; hover_btn_link=&#8220;url:https%3A%2F%2Fhotel-kgm.cz%2Fwp-content%2Fuploads%2Fmenu_lobby_bar.pdf||target:%20_blank|&#8220; hover_custom_background=&#8220;#f5f5f5&#8243;]\n[\/vc_hoverbox][vc_empty_space height=&#8220;52px&#8220;][\/vc_column_inner][vc_column_inner width=&#8220;1\/4&#8243;][vc_hoverbox image=&#8220;8499&#8243; primary_title=&#8220;&#8220; hover_title=&#8220;&#8220; hover_background_color=&#8220;custom&#8220; el_width=&#8220;70&#8243; hover_btn_title=&#8220;DAS LOBBY BAR MEN\u00dc DARSTELLEN&#8220; hover_btn_style=&#8220;outline&#8220; hover_btn_shape=&#8220;round&#8220; hover_btn_color=&#8220;inverse&#8220; hover_btn_size=&#8220;lg&#8220; hover_btn_align=&#8220;center&#8220; hover_btn_css_animation=&#8220;none&#8220; hover_add_button=&#8220;true&#8220; hover_btn_link=&#8220;url:https%3A%2F%2Fhotel-kgm.cz%2Fwp-content%2Fuploads%2Fmenu_lobby_bar.pdf||target:%20_blank|&#8220; hover_custom_background=&#8220;#f5f5f5&#8243;]\n[\/vc_hoverbox][vc_empty_space height=&#8220;52px&#8220;][\/vc_column_inner][vc_column_inner width=&#8220;1\/4&#8243;][vc_hoverbox image=&#8220;8500&#8243; primary_title=&#8220;&#8220; hover_title=&#8220;&#8220; hover_background_color=&#8220;custom&#8220; el_width=&#8220;70&#8243; hover_btn_title=&#8220;DAS LOBBY BAR MEN\u00dc DARSTELLEN&#8220; hover_btn_style=&#8220;outline&#8220; hover_btn_shape=&#8220;round&#8220; hover_btn_color=&#8220;inverse&#8220; hover_btn_size=&#8220;lg&#8220; hover_btn_align=&#8220;center&#8220; hover_btn_css_animation=&#8220;none&#8220; hover_add_button=&#8220;true&#8220; hover_btn_link=&#8220;url:https%3A%2F%2Fhotel-kgm.cz%2Fwp-content%2Fuploads%2Fmenu_lobby_bar.pdf||target:%20_blank|&#8220; hover_custom_background=&#8220;#f5f5f5&#8243;]\n<p>&nbsp;<\/p>\n[\/vc_hoverbox][vc_empty_space height=&#8220;52px&#8220;][\/vc_column_inner][vc_column_inner width=&#8220;1\/4&#8243;][vc_hoverbox image=&#8220;8501&#8243; primary_title=&#8220;&#8220; hover_title=&#8220;&#8220; hover_background_color=&#8220;custom&#8220; el_width=&#8220;70&#8243; hover_btn_title=&#8220;DAS LOBBY BAR MEN\u00dc DARSTELLEN&#8220; hover_btn_style=&#8220;outline&#8220; hover_btn_shape=&#8220;round&#8220; hover_btn_color=&#8220;inverse&#8220; hover_btn_size=&#8220;lg&#8220; hover_btn_align=&#8220;center&#8220; hover_btn_css_animation=&#8220;none&#8220; hover_add_button=&#8220;true&#8220; hover_btn_link=&#8220;url:https%3A%2F%2Fhotel-kgm.cz%2Fwp-content%2Fuploads%2Fmenu_lobby_bar.pdf||target:%20_blank|&#8220; hover_custom_background=&#8220;#f5f5f5&#8243;]\n<p>&nbsp;<\/p>\n<p>&nbsp;<\/p>\n[\/vc_hoverbox][vc_empty_space height=&#8220;52px&#8220;][\/vc_column_inner][\/vc_row_inner][\/vc_column][\/vc_row][vc_row overlay_color=&#8220;rgba(0,0,0,0.01)&#8220; css=&#8220;.vc_custom_1524147171088{background-color: #ffffff !important;}&#8220;][vc_column width=&#8220;1\/2&#8243;][vc_single_image image=&#8220;7093&#8243; img_size=&#8220;full&#8220;][\/vc_column][vc_column width=&#8220;1\/2&#8243;][vc_empty_space][vc_column_text css=&#8220;&#8220;]<strong><span style=\"color: #ac8b51;\">KARLSBAD GRANDE MADONNA \u2013 KARLOVY VARY<\/span><\/strong><\/p>\n<h2>Die Lobby Bar<\/h2>\n<p>Die Lobby Bar des Hotels Karlsbad Grande Madonna ist nicht nur f\u00fcr Ihre Gesch\u00e4ftstreffen mit Klienten bzw. Gesch\u00e4ftspartnern der ideale Ort, sondern auch f\u00fcr ein Beisammensein mit Freunden. Ihre Arbeits- bzw. pers\u00f6nlichen Begegnungen machen wir Ihnen mit einer Auswahl an gro\u00dfartiger Kaffee, erlesenen Weinen, erfrischenden hausgemachten Limonaden, weiteren beliebten Getr\u00e4nken und k\u00f6stlichem Eis noch angenehmer. Dies alles mit der himmlischen F\u00fcrsorge unseres Hotelpersonals.[\/vc_column_text][\/vc_column][\/vc_row][vc_row][vc_column][vc_empty_space height=&#8220;52px&#8220;][\/vc_column][\/vc_row][vc_row full_width=&#8220;stretch_row&#8220; equal_height=&#8220;yes&#8220; content_placement=&#8220;bottom&#8220; video_bg=&#8220;yes&#8220; video_bg_url=&#8220;https:\/\/www.youtube.com\/watch?v=I0dN0gKZdAI&#8220; video_bg_parallax=&#8220;content-moving&#8220; parallax_speed_video=&#8220;1&#8243; overlay_color=&#8220;rgba(0,0,0,0.01)&#8220; css=&#8220;.vc_custom_1525178837674{padding-top: 220px !important;padding-bottom: 220px !important;background-position: center !important;background-repeat: no-repeat !important;background-size: cover !important;}&#8220;][vc_column][vc_column_text]\n<h2><span style=\"background-color: #ffffff;\"><span style=\"color: #ffffff;\">_<\/span>KARLSBAD GRANDE MADONNA Spa &amp; Wellness Hotel<span style=\"color: #ffffff;\">_<\/span><br \/>\n<\/span><\/h2>\n<p><span style=\"background-color: #ffffff;\"><em><span style=\"color: #ffffff;\">_<\/span> Mit Himmlischer F\u00fcrsorge<span style=\"color: #ffffff;\">__<\/span><br \/>\n<\/em><\/span>[\/vc_column_text][\/vc_column][\/vc_row][vc_row][vc_column][vc_empty_space height=&#8220;52px&#8220;][\/vc_column][\/vc_row][vc_row overlay_color=&#8220;rgba(0,0,0,0.01)&#8220; css=&#8220;.vc_custom_1524147171088{background-color: #ffffff !important;}&#8220;][vc_column width=&#8220;1\/2&#8243;][vc_empty_space height=&#8220;22px&#8220;][vc_column_text]\n<div style=\"text-align: center;\"><span style=\"font-size: 20px;\"><strong>\u00d6FFNUNGSZEITEN<\/strong><\/span><\/div>\n<div style=\"text-align: center;\"><span style=\"font-size: 24px;\">10:00 &#8211; 18:00<\/span><\/div>\n[\/vc_column_text][vc_column_text]Neben Kaffee k\u00f6nnen Sie dar\u00fcber hinaus aus dem vielf\u00e4ltigen Angebot an Tees, alkoholischen und alkoholfreien Getr\u00e4nken, Cocktails und frisch zubereiteten, hausgemachten Getr\u00e4nken zur Erfrischung oder zur Erw\u00e4rmung, Eisbecher nicht ausgenommen, w\u00e4hlen. Je nach der Saison bereiten wir Ihnen ein leckeres erfrischendes Getr\u00e4nk mit Eis, einen Krug hausgemachten Eistees, ein hei\u00dfes Ingwergetr\u00e4nk zum Aufw\u00e4rmen oder einen hei\u00dfen Birnengeist zu.[\/vc_column_text][vc_btn title=&#8220;LOBBY BAR &#8211; MENU&#8220; shape=&#8220;square&#8220; color=&#8220;chino&#8220; size=&#8220;lg&#8220; align=&#8220;center&#8220; link=&#8220;url:https%3A%2F%2Fhotel-kgm.cz%2Fwp-content%2Fuploads%2Fmenu_lobby_bar.pdf|title:Pokoje|target:_blank&#8220;][\/vc_column][vc_column width=&#8220;1\/2&#8243;][vc_column_text]\n<div id=\"elm-text-_e8e5b3bce8fb64\" class=\"elm-text\">\n<div class=\"entry-content\"><a href=\"https:\/\/hotel-kgm.cz\/wp-content\/uploads\/menu_lobby_bar.pdf\" target=\"_blank\" rel=\"noopener noreferrer\"><img decoding=\"async\" class=\"size-full wp-image-2705 aligncenter\" src=\"https:\/\/hotel-kgm.cz\/wp-content\/uploads\/lobby_bar_06.jpg\" alt=\"\" width=\"1400\" height=\"933\" srcset=\"https:\/\/hotel-kgm.cz\/wp-content\/uploads\/lobby_bar_06-300x200.jpg 300w, https:\/\/hotel-kgm.cz\/wp-content\/uploads\/lobby_bar_06-680x454.jpg 680w, https:\/\/hotel-kgm.cz\/wp-content\/uploads\/lobby_bar_06-768x512.jpg 768w, https:\/\/hotel-kgm.cz\/wp-content\/uploads\/lobby_bar_06-1024x682.jpg 1024w, https:\/\/hotel-kgm.cz\/wp-content\/uploads\/lobby_bar_06.jpg 1400w\" sizes=\"(max-width: 1400px) 100vw, 1400px\" \/><\/a><\/div>\n<\/div>\n[\/vc_column_text][\/vc_column][\/vc_row][vc_row][vc_column][vc_empty_space][\/vc_column][\/vc_row][vc_row overlay_color=&#8220;rgba(0,0,0,0.01)&#8220; css=&#8220;.vc_custom_1524147171088{background-color: #ffffff !important;}&#8220;][vc_column width=&#8220;1\/2&#8243;][vc_single_image image=&#8220;7253&#8243; img_size=&#8220;full&#8220;][\/vc_column][vc_column width=&#8220;1\/2&#8243;][vc_empty_space height=&#8220;52px&#8220;][vc_column_text]\n<div id=\"elm-text-_e8e5b3bce8fb64\" class=\"elm-text\">\n<div class=\"entry-content\">\n<div id=\"elm-text-_e8e5b3bce8fb64\" class=\"elm-text\">\n<div class=\"entry-content\">\n<div class=\"su-list\" style=\"margin-left:0px\">\n<ul>\n<li><i class=\"sui sui-circle\" style=\"color:#AC8B51\"><\/i> Die Lobby Bar l\u00e4dt die Liebhaber der aristokratischen Atmosph\u00e4re zum Verweilen bei einer Tasse guten Kaffees, mit der aktuellen Presse oder einem lockeren Dessert ein.<\/li>\n<li><i class=\"sui sui-circle\" style=\"color:#AC8B51\"><\/i> Ebenso bieten wir Ihnen eine reichhaltige Auswahl an Weinen und Getr\u00e4nken, frisch zubereitete Mixgetr\u00e4nke an.<\/li>\n<li><i class=\"sui sui-circle\" style=\"color:#AC8B51\"><\/i> Bei einer Tasse ausgezeichneten Kaffees und in angenehmer Atmosph\u00e4re k\u00f6nnen Sie ihre Gesch\u00e4ftstreffen und Begegnungen f\u00fchren.<\/li>\n<li><i class=\"sui sui-circle\" style=\"color:#AC8B51\"><\/i> In der Freizeit k\u00f6nnen Sie sich die Zeit mit Schach, einem Kartenspiel u. \u00c4. vertreiben.<\/li>\n<li><i class=\"sui sui-circle\" style=\"color:#AC8B51\"><\/i> <strong>Anzahl der Pl\u00e4tze:<\/strong> 16<\/li>\n<li><i class=\"sui sui-circle\" style=\"color:#AC8B51\"><\/i> <strong>M\u00f6glichkeit der Zahlung: <\/strong>Barzahlung, mittels Zahlungskarte oder Bank\u00fcberweisung.<\/li>\n<li><i class=\"sui sui-circle\" style=\"color:#AC8B51\"><\/i> Zimmerservice.<\/li>\n<\/ul>\n<\/div>\n<\/div>\n<\/div>\n<\/div>\n<\/div>\n[\/vc_column_text][vc_btn title=&#8220;LOBBY BAR &#8211; MENU&#8220; shape=&#8220;square&#8220; color=&#8220;chino&#8220; size=&#8220;lg&#8220; align=&#8220;center&#8220; link=&#8220;url:https%3A%2F%2Fhotel-kgm.cz%2Fwp-content%2Fuploads%2Fmenu_lobby_bar.pdf|title:Pokoje|target:_blank&#8220;][\/vc_column][\/vc_row][vc_row][vc_column][vc_empty_space height=&#8220;12px&#8220;][vc_column_text css=&#8220;&#8220;]<img decoding=\"async\" class=\"wp-image-6258 aligncenter\" src=\"https:\/\/hotel-kgm.cz\/wp-content\/uploads\/free_wifi_no_bronz.png\" alt=\"\" width=\"120\" height=\"49\" \/><\/p>\n<p style=\"text-align: center;\">Zwischen 10:00 und 18:00 Uhr ge\u00f6ffnet.<br \/>\nAlle Zimmer sind <strong>NICHTRAUCHERZIMMER<\/strong> und in jedem von ihnen ist GRATIS<strong> WLAN-<\/strong>Internet!<\/p>\n<p style=\"text-align: center;\"><em>Die Hotel-Lobby-Bar ist t\u00e4glich von 10:00 bis 18:00 Uhr ge\u00f6ffnet und dies sowohl f\u00fcr beherbergte, als auch vorbeikommende G\u00e4ste. <\/em><\/p>\n[\/vc_column_text][vc_empty_space height=&#8220;12px&#8220;][\/vc_column][\/vc_row][vc_row disable_element=&#8220;yes&#8220; overlay_color=&#8220;rgba(0,0,0,0.01)&#8220;][vc_column width=&#8220;1\/2&#8243;][vc_column_text]<a href=\"https:\/\/www.google.cz\/maps\/place\/Karlsbad+Grande+Madonna****+Spa+%26+Welness+hotel\/@50.2224182,12.8846076,2a,75y,347.02h,80.29t\/data=!3m6!1e1!3m4!1sNzgtNg08wU4AAAQZOgSBYA!2e0!7i13312!8i6656!4m5!3m4!1s0x0:0x988d52e4cb39a497!8m2!3d50.2223546!4d12.8846968\" target=\"_blank\" rel=\"noopener noreferrer\"><img decoding=\"async\" class=\"aligncenter wp-image-2987 size-large\" src=\"https:\/\/hotel-kgm.cz\/wp-content\/uploads\/virtualni_prohlidka_06-1024x427.jpg\" alt=\"\" width=\"1024\" height=\"427\" srcset=\"https:\/\/hotel-kgm.cz\/wp-content\/uploads\/virtualni_prohlidka_06-300x125.jpg 300w, https:\/\/hotel-kgm.cz\/wp-content\/uploads\/virtualni_prohlidka_06-768x320.jpg 768w, https:\/\/hotel-kgm.cz\/wp-content\/uploads\/virtualni_prohlidka_06-1024x427.jpg 1024w, https:\/\/hotel-kgm.cz\/wp-content\/uploads\/virtualni_prohlidka_06.jpg 1200w\" sizes=\"(max-width: 1024px) 100vw, 1024px\" \/><\/a>[\/vc_column_text][\/vc_column][vc_column width=&#8220;1\/2&#8243;][vc_column_text][reda_header style=&#8220;reda-header-top&#8220; add_underline=&#8220;&#8220; letter_spacing=&#8220;3&#8243;]<span class=\"\" lang=\"cs\"><span class=\"\">KARLSBAD GRANDE MADONNA<\/span><\/span>[\/reda_header][\/vc_column_text][\/vc_column][\/vc_row]\n<\/div>","protected":false},"excerpt":{"rendered":"<p>[vc_row full_width=&#8220;stretch_row&#8220; equal_height=&#8220;yes&#8220; overlay_color=&#8220;rgba(0,0,0,0.01)&#8220; css=&#8220;.vc_custom_1655045396833{padding-top: 20px !important;padding-bottom: 30px !important;background-image: url(https:\/\/hotel-kgm.cz\/wp-content\/uploads\/gobelin3.jpg?id=3653)  [&#8230;]<\/p>\n","protected":false},"author":1,"featured_media":0,"parent":5567,"menu_order":0,"comment_status":"closed","ping_status":"closed","template":"","meta":{"iawp_total_views":294,"footnotes":""},"class_list":["post-5582","page","type-page","status-publish","hentry"],"aioseo_notices":[],"_links":{"self":[{"href":"https:\/\/hotel-kgm.cz\/de\/wp-json\/wp\/v2\/pages\/5582","targetHints":{"allow":["GET"]}}],"collection":[{"href":"https:\/\/hotel-kgm.cz\/de\/wp-json\/wp\/v2\/pages"}],"about":[{"href":"https:\/\/hotel-kgm.cz\/de\/wp-json\/wp\/v2\/types\/page"}],"author":[{"embeddable":true,"href":"https:\/\/hotel-kgm.cz\/de\/wp-json\/wp\/v2\/users\/1"}],"replies":[{"embeddable":true,"href":"https:\/\/hotel-kgm.cz\/de\/wp-json\/wp\/v2\/comments?post=5582"}],"version-history":[{"count":10,"href":"https:\/\/hotel-kgm.cz\/de\/wp-json\/wp\/v2\/pages\/5582\/revisions"}],"predecessor-version":[{"id":37824,"href":"https:\/\/hotel-kgm.cz\/de\/wp-json\/wp\/v2\/pages\/5582\/revisions\/37824"}],"up":[{"embeddable":true,"href":"https:\/\/hotel-kgm.cz\/de\/wp-json\/wp\/v2\/pages\/5567"}],"wp:attachment":[{"href":"https:\/\/hotel-kgm.cz\/de\/wp-json\/wp\/v2\/media?parent=5582"}],"curies":[{"name":"wp","href":"https:\/\/api.w.org\/{rel}","templated":true}]}}