{"id":5607,"date":"2018-02-20T02:41:45","date_gmt":"2018-02-20T01:41:45","guid":{"rendered":"https:\/\/hotel-kgm.cz\/?page_id=5607"},"modified":"2024-08-12T17:58:05","modified_gmt":"2024-08-12T15:58:05","slug":"ostatni-de","status":"publish","type":"page","link":"https:\/\/hotel-kgm.cz\/de\/ostatni-de\/","title":{"rendered":"Sonstiges"},"content":{"rendered":"<div class=\"wpb-content-wrapper\">[vc_row full_width=&#8220;stretch_row&#8220; equal_height=&#8220;yes&#8220; overlay_color=&#8220;rgba(0,0,0,0.01)&#8220; css=&#8220;.vc_custom_1720273482613{padding-bottom: 30px !important;background-image: url(https:\/\/hotel-kgm.cz\/wp-content\/uploads\/gobelin3.jpg?id=3653) !important;}&#8220;][vc_column][vc_row_inner content_placement=&#8220;middle&#8220;][vc_column_inner width=&#8220;5\/6&#8243; offset=&#8220;vc_hidden-sm vc_hidden-xs&#8220;][vc_column_text css=&#8220;&#8220;]\n<h1><em><span style=\"font-size: 96px;\">Sonstiges<\/span><\/em><\/h1>\n[\/vc_column_text][vc_column_text]\n<h2><span style=\"color: #ac8b51;\">KARLSBAD GRANDE MADONNA <em>&amp;<\/em><\/span><br \/>\n<span style=\"color: #ac8b51;\">FESTIVAL Apartments<\/span><\/h2>\n[\/vc_column_text][\/vc_column_inner][vc_column_inner width=&#8220;1\/6&#8243; offset=&#8220;vc_hidden-sm vc_hidden-xs&#8220;][vc_column_text]\n<h1><img decoding=\"async\" class=\"size-full wp-image-2507 aligncenter\" src=\"https:\/\/hotel-kgm.cz\/wp-content\/uploads\/andel_maly7.png\" alt=\"\" width=\"180\" height=\"261\" \/><\/h1>\n[\/vc_column_text][\/vc_column_inner][\/vc_row_inner][\/vc_column][\/vc_row][vc_row full_width=&#8220;stretch_row&#8220; equal_height=&#8220;yes&#8220; overlay_color=&#8220;rgba(0,0,0,0.01)&#8220; css=&#8220;.vc_custom_1720897652450{padding-bottom: 30px !important;background-image: url(https:\/\/hotel-kgm.cz\/wp-content\/uploads\/gobelin3.jpg?id=3653) !important;}&#8220;][vc_column offset=&#8220;vc_hidden-lg vc_hidden-md&#8220;][vc_row_inner content_placement=&#8220;middle&#8220;][vc_column_inner width=&#8220;5\/6&#8243;][vc_column_text css=&#8220;&#8220;]\n<h2>Sonstiges<\/h2>\n[\/vc_column_text][\/vc_column_inner][vc_column_inner width=&#8220;1\/6&#8243;][\/vc_column_inner][\/vc_row_inner][\/vc_column][\/vc_row][vc_row][vc_column][vc_empty_space height=&#8220;12px&#8220;][\/vc_column][\/vc_row][vc_row full_width=&#8220;stretch_row&#8220; equal_height=&#8220;yes&#8220; overlay_color=&#8220;rgba(0,0,0,0.01)&#8220; css=&#8220;.vc_custom_1511302591026{padding-top: 20px !important;padding-bottom: 30px !important;}&#8220;][vc_column][vc_row_inner content_placement=&#8220;middle&#8220;][vc_column_inner css=&#8220;.vc_custom_1525718376414{padding-top: 18px !important;}&#8220;][vc_column_text]<strong><span style=\"color: #ac8b51;\">KARLSBAD GRANDE MADONNA <em>&amp;<\/em> FESTIVAL Apartments \u2013 KARLOVY VARY<\/span><\/strong><\/p>\n<h2><span style=\"font-size: 36pt;\">EXKURSIONEN (AUSFL\u00dcGE)<\/span><\/h2>\n[\/vc_column_text][\/vc_column_inner][\/vc_row_inner][vc_separator color=&#8220;chino&#8220; align=&#8220;align_left&#8220; border_width=&#8220;2&#8243;][\/vc_column][\/vc_row][vc_row][vc_column][vc_empty_space][\/vc_column][\/vc_row][vc_row][vc_column][vc_row_inner][vc_column_inner width=&#8220;1\/2&#8243;][vc_single_image image=&#8220;32931&#8243; img_size=&#8220;full&#8220;][vc_column_text]\n<p style=\"text-align: center;\"><strong>GRUPPENEXKURSIONEN<\/strong><\/p>\n[\/vc_column_text][vc_btn title=&#8220;MEHR INFORMATIONEN&#8220; shape=&#8220;square&#8220; color=&#8220;chino&#8220; size=&#8220;lg&#8220; align=&#8220;center&#8220; link=&#8220;url:https%3A%2F%2Fhotel-kgm.cz%2Fwp-content%2Fuploads%2FEx.skupinove_DE.pdf|title:Pokoje&#8220;][\/vc_column_inner][vc_column_inner width=&#8220;1\/2&#8243;][vc_single_image image=&#8220;32938&#8243; img_size=&#8220;full&#8220;][vc_column_text]\n<p style=\"text-align: center;\"><strong>INDIVIDUELLE EXKURSIONEN<\/strong><\/p>\n[\/vc_column_text][vc_btn title=&#8220;MEHR INFORMATIONEN&#8220; shape=&#8220;square&#8220; color=&#8220;chino&#8220; size=&#8220;lg&#8220; align=&#8220;center&#8220; link=&#8220;url:https%3A%2F%2Fhotel-kgm.cz%2Fwp-content%2Fuploads%2FInd.skupinove_leto_DE.pdf|title:Pokoje&#8220;][\/vc_column_inner][\/vc_row_inner][\/vc_column][\/vc_row][vc_row][vc_column][vc_empty_space][\/vc_column][\/vc_row][vc_row full_width=&#8220;stretch_row&#8220; equal_height=&#8220;yes&#8220; overlay_color=&#8220;rgba(0,0,0,0.01)&#8220; css=&#8220;.vc_custom_1511302591026{padding-top: 20px !important;padding-bottom: 30px !important;}&#8220;][vc_column][vc_row_inner content_placement=&#8220;middle&#8220;][vc_column_inner width=&#8220;3\/4&#8243; css=&#8220;.vc_custom_1525718376414{padding-top: 18px !important;}&#8220;][vc_column_text]<strong><span style=\"color: #ac8b51;\">KARLSBAD GRANDE MADONNA <em>&amp;<\/em> FESTIVAL Apartments \u2013 KARLOVY VARY<\/span><\/strong><\/p>\n<h2><span style=\"font-size: 36pt;\">H\u00c4UFIG GESTELLTE FRAGEN DER KURG\u00c4STE<\/span><\/h2>\n[\/vc_column_text][\/vc_column_inner][vc_column_inner width=&#8220;1\/4&#8243; css=&#8220;.vc_custom_1662302728509{padding-top: 60px !important;}&#8220;][vc_column_text css=&#8220;.vc_custom_1535821549184{padding-top: 5px !important;}&#8220;]<img decoding=\"async\" class=\"wp-image-10069 size-medium alignnone\" src=\"https:\/\/hotel-kgm.cz\/wp-content\/uploads\/s_andelskou_peci_pruhledne_de-300x58.png\" alt=\"\" width=\"300\" height=\"62\" \/>[\/vc_column_text][\/vc_column_inner][\/vc_row_inner][vc_separator color=&#8220;chino&#8220; align=&#8220;align_left&#8220; border_width=&#8220;2&#8243;][\/vc_column][\/vc_row][vc_row][vc_column width=&#8220;1\/2&#8243;][vc_row_inner content_placement=&#8220;middle&#8220;][vc_column_inner width=&#8220;1\/4&#8243;][vc_single_image image=&#8220;3090&#8243;][\/vc_column_inner][vc_column_inner width=&#8220;3\/4&#8243;][vc_column_text]<strong>1. Ich bin beruflich stark ausgelastet. Hat eine Kurbehandlung f\u00fcr eine Woche Sinn?<\/strong>[\/vc_column_text][\/vc_column_inner][\/vc_row_inner][vc_column_text]Die optimale Dauer der komplexen Karlsbader Kurbehandlung mit nachweislichen Wirkungen sind drei Wochen und noch besser vier Wochen.<\/p>\n<p>Die Behandlung kann auch bis auf eine Woche gek\u00fcrzt werden, sofern Sie keine andere M\u00f6glichkeit haben. Sicher werden Sie sich gr\u00fcndlich ausruhen und sich sehr wohlf\u00fchlen.<\/p>\n<p>Im Falle der Wochenbehandlung empfehlen wir jedoch, mehrmals im Jahr f\u00fcr eine Woche zu kommen (3x \u2013 4x), damit die Wirkungen der Behandlung wirklich eintreten.[\/vc_column_text][\/vc_column][vc_column width=&#8220;1\/2&#8243;][vc_row_inner content_placement=&#8220;middle&#8220;][vc_column_inner width=&#8220;1\/4&#8243;][vc_single_image image=&#8220;3090&#8243;][\/vc_column_inner][vc_column_inner width=&#8220;3\/4&#8243;][vc_column_text]<strong>2. Brauche ich eine \u00e4rztliche Empfehlung zur Absolvierung der Kurbehandlung?<\/strong>[\/vc_column_text][\/vc_column_inner][\/vc_row_inner][vc_column_text]Weder die \u00e4rztliche Empfehlung noch die diagnostischem Aufzeichnungen sind eine Bedingung f\u00fcr die Aufnahme zur Kurbehandlung.<\/p>\n<p>Sofern Sie jedoch diese Dokumente haben, sind sie eine willkommene Hilfe bei der Erstellung des individuellen Plans Ihrer Behandlung.<\/p>\n<p>Wichtig ist, einen Vorrat an Medikamenten dabei zu haben, die Sie \u00fcber die gesamte Dauer des Kuraufenthaltes einnehmen.[\/vc_column_text][\/vc_column][\/vc_row][vc_row][vc_column][vc_btn title=&#8220;MEHR INFORMATIONEN&#8220; shape=&#8220;square&#8220; color=&#8220;chino&#8220; size=&#8220;lg&#8220; align=&#8220;center&#8220; link=&#8220;url:https%3A%2F%2Fhotel-kgm.cz%2Fde%2Fostatni-de%2Fodpovedi-na-otazky-lazenskych-hostu-de%2F|title:Pokoje&#8220;][vc_empty_space][\/vc_column][\/vc_row][vc_row full_width=&#8220;stretch_row&#8220; equal_height=&#8220;yes&#8220; overlay_color=&#8220;rgba(0,0,0,0.01)&#8220; css=&#8220;.vc_custom_1511302591026{padding-top: 20px !important;padding-bottom: 30px !important;}&#8220;][vc_column][vc_row_inner content_placement=&#8220;middle&#8220;][vc_column_inner css=&#8220;.vc_custom_1525718376414{padding-top: 18px !important;}&#8220;][vc_column_text]<strong><span style=\"color: #ac8b51;\">KARLSBAD GRANDE MADONNA <em>&amp;<\/em> FESTIVAL Apartments \u2013 KARLOVY VARY<\/span><\/strong><\/p>\n<h2><span style=\"font-size: 36pt;\">EIN BLICK HINTER DIE KULISSEN DES HOTELS KARLSBAD GRANDE MADONNA<\/span><\/h2>\n[\/vc_column_text][\/vc_column_inner][\/vc_row_inner][vc_separator color=&#8220;chino&#8220; align=&#8220;align_left&#8220; border_width=&#8220;2&#8243;][\/vc_column][\/vc_row][vc_row][vc_column][vc_column_text]\n<p style=\"text-align: center;\"><strong>Die st\u00e4ndigen G\u00e4ste m\u00f6chten alles an ihrem Platz haben, wie sie es gew\u00f6hnt sind\u2026<br \/>\n<\/strong><\/p>\n[\/vc_column_text][vc_row_inner][vc_column_inner width=&#8220;1\/2&#8243;][vc_column_text]<a href=\"https:\/\/hotel-kgm.cz\/wp-content\/uploads\/tv.jpg\"><img decoding=\"async\" class=\"aligncenter wp-image-3424 size-full\" src=\"https:\/\/hotel-kgm.cz\/wp-content\/uploads\/tv.jpg\" alt=\"\" width=\"608\" height=\"170\" srcset=\"https:\/\/hotel-kgm.cz\/wp-content\/uploads\/tv-300x84.jpg 300w, https:\/\/hotel-kgm.cz\/wp-content\/uploads\/tv.jpg 608w\" sizes=\"(max-width: 608px) 100vw, 608px\" \/><\/a><\/p>\n<p>Im Verlaufe der Monate Dezember 2014, Januar, Februar und M\u00e4rz 2015 installierten wird in unserem Hotel <strong>KARLSBAD GRANDE MADONNA<\/strong> auf den Zimmern schrittweise <strong>neue Fernseher \u2013<\/strong> <strong>die letzten, modernsten Modelle LG-ED TV<\/strong>.<\/p>\n<p>Mit definitiver G\u00fcltigkeit ersetzten wir somit unsere alten, guten tschechischen Fernseher der Marke <strong>ORAVA<\/strong>, die uns tadellos ganze 11 Jahre dienten.<\/p>\n<p>Es handelte sich um m\u00e4chtige Ger\u00e4te mit tiefem Hintergrund, die im Regal vor dem Bett einen w\u00fcrdigen Platz einnahmen und gewiss nicht zu \u00fcbersehen waren.<\/p>\n<p>Nichtsdestotrotz, der Druck der Zeit auf die Modernisierung ist unerbittlich, und auch unsere alten TV-Modelle, die ich selbst als <strong>\u201eSicherheit der guten alten Zeiten\u201c<\/strong> verteidigte, konnten nicht mehr bestehen.<\/p>\n<p><strong>Summa summarum \u2013 schlie\u00dflich schloss ich die Augen und gab die Anweisung \u2013 AUSTAUSCH!<\/strong>[\/vc_column_text][\/vc_column_inner][vc_column_inner width=&#8220;1\/2&#8243;][vc_column_text]\n<div id=\"elm-columns-_e7373b5e5ce99e8\" class=\"column-grid column-grid-2\">\n<div class=\"column column-span-1 column-narrow column-last\">\n<section id=\"elm-text-_e1355313a283ef8-main\" class=\"elm-main elm-text-main load-finished\">\n<div class=\"elm-wrapper elm-text-wrapper\">\n<div id=\"elm-text-_e1355313a283ef8\" class=\"elm-text\">\n<div class=\"entry-content\">\n<div id=\"elm-text-_e1355313a283ef8\" class=\"elm-text\">\n<div class=\"entry-content\">\n<p>Ende Dezember 2014 waren bereits die ersten d\u00fcnnen, hypermodernen LG LED-TV an den W\u00e4nden der Hotelzimmer montiert, damit unsere G\u00e4ste bequem, am besten im Liegen auf dem Bett, fernsehen k\u00f6nnen.<\/p>\n<p>Ein fr\u00f6hliches L\u00e4cheln auf den Gesichtern unserer Mitarbeiter an der Rezeption rufen unsere Stammg\u00e4ste hervor, die gleich nach der Anreise an die Rezeption mit der Reklamation kommen, sie h\u00e4tten auf dem Zimmer keinen Fernseher!<\/p>\n<p>Ja, die erste Beanstandung dieser Art \u00fcberraschte die Rezeptionistin, sodass sie alles ordnungsgem\u00e4\u00df \u00fcberpr\u00fcfte\u2026 ja, der m\u00e4chtige Fernseher war nicht mehr an seinem Platz, doch in aller Stille und elegant an der Wand hing ein subtiler und v\u00f6llig neuer Bildschirm.<\/p>\n<p>Weitere, nach und nach eintreffende Stammg\u00e4ste, die das Fehlen des Fernsehers melden, vermag die Rezeptionistin bereits augenblicklich zu beruhigen, indem die <strong>\u201eganze Welt\u201c<\/strong> an der Hotelwand verfolgt werden kann.<\/p>\n<p>Wie konnten uns erneut davon \u00fcberzeugen, dass die st\u00e4ndigen G\u00e4ste alles an seinem Platz haben m\u00f6chten\u2026<\/p>\n<p>In unserem Hotel <strong>KARLSBAD GRANDE MADONNA<\/strong> k\u00fcmmern wir uns um jedes Detail und jede Kleinigkeit, und daher sind wir sehr angenehm \u00fcberrascht und auch erfreut, wenn die G\u00e4ste diese Details und Kleinigkeiten bemerken und jede \u00c4nderung wahrnehmen, die wir zu ihrer Behaglichkeit vornehmen.<\/p>\n<p>Wir freuen uns sehr \u00fcber diesen Interesse und es ist uns ein Vergn\u00fcgen, die G\u00e4ste stets mit etwas Neuem zu \u00fcberraschen.<\/p>\n<p style=\"text-align: right;\">Ihre Helena Jungmanov\u00e1<\/p>\n<\/div>\n<\/div>\n<\/div>\n<\/div>\n<\/div>\n<\/section>\n<\/div>\n<\/div>\n[\/vc_column_text][\/vc_column_inner][\/vc_row_inner][vc_btn title=&#8220;MEHR INFORMATIONEN&#8220; shape=&#8220;square&#8220; color=&#8220;chino&#8220; size=&#8220;lg&#8220; align=&#8220;center&#8220; link=&#8220;url:https%3A%2F%2Fhotel-kgm.cz%2Fde%2Fostatni-de%2Fze-zakulisi-hotelu-de%2F|title:Pokoje&#8220;][vc_empty_space][\/vc_column][\/vc_row][vc_row full_width=&#8220;stretch_row&#8220; equal_height=&#8220;yes&#8220; disable_element=&#8220;yes&#8220; overlay_color=&#8220;rgba(0,0,0,0.01)&#8220; css=&#8220;.vc_custom_1712071204724{padding-top: 20px !important;padding-bottom: 30px !important;}&#8220;][vc_column][vc_row_inner content_placement=&#8220;middle&#8220;][vc_column_inner width=&#8220;3\/4&#8243; css=&#8220;.vc_custom_1525718376414{padding-top: 18px !important;}&#8220;][vc_column_text]<strong><span style=\"color: #ac8b51;\">KARLSBAD GRANDE MADONNA <em>&amp;<\/em> FESTIVAL Apartments \u2013 KARLOVY VARY<\/span><\/strong><\/p>\n<h2><span style=\"font-size: 36pt;\">KOSTENLOSER AUFENTHALT<\/span><\/h2>\n[\/vc_column_text][\/vc_column_inner][vc_column_inner width=&#8220;1\/4&#8243; css=&#8220;.vc_custom_1662302728509{padding-top: 60px !important;}&#8220;][vc_column_text css=&#8220;.vc_custom_1535821549184{padding-top: 5px !important;}&#8220;]<img decoding=\"async\" class=\"wp-image-10069 size-medium alignnone\" src=\"https:\/\/hotel-kgm.cz\/wp-content\/uploads\/s_andelskou_peci_pruhledne_de-300x58.png\" alt=\"\" width=\"300\" height=\"62\" \/>[\/vc_column_text][\/vc_column_inner][\/vc_row_inner][vc_separator color=&#8220;chino&#8220; align=&#8220;align_left&#8220; border_width=&#8220;2&#8243;][\/vc_column][\/vc_row][vc_row disable_element=&#8220;yes&#8220; overlay_color=&#8220;rgba(0,0,0,0.01)&#8220;][vc_column][vc_single_image image=&#8220;15374&#8243; img_size=&#8220;full&#8220; onclick=&#8220;custom_link&#8220; link=&#8220;https:\/\/hotel-kgm.cz\/ostatni\/bezplatny-pobyt\/&#8220;][vc_btn title=&#8220;MEHR INFORMATIONEN&#8220; shape=&#8220;square&#8220; color=&#8220;chino&#8220; size=&#8220;lg&#8220; align=&#8220;center&#8220; link=&#8220;url:https%3A%2F%2Fhotel-kgm.cz%2Fde%2Fostatni-de%2Fbezplatny-pobyt-de%2F|title:Pokoje&#8220;][vc_empty_space][\/vc_column][\/vc_row][vc_row full_width=&#8220;stretch_row&#8220; equal_height=&#8220;yes&#8220; overlay_color=&#8220;rgba(0,0,0,0.01)&#8220; css=&#8220;.vc_custom_1511302591026{padding-top: 20px !important;padding-bottom: 30px !important;}&#8220;][vc_column][vc_row_inner content_placement=&#8220;middle&#8220;][vc_column_inner width=&#8220;3\/4&#8243; css=&#8220;.vc_custom_1525718376414{padding-top: 18px !important;}&#8220;][vc_column_text]<strong><span style=\"color: #ac8b51;\">KARLSBAD GRANDE MADONNA <em>&amp;<\/em> FESTIVAL Apartments \u2013 KARLOVY VARY<\/span><\/strong><\/p>\n<h2><span style=\"font-size: 36pt;\">\u00dcBER UNS GESCHRIEBEN<\/span><\/h2>\n[\/vc_column_text][\/vc_column_inner][vc_column_inner width=&#8220;1\/4&#8243; css=&#8220;.vc_custom_1662302728509{padding-top: 60px !important;}&#8220;][vc_column_text css=&#8220;.vc_custom_1535821549184{padding-top: 5px !important;}&#8220;]<img decoding=\"async\" class=\"wp-image-10069 size-medium alignnone\" src=\"https:\/\/hotel-kgm.cz\/wp-content\/uploads\/s_andelskou_peci_pruhledne_de-300x58.png\" alt=\"\" width=\"300\" height=\"62\" \/>[\/vc_column_text][\/vc_column_inner][\/vc_row_inner][vc_separator color=&#8220;chino&#8220; align=&#8220;align_left&#8220; border_width=&#8220;2&#8243;][\/vc_column][\/vc_row][vc_row][vc_column][vc_column_text]\n<p style=\"text-align: center;\"><a href=\"https:\/\/hotel-kgm.cz\/wp-content\/uploads\/EuroSpa_med_Tiskova_zprava.pdf\" target=\"_blank\" rel=\"noopener noreferrer\"><br \/>\n<\/a><strong>Unser Kurhotel KARLSBAD GRANDE MADONNA erhielt als erstes Hotel in Karlovy Vary von Schweizer Auditoren das Zertifikat EuropeSpa med.<\/strong><\/p>\n<p style=\"text-align: justify;\"><a href=\"https:\/\/hotel-kgm.cz\/wp-content\/uploads\/eurospa.jpg\"><img decoding=\"async\" class=\"alignleft wp-image-2021\" src=\"https:\/\/hotel-kgm.cz\/wp-content\/uploads\/logo_eurospa-300x147.png\" alt=\"\" width=\"204\" height=\"100\" srcset=\"https:\/\/hotel-kgm.cz\/wp-content\/uploads\/logo_eurospa-300x147.png 300w, https:\/\/hotel-kgm.cz\/wp-content\/uploads\/logo_eurospa.png 320w\" sizes=\"(max-width: 204px) 100vw, 204px\" \/><\/a>EuropeSpa med ist das Qualit\u00e4tssiegel f\u00fcr Kurhotels, Kurkliniken, Kurh\u00e4user und Hotels mit einem medizinischen Wellness-Angebot. Um das Qualit\u00e4tszertifikat EuropeSpa med zu erlangen, muss sich die Einrichtung einer umfangreichen Pr\u00fcfung unterziehen. Mithilfe von mehr als 1.000 Kontrollpunkten wird gepr\u00fcft, ob die Anspr\u00fcche an die Infrastruktur, die Sicherheit, die Anwendungen und die lokalen therapeutischen Ressourcen, an die Gastronomie sowie an den Service allgemein erf\u00fcllt sind. Diese Pr\u00fcfungskriterien wurden gemeinsam mit einem aus Fachleuten bestehenden Beirat und mit gleichzeitiger Unterst\u00fctzung seitens der Krankenversicherungen zusammengestellt.<\/p>\n<p>Diese Zertifikation ist in unserer weltber\u00fchmten Kurstadt bislang einzigartig und reihte unser Kurhotel zu den hervorragendsten Kur- und Rehabilitationseinrichtungen in ganz Europa. Wir stellten unter Beweis, dass wir unsere Leistungen auf ebenso hohem fachlichem Niveau wie in Deutschland, in der Slowakei, in Ungarn, in Kroatien und weiteren europ\u00e4ischen L\u00e4ndern erbringen.<\/p>\n<p>Die Zertifikation EuropeSpa med ist f\u00fcr unser Kurhotel von gro\u00dfer Bedeutung. Sie ist zugleich eine sehr gro\u00dfe Verpflichtung f\u00fcr die Zukunft bzgl. der Nachhaltigkeit und der st\u00e4ndigen Verbesserung des gesamten Spektrums der zu erbringenden Kur-, Unterbringungs- und gastronomischen Leistungen.<\/p>\n<p style=\"text-align: center;\"><em>Offizielle Pressemitteilung <a href=\"https:\/\/hotel-kgm.cz\/wp-content\/uploads\/EuroSpa_med_Tiskova_zprava.pdf\" target=\"_blank\" rel=\"noopener noreferrer\">hier<\/a><\/em><\/p>\n[\/vc_column_text][vc_btn title=&#8220;MEHR INFORMATIONEN&#8220; shape=&#8220;square&#8220; color=&#8220;chino&#8220; size=&#8220;lg&#8220; align=&#8220;center&#8220; link=&#8220;url:https%3A%2F%2Fhotel-kgm.cz%2Fde%2Fostatni-de%2Fnapsali-o-nas-de%2F|title:Pokoje&#8220;][\/vc_column][\/vc_row][vc_row][vc_column][vc_empty_space][\/vc_column][\/vc_row][vc_row full_width=&#8220;stretch_row&#8220; equal_height=&#8220;yes&#8220; overlay_color=&#8220;rgba(0,0,0,0.01)&#8220; css=&#8220;.vc_custom_1720897652450{padding-bottom: 30px !important;background-image: url(https:\/\/hotel-kgm.cz\/wp-content\/uploads\/gobelin3.jpg?id=3653) !important;}&#8220;][vc_column offset=&#8220;vc_hidden-lg vc_hidden-md&#8220;][vc_row_inner content_placement=&#8220;middle&#8220;][vc_column_inner width=&#8220;5\/6&#8243;][vc_column_text css=&#8220;&#8220;]\n<h2>Hotelov\u00e1 n\u00e1v\u0161t\u011bvn\u00ed kniha<\/h2>\n[\/vc_column_text][\/vc_column_inner][vc_column_inner width=&#8220;1\/6&#8243;][\/vc_column_inner][\/vc_row_inner][\/vc_column][\/vc_row]\n<\/div>","protected":false},"excerpt":{"rendered":"<p>[vc_row full_width=&#8220;stretch_row&#8220; equal_height=&#8220;yes&#8220; overlay_color=&#8220;rgba(0,0,0,0.01)&#8220; css=&#8220;.vc_custom_1720273482613{padding-bottom: 30px !important;background-image: url(https:\/\/hotel-kgm.cz\/wp-content\/uploads\/gobelin3.jpg?id=3653) !important;}&#8220;][vc_column][vc_row_inner content_placement=&#8220;middle&#8220;][vc_column_inner  [&#8230;]<\/p>\n","protected":false},"author":1,"featured_media":0,"parent":0,"menu_order":0,"comment_status":"closed","ping_status":"closed","template":"","meta":{"iawp_total_views":156,"footnotes":""},"class_list":["post-5607","page","type-page","status-publish","hentry"],"aioseo_notices":[],"_links":{"self":[{"href":"https:\/\/hotel-kgm.cz\/de\/wp-json\/wp\/v2\/pages\/5607","targetHints":{"allow":["GET"]}}],"collection":[{"href":"https:\/\/hotel-kgm.cz\/de\/wp-json\/wp\/v2\/pages"}],"about":[{"href":"https:\/\/hotel-kgm.cz\/de\/wp-json\/wp\/v2\/types\/page"}],"author":[{"embeddable":true,"href":"https:\/\/hotel-kgm.cz\/de\/wp-json\/wp\/v2\/users\/1"}],"replies":[{"embeddable":true,"href":"https:\/\/hotel-kgm.cz\/de\/wp-json\/wp\/v2\/comments?post=5607"}],"version-history":[{"count":7,"href":"https:\/\/hotel-kgm.cz\/de\/wp-json\/wp\/v2\/pages\/5607\/revisions"}],"predecessor-version":[{"id":34636,"href":"https:\/\/hotel-kgm.cz\/de\/wp-json\/wp\/v2\/pages\/5607\/revisions\/34636"}],"wp:attachment":[{"href":"https:\/\/hotel-kgm.cz\/de\/wp-json\/wp\/v2\/media?parent=5607"}],"curies":[{"name":"wp","href":"https:\/\/api.w.org\/{rel}","templated":true}]}}