{"id":5619,"date":"2018-02-20T03:24:26","date_gmt":"2018-02-20T02:24:26","guid":{"rendered":"https:\/\/hotel-kgm.cz\/?page_id=5619"},"modified":"2025-11-16T16:21:48","modified_gmt":"2025-11-16T15:21:48","slug":"odpovedi-na-otazky-lazenskych-hostu-de","status":"publish","type":"page","link":"https:\/\/hotel-kgm.cz\/de\/ostatni-de\/odpovedi-na-otazky-lazenskych-hostu-de\/","title":{"rendered":"H\u00e4ufig gestellte fragen der kurg\u00e4ste"},"content":{"rendered":"<div class=\"wpb-content-wrapper\">[vc_row full_width=&#8220;stretch_row&#8220; equal_height=&#8220;yes&#8220; overlay_color=&#8220;rgba(0,0,0,0.01)&#8220; css=&#8220;.vc_custom_1513076407934{padding-top: 20px !important;padding-bottom: 30px !important;background-image: url(https:\/\/hotel-kgm.cz\/wp-content\/uploads\/gobelin3.jpg?id=3653) !important;}&#8220;][vc_column][vc_row_inner content_placement=&#8220;middle&#8220;][vc_column_inner width=&#8220;5\/6&#8243; offset=&#8220;vc_hidden-sm vc_hidden-xs&#8220;][vc_column_text]\n<h1><em><span style=\"font-size: 96px;\">H\u00e4ufig<\/span><\/em><em><span style=\"font-size: 96px;\"> gestellte<\/span><\/em><\/h1>\n[\/vc_column_text][\/vc_column_inner][vc_column_inner width=&#8220;1\/6&#8243; offset=&#8220;vc_hidden-sm vc_hidden-xs&#8220;][vc_column_text]\n<h1><img decoding=\"async\" class=\"size-full wp-image-2507 aligncenter\" src=\"https:\/\/hotel-kgm.cz\/wp-content\/uploads\/andel_maly7.png\" alt=\"\" width=\"180\" height=\"261\" \/><\/h1>\n[\/vc_column_text][\/vc_column_inner][\/vc_row_inner][\/vc_column][\/vc_row][vc_row full_width=&#8220;stretch_row&#8220; equal_height=&#8220;yes&#8220; overlay_color=&#8220;rgba(0,0,0,0.01)&#8220; css=&#8220;.vc_custom_1720897652450{padding-bottom: 30px !important;background-image: url(https:\/\/hotel-kgm.cz\/wp-content\/uploads\/gobelin3.jpg?id=3653) !important;}&#8220;][vc_column offset=&#8220;vc_hidden-lg vc_hidden-md&#8220;][vc_row_inner content_placement=&#8220;middle&#8220;][vc_column_inner width=&#8220;5\/6&#8243;][vc_column_text css=&#8220;&#8220;]\n<h2>H\u00e4ufig gestellte<\/h2>\n[\/vc_column_text][\/vc_column_inner][vc_column_inner width=&#8220;1\/6&#8243;][\/vc_column_inner][\/vc_row_inner][\/vc_column][\/vc_row][vc_row full_width=&#8220;stretch_row_content_no_spaces&#8220; equal_height=&#8220;yes&#8220; content_placement=&#8220;middle&#8220; parallax=&#8220;content-moving&#8220; parallax_image=&#8220;7539&#8243; overlay_color=&#8220;rgba(0,0,0,0.01)&#8220; css=&#8220;.vc_custom_1693224668588{margin-top: 0px !important;margin-bottom: 0px !important;padding-top: 150px !important;padding-bottom: 150px !important;}&#8220; el_class=&#8220;reset-padding&#8220;][vc_column css=&#8220;.vc_custom_1522917411122{background-position: center !important;background-repeat: no-repeat !important;background-size: cover !important;}&#8220;][vc_empty_space height=&#8220;300px&#8220; height2=&#8220;0&#8243;][\/vc_column][\/vc_row][vc_row][vc_column][vc_empty_space height=&#8220;52px&#8220;][\/vc_column][\/vc_row][vc_row][vc_column width=&#8220;1\/2&#8243;]<div class=\"lvca-accordion lvca-style2\" data-toggle=\"false\" data-expanded=\"false\"><div class=\"lvca-panel\" id=\"\"><div class=\"lvca-panel-title\">1. Ich bin beruflich stark ausgelastet. Hat eine Kurbehandlung f\u00fcr eine Woche Sinn?<\/div><div class=\"lvca-panel-content\">Die optimale Dauer der komplexen Karlsbader Kurbehandlung mit nachweislichen Wirkungen sind drei Wochen und noch besser vier Wochen.<br \/>\nDie Behandlung kann auch bis auf eine Woche gek\u00fcrzt werden, sofern Sie keine andere M\u00f6glichkeit haben. Sicher werden Sie sich gr\u00fcndlich ausruhen und sich sehr wohlf\u00fchlen.<br \/>\nIm Falle der Wochenbehandlung empfehlen wir jedoch, mehrmals im Jahr f\u00fcr eine Woche zu kommen (3x \u2013 4x), damit die Wirkungen der Behandlung wirklich eintreten.<\/div><\/div><!-- .lvca-panel --><div class=\"lvca-panel\" id=\"\"><div class=\"lvca-panel-title\">2. Brauche ich eine \u00e4rztliche Empfehlung zur Absolvierung der Kurbehandlung?<\/div><div class=\"lvca-panel-content\">Weder die \u00e4rztliche Empfehlung noch die diagnostischem Aufzeichnungen sind eine Bedingung f\u00fcr die Aufnahme zur Kurbehandlung.<br \/>\nSofern Sie jedoch diese Dokumente haben, sind sie eine willkommene Hilfe bei der Erstellung des individuellen Plans Ihrer Behandlung.<br \/>\nWichtig ist, einen Vorrat an Medikamenten dabei zu haben, die Sie \u00fcber die gesamte Dauer des Kuraufenthaltes einnehmen.<\/div><\/div><!-- .lvca-panel --><div class=\"lvca-panel\" id=\"\"><div class=\"lvca-panel-title\">3. Ist die komplexe Karlsbader Kurbehandlung nur f\u00fcr den Verdauungstrakt geeignet?<\/div><div class=\"lvca-panel-content\">Die komplexe Karlsbader Behandlung ist eine der wirksamen Heilmethoden gerade f\u00fcr Erkrankungen des Verdauungstraktes, f\u00fcr Stoffwechselerkrankungen, f\u00fcr Erkrankungen des Bewegungsapparates, Nervenkrankheiten, jedoch auch onkologische Krankheiten.<\/p>\n<p><strong><a href=\"https:\/\/hotel-kgm.cz\/de\/leceni-de\/lazenske-pobyty-de\/komplexni-karlovarska-lazenska-lecba-de\/\"><span style=\"text-decoration: underline\">MEHR HIER<\/span><\/a><\/strong><\/div><\/div><!-- .lvca-panel --><div class=\"lvca-panel\" id=\"\"><div class=\"lvca-panel-title\">4. Wie lange halten die Wirkungen der Kurtherapie an?<\/div><div class=\"lvca-panel-content\">Wir k\u00f6nnen sagen, dass die Wirkungen der Kurbehandlung der L\u00e4nge des Kuraufenthaltes direkt proportional sind.<br \/>\nSofern Sie eine Behandlung in der Dauer von 3 Wochen absolvieren, \u00fcberdauern die positiven Wirkungen 7 Monate bis 1 Jahr.<br \/>\nAnschlie\u00dfend sollte die Behandlung wiederholt werden.<br \/>\nZumeist sp\u00fcrt jeder aus Erfahrung, dass bereits die Zeit f\u00fcr eine Wiederholung der Kur gekommen ist, da die Reinigung des Organismus kein konstanter Zustand ist.<\/div><\/div><!-- .lvca-panel --><div class=\"lvca-panel\" id=\"\"><div class=\"lvca-panel-title\">5. Wie ist das Mineralwasser bei einer Trinkkur richtig anzuwenden?<\/div><div class=\"lvca-panel-content\">Das Mineralwasser und das Trinkregime der konkreten Quellen bestimmt der Arzt bei der Eingangsuntersuchung. Die Trinkkur wird 3-4mal t\u00e4glich verschrieben, und zwar 20 bis 40 Minuten vor dem Essen bei einem durchschnittlichen Volumen von 250-400 ml.<br \/>\n<span style=\"color: #ffffff\">.<\/span><\/p>\n<div id=\"target-id6694\" class=\"collapseomatic_content \">\n<div class=\"hidden-content\">\n<ol style=\"list-style-type: lower-alpha\">\n<li>Das Mineralwasser wird in kleinen Schlucken, am besten bei einem langsamen Spaziergang getrunken (nicht zu empfehlen ist langes Sitzen).<\/li>\n<li>Halten Sie den Schluck Mineralwasser im Mund zur\u00fcck, die Heilwirkungen setzen bereits \u00fcber die Mundschleimhaut ein.<\/li>\n<li>Den Becher eines Inhaltes von 250 ml trinken Sie binnen 3-10 Minuten aus (damit das Wasser nicht abk\u00fchlt und das Volumen des gasf\u00f6rmigen Kohlendioxids erhalten bleibt).<\/li>\n<li>Zwischen den einzelnen Bechern sollte eine Pause von ca. 5-10 Minuten eingelegt werden.<\/li>\n<\/ol>\n<\/div>\n<\/div>\n<\/div><\/div><!-- .lvca-panel --><div class=\"lvca-panel\" id=\"\"><div class=\"lvca-panel-title\">6. Ist die Kur-Di\u00e4t notwendig?<\/div><div class=\"lvca-panel-content\">Nach Ihrer Wahl k\u00f6nnen Sie sich in Form der Vollpension (Fr\u00fchst\u00fcck + Mittagessen+ Abendessen) oder in Form der Halbpension (Fr\u00fchst\u00fcck + Mittagessen oder Fr\u00fchst\u00fcck + Abendessen) verpflegen.<\/p>\n<p>Im Rahmen der Eingangsuntersuchung empfiehlt Ihnen der Arzt zur Behandlung die entsprechende Di\u00e4t, welche die Wirkungen der gesamten Kurbehandlung unterst\u00fctzt.<\/p>\n<p>Das Wirken der Mineralquellen kann nur in jenem Falle erfolgreich sein, wenn der Organismus nicht mit einer komplizierten und anspruchsvollen Verdauung belastet wird.<br \/>\nDie Menge und die Qualit\u00e4t der aufgenommenen Nahrung sind ein sehr wichtiger Faktor, der Einfluss auf den Erfolg Ihrer Behandlung hat.<br \/>\nDie Di\u00e4tschwester erstellt f\u00fcr Sie in Zusammenarbeit mit dem Team des Hotels <strong>KARLSBAD GRANDE MADONNA<\/strong> einen Speiseplan mit Gerichten, die gesund sind und Ihnen auch schmecken.<br \/>\nDie Angebotstische sind unter anderem reichhaltig mit Gem\u00fcse und Gem\u00fcsesalaten, Obst und Obstsalaten der mannigfaltigsten Geschmacksrichtungen gedeckt.<br \/>\nEs fehlt auch nicht die Vertretung s\u00fc\u00dfer Konditoreiprodukte aus der eigenen B\u00e4ckerei, daher sind die Desserts stets frisch, fein ges\u00fc\u00dft, leicht und lecker\u2026<span style=\"color: #ffffff\">.<\/span><\/p>\n<div id=\"target-id9101\" class=\"collapseomatic_content \">\n<div class=\"hidden-content\">\n<p>Die Verpflegung der Kurg\u00e4ste erfolgt im GRAND RESTAURANT in zwei Stockwerken, mit eleganten Innenr\u00e4umen\u2026<\/p>\n<ul>\n<li>Das Fr\u00fchst\u00fcck wird in Form eines B\u00fcfetts gereicht.<\/li>\n<li>Die Mittag- und Abendessen werden in Form eines B\u00fcfetts gereicht, wobei das Hauptgericht individuell nach Ihrer Auswahl und der gew\u00e4hlten Di\u00e4t serviert wird.<\/li>\n<li>Im Preis sind auch die alkoholfreien Getr\u00e4nke inbegriffen \u2013 Wasser, Obsts\u00e4fte, eine Auswahl an Tee und Kaffee.<\/li>\n<li>Das GRAND RESTAURANT ist selbstverst\u00e4ndlich in allen R\u00e4umen eine Nichtrauchergastst\u00e4tte.<\/li>\n<\/ul>\n<p>Im AURA PALACE bereiten wir folgende grundlegenden Di\u00e4ten zu:<\/p>\n<ul>\n<li>Schondi\u00e4t \u2013 Nr. 2<\/li>\n<li>Rationale Di\u00e4t \u2013 Nr. 3<\/li>\n<li>Fettreduzierte Schondi\u00e4t \u2013 Nr. 4<\/li>\n<li>Reduktionsdi\u00e4t \u2013 Nr. 8<\/li>\n<li>Di\u00e4t f\u00fcr Diabetiker \u2013 Nr. 9<\/li>\n<\/ul>\n<p>Neben diesen grundlegenden Di\u00e4ten bereiten wir auch cholesterinarme und weitere individuelle Di\u00e4ten zu, z.B. glutenfreie, breiartige, vegetarische Di\u00e4ten usw.<\/p>\n<\/div>\n<\/div>\n<\/div><\/div><!-- .lvca-panel --><div class=\"lvca-panel\" id=\"\"><div class=\"lvca-panel-title\">7. Ist es angebracht, die Karlsbader Kurbehandlung zu absolvieren, auch wenn ich keine gesundheitlichen Probleme habe und mich gesund f\u00fchle?<\/div><div class=\"lvca-panel-content\">Ja, das ist sehr geeignet \u2013 <strong>DIE VORBEUGUNG IST DIE EFFEKTIVSTE ART DER HEILUNG<\/strong>.<br \/>\nDie Balneotherapie und die Trinkkur wirken pr\u00e4ventiv gegen das Entstehen von Erkrankungen, und zwar aufgrund der Reinigungsprozesse (Entgiftung), st\u00e4rken das Immunsystem und die Vitalit\u00e4t und halten sie in jugendlichem Schwung.<\/div><\/div><!-- .lvca-panel --><div class=\"lvca-panel\" id=\"\"><div class=\"lvca-panel-title\">8. Um wie viel Uhr kann ich mich einquartieren (check in) und bis wann muss ich das Zimmer verlassen (check out)?<\/div><div class=\"lvca-panel-content\">Einquartieren k\u00f6nnen Sie sich jederzeit nach 14 Uhr. Die Zimmer sind bis 12 Uhr zu r\u00e4umen.<br \/>\nSie k\u00f6nnen allerdings gegen eine geringe Geb\u00fchr von 800,- CZK den Aufenthalt bis 15 Uhr und gegen eine Geb\u00fchr von 1350,- CZK den Aufenthalt bis 20 Uhr verl\u00e4ngern.<br \/>\nSollten frei Zimmer zur Verf\u00fcgung stehen, k\u00f6nnen sie Ihr Zimmer vor 14 Uhr beziehen, und zwar v\u00f6llig kostenlos!<\/div><\/div><!-- .lvca-panel --><div class=\"lvca-panel\" id=\"\"><div class=\"lvca-panel-title\">9. Sofern ich mit dem eigenen Wagen anreise, habe ich hier eine Parkm\u00f6glichkeit?<\/div><div class=\"lvca-panel-content\">Ja, obwohl sich unser Hotel <strong>KARLSBAD GRANDE MADONNA<\/strong> direkt im Herzen des historischen Kurviertels befindet, bietet es als eines der wenige Karlsbader Hotels Parkstellpl\u00e4tze direkt vor dem Hotel und ferner hinter dem Hotel an, wobei ferner ein Abstellparkplatz in ca. 200&nbsp;m Entfernung vom Hotel zur Verf\u00fcgung steht. Die Parkgeb\u00fchr betr\u00e4gt 300,- CZK.<\/p>\n<p><strong><a href=\"https:\/\/hotel-kgm.cz\/de\/o-hotelu-de\/#parkoviste\"><span style=\"text-decoration: underline\">Mehr informationen<\/span><\/a><\/strong><\/div><\/div><!-- .lvca-panel --><\/div><!-- .lvca-accordion -->[\/vc_column][vc_column width=&#8220;1\/2&#8243;][vc_single_image image=&#8220;8172&#8243; img_size=&#8220;full&#8220;][\/vc_column][\/vc_row][vc_row][vc_column]<div class=\"lvca-accordion lvca-style2\" data-toggle=\"false\" data-expanded=\"false\"><div class=\"lvca-panel\" id=\"\"><div class=\"lvca-panel-title\">10. Kann ich bei Ihnen im Hotel das Gep\u00e4ck aufbewahren, sofern ich aus Karlsbad sp\u00e4ter abreise?<\/div><div class=\"lvca-panel-content\">Ja, selbstverst\u00e4ndlich. Ihr Gep\u00e4ck bewahren wir gern an der Rezeption auf, und zwar unentgeltlich.<\/div><\/div><!-- .lvca-panel --><div class=\"lvca-panel\" id=\"\"><div class=\"lvca-panel-title\">11. Kann man einen Transfer vom Flughafen\/Bahnhof bestellen?<\/div><div class=\"lvca-panel-content\">Ja, auf vorherige Anfrage organisieren wir einen Transfer gegen Aufpreis gem\u00e4\u00df der g\u00fcltigen Preisliste.<\/div><\/div><!-- .lvca-panel --><div class=\"lvca-panel\" id=\"\"><div class=\"lvca-panel-title\">12. Ist es m\u00f6glich, Behandlungen separat, ohne Kurpaket zu buchen?<\/div><div class=\"lvca-panel-content\">Ja, G\u00e4ste k\u00f6nnen Behandlungen nach Wunsch direkt vor Ort buchen.<\/div><\/div><!-- .lvca-panel --><div class=\"lvca-panel\" id=\"\"><div class=\"lvca-panel-title\">13. Nehmen Sie G\u00e4ste mit Haustieren auf?<\/div><div class=\"lvca-panel-content\">Ja, die Unterbringung von kleinen Haustieren (bis 20&nbsp;kg) ist gegen einen Aufpreis von 50 EUR\/Tier\/Nacht m\u00f6glich. Bitte informieren Sie uns im Voraus dar\u00fcber.<\/div><\/div><!-- .lvca-panel --><div class=\"lvca-panel\" id=\"\"><div class=\"lvca-panel-title\">14. Ist Ihr Hotel f\u00fcr G\u00e4ste im Rollstuhl zug\u00e4nglich?<\/div><div class=\"lvca-panel-content\">Ja, wir verf\u00fcgen \u00fcber barrierefreie Zimmer und Einrichtungen. Einige Bereiche des Hotels (die zweite Etage des Restaurants und das Balneologiezentrum) sind jedoch nur \u00fcber Treppen erreichbar. Wir empfehlen daher eine Unterkunft mit Begleitperson.<\/div><\/div><!-- .lvca-panel --><\/div><!-- .lvca-accordion -->[\/vc_column][\/vc_row][vc_row][vc_column][vc_empty_space height=&#8220;52px&#8220;][\/vc_column][\/vc_row]\n<\/div>","protected":false},"excerpt":{"rendered":"<p>[vc_row full_width=&#8220;stretch_row&#8220; equal_height=&#8220;yes&#8220; overlay_color=&#8220;rgba(0,0,0,0.01)&#8220; css=&#8220;.vc_custom_1513076407934{padding-top: 20px !important;padding-bottom: 30px !important;background-image: url(https:\/\/hotel-kgm.cz\/wp-content\/uploads\/gobelin3.jpg?id=3653)  [&#8230;]<\/p>\n","protected":false},"author":1,"featured_media":0,"parent":5607,"menu_order":0,"comment_status":"closed","ping_status":"closed","template":"","meta":{"iawp_total_views":327,"footnotes":""},"class_list":["post-5619","page","type-page","status-publish","hentry"],"aioseo_notices":[],"_links":{"self":[{"href":"https:\/\/hotel-kgm.cz\/de\/wp-json\/wp\/v2\/pages\/5619","targetHints":{"allow":["GET"]}}],"collection":[{"href":"https:\/\/hotel-kgm.cz\/de\/wp-json\/wp\/v2\/pages"}],"about":[{"href":"https:\/\/hotel-kgm.cz\/de\/wp-json\/wp\/v2\/types\/page"}],"author":[{"embeddable":true,"href":"https:\/\/hotel-kgm.cz\/de\/wp-json\/wp\/v2\/users\/1"}],"replies":[{"embeddable":true,"href":"https:\/\/hotel-kgm.cz\/de\/wp-json\/wp\/v2\/comments?post=5619"}],"version-history":[{"count":5,"href":"https:\/\/hotel-kgm.cz\/de\/wp-json\/wp\/v2\/pages\/5619\/revisions"}],"predecessor-version":[{"id":41530,"href":"https:\/\/hotel-kgm.cz\/de\/wp-json\/wp\/v2\/pages\/5619\/revisions\/41530"}],"up":[{"embeddable":true,"href":"https:\/\/hotel-kgm.cz\/de\/wp-json\/wp\/v2\/pages\/5607"}],"wp:attachment":[{"href":"https:\/\/hotel-kgm.cz\/de\/wp-json\/wp\/v2\/media?parent=5619"}],"curies":[{"name":"wp","href":"https:\/\/api.w.org\/{rel}","templated":true}]}}