{"id":5634,"date":"2018-02-20T04:41:21","date_gmt":"2018-02-20T03:41:21","guid":{"rendered":"https:\/\/hotel-kgm.cz\/?page_id=5634"},"modified":"2019-05-28T16:50:22","modified_gmt":"2019-05-28T14:50:22","slug":"napsali-o-nas-de","status":"publish","type":"page","link":"https:\/\/hotel-kgm.cz\/de\/ostatni-de\/napsali-o-nas-de\/","title":{"rendered":"\u00dcber uns geschrieben"},"content":{"rendered":"<div class=\"wpb-content-wrapper\">[vc_row full_width=&#8220;stretch_row&#8220; equal_height=&#8220;yes&#8220; overlay_color=&#8220;rgba(0,0,0,0.01)&#8220; css=&#8220;.vc_custom_1513076407934{padding-top: 20px !important;padding-bottom: 30px !important;background-image: url(https:\/\/hotel-kgm.cz\/wp-content\/uploads\/gobelin3.jpg?id=3653) !important;}&#8220;][vc_column][vc_row_inner content_placement=&#8220;middle&#8220;][vc_column_inner width=&#8220;5\/6&#8243;][vc_column_text]\n<h1><em><span style=\"font-size: 96px;\">\u00dcber uns<br \/>\n<\/span><\/em><\/h1>\n<h1><em><span style=\"font-size: 96px;\">\u00a0geschrieben<\/span><\/em><\/h1>\n[\/vc_column_text][reda_header add_underline=&#8220;&#8220; text_color=&#8220;#ac8b51&#8243; css=&#8220;.vc_custom_1528387972636{margin-top: -40px !important;}&#8220;]\n<h2>KARLSBAD GRANDE MADONNA <span style=\"font-size: 70px;\"><em>&amp;<\/em><\/span><br \/>FESTIVAL Apartments<\/h2>\n[\/reda_header][\/vc_column_inner][vc_column_inner width=&#8220;1\/6&#8243;][vc_column_text]\n<h1><img decoding=\"async\" class=\"size-full wp-image-2507 aligncenter\" src=\"https:\/\/hotel-kgm.cz\/wp-content\/uploads\/andel_maly7.png\" alt=\"\" width=\"180\" height=\"261\" \/><\/h1>\n[\/vc_column_text][\/vc_column_inner][\/vc_row_inner][\/vc_column][\/vc_row][vc_row][vc_column][vc_empty_space][\/vc_column][\/vc_row][vc_row][vc_column][vc_column_text]<a href=\"https:\/\/hotel-kgm.cz\/wp-content\/uploads\/EuroSpa_med_Tiskova_zprava.pdf\" target=\"_blank\" rel=\"noopener noreferrer\"><br \/>\n<\/a><strong>Unser Kurhotel KARLSBAD GRANDE MADONNA erhielt als erstes Hotel in Karlovy Vary von Schweizer Auditoren das Zertifikat EuropeSpa med.<\/strong><\/p>\n<p><a href=\"https:\/\/hotel-kgm.cz\/wp-content\/uploads\/eurospa2_de.jpg\"><img decoding=\"async\" class=\"alignleft wp-image-2021\" src=\"https:\/\/hotel-kgm.cz\/wp-content\/uploads\/logo_eurospa-300x147.png\" alt=\"\" width=\"204\" height=\"100\" srcset=\"https:\/\/hotel-kgm.cz\/wp-content\/uploads\/logo_eurospa-300x147.png 300w, https:\/\/hotel-kgm.cz\/wp-content\/uploads\/logo_eurospa.png 320w\" sizes=\"(max-width: 204px) 100vw, 204px\" \/><\/a>EuropeSpa med ist das Qualit\u00e4tssiegel f\u00fcr Kurhotels, Kurkliniken, Kurh\u00e4user und Hotels mit einem medizinischen Wellness-Angebot. Um das Qualit\u00e4tszertifikat EuropeSpa med zu erlangen, muss sich die Einrichtung einer umfangreichen Pr\u00fcfung unterziehen. Mithilfe von mehr als 1.000 Kontrollpunkten wird gepr\u00fcft, ob die Anspr\u00fcche an die Infrastruktur, die Sicherheit, die Anwendungen und die lokalen therapeutischen Ressourcen, an die Gastronomie sowie an den Service allgemein erf\u00fcllt sind. Diese Pr\u00fcfungskriterien wurden gemeinsam mit einem aus Fachleuten bestehenden Beirat und mit gleichzeitiger Unterst\u00fctzung seitens der Krankenversicherungen zusammengestellt.<\/p>\n<p>Diese Zertifikation ist in unserer weltber\u00fchmten Kurstadt bislang einzigartig und reihte unser Kurhotel zu den hervorragendsten Kur- und Rehabilitationseinrichtungen in ganz Europa. Wir stellten unter Beweis, dass wir unsere Leistungen auf ebenso hohem fachlichem Niveau wie in Deutschland, in der Slowakei, in Ungarn, in Kroatien und weiteren europ\u00e4ischen L\u00e4ndern erbringen.<\/p>\n<p>Die Zertifikation EuropeSpa med ist f\u00fcr unser Kurhotel von gro\u00dfer Bedeutung. Sie ist zugleich eine sehr gro\u00dfe Verpflichtung f\u00fcr die Zukunft bzgl. der Nachhaltigkeit und der st\u00e4ndigen Verbesserung des gesamten Spektrums der zu erbringenden Kur-, Unterbringungs- und gastronomischen Leistungen<\/p>\n<p style=\"text-align: center;\"><em>Offizielle Pressemitteilung <a href=\"https:\/\/hotel-kgm.cz\/wp-content\/uploads\/EuroSpa_med_Tiskova_zprava.pdf\" target=\"_blank\" rel=\"noopener noreferrer\">hier<\/a><\/em><\/p>\n[\/vc_column_text][\/vc_column][\/vc_row][vc_row][vc_column][vc_empty_space][\/vc_column][\/vc_row][vc_row][vc_column][vc_column_text]\n<h2><img decoding=\"async\" class=\"aligncenter size-full wp-image-3991\" src=\"https:\/\/hotel-kgm.cz\/wp-content\/uploads\/ozdobna_delici_cara_zlata_g.png\" alt=\"ozdobna_delici_cara_zlata_g\" width=\"680\" height=\"45\" \/><\/h2>\n<h2 style=\"text-align: center;\"><strong>REZENSIONEN DES HOTELS KARLSBAD GRANDE MADONNA<\/strong><\/h2>\n[\/vc_column_text][\/vc_column][\/vc_row][vc_row][vc_column width=&#8220;1\/2&#8243;][vc_column_text]\n<blockquote>\n<p style=\"text-align: center;\">Im April haben wir zweiwoechige Reise gemacht. Ich war mit meinem Ehemann und noch zwei Freunde (nicht Ehepaar)Die Lage dieses Hotels finde ich prima \u2013 ruhig,ganz in der Naehe von Kolonada.Hilfsbereit von allen Mitarbeitern stand an der Spitze dieses Hotels.Massage war guenstig,nach einer Woche fuehtle ich mich gut.Das Essen machte uns viel Spas, weil es gut schmeckt war.<\/p>\n<p style=\"text-align: center;\">Diwira<img decoding=\"async\" class=\"size-full wp-image-2677 aligncenter\" src=\"https:\/\/hotel-kgm.cz\/wp-content\/uploads\/5stars.png\" alt=\"Hodnocen\u00ed: 5 hv\u011bzdi\u010dek z 5\" width=\"108\" height=\"19\" \/><\/p>\n<\/blockquote>\n[\/vc_column_text][vc_column_text]\n<blockquote>\n<p style=\"text-align: center;\">Sehr sch\u00f6n eingerichtetes Hotel. Als Deutsche hatten wir keine Verst\u00e4ndigungsprobleme, weil viele gut deutsch konnten. Gut gefallen haben uns die Qualit\u00e4t der Matratzen,auf welchem wir gut geschlafen haben. Die SPA Abteilung hatte sehr gute Anwendungen, welche von freundlichen Mitarbeitern ausgef\u00fchrt wurden. Alle Anwendungen waren schon Mittags fertig, soda\u00df wir dann immer den ganzen Nachmittag zur freien Verf\u00fcgung hatten. Das Essen war abwechslungsreich und sehr schmackhaft.Die Salate waren immer anders und mit selbst hergestellten Dressing verfeinert. Alles in allem alles top und kommen gerne wieder.<\/p>\n<p style=\"text-align: center;\">HEIKO BEHRENDTS<img decoding=\"async\" class=\"size-full wp-image-2677 aligncenter\" src=\"https:\/\/hotel-kgm.cz\/wp-content\/uploads\/5stars.png\" alt=\"Hodnocen\u00ed: 5 hv\u011bzdi\u010dek z 5\" width=\"108\" height=\"19\" \/><\/p>\n<\/blockquote>\n[\/vc_column_text][\/vc_column][vc_column width=&#8220;1\/2&#8243;][vc_column_text]\n<blockquote>\n<p style=\"text-align: center;\">Wir waren hier nur 2 Mal im Restaurant. \u00dcber das Hotel k\u00f6nnen wir daher nichts schreiben. Gleich vorab: es handelt sich um ein Raucherlokal. Wer damit nicht klar kommt, sollte hier nicht rein.<br \/>\nDas Restaurant:<br \/>\nDer Eingang ist quasi tiefer gelegt und man geht in einen Raum, der eigentlich der Keller des Hauses ist. Es ist sehr sch\u00f6n eingerichtet, nicht zu schwere M\u00f6bel.<\/p>\n<p style=\"text-align: center;\">Pedrokatz <img decoding=\"async\" class=\"aligncenter size-full wp-image-2677\" src=\"https:\/\/hotel-kgm.cz\/wp-content\/uploads\/5stars.png\" alt=\"Hodnocen\u00ed: 5 hv\u011bzdi\u010dek z 5\" width=\"108\" height=\"19\" \/><\/p>\n<\/blockquote>\n[\/vc_column_text][\/vc_column][\/vc_row][vc_row][vc_column][vc_empty_space][\/vc_column][\/vc_row]\n<\/div>","protected":false},"excerpt":{"rendered":"<p>[vc_row full_width=&#8220;stretch_row&#8220; equal_height=&#8220;yes&#8220; overlay_color=&#8220;rgba(0,0,0,0.01)&#8220; css=&#8220;.vc_custom_1513076407934{padding-top: 20px !important;padding-bottom: 30px !important;background-image: url(https:\/\/hotel-kgm.cz\/wp-content\/uploads\/gobelin3.jpg?id=3653)  [&#8230;]<\/p>\n","protected":false},"author":1,"featured_media":0,"parent":5607,"menu_order":0,"comment_status":"closed","ping_status":"closed","template":"","meta":{"iawp_total_views":16,"footnotes":""},"class_list":["post-5634","page","type-page","status-publish","hentry"],"aioseo_notices":[],"_links":{"self":[{"href":"https:\/\/hotel-kgm.cz\/de\/wp-json\/wp\/v2\/pages\/5634","targetHints":{"allow":["GET"]}}],"collection":[{"href":"https:\/\/hotel-kgm.cz\/de\/wp-json\/wp\/v2\/pages"}],"about":[{"href":"https:\/\/hotel-kgm.cz\/de\/wp-json\/wp\/v2\/types\/page"}],"author":[{"embeddable":true,"href":"https:\/\/hotel-kgm.cz\/de\/wp-json\/wp\/v2\/users\/1"}],"replies":[{"embeddable":true,"href":"https:\/\/hotel-kgm.cz\/de\/wp-json\/wp\/v2\/comments?post=5634"}],"version-history":[{"count":0,"href":"https:\/\/hotel-kgm.cz\/de\/wp-json\/wp\/v2\/pages\/5634\/revisions"}],"up":[{"embeddable":true,"href":"https:\/\/hotel-kgm.cz\/de\/wp-json\/wp\/v2\/pages\/5607"}],"wp:attachment":[{"href":"https:\/\/hotel-kgm.cz\/de\/wp-json\/wp\/v2\/media?parent=5634"}],"curies":[{"name":"wp","href":"https:\/\/api.w.org\/{rel}","templated":true}]}}