{"id":6061,"date":"2018-03-21T16:27:14","date_gmt":"2018-03-21T15:27:14","guid":{"rendered":"https:\/\/hotel-kgm.cz\/?page_id=6061"},"modified":"2024-09-16T18:08:45","modified_gmt":"2024-09-16T16:08:45","slug":"recenze-de","status":"publish","type":"page","link":"https:\/\/hotel-kgm.cz\/de\/o-hotelu-de\/recenze-de\/","title":{"rendered":"Rezension"},"content":{"rendered":"<div class=\"wpb-content-wrapper\">[vc_row full_width=&#8220;stretch_row&#8220; equal_height=&#8220;yes&#8220; overlay_color=&#8220;rgba(0,0,0,0.01)&#8220; css=&#8220;.vc_custom_1655045396833{padding-top: 20px !important;padding-bottom: 30px !important;background-image: url(https:\/\/hotel-kgm.cz\/wp-content\/uploads\/gobelin3.jpg?id=3653) !important;}&#8220;][vc_column][vc_row_inner content_placement=&#8220;middle&#8220;][vc_column_inner width=&#8220;5\/6&#8243; offset=&#8220;vc_hidden-sm vc_hidden-xs&#8220;][vc_empty_space height=&#8220;22px&#8220;][vc_column_text]\n<h1><em><span style=\"font-size: 96px;\">Rezension<\/span><\/em><\/h1>\n[\/vc_column_text][vc_column_text]\n<h2><span style=\"color: #ac8b51;\">KARLSBAD GRANDE MADONNA &#8211; KARLOVY VARY<\/span><\/h2>\n[\/vc_column_text][\/vc_column_inner][vc_column_inner width=&#8220;1\/6&#8243; offset=&#8220;vc_hidden-sm vc_hidden-xs&#8220;][vc_column_text]\n<h1><img decoding=\"async\" class=\"size-full wp-image-2507 aligncenter\" src=\"https:\/\/hotel-kgm.cz\/wp-content\/uploads\/andel_maly7.png\" alt=\"\" width=\"180\" height=\"261\" \/><\/h1>\n[\/vc_column_text][\/vc_column_inner][\/vc_row_inner][\/vc_column][\/vc_row][vc_row full_width=&#8220;stretch_row&#8220; equal_height=&#8220;yes&#8220; overlay_color=&#8220;rgba(0,0,0,0.01)&#8220; css=&#8220;.vc_custom_1720897652450{padding-bottom: 30px !important;background-image: url(https:\/\/hotel-kgm.cz\/wp-content\/uploads\/gobelin3.jpg?id=3653) !important;}&#8220;][vc_column offset=&#8220;vc_hidden-lg vc_hidden-md&#8220;][vc_row_inner content_placement=&#8220;middle&#8220;][vc_column_inner width=&#8220;5\/6&#8243;][vc_column_text css=&#8220;&#8220;]\n<h2>Rezension<\/h2>\n[\/vc_column_text][\/vc_column_inner][vc_column_inner width=&#8220;1\/6&#8243;][\/vc_column_inner][\/vc_row_inner][\/vc_column][\/vc_row][vc_row][vc_column][vc_empty_space][\/vc_column][\/vc_row][vc_row][vc_column width=&#8220;1\/4&#8243;][vc_empty_space height=&#8220;72px&#8220;][vc_single_image image=&#8220;3485&#8243; img_size=&#8220;full&#8220;][\/vc_column][vc_column width=&#8220;1\/2&#8243;][vc_column_text]<img decoding=\"async\" class=\"aligncenter wp-image-2313\" src=\"https:\/\/hotel-kgm.cz\/wp-content\/uploads\/recenze_big_1_de.png\" alt=\"\" width=\"570\" height=\"400\" \/>[\/vc_column_text][\/vc_column][vc_column width=&#8220;1\/4&#8243;][vc_empty_space height=&#8220;72px&#8220;][vc_single_image image=&#8220;8612&#8243; img_size=&#8220;full&#8220;][\/vc_column][\/vc_row][vc_row][vc_column][vc_empty_space height=&#8220;22px&#8220;][\/vc_column][\/vc_row][vc_row][vc_column width=&#8220;1\/2&#8243;][vc_column_text css=&#8220;&#8220;]Wir w\u00fcrden uns sehr w\u00fcnschen, da\u00df andere mehr \u00fcber unser Hotel <strong>KARLSBAD GRANDE MADONNA und DEPANDANCE FESTIVAL Apartments<\/strong> zu erfahren und wir bitten Sie, noch ein paar Minuten zu finden und ein paar weitere Worte \u00fcber uns auf dem Touristenportal <a href=\"https:\/\/www.tripadvisor.de\/Restaurant_Review-g274697-d7614101-Reviews-Restaurace_U_krizovniku-Karlovy_Vary_Karlovy_Vary_Region_Bohemia.html\" target=\"_blank\" rel=\"noopener noreferrer\">TRIPADVISOR<\/a> zu schreiben, wo andere potenzionelle G\u00e4ste \u00fcber uns lesen und basierend auf Ihren guten Bewertungen und Empfehlungen werden diese entweder f\u00fcr einen therapeutischen, Wellness- oder Hotelaufenthalt zu uns kommen.[\/vc_column_text][\/vc_column][vc_column width=&#8220;1\/2&#8243;][vc_column_text css=&#8220;&#8220;]Vielen Dank im Voraus f\u00fcr Ihre Bereitschaft, und wenn Sie <a href=\"https:\/\/www.tripadvisor.de\/Restaurant_Review-g274697-d7614101-Reviews-Restaurace_U_krizovniku-Karlovy_Vary_Karlovy_Vary_Region_Bohemia.html\" target=\"_blank\" rel=\"noopener noreferrer\">durchkliken<\/a> und eine m\u00fcndliche Bewertung schreiben, senden wir Ihnen auf diese Weise ein virtuelles sch\u00f6nes Dankesch\u00f6n und wir freuen uns darauf, da\u00df Sie wieder zu uns kommen und sich mit K\u00f6rper und Seeleentspannen und so viel Kr\u00e4fte sch\u00f6pfen wie andeswo.[\/vc_column_text][vc_single_image image=&#8220;17217&#8243; img_size=&#8220;full&#8220; onclick=&#8220;custom_link&#8220; img_link_target=&#8220;_blank&#8220; css=&#8220;&#8220; link=&#8220;https:\/\/www.tripadvisor.de\/Restaurant_Review-g274697-d7614101-Reviews-Restaurace_U_krizovniku-Karlovy_Vary_Karlovy_Vary_Region_Bohemia.html&#8220;][\/vc_column][\/vc_row][vc_row][vc_column][vc_empty_space height=&#8220;22px&#8220;][\/vc_column][\/vc_row][vc_row][vc_column][vc_column_text]<div data-src=\"https:\/\/cdn.trustindex.io\/loader.js?1b8d132181c7025eb646b9559bc\"><\/div>[\/vc_column_text][\/vc_column][\/vc_row]\n<\/div>","protected":false},"excerpt":{"rendered":"<p>[vc_row full_width=&#8220;stretch_row&#8220; equal_height=&#8220;yes&#8220; overlay_color=&#8220;rgba(0,0,0,0.01)&#8220; css=&#8220;.vc_custom_1655045396833{padding-top: 20px !important;padding-bottom: 30px !important;background-image: url(https:\/\/hotel-kgm.cz\/wp-content\/uploads\/gobelin3.jpg?id=3653)  [&#8230;]<\/p>\n","protected":false},"author":1,"featured_media":0,"parent":5439,"menu_order":0,"comment_status":"closed","ping_status":"closed","template":"","meta":{"iawp_total_views":283,"footnotes":""},"class_list":["post-6061","page","type-page","status-publish","hentry"],"aioseo_notices":[],"_links":{"self":[{"href":"https:\/\/hotel-kgm.cz\/de\/wp-json\/wp\/v2\/pages\/6061","targetHints":{"allow":["GET"]}}],"collection":[{"href":"https:\/\/hotel-kgm.cz\/de\/wp-json\/wp\/v2\/pages"}],"about":[{"href":"https:\/\/hotel-kgm.cz\/de\/wp-json\/wp\/v2\/types\/page"}],"author":[{"embeddable":true,"href":"https:\/\/hotel-kgm.cz\/de\/wp-json\/wp\/v2\/users\/1"}],"replies":[{"embeddable":true,"href":"https:\/\/hotel-kgm.cz\/de\/wp-json\/wp\/v2\/comments?post=6061"}],"version-history":[{"count":11,"href":"https:\/\/hotel-kgm.cz\/de\/wp-json\/wp\/v2\/pages\/6061\/revisions"}],"predecessor-version":[{"id":35026,"href":"https:\/\/hotel-kgm.cz\/de\/wp-json\/wp\/v2\/pages\/6061\/revisions\/35026"}],"up":[{"embeddable":true,"href":"https:\/\/hotel-kgm.cz\/de\/wp-json\/wp\/v2\/pages\/5439"}],"wp:attachment":[{"href":"https:\/\/hotel-kgm.cz\/de\/wp-json\/wp\/v2\/media?parent=6061"}],"curies":[{"name":"wp","href":"https:\/\/api.w.org\/{rel}","templated":true}]}}