{"id":12055,"date":"2018-07-08T11:52:28","date_gmt":"2018-07-08T09:52:28","guid":{"rendered":"https:\/\/hotel-kgm.cz\/?page_id=12055"},"modified":"2025-10-09T14:11:24","modified_gmt":"2025-10-09T12:11:24","slug":"detoxikacni-program-en","status":"publish","type":"page","link":"https:\/\/hotel-kgm.cz\/en\/leceni-en\/lazenske-pobyty-en\/detoxikacni-program-en\/","title":{"rendered":"Detox Program"},"content":{"rendered":"<div class=\"wpb-content-wrapper\">[vc_row full_width=&#8221;stretch_row&#8221; parallax=&#8221;content-moving&#8221; parallax_image=&#8221;11985&#8243; overlay_color=&#8221;rgba(0,0,0,0.01)&#8221; css=&#8221;.vc_custom_1688992939094{padding-top: 300px !important;padding-bottom: 500px !important;}&#8221;][vc_column][\/vc_column][\/vc_row][vc_row full_width=&#8221;stretch_row&#8221; equal_height=&#8221;yes&#8221; overlay_color=&#8221;rgba(0,0,0,0.01)&#8221; css=&#8221;.vc_custom_1511302591026{padding-top: 20px !important;padding-bottom: 30px !important;}&#8221;][vc_column][vc_row_inner content_placement=&#8221;middle&#8221;][vc_column_inner width=&#8221;3\/4&#8243; css=&#8221;.vc_custom_1525718376414{padding-top: 18px !important;}&#8221;][vc_column_text]<strong><span style=\"color: #ac8b51;\">KARLSBAD GRANDE MADONNA <em>&amp;<\/em> FESTIVAL Apartments \u2013 KARLOVY VARY<\/span><\/strong><\/p>\n<h2><strong><span style=\"font-size: 36pt;\">Detox Program<\/span><\/strong><\/h2>\n[\/vc_column_text][\/vc_column_inner][vc_column_inner width=&#8221;1\/4&#8243; css=&#8221;.vc_custom_1655046293679{padding-top: 70px !important;}&#8221;][vc_column_text]<img decoding=\"async\" class=\"size-full wp-image-9041 aligncenter\" src=\"https:\/\/hotel-kgm.cz\/wp-content\/uploads\/s_andelskou_peci_pruhledne_en.png\" alt=\"\" width=\"911\" height=\"134\" srcset=\"https:\/\/hotel-kgm.cz\/wp-content\/uploads\/s_andelskou_peci_pruhledne_en-300x44.png 300w, https:\/\/hotel-kgm.cz\/wp-content\/uploads\/s_andelskou_peci_pruhledne_en-768x113.png 768w, https:\/\/hotel-kgm.cz\/wp-content\/uploads\/s_andelskou_peci_pruhledne_en.png 911w\" sizes=\"(max-width: 911px) 100vw, 911px\" \/>[\/vc_column_text][\/vc_column_inner][\/vc_row_inner][vc_separator color=&#8221;chino&#8221; align=&#8221;align_left&#8221; border_width=&#8221;2&#8243;][\/vc_column][\/vc_row][vc_row overlay_color=&#8221;rgba(0,0,0,0.01)&#8221;][vc_column][vc_column_text css=&#8221;&#8221;]\n<h3 class=\"toggle-title\">STAY FOR 7 NIGHTS (8 DAYS) INCLUDES:<\/h3>\n[\/vc_column_text][vc_row_inner][vc_column_inner width=&#8221;1\/2&#8243;][vc_column_text css=&#8221;&#8221;]<div class=\"su-list\" style=\"margin-left:0px\">\n<ul>\n<li><i class=\"sui sui-circle\" style=\"color:#AC8B51\"><\/i> <a title=\"Pokoje AURA PALACE\" href=\"https:\/\/hotel-kgm.cz\/en\/pokoje-en\/\"><strong><span id=\"result_box\" class=\"short_text\" lang=\"en\"><span class=\"hps\"><span style=\"text-decoration: underline;\">ACCOMMODATION<\/span><\/span><\/span><\/strong><\/a><\/li>\n<li><i class=\"sui sui-circle\" style=\"color:#AC8B51\"><\/i> <span style=\"text-decoration: underline;\"><a title=\"Pokoje AURA PALACE\" href=\"https:\/\/hotel-kgm.cz\/en\/restaurace-en\/grand-restaurant-en\/#bufet\"><strong>HALF BOARD<\/strong><\/a><\/span> (HB) includes breakfast and, at the guest&#8217;s choice, lunch or dinner. Everything is served in the form of a hot and cold buffet.<\/li>\n<li><i class=\"sui sui-circle\" style=\"color:#AC8B51\"><\/i> Meals include dietary and vegetarian food<\/li>\n<li><i class=\"sui sui-circle\" style=\"color:#AC8B51\"><\/i> Initial medical examination with prescription of treatments<\/li>\n<li><i class=\"sui sui-circle\" style=\"color:#AC8B51\"><\/i> Prescription of Karlovy Vary mineral water by a doctor<\/li>\n<li><i class=\"sui sui-circle\" style=\"color:#AC8B51\"><\/i> Total of<strong> 17 Spa <span style=\"text-decoration: underline;\"><a href=\"https:\/\/hotel-kgm.cz\/en\/leceni-en\/lazenske-procedury-en\/\">TREATMENTS<\/a><\/span><\/strong><\/li>\n<li><i class=\"sui sui-circle\" style=\"color:#AC8B51\"><\/i> Free use of sauna (dry, steam, infrared), whirlpool and fitness equipment<\/li>\n<li><i class=\"sui sui-circle\" style=\"color:#AC8B51\"><\/i> Bathrobe, slippers, and umbrella available in the room<\/li>\n<\/ul>\n<\/div>[\/vc_column_text][\/vc_column_inner][vc_column_inner width=&#8221;1\/2&#8243; css=&#8221;.vc_custom_1522138238838{padding-right: 60px !important;}&#8221;][vc_gallery interval=&#8221;3&#8243; images=&#8221;13566,13546,13561,13556&#8243; img_size=&#8221;1200&#215;700&#8243; onclick=&#8221;&#8221;][\/vc_column_inner][\/vc_row_inner][vc_raw_html]JTVCeHl6LWlocyUyMHNuaXBwZXQlM0QlMjJMYXpuZUVOJTIyJTVE[\/vc_raw_html][\/vc_column][\/vc_row][vc_row disable_element=&#8221;yes&#8221; overlay_color=&#8221;rgba(0,0,0,0.01)&#8221;][vc_column css=&#8221;.vc_custom_1641139964101{background-color: #138dd2 !important;}&#8221;][vc_empty_space height=&#8221;25px&#8221;][vc_column_text]\n<p style=\"text-align: center;\"><span style=\"font-size: 18px; color: #ffffff;\"><strong>1x Vstup na 2 hodiny do baz\u00e9nov\u00e9ho komplexu <span style=\"text-decoration: underline;\"><a style=\"color: #ffffff; text-decoration: underline;\" href=\"https:\/\/www.karlovyvary.cz\/cs\/alzbetiny-lazne-1\" target=\"_blank\" rel=\"noopener noreferrer\">Al\u017eb\u011btiny l\u00e1zn\u011b<\/a><\/span> (CENTR\u00c1LN\u00cd M\u011aSTSK\u00c9 L\u00c1ZN\u011a, Smetanovy sady 1145\/1)<br \/>\n<\/strong><\/span><\/p>\n[\/vc_column_text][\/vc_column][\/vc_row][vc_row disable_element=&#8221;yes&#8221; overlay_color=&#8221;rgba(0,0,0,0.01)&#8221;][vc_column][vc_row_inner][vc_column_inner width=&#8221;1\/2&#8243;][vc_column_text]\n<h3 class=\"toggle-title\">THE 7 NIGHT STAY INCLUDES:<\/h3>\n<div class=\"su-list\" style=\"margin-left:0px\">\n<ul>\n<li><i class=\"sui sui-circle\" style=\"color:#AC8B51\"><\/i> <u><strong><a title=\"Pokoje AURA PALACE\" href=\"https:\/\/hotel-kgm.cz\/en\/pokoje-en\/\"><span id=\"result_box\" class=\"short_text\" lang=\"en\"><span class=\"hps\">ACCOMMODATION<\/span><\/span><\/a><\/strong><\/u><\/li>\n<li><i class=\"sui sui-circle\" style=\"color:#AC8B51\"><\/i> <span id=\"result_box\" lang=\"en\"><span class=\"hps\">full board<\/span> <span class=\"hps\">&#8211;<\/span> <span class=\"hps\">FB<\/span> <span class=\"hps atn\">(<\/span>breakfast, <span class=\"hps\">lunch<\/span>, <span class=\"hps\">dinner)<\/span><\/span><\/li>\n<li><i class=\"sui sui-circle\" style=\"color:#AC8B51\"><\/i> <span id=\"result_box\" class=\"short_text\" lang=\"en\"><span class=\"hps\">m<\/span><span class=\"hps\"><span class=\"_5yl5\">eals, including diet and vegetarian options<\/span><\/span><\/span><span id=\"result_box\" class=\"short_text\" lang=\"en\"><\/span><\/li>\n<li><i class=\"sui sui-circle\" style=\"color:#AC8B51\"><\/i> <span id=\"result_box\" class=\"short_text\" lang=\"en\"><span class=\"hps\">tea<\/span>, <span class=\"hps\">drinks<\/span> <span class=\"hps\">for breakfast<\/span>, <span class=\"hps\">lunch and dinner<\/span><\/span><\/li>\n<li><i class=\"sui sui-circle\" style=\"color:#AC8B51\"><\/i> entry medical examination with a <span id=\"result_box\" class=\"short_text\" lang=\"en\"><span class=\"hps\">Carlsbad<\/span> <span class=\"hps\">drinking cure consultation<\/span><\/span><\/li>\n<li><i class=\"sui sui-circle\" style=\"color:#AC8B51\"><\/i> 2 x mud <span id=\"result_box\" class=\"short_text\" lang=\"en\"><span class=\"hps\">bath\u00a0<\/span><\/span><\/li>\n<li><i class=\"sui sui-circle\" style=\"color:#AC8B51\"><\/i> 2 x <span id=\"result_box\" class=\"short_text\" lang=\"en\"><span class=\"hps\">bubble bath<\/span><\/span><\/li>\n<li><i class=\"sui sui-circle\" style=\"color:#AC8B51\"><\/i> 2 x dry carbon dioxide (\u0421\u041e2) bath<\/li>\n<li><i class=\"sui sui-circle\" style=\"color:#AC8B51\"><\/i> 1 x underwater massage<\/li>\n<li><i class=\"sui sui-circle\" style=\"color:#AC8B51\"><\/i> 1 x <span id=\"result_box\" class=\"short_text\" lang=\"en\"><span class=\"hps\">anti-cellulite<\/span> <span class=\"hps\">massage<\/span><\/span><\/li>\n<li><i class=\"sui sui-circle\" style=\"color:#AC8B51\"><\/i> 2 x <span id=\"result_box\" class=\"short_text\" lang=\"en\"><span class=\"hps\">lymphatic drainage machine<br \/>\n<\/span><\/span><\/li>\n<li><i class=\"sui sui-circle\" style=\"color:#AC8B51\"><\/i> 2 x Extremiter (<span id=\"result_box\" class=\"short_text\" lang=\"en\"><span class=\"hps\">vacuum<\/span> of lower <span class=\"hps\">limbs)<\/span><\/span><\/li>\n<li><i class=\"sui sui-circle\" style=\"color:#AC8B51\"><\/i> 3 x <span id=\"result_box\" class=\"short_text\" lang=\"en\"><span class=\"hps\">oxygen therapy<\/span><\/span><\/li>\n<li><i class=\"sui sui-circle\" style=\"color:#AC8B51\"><\/i> 1 x lower limb whirlpool bath<\/li>\n<li><i class=\"sui sui-circle\" style=\"color:#AC8B51\"><\/i> 1 x <span id=\"result_box\" class=\"short_text\" lang=\"en\"><span class=\"hps\">foot massage<\/span><\/span><\/li>\n<li><i class=\"sui sui-circle\" style=\"color:#AC8B51\"><\/i> <span lang=\"en\"><span class=\"hps\">free use of sauna (dry, steam, infra), whirlpool, also you may use a run track, a fitness bicycle (exercycle) and a stair stepper, which are available in the territory of our spa center\u00a0<\/span><\/span><\/li>\n<li><i class=\"sui sui-circle\" style=\"color:#AC8B51\"><\/i> <span id=\"result_box\" class=\"short_text\" lang=\"en\"><span class=\"hps\">bathrobe<\/span> <span class=\"hps\">and slippers in your room<\/span><\/span><\/li>\n<li><i class=\"sui sui-circle\" style=\"color:#AC8B51\"><\/i> walking excursion in Karlovy Vary for free (every Monday)<\/li>\n<\/ul>\n<\/div>[\/vc_column_text][\/vc_column_inner][vc_column_inner width=&#8221;1\/2&#8243; css=&#8221;.vc_custom_1522138238838{padding-right: 60px !important;}&#8221;][reda_masonry_gallery type=&#8221;custom_masonry&#8221; images=&#8221;3227,3223,3226,3225&#8243; custom_string=&#8221;4,4,4,4&#8243;][\/vc_column_inner][\/vc_row_inner][\/vc_column][\/vc_row][vc_row][vc_column][vc_empty_space height=&#8221;22px&#8221;][\/vc_column][\/vc_row][vc_row][vc_column width=&#8221;1\/3&#8243;][mvc_advanced_button align=&#8221;center&#8221; btn_text=&#8221;GIFT VOUCHER&#8221; btn_block=&#8221;btn_block&#8221; google_fonts=&#8221;font_family:Merriweather%20Sans%3A300%2C300italic%2Cregular%2Citalic%2C700%2C700italic%2C800%2C800italic|font_style:400%20regular%3A400%3Anormal&#8221; btn_url=&#8221;url:https%3A%2F%2Fhotel-kgm.cz%2Fen%2Fleceni-en%2Fdarkove-poukazy-en%2F%23detox&#8221; btn_clr=&#8221;#ffffff&#8221; btn_bg=&#8221;#ac8b51&#8243; btn_hvrclr=&#8221;#ffffff&#8221; btn_hvrbg=&#8221;#714d1f&#8221;][vc_empty_space height=&#8221;12px&#8221;][\/vc_column][vc_column width=&#8221;1\/3&#8243; el_id=&#8221;detoxikacniprogram&#8221;][mvc_advanced_button btn_text=&#8221;BOOK NOW&#8221; btn_block=&#8221;btn_block&#8221; btn_size=&#8221;25&#8243; icon_size=&#8221;28&#8243; google_fonts=&#8221;font_family:Merriweather%20Sans%3A300%2C300italic%2Cregular%2Citalic%2C700%2C700italic%2C800%2C800italic|font_style:700%20bold%20regular%3A700%3Anormal&#8221; btn_icon=&#8221;fas fa-bed&#8221; btn_url=&#8221;url:https%3A%2F%2Fhotel-kgm.cz%2Fen%2Frezervace-2-en%2F&#8221; btn_clr=&#8221;#ffffff&#8221; btn_bg=&#8221;#ac8b51&#8243; btn_hvrclr=&#8221;#ffffff&#8221; btn_hvrbg=&#8221;#714d1f&#8221; classname=&#8221;tlacitko_rezervace&#8221;][vc_empty_space height=&#8221;12px&#8221;][\/vc_column][vc_column width=&#8221;1\/3&#8243;][mvc_advanced_button btn_text=&#8221;CONTACT OPERATOR&#8221; btn_block=&#8221;btn_block&#8221; google_fonts=&#8221;font_family:Merriweather%20Sans%3A300%2C300italic%2Cregular%2Citalic%2C700%2C700italic%2C800%2C800italic|font_style:400%20regular%3A400%3Anormal&#8221; btn_url=&#8221;url:https%3A%2F%2Fhotel-kgm.cz%2Fen%2Fkontakt-en%2F%23obchodni_oddeleni&#8221; btn_clr=&#8221;#ffffff&#8221; btn_bg=&#8221;#ac8b51&#8243; btn_hvrclr=&#8221;#ffffff&#8221; btn_hvrbg=&#8221;#714d1f&#8221;][vc_empty_space height=&#8221;12px&#8221;][\/vc_column][\/vc_row][vc_row][vc_column][vc_empty_space height=&#8221;52px&#8221;][\/vc_column][\/vc_row][vc_row disable_element=&#8221;yes&#8221; overlay_color=&#8221;rgba(0,0,0,0.01)&#8221;][vc_column][vc_column_text]\n<table style=\"border-collapse: collapse; width: 100%; height: 168px;\">\n<tbody>\n<tr style=\"height: 24px;\">\n<td style=\"width: 34.6103%; height: 24px; text-align: center;\"><strong>PRICE LIST (Prices are in EUR, per 1 person\/1 night)<\/strong><\/td>\n<td style=\"width: 14.4503%; height: 24px; text-align: center;\">TOP season:<br \/>\n1.7.-31.10.23<br \/>\n27.12.23-3.1.24<\/td>\n<td style=\"width: 13.4711%; text-align: center; height: 24px;\">Main Season:<br \/>\n14.3.-30.6.23<br \/>\n1.11.-26.12.23<\/td>\n<td style=\"width: 13.1491%; text-align: center; height: 24px;\">OFF season:<br \/>\n4.1-13.3.23<\/td>\n<\/tr>\n<tr style=\"height: 24px;\">\n<td style=\"width: 34.6103%; height: 24px;\"><strong>Single Room<\/strong><\/td>\n<td style=\"width: 14.4503%; text-align: center;\"><strong>110,-<\/strong><\/td>\n<td style=\"width: 13.4711%; text-align: center;\"><strong>101,-<br \/>\n<\/strong><\/td>\n<td style=\"width: 13.1491%; text-align: center;\"><strong>93,-<br \/>\n<\/strong><\/td>\n<\/tr>\n<tr style=\"height: 24px;\">\n<td style=\"width: 34.6103%; height: 24px;\"><strong>Double Room<\/strong><\/td>\n<td style=\"width: 14.4503%; text-align: center;\"><strong>95,-<\/strong><\/td>\n<td style=\"width: 13.4711%; text-align: center;\"><strong>86,-<\/strong><\/td>\n<td style=\"width: 13.1491%; text-align: center;\"><strong>78,-<br \/>\n<\/strong><\/td>\n<\/tr>\n<tr style=\"height: 24px;\">\n<td style=\"width: 34.6103%; height: 24px;\"><strong>Triple Room<\/strong><\/td>\n<td style=\"width: 14.4503%; text-align: center;\"><strong>95,-<\/strong><\/td>\n<td style=\"width: 13.4711%; text-align: center;\"><strong>86,-<\/strong><\/td>\n<td style=\"width: 13.1491%; text-align: center;\"><strong>78,-<br \/>\n<\/strong><\/td>\n<\/tr>\n<tr style=\"height: 24px;\">\n<td style=\"width: 34.6103%; height: 24px;\"><strong>Suite<\/strong><\/td>\n<td style=\"width: 14.4503%; text-align: center;\"><strong>110,-<\/strong><\/td>\n<td style=\"width: 13.4711%; text-align: center;\"><strong>101,-<br \/>\n<\/strong><\/td>\n<td style=\"width: 13.1491%; text-align: center;\"><strong>93,-<br \/>\n<\/strong><\/td>\n<\/tr>\n<tr style=\"height: 24px;\">\n<td style=\"width: 34.6103%; height: 24px;\"><strong>Suite With Bay Windows<\/strong><\/td>\n<td style=\"width: 14.4503%; text-align: center;\"><strong>115,-<\/strong><\/td>\n<td style=\"width: 13.4711%; text-align: center;\"><strong>106,-<br \/>\n<\/strong><\/td>\n<td style=\"width: 13.1491%; text-align: center;\"><strong>98,-<br \/>\n<\/strong><\/td>\n<\/tr>\n<tr style=\"height: 24px;\">\n<td style=\"width: 34.6103%; height: 24px;\"><strong>Apartment Festival<\/strong><\/td>\n<td style=\"width: 14.4503%; text-align: center;\"><strong>95,-<\/strong><\/td>\n<td style=\"width: 13.4711%; text-align: center;\"><strong>86,-<\/strong><\/td>\n<td style=\"width: 13.1491%; text-align: center;\"><strong>78,-<br \/>\n<\/strong><\/td>\n<\/tr>\n<\/tbody>\n<\/table>\n[\/vc_column_text][vc_empty_space height=&#8221;22px&#8221;][\/vc_column][\/vc_row][vc_row disable_element=&#8221;yes&#8221; overlay_color=&#8221;rgba(0,0,0,0.01)&#8221;][vc_column][vc_column_text]<strong>7 NIGHTS CURATIVE STAY<\/strong> \u2013 <strong><em>Not only young girls, but also mature women can make a&nbsp;step to the perfect figure! This offers our new program with new procedures<\/em><\/strong>[\/vc_column_text][\/vc_column][\/vc_row][vc_row disable_element=&#8221;yes&#8221; overlay_color=&#8221;rgba(0,0,0,0.01)&#8221;][vc_column width=&#8221;2\/3&#8243;][vc_column_text]\n<table class=\" alignleft\">\n<tbody>\n<tr>\n<td style=\"text-align: center;\"><strong>PRICES IN EUR<br \/>\n1 person \/ 7 nights<\/strong><\/td>\n<td style=\"text-align: center;\"><strong>15.04.19 \u2013 31.10.19<br \/>\n24.12.19 \u2013 10.01.20<\/strong><\/td>\n<td style=\"text-align: center;\"><strong> 01.11.19 \u2013 23.12.19<br \/>\n11.01.19 \u2013 14.04.19<\/strong><\/td>\n<\/tr>\n<tr>\n<td><strong> Single Room<br \/>\n<\/strong><\/td>\n<td style=\"text-align: center;\"><del> \u20ac 927 <\/del> \/ <strong>\u20ac 742<\/strong><\/td>\n<td style=\"text-align: center;\"><del> \u20ac 647 <\/del> \/ <strong>\u20ac 518<\/strong><\/td>\n<\/tr>\n<tr>\n<td><strong> Double Room<br \/>\n<\/strong><\/td>\n<td style=\"text-align: center;\"><del> \u20ac 770 <\/del> \/ <strong>\u20ac 616<\/strong><\/td>\n<td style=\"text-align: center;\"><del> \u20ac 586 <\/del> \/ <strong>\u20ac 469<\/strong><\/td>\n<\/tr>\n<tr>\n<td><strong> Triple Room<\/strong><\/td>\n<td style=\"text-align: center;\"><del> \u20ac 770 <\/del> \/ <strong>\u20ac 616<\/strong><\/td>\n<td style=\"text-align: center;\"><del> \u20ac 586 <\/del> \/ <strong>\u20ac 469<\/strong><\/td>\n<\/tr>\n<tr>\n<td><strong> Apartment<\/strong><\/td>\n<td style=\"text-align: center;\"><del> \u20ac 953 <\/del> \/ <strong>\u20ac 763<\/strong><\/td>\n<td style=\"text-align: center;\"><del> \u20ac 691 <\/del> \/ <strong>\u20ac 553<\/strong><\/td>\n<\/tr>\n<tr>\n<td><strong><b> Apartment With Bay Windows<\/b><\/strong><\/td>\n<td style=\"text-align: center;\"><del> \u20ac 1006 <\/del><strong> \/ \u20ac 805<\/strong><\/td>\n<td style=\"text-align: center;\"><del> \u20ac 726 <\/del><strong> \/ \u20ac 581<\/strong><\/td>\n<\/tr>\n<tr>\n<td style=\"text-align: center;\" colspan=\"3\"><strong> Pobyt jedn\u00e9 osoby v&nbsp;DBL nebo APT \u2013 doplatek 40%<\/strong><\/td>\n<\/tr>\n<\/tbody>\n<\/table>\n[\/vc_column_text][\/vc_column][vc_column width=&#8221;1\/3&#8243;][vc_column_text]<strong>Along with your treatment program we recommend the use of several attractive and enjoyable procedures, such as: <\/strong>Aromatherapy Massage \u25cf Ayurveda Massage \u25cf Reiki \u25cf Seashell Massage etc.<\/p>\n<p><strong>Hotel services: cosmetics<\/strong> \u2013 nature and medical <span id=\"result_box\" class=\"short_text\" lang=\"en\"><span class=\"hps\">cosmetics<\/span><\/span><span id=\"result_box\" class=\"short_text\" lang=\"en\"><\/span>[\/vc_column_text][\/vc_column][\/vc_row][vc_row][vc_column][vc_raw_html]JTVCeHl6LWlocyUyMHNuaXBwZXQlM0QlMjJsZWNlbmluYWJpZGthRU4lMjIlNUQ=[\/vc_raw_html][\/vc_column][\/vc_row]\n<\/div>","protected":false},"excerpt":{"rendered":"<p>[vc_row full_width=&#8221;stretch_row&#8221; parallax=&#8221;content-moving&#8221; parallax_image=&#8221;11985&#8243; overlay_color=&#8221;rgba(0,0,0,0.01)&#8221; css=&#8221;.vc_custom_1688992939094{padding-top: 300px !important;padding-bottom: 500px !important;}&#8221;][vc_column][\/vc_column][\/vc_row][vc_row  [&#8230;]<\/p>\n","protected":false},"author":1,"featured_media":0,"parent":5036,"menu_order":0,"comment_status":"closed","ping_status":"closed","template":"","meta":{"iawp_total_views":373,"footnotes":""},"class_list":["post-12055","page","type-page","status-publish","hentry"],"aioseo_notices":[],"_links":{"self":[{"href":"https:\/\/hotel-kgm.cz\/en\/wp-json\/wp\/v2\/pages\/12055","targetHints":{"allow":["GET"]}}],"collection":[{"href":"https:\/\/hotel-kgm.cz\/en\/wp-json\/wp\/v2\/pages"}],"about":[{"href":"https:\/\/hotel-kgm.cz\/en\/wp-json\/wp\/v2\/types\/page"}],"author":[{"embeddable":true,"href":"https:\/\/hotel-kgm.cz\/en\/wp-json\/wp\/v2\/users\/1"}],"replies":[{"embeddable":true,"href":"https:\/\/hotel-kgm.cz\/en\/wp-json\/wp\/v2\/comments?post=12055"}],"version-history":[{"count":20,"href":"https:\/\/hotel-kgm.cz\/en\/wp-json\/wp\/v2\/pages\/12055\/revisions"}],"predecessor-version":[{"id":39118,"href":"https:\/\/hotel-kgm.cz\/en\/wp-json\/wp\/v2\/pages\/12055\/revisions\/39118"}],"up":[{"embeddable":true,"href":"https:\/\/hotel-kgm.cz\/en\/wp-json\/wp\/v2\/pages\/5036"}],"wp:attachment":[{"href":"https:\/\/hotel-kgm.cz\/en\/wp-json\/wp\/v2\/media?parent=12055"}],"curies":[{"name":"wp","href":"https:\/\/api.w.org\/{rel}","templated":true}]}}