{"id":12059,"date":"2018-07-08T11:55:30","date_gmt":"2018-07-08T09:55:30","guid":{"rendered":"https:\/\/hotel-kgm.cz\/?page_id=12059"},"modified":"2026-03-20T10:28:46","modified_gmt":"2026-03-20T09:28:46","slug":"komplexni-karlovarska-lazenska-lecba-en","status":"publish","type":"page","link":"https:\/\/hotel-kgm.cz\/en\/leceni-en\/lazenske-pobyty-en\/komplexni-karlovarska-lazenska-lecba-en\/","title":{"rendered":"Comprehensive Carlsbad Spa Treatment"},"content":{"rendered":"<div class=\"wpb-content-wrapper\">[vc_row full_width=&#8221;stretch_row&#8221; parallax=&#8221;content-moving&#8221; parallax_image=&#8221;28525&#8243; overlay_color=&#8221;rgba(0,0,0,0.01)&#8221; css=&#8221;.vc_custom_1688930972007{padding-top: 300px !important;padding-bottom: 500px !important;}&#8221;][vc_column][\/vc_column][\/vc_row][vc_row full_width=&#8221;stretch_row&#8221; equal_height=&#8221;yes&#8221; overlay_color=&#8221;rgba(0,0,0,0.01)&#8221; css=&#8221;.vc_custom_1688932954332{padding-top: 20px !important;}&#8221;][vc_column][vc_row_inner content_placement=&#8221;middle&#8221;][vc_column_inner css=&#8221;.vc_custom_1525718376414{padding-top: 18px !important;}&#8221;][vc_column_text]<strong><span style=\"color: #ac8b51;\">KARLSBAD GRANDE MADONNA <em>&amp;<\/em> FESTIVAL Apartments \u2013 KARLOVY VARY<\/span><\/strong><\/p>\n<h2><strong><span style=\"font-size: 36pt;\">Comprehensive Carlsbad Spa Treatment<\/span><\/strong><\/h2>\n[\/vc_column_text][\/vc_column_inner][\/vc_row_inner][vc_separator color=&#8221;chino&#8221; align=&#8221;align_left&#8221; border_width=&#8221;2&#8243;][\/vc_column][\/vc_row][vc_row overlay_color=&#8221;rgba(0,0,0,0.01)&#8221;][vc_column][vc_column_text css=&#8221;&#8221;]\n<h3 class=\"toggle-title\">This treatment includes:<\/h3>\n[\/vc_column_text][vc_row_inner][vc_column_inner width=&#8221;1\/2&#8243;][vc_column_text css=&#8221;&#8221;]<div class=\"su-list\" style=\"margin-left:0px\">\n<ul>\n<li><i class=\"sui sui-circle\" style=\"color:#AC8B51\"><\/i> <span style=\"text-decoration: underline;\"><a title=\"Pokoje AURA PALACE\" href=\"https:\/\/hotel-kgm.cz\/en\/pokoje-en\/\"><strong><span id=\"result_box\" class=\"short_text\" lang=\"en\"><span class=\"hps\">ACCOMMODATION<\/span><\/span><\/strong><\/a> <\/span>(Minimum stay is 6 nights\/7 days, optimal 2-4 weeks)<\/li>\n<li><i class=\"sui sui-circle\" style=\"color:#AC8B51\"><\/i> <span style=\"text-decoration: underline;\"><a title=\"Pokoje AURA PALACE\" href=\"https:\/\/hotel-kgm.cz\/en\/restaurace-en\/grand-restaurant-en\/#bufet\"><strong>HALF BOARD<\/strong><\/a><\/span> (HB) includes breakfast and, at the guest&#8217;s choice, lunch or dinner. Everything is served in the form of a hot and cold buffet.<\/li>\n<li><i class=\"sui sui-circle\" style=\"color:#AC8B51\"><\/i> Meals include dietary and vegetarian food<\/li>\n<li><i class=\"sui sui-circle\" style=\"color:#AC8B51\"><\/i> Initial medical examination with prescription of procedures<\/li>\n<li><i class=\"sui sui-circle\" style=\"color:#AC8B51\"><\/i> Prescription of Karlovy Vary mineral water by a doctor<\/li>\n<li><i class=\"sui sui-circle\" style=\"color:#AC8B51\"><\/i> Laboratory tests as indicated by the doctor and exit medical examination (for stays of 7 nights or longer)<\/li>\n<li><i class=\"sui sui-circle\" style=\"color:#AC8B51\"><\/i> <strong>18 <span style=\"text-decoration: underline;\"><a href=\"https:\/\/hotel-kgm.cz\/en\/leceni-en\/lazenske-procedury-en\/\">TREATMENTS<\/a><\/span> <\/strong>per week according to doctor&#8217;s prescription<br \/>\n(i.e. 6 nights\/7 days = 15 treatments incl. Hil Terapy)<br \/>\n(i.e. 7 nights\/8 days = 18 treatments incl. Hil Terapy)<\/li>\n<\/ul>\n<\/div>[\/vc_column_text][vc_column_text css=&#8221;&#8221;]<strong>Plus Free<\/strong><\/p>\n<div class=\"su-list\" style=\"margin-left:0px\">\n<ul>\n<li><i class=\"sui sui-circle\" style=\"color:#AC8B51\"><\/i> Access to wellness facilities (whirlpool, 3 saunas, fitness equipment)<\/li>\n<li><i class=\"sui sui-circle\" style=\"color:#AC8B51\"><\/i> Bathrobe, slippers, and umbrella for the duration of your stay<\/li>\n<li><i class=\"sui sui-circle\" style=\"color:#AC8B51\"><\/i> 1x 2-hour admission to the <a href=\"https:\/\/www.karlovyvary.cz\/en\/elisabeth-spa-0\" target=\"_blank\" rel=\"noopener\">Al\u017eb\u011btiny l\u00e1zn\u011b<\/a> pool complex, CENTRAL CITY SPA, Smetanovy sady 11445\/1<\/li>\n<\/ul>\n<\/div>[\/vc_column_text][\/vc_column_inner][vc_column_inner width=&#8221;1\/2&#8243; css=&#8221;.vc_custom_1522138238838{padding-right: 60px !important;}&#8221;][vc_gallery interval=&#8221;3&#8243; images=&#8221;13456,13461,13471,13476&#8243; img_size=&#8221;1200&#215;700&#8243; onclick=&#8221;&#8221;][\/vc_column_inner][\/vc_row_inner][\/vc_column][\/vc_row][vc_row disable_element=&#8221;yes&#8221; overlay_color=&#8221;rgba(0,0,0,0.01)&#8221;][vc_column css=&#8221;.vc_custom_1641139964101{background-color: #138dd2 !important;}&#8221;][vc_raw_html]JTVCeHl6LWlocyUyMHNuaXBwZXQlM0QlMjJMYXpuZUVOJTIyJTVE[\/vc_raw_html][vc_empty_space height=&#8221;25px&#8221;][vc_column_text]\n<p style=\"text-align: center;\"><span style=\"font-size: 18px; color: #ffffff;\"><strong>1x Vstup na 2 hodiny do baz\u00e9nov\u00e9ho komplexu <span style=\"text-decoration: underline;\"><a style=\"color: #ffffff; text-decoration: underline;\" href=\"https:\/\/www.karlovyvary.cz\/cs\/alzbetiny-lazne-1\" target=\"_blank\" rel=\"noopener noreferrer\">Al\u017eb\u011btiny l\u00e1zn\u011b<\/a><\/span> (CENTR\u00c1LN\u00cd M\u011aSTSK\u00c9 L\u00c1ZN\u011a, Smetanovy sady 1145\/1)<br \/>\n<\/strong><\/span><\/p>\n[\/vc_column_text][\/vc_column][\/vc_row][vc_row][vc_column][vc_empty_space height=&#8221;22px&#8221;][\/vc_column][\/vc_row][vc_row][vc_column width=&#8221;1\/3&#8243;][mvc_advanced_button align=&#8221;center&#8221; btn_text=&#8221;GIFT VOUCHER&#8221; btn_block=&#8221;btn_block&#8221; google_fonts=&#8221;font_family:Merriweather%20Sans%3A300%2C300italic%2Cregular%2Citalic%2C700%2C700italic%2C800%2C800italic|font_style:400%20regular%3A400%3Anormal&#8221; btn_url=&#8221;url:https%3A%2F%2Fhotel-kgm.cz%2Fen%2Fleceni-en%2Fdarkove-poukazy-en%2F%23kkl&#8221; btn_clr=&#8221;#ffffff&#8221; btn_bg=&#8221;#ac8b51&#8243; btn_hvrclr=&#8221;#ffffff&#8221; btn_hvrbg=&#8221;#714d1f&#8221;][vc_empty_space height=&#8221;12px&#8221;][\/vc_column][vc_column width=&#8221;1\/3&#8243; el_id=&#8221;kkl&#8221;][mvc_advanced_button btn_text=&#8221;BOOK NOW&#8221; btn_block=&#8221;btn_block&#8221; btn_size=&#8221;25&#8243; icon_size=&#8221;28&#8243; google_fonts=&#8221;font_family:Merriweather%20Sans%3A300%2C300italic%2Cregular%2Citalic%2C700%2C700italic%2C800%2C800italic|font_style:700%20bold%20regular%3A700%3Anormal&#8221; btn_icon=&#8221;fas fa-bed&#8221; btn_clr=&#8221;#ffffff&#8221; btn_bg=&#8221;#ac8b51&#8243; btn_hvrclr=&#8221;#ffffff&#8221; btn_hvrbg=&#8221;#714d1f&#8221; classname=&#8221;tlacitko_rezervace&#8221;][vc_empty_space height=&#8221;12px&#8221;][\/vc_column][vc_column width=&#8221;1\/3&#8243;][mvc_advanced_button btn_text=&#8221;CONTACT OPERATOR&#8221; btn_block=&#8221;btn_block&#8221; google_fonts=&#8221;font_family:Merriweather%20Sans%3A300%2C300italic%2Cregular%2Citalic%2C700%2C700italic%2C800%2C800italic|font_style:400%20regular%3A400%3Anormal&#8221; btn_url=&#8221;url:https%3A%2F%2Fhotel-kgm.cz%2Fen%2Fkontakt-en%2F%23obchodni_oddeleni&#8221; btn_clr=&#8221;#ffffff&#8221; btn_bg=&#8221;#ac8b51&#8243; btn_hvrclr=&#8221;#ffffff&#8221; btn_hvrbg=&#8221;#714d1f&#8221;][vc_empty_space height=&#8221;12px&#8221;][\/vc_column][\/vc_row][vc_row][vc_column][vc_empty_space height=&#8221;52px&#8221;][\/vc_column][\/vc_row][vc_row][vc_column width=&#8221;1\/2&#8243;][vc_column_text]<strong>THE COMPREHENSIVE CARLSBAD SPA TREATMENT<\/strong> is the most effective way to detox the body and Carlsbad detox products can now be purchased easily.<\/p>\n<p>Guaranteed to cleanse the body with long-term curative effects on the digestive tract and metabolism, these products also boost the immune system. Not only do these curative effects guarantee internal improvements, but they will be also manifest in the improvement of skin health and color, increased optimism, and positive moods. Also lab results for each individual will show a&nbsp;shift towards an objective standard of optimum values.[\/vc_column_text][\/vc_column][vc_column width=&#8221;1\/2&#8243;][vc_column_text]<strong>KARLSBAD GRANDE MADONNA &amp; WELLNESS HOTEL <\/strong><span lang=\"en-US\">is a&nbsp;certified private medical facility that specializes in comprehensive spa treatment using natural Carlsbad thermal mineral springs, peat, bogs, and mud from local resources Slavkov Forest. The effectiveness of therapeutic baths has been proven by six centuries of use, from the time of The King Charles IV till today.<\/span><\/p>\n<p>Hotel<strong> KARLSBAD GRANDE MADONNA<\/strong> owns special access to mineral water from the richest spring <strong>V\u0159\u00eddlo<\/strong> for use in its own in-house spa facilities.<\/p>\n<p>However The most important part of Carlsbad treatment is theineral water from the richest spring <a href=\"https:\/\/hotel-kgm.cz\/en\/leceni-en\/komplexni-lazenska-lecba-en\/#prameny\"><strong>drinking cure<\/strong><\/a>.<\/p>\n<p>Other significant elements of the <a href=\"https:\/\/hotel-kgm.cz\/en\/leceni-en\/lazenske-procedury-en\/\"><strong>Spa Treatments<\/strong><\/a> are alternative methods of treatment and a&nbsp;<a href=\"https:\/\/hotel-kgm.cz\/en\/restaurace-en\/grand-restaurant-en\/\"><strong>dietary regimen<\/strong><\/a>.[\/vc_column_text][\/vc_column][\/vc_row][vc_row full_width=&#8221;stretch_row&#8221; equal_height=&#8221;yes&#8221; overlay_color=&#8221;rgba(0,0,0,0.01)&#8221; css=&#8221;.vc_custom_1511302591026{padding-top: 20px !important;padding-bottom: 30px !important;}&#8221;][vc_column][vc_row_inner content_placement=&#8221;middle&#8221;][vc_column_inner width=&#8221;3\/4&#8243; css=&#8221;.vc_custom_1525718376414{padding-top: 18px !important;}&#8221;][vc_column_text]<strong><span style=\"color: #ac8b51;\">KARLSBAD GRANDE MADONNA <em>&amp;<\/em> FESTIVAL Apartments \u2013 KARLOVY VARY<\/span><\/strong><\/p>\n<h2><span style=\"font-size: 36pt;\">The length of carlsbad spa treatment<\/span><\/h2>\n[\/vc_column_text][\/vc_column_inner][vc_column_inner width=&#8221;1\/4&#8243; css=&#8221;.vc_custom_1662197981720{padding-top: 38px !important;}&#8221;][vc_column_text]<img decoding=\"async\" class=\"wp-image-9041 size-medium alignnone\" src=\"https:\/\/hotel-kgm.cz\/wp-content\/uploads\/s_andelskou_peci_pruhledne_en-300x44.png\" alt=\"\" width=\"300\" height=\"44\" srcset=\"https:\/\/hotel-kgm.cz\/wp-content\/uploads\/s_andelskou_peci_pruhledne_en-300x44.png 300w, https:\/\/hotel-kgm.cz\/wp-content\/uploads\/s_andelskou_peci_pruhledne_en-768x113.png 768w, https:\/\/hotel-kgm.cz\/wp-content\/uploads\/s_andelskou_peci_pruhledne_en.png 911w\" sizes=\"(max-width: 300px) 100vw, 300px\" \/>[\/vc_column_text][\/vc_column_inner][\/vc_row_inner][vc_separator color=&#8221;chino&#8221; align=&#8221;align_left&#8221; border_width=&#8221;2&#8243;][\/vc_column][\/vc_row][vc_row][vc_column][vc_empty_space][\/vc_column][\/vc_row][vc_row][vc_column width=&#8221;2\/3&#8243;][vc_row_inner][vc_column_inner width=&#8221;1\/4&#8243;][vc_single_image image=&#8221;3180&#8243; img_size=&#8221;full&#8221;][\/vc_column_inner][vc_column_inner width=&#8221;3\/4&#8243;][vc_column_text]<strong>21 \u2013 30 days<\/strong>: <span lang=\"en-US\">3 \u2013 4 weeks of Comprehensive Carlsbad Spa Treatment is the optimal length for maximum positive effects on the whole body. You will notice these effects for yourself, but confirmation comes from objective laboratory test results that will be carried out regularly to shift various biological indicators towards optimal levels. These tests are performed at the beginning and end of the spa treatment to demonstrate the impact of the treatment.<\/span>[\/vc_column_text][\/vc_column_inner][\/vc_row_inner][vc_row_inner][vc_column_inner width=&#8221;1\/4&#8243;][vc_single_image image=&#8221;3181&#8243; img_size=&#8221;full&#8221;][\/vc_column_inner][vc_column_inner width=&#8221;3\/4&#8243;][vc_column_text]<strong>14 \u2013 days<\/strong>: <span lang=\"en-US\">2 weeks of Comprehensive Carlsbad Spa Treatment is also a&nbsp;very effective duration of treatment with positive curative effects which will be noticeable. Even with this shorter duration the effects will persist for several months after the treatment period. It is the most demanded and implemented treatment length, and it allows you to be both fully rested and actually feel the beneficial effects of the spa treatment. <\/span>[\/vc_column_text][\/vc_column_inner][\/vc_row_inner][vc_row_inner][vc_column_inner width=&#8221;1\/4&#8243;][vc_single_image image=&#8221;3182&#8243; img_size=&#8221;full&#8221;][\/vc_column_inner][vc_column_inner width=&#8221;3\/4&#8243;][vc_column_text]<strong>7 \u2013 days<\/strong>: <span lang=\"en-US\">1 week of Comprehensive Carlsbad Spa Treatment Is the so-called Spa Stay Test, when the body passes through the entrance and acclimatization phase. After finishing the 7 \u2013 day treatment, you will feel reinvigorated as a&nbsp;result of being well rested and cleansed of fatigue and stress. You will experience how effective the treatment can be, and probably realize that you deserve to repeat or extend it to achieve the optimal long-term curative effect.<\/span>[\/vc_column_text][\/vc_column_inner][\/vc_row_inner][\/vc_column][vc_column width=&#8221;1\/3&#8243;][vc_single_image image=&#8221;3187&#8243; img_size=&#8221;full&#8221; style=&#8221;vc_box_outline&#8221;][\/vc_column][\/vc_row][vc_row][vc_column][vc_empty_space][\/vc_column][\/vc_row][vc_row][vc_column][vc_raw_html]JTVCeHl6LWlocyUyMHNuaXBwZXQlM0QlMjJsZWNlbmluYWJpZGthRU4lMjIlNUQ=[\/vc_raw_html][\/vc_column][\/vc_row]\n<\/div>","protected":false},"excerpt":{"rendered":"<p>[vc_row full_width=&#8221;stretch_row&#8221; parallax=&#8221;content-moving&#8221; parallax_image=&#8221;28525&#8243; overlay_color=&#8221;rgba(0,0,0,0.01)&#8221; css=&#8221;.vc_custom_1688930972007{padding-top: 300px !important;padding-bottom: 500px !important;}&#8221;][vc_column][\/vc_column][\/vc_row][vc_row  [&#8230;]<\/p>\n","protected":false},"author":1,"featured_media":0,"parent":5036,"menu_order":0,"comment_status":"closed","ping_status":"closed","template":"","meta":{"iawp_total_views":606,"footnotes":""},"class_list":["post-12059","page","type-page","status-publish","hentry"],"aioseo_notices":[],"_links":{"self":[{"href":"https:\/\/hotel-kgm.cz\/en\/wp-json\/wp\/v2\/pages\/12059","targetHints":{"allow":["GET"]}}],"collection":[{"href":"https:\/\/hotel-kgm.cz\/en\/wp-json\/wp\/v2\/pages"}],"about":[{"href":"https:\/\/hotel-kgm.cz\/en\/wp-json\/wp\/v2\/types\/page"}],"author":[{"embeddable":true,"href":"https:\/\/hotel-kgm.cz\/en\/wp-json\/wp\/v2\/users\/1"}],"replies":[{"embeddable":true,"href":"https:\/\/hotel-kgm.cz\/en\/wp-json\/wp\/v2\/comments?post=12059"}],"version-history":[{"count":45,"href":"https:\/\/hotel-kgm.cz\/en\/wp-json\/wp\/v2\/pages\/12059\/revisions"}],"predecessor-version":[{"id":45626,"href":"https:\/\/hotel-kgm.cz\/en\/wp-json\/wp\/v2\/pages\/12059\/revisions\/45626"}],"up":[{"embeddable":true,"href":"https:\/\/hotel-kgm.cz\/en\/wp-json\/wp\/v2\/pages\/5036"}],"wp:attachment":[{"href":"https:\/\/hotel-kgm.cz\/en\/wp-json\/wp\/v2\/media?parent=12059"}],"curies":[{"name":"wp","href":"https:\/\/api.w.org\/{rel}","templated":true}]}}