{"id":28804,"date":"2022-12-02T19:21:00","date_gmt":"2022-12-02T18:21:00","guid":{"rendered":"https:\/\/hotel-kgm.cz\/?page_id=28804"},"modified":"2026-01-09T11:50:50","modified_gmt":"2026-01-09T10:50:50","slug":"darkovy-poukaz-en","status":"publish","type":"page","link":"https:\/\/hotel-kgm.cz\/en\/restaurace-en\/restaurace-u-krizovniku-en\/darkovy-poukaz-en\/","title":{"rendered":"Gift voucher to the U&nbsp;K\u0159\u00ed\u017eovn\u00edk\u016f Restaurant in Karlovy Vary"},"content":{"rendered":"<div class=\"wpb-content-wrapper\">[vc_row full_width=&#8221;stretch_row&#8221; equal_height=&#8221;yes&#8221; overlay_color=&#8221;rgba(0,0,0,0.01)&#8221; css=&#8221;.vc_custom_1655045396833{padding-top: 20px !important;padding-bottom: 30px !important;background-image: url(https:\/\/hotel-kgm.cz\/wp-content\/uploads\/gobelin3.jpg?id=3653) !important;}&#8221;][vc_column offset=&#8221;vc_hidden-sm vc_hidden-xs&#8221;][vc_row_inner content_placement=&#8221;middle&#8221;][vc_column_inner width=&#8221;5\/6&#8243;][vc_empty_space height=&#8221;22px&#8221;][vc_column_text]\n<h1><em><span style=\"font-size: 52px;\">Gift voucher to the U&nbsp;K\u0159\u00ed\u017eovn\u00edk\u016f Restaurant in Karlovy Vary<\/span><\/em><\/h1>\n[\/vc_column_text][\/vc_column_inner][vc_column_inner width=&#8221;1\/6&#8243;][vc_column_text]\n<h1><img decoding=\"async\" class=\"size-full wp-image-2507 aligncenter\" src=\"https:\/\/hotel-kgm.cz\/wp-content\/uploads\/andel_maly7.png\" alt=\"\" width=\"180\" height=\"261\" \/><\/h1>\n[\/vc_column_text][\/vc_column_inner][\/vc_row_inner][\/vc_column][\/vc_row][vc_row full_width=&#8221;stretch_row&#8221; equal_height=&#8221;yes&#8221; overlay_color=&#8221;rgba(0,0,0,0.01)&#8221; css=&#8221;.vc_custom_1720945475031{padding-bottom: 30px !important;background-image: url(https:\/\/hotel-kgm.cz\/wp-content\/uploads\/gobelin3.jpg?id=3653) !important;}&#8221;][vc_column offset=&#8221;vc_hidden-lg vc_hidden-md&#8221;][vc_row_inner content_placement=&#8221;middle&#8221;][vc_column_inner][vc_column_text css=&#8221;&#8221;]\n<h2>Gift voucher to the U&nbsp;K\u0159\u00ed\u017eovn\u00edk\u016f Restaurant in Karlovy Vary<\/h2>\n[\/vc_column_text][\/vc_column_inner][\/vc_row_inner][\/vc_column][\/vc_row][vc_row overlay_color=&#8221;rgba(0,0,0,0.01)&#8221; css=&#8221;.vc_custom_1732719279369{background-color: #ffffff !important;}&#8221;][vc_column][vc_empty_space height=&#8221;15px&#8221;][vc_empty_space height=&#8221;15px&#8221;][vc_row_inner][vc_column_inner width=&#8221;1\/3&#8243; css=&#8221;.vc_custom_1581340277791{margin-left: 20px !important;}&#8221;][vc_empty_space height=&#8221;5px&#8221;][vc_single_image image=&#8221;20204&#8243; img_size=&#8221;full&#8221; alignment=&#8221;center&#8221; onclick=&#8221;img_link_large&#8221;][\/vc_column_inner][vc_column_inner width=&#8221;2\/3&#8243; css=&#8221;.vc_custom_1581340174859{margin-right: 20px !important;}&#8221;][vc_single_image image=&#8221;20212&#8243; img_size=&#8221;full&#8221;][vc_column_text css=&#8221;&#8221;]<span style=\"font-size: 15pt;\">A pleasant time spent with good food and drink in the original environment of the U&nbsp;K\u0159\u00ed\u017eovn\u00edk\u016f restaurant is a&nbsp;gift that will make your loved ones happy.<\/span><\/p>\n<p><span style=\"font-size: 15pt;\">Gift vouchers worth 500,- or 1000,- CZK will allow the recipient to enjoy any dish or drink from the menu.<\/span><\/p>\n<p><span style=\"font-size: 15pt;\">The vouchers can be purchased through the Online form or in person at the restaurant U&nbsp;K\u0159\u00ed\u017eovn\u00edk\u016f.<\/span>[\/vc_column_text][vc_column_text css=&#8221;&#8221;]\n<div class=\"entry-content\"><strong>Conditions for redeeming vouchers:<\/strong><\/div>\n<ul>\n<li>vouchers are valid for 12 months from the date of purchase<\/li>\n<li>the restaurant only accepts a&nbsp;voucher containing the date of sale, signature and restaurant stamp<\/li>\n<li>each voucher can only be used for one transaction<\/li>\n<\/ul>\n[\/vc_column_text][\/vc_column_inner][\/vc_row_inner][\/vc_column][\/vc_row][vc_row][vc_column][vc_empty_space height=&#8221;40px&#8221;][\/vc_column][\/vc_row][vc_row full_width=&#8221;stretch_row&#8221; equal_height=&#8221;yes&#8221; overlay_color=&#8221;rgba(0,0,0,0.01)&#8221; css=&#8221;.vc_custom_1511302591026{padding-top: 20px !important;padding-bottom: 30px !important;}&#8221;][vc_column][vc_row_inner content_placement=&#8221;middle&#8221;][vc_column_inner css=&#8221;.vc_custom_1525718376414{padding-top: 18px !important;}&#8221;][vc_column_text css=&#8221;&#8221;]<strong><span style=\"color: #ac8b51;\">Restaurant U&nbsp;K\u0159\u00ed\u017eovn\u00edk\u016f \u2013 KARLOVY VARY<\/span><\/strong><\/p>\n<h2><span style=\"font-size: 36pt;\">Get The Voucher<\/span><\/h2>\n[\/vc_column_text][\/vc_column_inner][\/vc_row_inner][vc_separator color=&#8221;chino&#8221; align=&#8221;align_left&#8221; border_width=&#8221;2&#8243;][\/vc_column][\/vc_row][vc_row][vc_column][vc_column_text]\n<div class=\"caldera-grid\" id=\"caldera_form_1\" data-cf-ver=\"1.9.7\" data-cf-form-id=\"CF638a41483c6ae\"><div id=\"caldera_notices_1\" data-spinner=\"https:\/\/hotel-kgm.cz\/wp-admin\/images\/spinner.gif\"><\/div><form data-instance=\"1\" class=\"CF638a41483c6ae caldera_forms_form cfajax-trigger\" method=\"POST\" enctype=\"multipart\/form-data\" id=\"CF638a41483c6ae_1\" data-form-id=\"CF638a41483c6ae\" aria-label=\"Darkovy poukaz - U Krizovniku EN\" data-target=\"#caldera_notices_1\" data-template=\"#cfajax_CF638a41483c6ae-tmpl\" data-cfajax=\"CF638a41483c6ae\" data-load-element=\"_parent\" data-load-class=\"cf_processing\" data-post-disable=\"0\" data-action=\"cf_process_ajax_submit\" data-request=\"https:\/\/hotel-kgm.cz\/en\/\/cf-api\/CF638a41483c6ae\" data-hiderows=\"true\">\r\n<input type=\"hidden\" id=\"_cf_verify_CF638a41483c6ae\" name=\"_cf_verify\" value=\"27ce7ea08c\"  data-nonce-time=\"1776905422\" \/><input type=\"hidden\" name=\"_wp_http_referer\" value=\"\/en\/wp-json\/wp\/v2\/pages\/28804\" \/><div id=\"cf2-CF638a41483c6ae_1\"><\/div><input type=\"hidden\" name=\"_cf_frm_id\" value=\"CF638a41483c6ae\">\r\n<input type=\"hidden\" name=\"_cf_frm_ct\" value=\"1\">\r\n<input type=\"hidden\" name=\"cfajax\" value=\"CF638a41483c6ae\">\r\n<input type=\"hidden\" name=\"_cf_cr_pst\" value=\"28804\">\r\n<div class=\"hide\" style=\"display:none; overflow:hidden;height:0;width:0;\">\r\n<label>Order Number<\/label><input type=\"text\" name=\"order_number\" value=\"\" autocomplete=\"off\">\r\n<\/div><div id=\"CF638a41483c6ae_1-row-1\"  class=\"row  first_row\"><div  class=\"col-sm-4  first_col\"><div data-field-wrapper=\"fld_8768091\" class=\"form-group\" id=\"fld_8768091_1-wrap\">\r\n\t<label id=\"fld_8768091Label\" for=\"fld_8768091_1\" class=\"control-label\">Name <span aria-hidden=\"true\" role=\"presentation\" class=\"field_required\" style=\"color:#ee0000;\">*<\/span><\/label>\r\n\t<div class=\"\">\r\n\t\t<input   required type=\"text\" data-field=\"fld_8768091\" class=\" form-control\" id=\"fld_8768091_1\" name=\"fld_8768091\" value=\"\" data-type=\"text\" aria-required=\"true\"   aria-labelledby=\"fld_8768091Label\" >\t\t\t<\/div>\r\n<\/div>\r\n<\/div><div  class=\"col-sm-4 \"><div data-field-wrapper=\"fld_9970286\" class=\"form-group\" id=\"fld_9970286_1-wrap\">\r\n\t<label id=\"fld_9970286Label\" for=\"fld_9970286_1\" class=\"control-label\">Surname<\/label>\r\n\t<div class=\"\">\r\n\t\t<input    type=\"text\" data-field=\"fld_9970286\" class=\" form-control\" id=\"fld_9970286_1\" name=\"fld_9970286\" value=\"\" data-type=\"text\"   aria-labelledby=\"fld_9970286Label\" >\t\t\t<\/div>\r\n<\/div>\r\n<\/div><div  class=\"col-sm-4  last_col\"><div data-field-wrapper=\"fld_2405008\" class=\"form-group\" id=\"fld_2405008_1-wrap\">\r\n\t<label id=\"fld_2405008Label\" for=\"fld_2405008_1\" class=\"control-label\">E-mail <span aria-hidden=\"true\" role=\"presentation\" class=\"field_required\" style=\"color:#ee0000;\">*<\/span><\/label>\r\n\t<div class=\"\">\r\n\t\t<input   required type=\"email\" data-field=\"fld_2405008\" class=\" form-control\" id=\"fld_2405008_1\" name=\"fld_2405008\" value=\"\" data-type=\"email\" aria-required=\"true\"   aria-labelledby=\"fld_2405008Label\" >\t\t\t<\/div>\r\n<\/div>\r\n<\/div><\/div><div id=\"CF638a41483c6ae_1-row-2\"  class=\"row \"><div  class=\"col-sm-4  first_col\"><div data-field-wrapper=\"fld_1277149\" class=\"form-group\" id=\"fld_1277149_1-wrap\">\r\n\t<label id=\"fld_1277149Label\" for=\"fld_1277149_1\" class=\"control-label\">Phone<\/label>\r\n\t<div class=\"\">\r\n\t\t<input  data-inputmask=\"'mask': '(999)999-999-999'\"   type=\"phone\" data-field=\"fld_1277149\" class=\" form-control\" id=\"fld_1277149_1\" name=\"fld_1277149\" value=\"\" data-type=\"phone\"   aria-labelledby=\"fld_1277149Label\" >\t\t\t<\/div>\r\n<\/div>\r\n<\/div><div  class=\"col-sm-4 \"><div data-field-wrapper=\"fld_3237628\" class=\"form-group\" id=\"fld_3237628_1-wrap\">\r\n\t<label id=\"fld_3237628Label\" for=\"fld_3237628_1\" class=\"control-label\">Method of delivery of the Voucher <span aria-hidden=\"true\" role=\"presentation\" class=\"field_required\" style=\"color:#ee0000;\">*<\/span><\/label>\r\n\t<div class=\"\">\r\n\t\t<select name=\"fld_3237628\" value=\"\" data-field=\"fld_3237628\" class=\"form-control\" id=\"fld_3237628_1\"  required=\"required\"  aria-labelledby=\"fld_3237628Label\" >\n\t\t<option value=\"\" disabled selected>Select the delivery method<\/option>\t\t\t\t\t<option value=\"Electronically by e-mail\"  data-calc-value=\"Electronically by e-mail\" >\n\t\t\t\t\t\tElectronically by e-mail\t\t\t\t\t<\/option>\n\t\t\t\t\t\t\t<\/select>\n\t\t\t<\/div>\r\n<\/div>\r\n<span class=\"caldera-forms-conditional-field\" role=\"region\" aria-live=\"polite\" id=\"conditional_fld_8272071_1\" data-field-id=\"fld_8272071_1\"><\/span><\/div><div  class=\"col-sm-4  last_col\"><div data-field-wrapper=\"fld_6987767\" class=\"form-group\" id=\"fld_6987767_1-wrap\">\r\n\t<label id=\"fld_6987767Label\" for=\"fld_6987767_1\" class=\"control-label\">Gift voucher value <span aria-hidden=\"true\" role=\"presentation\" class=\"field_required\" style=\"color:#ee0000;\">*<\/span><\/label>\r\n\t<div class=\"\">\r\n\t\t<select name=\"fld_6987767\" value=\"\" data-field=\"fld_6987767\" class=\"form-control\" id=\"fld_6987767_1\"  required=\"required\"  aria-labelledby=\"fld_6987767Label\" >\n\t\t<option value=\"\" disabled selected>Select the voucher value<\/option>\t\t\t\t\t<option value=\"500,- CZK\"  data-calc-value=\"500,- CZK\" >\n\t\t\t\t\t\t500,- CZK\t\t\t\t\t<\/option>\n\t\t\t\t\t\t\t\t\t\t<option value=\"1.000,- CZK\"  data-calc-value=\"1.000,- CZK\" >\n\t\t\t\t\t\t1.000,- CZK\t\t\t\t\t<\/option>\n\t\t\t\t\t\t\t\t\t\t<option value=\"2.000,- CZK\"  data-calc-value=\"2.000,- CZK\" >\n\t\t\t\t\t\t2.000,- CZK\t\t\t\t\t<\/option>\n\t\t\t\t\t\t\t\t\t\t<option value=\"3.000,- CZK\"  data-calc-value=\"3.000,- CZK\" >\n\t\t\t\t\t\t3.000,- CZK\t\t\t\t\t<\/option>\n\t\t\t\t\t\t\t\t\t\t<option value=\"4.000,- CZK\"  data-calc-value=\"4.000,- CZK\" >\n\t\t\t\t\t\t4.000,- CZK\t\t\t\t\t<\/option>\n\t\t\t\t\t\t\t\t\t\t<option value=\"5.000,- CZK\"  data-calc-value=\"5.000,- CZK\" >\n\t\t\t\t\t\t5.000,- CZK\t\t\t\t\t<\/option>\n\t\t\t\t\t\t\t<\/select>\n\t\t\t<\/div>\r\n<\/div>\r\n<\/div><\/div><div id=\"CF638a41483c6ae_1-row-3\"  class=\"row \"><div  class=\"col-sm-4  first_col\"><div data-field-wrapper=\"fld_47859\" class=\"form-group\" id=\"fld_47859_1-wrap\">\r\n\t<label id=\"fld_47859Label\" for=\"fld_47859_1\" class=\"control-label\">Payment <span aria-hidden=\"true\" role=\"presentation\" class=\"field_required\" style=\"color:#ee0000;\">*<\/span><\/label>\r\n\t<div class=\"\">\r\n\t\t<select name=\"fld_47859\" value=\"\" data-field=\"fld_47859\" class=\"form-control\" id=\"fld_47859_1\"  required=\"required\"  aria-labelledby=\"fld_47859Label\" >\n\t\t<option value=\"\" disabled selected>Choose a payment method<\/option>\t\t\t\t\t<option value=\"CREDIT CARD\"  data-calc-value=\"CREDIT CARD\" >\n\t\t\t\t\t\tCREDIT CARD\t\t\t\t\t<\/option>\n\t\t\t\t\t\t\t\t\t\t<option value=\"BANK TRANSFER\"  data-calc-value=\"BANK TRANSFER\" >\n\t\t\t\t\t\tBANK TRANSFER\t\t\t\t\t<\/option>\n\t\t\t\t\t\t\t<\/select>\n\t\t\t<\/div>\r\n<\/div>\r\n<\/div><div  class=\"col-sm-4 \"><div data-field-wrapper=\"fld_77645\" class=\"form-group\" id=\"fld_77645_1-wrap\">\r\n\t<label id=\"fld_77645Label\" for=\"fld_77645_1\" class=\"control-label\">Dedicated text on the Voucher (max 50 characters)<\/label>\r\n\t<div class=\"\">\r\n\t\t<input    type=\"text\" data-field=\"fld_77645\" class=\" form-control\" id=\"fld_77645_1\" name=\"fld_77645\" value=\"\" data-type=\"text\"   aria-labelledby=\"fld_77645Label\" >\t\t\t<\/div>\r\n<\/div>\r\n<\/div><div  class=\"col-sm-4  last_col\"><div data-field-wrapper=\"fld_7683514\" class=\"form-group\" id=\"fld_7683514_1-wrap\">\r\n\t<label id=\"fld_7683514Label\" for=\"fld_7683514_1\" class=\"control-label\">Additional information or wishes<\/label>\r\n\t<div class=\"\">\r\n\t\t<textarea name=\"fld_7683514\" value=\"\" data-field=\"fld_7683514\" class=\"form-control\" id=\"fld_7683514_1\" rows=\"3\"    aria-labelledby=\"fld_7683514Label\" ><\/textarea>\n\t\t\t<\/div>\r\n<\/div>\r\n<\/div><\/div><div id=\"CF638a41483c6ae_1-row-4\"  class=\"row  last_row\"><div  class=\"col-sm-12  single\"><div data-field-wrapper=\"fld_7908577\" class=\"form-group\" id=\"fld_7908577_1-wrap\">\r\n<div class=\"\">\r\n\t<input  class=\"btn btn-default\" type=\"submit\" name=\"fld_7908577\" id=\"fld_7908577_1\" value=\"Submit\" data-field=\"fld_7908577\"  >\n<\/div>\r\n<\/div>\r\n\t<input class=\"button_trigger_1\" type=\"hidden\" name=\"fld_7908577\" id=\"fld_7908577_1_btn\" value=\"\" data-field=\"fld_7908577\"  \/>\n<\/div><\/div><\/form>\r\n<\/div>\r\n<script type=\"text\/javascript\">\r\nif( typeof caldera_conditionals === \"undefined\" ){ var caldera_conditionals = {}; }caldera_conditionals.CF638a41483c6ae_1 = {\"fld_8272071_1\":{\"type\":\"show\",\"group\":{\"rw_kdlwkcc\":{\"cl_netdchw\":{\"id\":\"cl_netdchw\",\"field\":\"fld_3237628\",\"value\":\"opt1285134\",\"compare\":\"is\",\"parent\":\"rw_kdlwkcc\"}}}}};\r\n<\/script>\r\n<script type=\"text\/html\" id=\"conditional-fld_8272071_1-tmpl\">\r\n<div data-field-wrapper=\"fld_8272071\" class=\"form-group\" id=\"fld_8272071_1-wrap\">\r\n\t<label id=\"fld_8272071Label\" for=\"fld_8272071_1\" class=\"control-label\">Address for sending the Voucher <span aria-hidden=\"true\" role=\"presentation\" class=\"field_required\" style=\"color:#ee0000;\">*<\/span><\/label>\r\n\t<div class=\"\">\r\n\t\t<input   required type=\"text\" data-field=\"fld_8272071\" class=\" form-control\" id=\"fld_8272071_1\" name=\"fld_8272071\" value=\"\" data-type=\"text\" aria-required=\"true\"   aria-labelledby=\"fld_8272071Label\" >\t\t\t<\/div>\r\n<\/div>\r\n<\/script>\r\n\n[\/vc_column_text][vc_raw_html]JTNDYSUyMGlkJTNEJTIyb3BlcmF0b3IlMjIlM0UlM0MlMkZhJTNF[\/vc_raw_html][\/vc_column][\/vc_row][vc_row full_width=&#8221;stretch_row&#8221; equal_height=&#8221;yes&#8221; overlay_color=&#8221;rgba(0,0,0,0.01)&#8221; css=&#8221;.vc_custom_1511302591026{padding-top: 20px !important;padding-bottom: 30px !important;}&#8221;][vc_column][vc_row_inner content_placement=&#8221;middle&#8221;][vc_column_inner css=&#8221;.vc_custom_1525718376414{padding-top: 18px !important;}&#8221;][vc_column_text css=&#8221;&#8221;]<strong><span style=\"color: #ac8b51;\">Restaurant U&nbsp;K\u0159\u00ed\u017eovn\u00edk\u016f \u2013 KARLOVY VARY<\/span><\/strong><\/p>\n<h2><span style=\"font-size: 36pt;\">Contact<\/span><\/h2>\n[\/vc_column_text][\/vc_column_inner][\/vc_row_inner][vc_separator color=&#8221;chino&#8221; align=&#8221;align_left&#8221; border_width=&#8221;2&#8243;][\/vc_column][\/vc_row][vc_row][vc_column width=&#8221;1\/3&#8243;][vc_row_inner][vc_column_inner width=&#8221;1\/2&#8243;][vc_single_image image=&#8221;37408&#8243; img_size=&#8221;medium&#8221; alignment=&#8221;center&#8221; style=&#8221;vc_box_outline&#8221; css_animation=&#8221;none&#8221; css=&#8221;&#8221;][\/vc_column_inner][vc_column_inner width=&#8221;1\/2&#8243;][vc_empty_space][vc_column_text css=&#8221;&#8221;]\n<p style=\"text-align: center;\"><strong>F&amp;B Manager<\/strong><\/p>\n<p style=\"text-align: center;\">Mob.: +420&nbsp;606&nbsp;049&nbsp;586<br \/>\ne-mail:<br \/>\nfab@hotel-kgm.cz<\/p>\n[\/vc_column_text][\/vc_column_inner][\/vc_row_inner][\/vc_column][vc_column width=&#8221;1\/3&#8243;][\/vc_column][vc_column width=&#8221;1\/3&#8243;][\/vc_column][\/vc_row]\n<\/div>","protected":false},"excerpt":{"rendered":"<p>[vc_row full_width=&#8221;stretch_row&#8221; equal_height=&#8221;yes&#8221; overlay_color=&#8221;rgba(0,0,0,0.01)&#8221; css=&#8221;.vc_custom_1655045396833{padding-top: 20px !important;padding-bottom: 30px !important;background-image: url(https:\/\/hotel-kgm.cz\/wp-content\/uploads\/gobelin3.jpg?id=3653)  [&#8230;]<\/p>\n","protected":false},"author":1,"featured_media":0,"parent":4942,"menu_order":0,"comment_status":"closed","ping_status":"closed","template":"","meta":{"iawp_total_views":37,"footnotes":""},"class_list":["post-28804","page","type-page","status-publish","hentry"],"aioseo_notices":[],"_links":{"self":[{"href":"https:\/\/hotel-kgm.cz\/en\/wp-json\/wp\/v2\/pages\/28804","targetHints":{"allow":["GET"]}}],"collection":[{"href":"https:\/\/hotel-kgm.cz\/en\/wp-json\/wp\/v2\/pages"}],"about":[{"href":"https:\/\/hotel-kgm.cz\/en\/wp-json\/wp\/v2\/types\/page"}],"author":[{"embeddable":true,"href":"https:\/\/hotel-kgm.cz\/en\/wp-json\/wp\/v2\/users\/1"}],"replies":[{"embeddable":true,"href":"https:\/\/hotel-kgm.cz\/en\/wp-json\/wp\/v2\/comments?post=28804"}],"version-history":[{"count":8,"href":"https:\/\/hotel-kgm.cz\/en\/wp-json\/wp\/v2\/pages\/28804\/revisions"}],"predecessor-version":[{"id":44958,"href":"https:\/\/hotel-kgm.cz\/en\/wp-json\/wp\/v2\/pages\/28804\/revisions\/44958"}],"up":[{"embeddable":true,"href":"https:\/\/hotel-kgm.cz\/en\/wp-json\/wp\/v2\/pages\/4942"}],"wp:attachment":[{"href":"https:\/\/hotel-kgm.cz\/en\/wp-json\/wp\/v2\/media?parent=28804"}],"curies":[{"name":"wp","href":"https:\/\/api.w.org\/{rel}","templated":true}]}}