{"id":28992,"date":"2022-12-10T19:12:18","date_gmt":"2022-12-10T18:12:18","guid":{"rendered":"https:\/\/hotel-kgm.cz\/?page_id=28992"},"modified":"2026-03-20T10:28:04","modified_gmt":"2026-03-20T09:28:04","slug":"karlovarska-lazenska-lecba-light-en","status":"publish","type":"page","link":"https:\/\/hotel-kgm.cz\/en\/leceni-en\/lazenske-pobyty-en\/karlovarska-lazenska-lecba-light-en\/","title":{"rendered":"Carlsbad SPA treatment &#8211; LIGHT"},"content":{"rendered":"<div class=\"wpb-content-wrapper\">[vc_row full_width=&#8221;stretch_row&#8221; parallax=&#8221;content-moving&#8221; parallax_image=&#8221;28549&#8243; overlay_color=&#8221;rgba(0,0,0,0.01)&#8221; css=&#8221;.vc_custom_1688983546488{padding-top: 300px !important;padding-bottom: 500px !important;}&#8221;][vc_column][\/vc_column][\/vc_row][vc_row full_width=&#8221;stretch_row&#8221; equal_height=&#8221;yes&#8221; overlay_color=&#8221;rgba(0,0,0,0.01)&#8221; css=&#8221;.vc_custom_1511302591026{padding-top: 20px !important;padding-bottom: 30px !important;}&#8221;][vc_column][vc_row_inner content_placement=&#8221;middle&#8221;][vc_column_inner width=&#8221;3\/4&#8243; css=&#8221;.vc_custom_1525718376414{padding-top: 18px !important;}&#8221;][vc_column_text]<strong><span style=\"color: #ac8b51;\">KARLSBAD GRANDE MADONNA <em>&amp;<\/em> FESTIVAL Apartments \u2013 KARLOVY VARY<\/span><\/strong><\/p>\n<h2><strong><span style=\"font-size: 36pt;\">Carlsbad SPA treatment \u2013 LIGHT<\/span><\/strong><\/h2>\n[\/vc_column_text][\/vc_column_inner][vc_column_inner width=&#8221;1\/4&#8243; css=&#8221;.vc_custom_1655046293679{padding-top: 70px !important;}&#8221;][vc_column_text]<img decoding=\"async\" class=\"size-full wp-image-9041 aligncenter\" src=\"https:\/\/hotel-kgm.cz\/wp-content\/uploads\/s_andelskou_peci_pruhledne_en.png\" alt=\"\" width=\"911\" height=\"134\" srcset=\"https:\/\/hotel-kgm.cz\/wp-content\/uploads\/s_andelskou_peci_pruhledne_en-300x44.png 300w, https:\/\/hotel-kgm.cz\/wp-content\/uploads\/s_andelskou_peci_pruhledne_en-768x113.png 768w, https:\/\/hotel-kgm.cz\/wp-content\/uploads\/s_andelskou_peci_pruhledne_en.png 911w\" sizes=\"(max-width: 911px) 100vw, 911px\" \/>[\/vc_column_text][\/vc_column_inner][\/vc_row_inner][vc_separator color=&#8221;chino&#8221; align=&#8221;align_left&#8221; border_width=&#8221;2&#8243;][\/vc_column][\/vc_row][vc_row overlay_color=&#8221;rgba(0,0,0,0.01)&#8221;][vc_column][vc_column_text css=&#8221;&#8221;]\n<h3 class=\"toggle-title\">STAY FOR 6 NIGHTS (7 DAYS) INCLUDES:<\/h3>\n[\/vc_column_text][vc_row_inner][vc_column_inner width=&#8221;1\/2&#8243;][vc_column_text css=&#8221;&#8221;]<div class=\"su-list\" style=\"margin-left:0px\">\n<ul>\n<li><i class=\"sui sui-circle\" style=\"color:#AC8B51\"><\/i> <a title=\"Pokoje AURA PALACE\" href=\"https:\/\/hotel-kgm.cz\/en\/pokoje-en\/\"><strong><span id=\"result_box\" class=\"short_text\" lang=\"en\"><span class=\"hps\"><span style=\"text-decoration: underline;\">ACCOMMODATION<\/span><\/span><\/span><\/strong><\/a><span id=\"result_box\" class=\"short_text\" lang=\"en\"><\/span><\/li>\n<li><i class=\"sui sui-circle\" style=\"color:#AC8B51\"><\/i> <a title=\"Pokoje AURA PALACE\" href=\"https:\/\/hotel-kgm.cz\/en\/restaurace-en\/grand-restaurant-en\/#bufet\"><strong><span style=\"text-decoration: underline;\">HALF BOARD<\/span><\/strong><\/a> (HB) includes breakfast and, at the guest&#8217;s choice, lunch or dinner. Everything is served in the form of a hot and cold buffet.<\/li>\n<li><i class=\"sui sui-circle\" style=\"color:#AC8B51\"><\/i> Meals include dietary and vegetarian food<\/li>\n<li><i class=\"sui sui-circle\" style=\"color:#AC8B51\"><\/i> Initial medical examination with prescription of treatments<\/li>\n<li><i class=\"sui sui-circle\" style=\"color:#AC8B51\"><\/i> Prescription of Karlovy Vary mineral water by a doctor<\/li>\n<li><i class=\"sui sui-circle\" style=\"color:#AC8B51\"><\/i> <strong>10 <a href=\"https:\/\/hotel-kgm.cz\/en\/leceni-en\/lazenske-procedury-en\/\"><span style=\"text-decoration: underline;\">TREATMENTS<\/span><\/a><\/strong> per week according to doctor&#8217;s prescription<\/li>\n<\/ul>\n<\/div>[\/vc_column_text][vc_column_text css=&#8221;&#8221;]<strong>Plus Free<\/strong><\/p>\n<div class=\"su-list\" style=\"margin-left:0px\">\n<ul>\n<li><i class=\"sui sui-circle\" style=\"color:#AC8B51\"><\/i> Access to wellness facilities (whirlpool, 3 saunas, fitness equipment)<\/li>\n<li><i class=\"sui sui-circle\" style=\"color:#AC8B51\"><\/i> Bathrobe, slippers, and umbrella for the duration of your stay<\/li>\n<li><i class=\"sui sui-circle\" style=\"color:#AC8B51\"><\/i> 1x 2-hour admission to the <a href=\"https:\/\/www.karlovyvary.cz\/en\/elisabeth-spa-0\" target=\"_blank\" rel=\"noopener\">Al\u017eb\u011btiny l\u00e1zn\u011b<\/a> pool complex, CENTRAL CITY SPA, Smetanovy sady 11445\/1<\/li>\n<\/ul>\n<\/div>[\/vc_column_text][\/vc_column_inner][vc_column_inner width=&#8221;1\/2&#8243; css=&#8221;.vc_custom_1522138238838{padding-right: 60px !important;}&#8221;][vc_gallery interval=&#8221;3&#8243; images=&#8221;13931,13946,13986,13521&#8243; img_size=&#8221;1200&#215;700&#8243; onclick=&#8221;&#8221;][\/vc_column_inner][\/vc_row_inner][\/vc_column][\/vc_row][vc_row disable_element=&#8221;yes&#8221; overlay_color=&#8221;rgba(0,0,0,0.01)&#8221;][vc_column css=&#8221;.vc_custom_1641139964101{background-color: #138dd2 !important;}&#8221;][vc_raw_html]JTVCeHl6LWlocyUyMHNuaXBwZXQlM0QlMjJMYXpuZUVOJTIyJTVE[\/vc_raw_html][vc_empty_space height=&#8221;25px&#8221;][vc_column_text]\n<p style=\"text-align: center;\"><span style=\"font-size: 18px; color: #ffffff;\"><strong>1x Vstup na 2 hodiny do baz\u00e9nov\u00e9ho komplexu <span style=\"text-decoration: underline;\"><a style=\"color: #ffffff; text-decoration: underline;\" href=\"https:\/\/www.karlovyvary.cz\/cs\/alzbetiny-lazne-1\" target=\"_blank\" rel=\"noopener noreferrer\">Al\u017eb\u011btiny l\u00e1zn\u011b<\/a><\/span> (CENTR\u00c1LN\u00cd M\u011aSTSK\u00c9 L\u00c1ZN\u011a, Smetanovy sady 1145\/1)<br \/>\n<\/strong><\/span><\/p>\n[\/vc_column_text][\/vc_column][\/vc_row][vc_row][vc_column][vc_empty_space height=&#8221;22px&#8221;][\/vc_column][\/vc_row][vc_row disable_element=&#8221;yes&#8221; overlay_color=&#8221;rgba(0,0,0,0.01)&#8221;][vc_column][vc_column_text]\n<h3 style=\"text-align: center;\">Karlovy Vary Spa Treatment &#8211; LIGHT with half board<\/h3>\n[\/vc_column_text][vc_column_text]\n<table style=\"border-collapse: collapse; width: 100%; height: 168px;\">\n<tbody>\n<tr style=\"height: 24px;\">\n<td style=\"width: 34.6103%; height: 24px; text-align: center;\"><strong>PRICE LIST (Prices are in EUR, per 1 person\/1 night)<\/strong><\/td>\n<td style=\"width: 9.55848%; text-align: center; height: 24px;\"><strong>1.7. \u2013 31.10.23<\/strong><br \/>\n<strong>27.12.23 \u2013 3.1.24<\/strong><\/td>\n<td style=\"width: 8.95967%; text-align: center; height: 24px;\"><strong>14.3. \u2013 30.6.23<\/strong><br \/>\n<strong>1.11. \u2013 26.12.23<\/strong><\/td>\n<td style=\"width: 8.10205%; text-align: center; height: 24px;\"><strong>4.1. \u2013 13.3.23<\/strong><\/td>\n<\/tr>\n<tr style=\"height: 24px;\">\n<td style=\"width: 34.6103%; height: 24px;\"><strong>Single Room<\/strong><\/td>\n<td style=\"width: 9.55848%; text-align: center;\"><strong>97,-<\/strong><\/td>\n<td style=\"width: 8.95967%; text-align: center;\"><strong>87,-<\/strong><\/td>\n<td style=\"width: 8.10205%; text-align: center;\"><strong>79,-<\/strong><\/td>\n<\/tr>\n<tr style=\"height: 24px;\">\n<td style=\"width: 34.6103%; height: 24px;\"><strong>Double Room<\/strong><\/td>\n<td style=\"width: 9.55848%; text-align: center;\"><strong>82,-<\/strong><\/td>\n<td style=\"width: 8.95967%; text-align: center;\"><strong>72,-<\/strong><\/td>\n<td style=\"width: 8.10205%; text-align: center;\"><strong>64,-<\/strong><\/td>\n<\/tr>\n<tr style=\"height: 24px;\">\n<td style=\"width: 34.6103%; height: 24px;\"><strong>Triple Room<\/strong><\/td>\n<td style=\"width: 9.55848%; text-align: center;\"><strong>82,-<\/strong><\/td>\n<td style=\"width: 8.95967%; text-align: center;\"><strong>72,-<\/strong><\/td>\n<td style=\"width: 8.10205%; text-align: center;\"><strong>64,-<\/strong><\/td>\n<\/tr>\n<tr style=\"height: 24px;\">\n<td style=\"width: 34.6103%; height: 24px;\"><strong>Suite (minimum 2 persons)<br \/>\n<\/strong><\/td>\n<td style=\"width: 9.55848%; text-align: center;\"><strong>97,-<\/strong><\/td>\n<td style=\"width: 8.95967%; text-align: center;\"><strong>87,-<\/strong><\/td>\n<td style=\"width: 8.10205%; text-align: center;\"><strong>79,-<\/strong><\/td>\n<\/tr>\n<tr style=\"height: 24px;\">\n<td style=\"width: 34.6103%; height: 24px;\"><strong>Suite With Bay Windows (minimum 2 persons)<br \/>\n<\/strong><\/td>\n<td style=\"width: 9.55848%; text-align: center;\"><strong>102,-<\/strong><\/td>\n<td style=\"width: 8.95967%; text-align: center;\"><strong>92,-<\/strong><\/td>\n<td style=\"width: 8.10205%; text-align: center;\"><strong>84,-<\/strong><\/td>\n<\/tr>\n<tr style=\"height: 24px;\">\n<td style=\"width: 34.6103%; height: 24px;\"><strong>Apartment Festival (minimum 2 persons)<br \/>\n<\/strong><\/td>\n<td style=\"width: 9.55848%; text-align: center;\"><strong>82,-<\/strong><\/td>\n<td style=\"width: 8.95967%; text-align: center;\"><strong>72,-<\/strong><\/td>\n<td style=\"width: 8.10205%; text-align: center;\"><strong>64,-<\/strong><\/td>\n<\/tr>\n<\/tbody>\n<\/table>\n[\/vc_column_text][vc_column_text]\n<h3 style=\"text-align: center;\">Karlovy Vary Spa Treatment &#8211; LIGHT with full board<\/h3>\n[\/vc_column_text][vc_column_text]\n<table style=\"border-collapse: collapse; width: 100%; height: 168px;\">\n<tbody>\n<tr style=\"height: 24px;\">\n<td style=\"width: 34.6103%; height: 24px; text-align: center;\"><strong>PRICE LIST (Prices are in EUR, per 1 person\/1 night)<\/strong><\/td>\n<td style=\"width: 9.55848%; text-align: center; height: 24px;\"><strong>1.7. \u2013 31.10.23<\/strong><br \/>\n<strong>27.12.23 \u2013 3.1.24<\/strong><\/td>\n<td style=\"width: 8.95967%; text-align: center; height: 24px;\"><strong>14.3. \u2013 30.6.23<\/strong><br \/>\n<strong>1.11. \u2013 26.12.23<\/strong><\/td>\n<td style=\"width: 8.10205%; text-align: center; height: 24px;\"><strong>4.1. \u2013 13.3.23<\/strong><\/td>\n<\/tr>\n<tr>\n<td style=\"width: 34.6103%;\"><strong>Single Room<\/strong><\/td>\n<td style=\"width: 9.55848%; text-align: center;\"><strong>105,-<\/strong><\/td>\n<td style=\"width: 8.95967%; text-align: center;\"><strong>95,-<\/strong><\/td>\n<td style=\"width: 8.10205%; text-align: center;\"><strong>87,-<\/strong><\/td>\n<\/tr>\n<tr>\n<td style=\"width: 34.6103%;\"><strong>Double Room<\/strong><\/td>\n<td style=\"width: 9.55848%; text-align: center;\"><strong>90,-<\/strong><\/td>\n<td style=\"width: 8.95967%; text-align: center;\"><strong>81,-<\/strong><\/td>\n<td style=\"width: 8.10205%; text-align: center;\"><strong>72,-<\/strong><\/td>\n<\/tr>\n<tr>\n<td style=\"width: 34.6103%;\"><strong>Triple Room<\/strong><\/td>\n<td style=\"width: 9.55848%; text-align: center;\"><strong>90,-<\/strong><\/td>\n<td style=\"width: 8.95967%; text-align: center;\"><strong>81,-<\/strong><\/td>\n<td style=\"width: 8.10205%; text-align: center;\"><strong>72,-<\/strong><\/td>\n<\/tr>\n<tr>\n<td style=\"width: 34.6103%;\"><strong>Suite (minimum 2 persons)<br \/>\n<\/strong><\/td>\n<td style=\"width: 9.55848%; text-align: center;\"><strong>105,-<\/strong><\/td>\n<td style=\"width: 8.95967%; text-align: center;\"><strong>95,-<\/strong><\/td>\n<td style=\"width: 8.10205%; text-align: center;\"><strong>87,-<\/strong><\/td>\n<\/tr>\n<tr>\n<td style=\"width: 34.6103%;\"><strong>Suite With Bay Windows (minimum 2 persons)<br \/>\n<\/strong><\/td>\n<td style=\"width: 9.55848%; text-align: center;\"><strong>110,-<\/strong><\/td>\n<td style=\"width: 8.95967%; text-align: center;\"><strong>100,-<\/strong><\/td>\n<td style=\"width: 8.10205%; text-align: center;\"><strong>92,-<\/strong><\/td>\n<\/tr>\n<tr>\n<td style=\"width: 34.6103%;\"><strong>Apartment Festival (minimum 2 persons)<br \/>\n<\/strong><\/td>\n<td style=\"width: 9.55848%; text-align: center;\"><strong>90,-<\/strong><\/td>\n<td style=\"width: 8.95967%; text-align: center;\"><strong>81,-<\/strong><\/td>\n<td style=\"width: 8.10205%; text-align: center;\"><strong>72,-<\/strong><\/td>\n<\/tr>\n<\/tbody>\n<\/table>\n[\/vc_column_text][vc_empty_space height=&#8221;22px&#8221;][\/vc_column][\/vc_row][vc_row][vc_column width=&#8221;1\/3&#8243;][mvc_advanced_button align=&#8221;center&#8221; btn_text=&#8221;GIFT VOUCHER&#8221; btn_block=&#8221;btn_block&#8221; google_fonts=&#8221;font_family:Merriweather%20Sans%3A300%2C300italic%2Cregular%2Citalic%2C700%2C700italic%2C800%2C800italic|font_style:400%20regular%3A400%3Anormal&#8221; btn_url=&#8221;url:https%3A%2F%2Fhotel-kgm.cz%2Fen%2Fleceni-en%2Fdarkove-poukazy-en%2F%23kkl_light&#8221; btn_clr=&#8221;#ffffff&#8221; btn_bg=&#8221;#ac8b51&#8243; btn_hvrclr=&#8221;#ffffff&#8221; btn_hvrbg=&#8221;#714d1f&#8221;][vc_empty_space height=&#8221;12px&#8221;][\/vc_column][vc_column width=&#8221;1\/3&#8243; el_id=&#8221;kkllight&#8221;][mvc_advanced_button btn_text=&#8221;BOOK NOW&#8221; btn_block=&#8221;btn_block&#8221; btn_size=&#8221;25&#8243; icon_size=&#8221;28&#8243; google_fonts=&#8221;font_family:Merriweather%20Sans%3A300%2C300italic%2Cregular%2Citalic%2C700%2C700italic%2C800%2C800italic|font_style:700%20bold%20regular%3A700%3Anormal&#8221; btn_icon=&#8221;fas fa-bed&#8221; btn_url=&#8221;url:https%3A%2F%2Fhotel-kgm.cz%2Fen%2Frezervace-2-en%2F&#8221; btn_clr=&#8221;#ffffff&#8221; btn_bg=&#8221;#ac8b51&#8243; btn_hvrclr=&#8221;#ffffff&#8221; btn_hvrbg=&#8221;#714d1f&#8221; classname=&#8221;tlacitko_rezervace&#8221;][vc_empty_space height=&#8221;12px&#8221;][\/vc_column][vc_column width=&#8221;1\/3&#8243;][mvc_advanced_button btn_text=&#8221;CONTACT OPERATOR&#8221; btn_block=&#8221;btn_block&#8221; google_fonts=&#8221;font_family:Merriweather%20Sans%3A300%2C300italic%2Cregular%2Citalic%2C700%2C700italic%2C800%2C800italic|font_style:400%20regular%3A400%3Anormal&#8221; btn_url=&#8221;url:https%3A%2F%2Fhotel-kgm.cz%2Fen%2Fkontakt-en%2F%23obchodni_oddeleni&#8221; btn_clr=&#8221;#ffffff&#8221; btn_bg=&#8221;#ac8b51&#8243; btn_hvrclr=&#8221;#ffffff&#8221; btn_hvrbg=&#8221;#714d1f&#8221;][vc_empty_space height=&#8221;12px&#8221;][\/vc_column][\/vc_row][vc_row][vc_column][vc_empty_space height=&#8221;52px&#8221;][\/vc_column][\/vc_row][vc_row][vc_column][vc_raw_html]JTVCeHl6LWlocyUyMHNuaXBwZXQlM0QlMjJsZWNlbmluYWJpZGthRU4lMjIlNUQ=[\/vc_raw_html][\/vc_column][\/vc_row]\n<\/div>","protected":false},"excerpt":{"rendered":"<p>[vc_row full_width=&#8221;stretch_row&#8221; parallax=&#8221;content-moving&#8221; parallax_image=&#8221;28549&#8243; overlay_color=&#8221;rgba(0,0,0,0.01)&#8221; css=&#8221;.vc_custom_1688983546488{padding-top: 300px !important;padding-bottom: 500px !important;}&#8221;][vc_column][\/vc_column][\/vc_row][vc_row  [&#8230;]<\/p>\n","protected":false},"author":1,"featured_media":0,"parent":5036,"menu_order":0,"comment_status":"closed","ping_status":"closed","template":"","meta":{"iawp_total_views":369,"footnotes":""},"class_list":["post-28992","page","type-page","status-publish","hentry"],"aioseo_notices":[],"_links":{"self":[{"href":"https:\/\/hotel-kgm.cz\/en\/wp-json\/wp\/v2\/pages\/28992","targetHints":{"allow":["GET"]}}],"collection":[{"href":"https:\/\/hotel-kgm.cz\/en\/wp-json\/wp\/v2\/pages"}],"about":[{"href":"https:\/\/hotel-kgm.cz\/en\/wp-json\/wp\/v2\/types\/page"}],"author":[{"embeddable":true,"href":"https:\/\/hotel-kgm.cz\/en\/wp-json\/wp\/v2\/users\/1"}],"replies":[{"embeddable":true,"href":"https:\/\/hotel-kgm.cz\/en\/wp-json\/wp\/v2\/comments?post=28992"}],"version-history":[{"count":45,"href":"https:\/\/hotel-kgm.cz\/en\/wp-json\/wp\/v2\/pages\/28992\/revisions"}],"predecessor-version":[{"id":45625,"href":"https:\/\/hotel-kgm.cz\/en\/wp-json\/wp\/v2\/pages\/28992\/revisions\/45625"}],"up":[{"embeddable":true,"href":"https:\/\/hotel-kgm.cz\/en\/wp-json\/wp\/v2\/pages\/5036"}],"wp:attachment":[{"href":"https:\/\/hotel-kgm.cz\/en\/wp-json\/wp\/v2\/media?parent=28992"}],"curies":[{"name":"wp","href":"https:\/\/api.w.org\/{rel}","templated":true}]}}