{"id":31683,"date":"2023-07-31T09:06:29","date_gmt":"2023-07-31T07:06:29","guid":{"rendered":"https:\/\/hotel-kgm.cz\/?page_id=31683"},"modified":"2024-07-14T10:08:30","modified_gmt":"2024-07-14T08:08:30","slug":"recenze-restaurace-u-krizovniku-en","status":"publish","type":"page","link":"https:\/\/hotel-kgm.cz\/en\/restaurace-en\/restaurace-u-krizovniku-en\/recenze-restaurace-u-krizovniku-en\/","title":{"rendered":"Restaurant U&nbsp;K\u0159\u00ed\u017eovn\u00edk\u016f Reviews"},"content":{"rendered":"<div class=\"wpb-content-wrapper\">[vc_row full_width=&#8221;stretch_row&#8221; content_placement=&#8221;middle&#8221; overlay_color=&#8221;rgba(0,0,0,0.01)&#8221; css=&#8221;.vc_custom_1720944378708{padding-top: 150px !important;padding-bottom: 150px !important;background-image: url(https:\/\/hotel-kgm.cz\/wp-content\/uploads\/u_krizovniku_top7.jpg?id=20709) !important;background-position: center !important;background-repeat: no-repeat !important;background-size: contain !important;}&#8221;][vc_column][vc_row_inner css=&#8221;.vc_custom_1689598436687{margin-right: 10px !important;margin-left: 10px !important;padding-top: 12px !important;padding-bottom: 22px !important;background-color: rgba(255,255,255,0.95) !important;*background-color: rgb(255,255,255) !important;}&#8221;][vc_column_inner offset=&#8221;vc_hidden-sm vc_hidden-xs&#8221;][vc_empty_space height2=&#8221;75&#8243;][vc_column_text]\n<h1 style=\"text-align: center;\">Restaurant U&nbsp;K\u0159\u00ed\u017eovn\u00edk\u016f Reviews<\/h1>\n[\/vc_column_text][vc_empty_space height=&#8221;8px&#8221; height2=&#8221;75&#8243;][\/vc_column_inner][\/vc_row_inner][vc_row_inner css=&#8221;.vc_custom_1689598436687{margin-right: 10px !important;margin-left: 10px !important;padding-top: 12px !important;padding-bottom: 22px !important;background-color: rgba(255,255,255,0.95) !important;*background-color: rgb(255,255,255) !important;}&#8221;][vc_column_inner offset=&#8221;vc_hidden-lg vc_hidden-md&#8221;][vc_column_text css=&#8221;&#8221;]\n<h2 style=\"text-align: center;\">Restaurant U&nbsp;K\u0159\u00ed\u017eovn\u00edk\u016f Reviews<\/h2>\n[\/vc_column_text][\/vc_column_inner][\/vc_row_inner][\/vc_column][\/vc_row][vc_row][vc_column][vc_column_text]<div data-src=\"https:\/\/cdn.trustindex.io\/loader.js?9bf9d9018eab01460166413280d\"><\/div>[\/vc_column_text][\/vc_column][\/vc_row]\n<\/div>","protected":false},"excerpt":{"rendered":"<p>[vc_row full_width=&#8221;stretch_row&#8221; content_placement=&#8221;middle&#8221; overlay_color=&#8221;rgba(0,0,0,0.01)&#8221; css=&#8221;.vc_custom_1720944378708{padding-top: 150px !important;padding-bottom: 150px !important;background-image: url(https:\/\/hotel-kgm.cz\/wp-content\/uploads\/u_krizovniku_top7.jpg?id=20709)  [&#8230;]<\/p>\n","protected":false},"author":1,"featured_media":0,"parent":4942,"menu_order":0,"comment_status":"closed","ping_status":"closed","template":"","meta":{"iawp_total_views":23,"footnotes":""},"class_list":["post-31683","page","type-page","status-publish","hentry"],"aioseo_notices":[],"_links":{"self":[{"href":"https:\/\/hotel-kgm.cz\/en\/wp-json\/wp\/v2\/pages\/31683","targetHints":{"allow":["GET"]}}],"collection":[{"href":"https:\/\/hotel-kgm.cz\/en\/wp-json\/wp\/v2\/pages"}],"about":[{"href":"https:\/\/hotel-kgm.cz\/en\/wp-json\/wp\/v2\/types\/page"}],"author":[{"embeddable":true,"href":"https:\/\/hotel-kgm.cz\/en\/wp-json\/wp\/v2\/users\/1"}],"replies":[{"embeddable":true,"href":"https:\/\/hotel-kgm.cz\/en\/wp-json\/wp\/v2\/comments?post=31683"}],"version-history":[{"count":4,"href":"https:\/\/hotel-kgm.cz\/en\/wp-json\/wp\/v2\/pages\/31683\/revisions"}],"predecessor-version":[{"id":34311,"href":"https:\/\/hotel-kgm.cz\/en\/wp-json\/wp\/v2\/pages\/31683\/revisions\/34311"}],"up":[{"embeddable":true,"href":"https:\/\/hotel-kgm.cz\/en\/wp-json\/wp\/v2\/pages\/4942"}],"wp:attachment":[{"href":"https:\/\/hotel-kgm.cz\/en\/wp-json\/wp\/v2\/media?parent=31683"}],"curies":[{"name":"wp","href":"https:\/\/api.w.org\/{rel}","templated":true}]}}