{"id":4908,"date":"2018-01-12T12:34:58","date_gmt":"2018-01-12T11:34:58","guid":{"rendered":"https:\/\/hotel-kgm.cz\/?page_id=4908"},"modified":"2025-06-10T03:09:02","modified_gmt":"2025-06-10T01:09:02","slug":"restaurace-en","status":"publish","type":"page","link":"https:\/\/hotel-kgm.cz\/en\/restaurace-en\/","title":{"rendered":"Restaurant"},"content":{"rendered":"<div class=\"wpb-content-wrapper\">[vc_row full_width=&#8221;stretch_row&#8221; equal_height=&#8221;yes&#8221; overlay_color=&#8221;rgba(0,0,0,0.01)&#8221; css=&#8221;.vc_custom_1720198086305{padding-bottom: 30px !important;background-image: url(https:\/\/hotel-kgm.cz\/wp-content\/uploads\/gobelin3.jpg?id=3653) !important;}&#8221;][vc_column][vc_row_inner content_placement=&#8221;middle&#8221;][vc_column_inner width=&#8221;5\/6&#8243; offset=&#8221;vc_hidden-sm vc_hidden-xs&#8221;][vc_column_text]\n<h1><em><span style=\"font-size: 96px;\">Restaurant<\/span><\/em><\/h1>\n[\/vc_column_text][vc_column_text]\n<h2><span style=\"color: #ac8b51;\">KARLSBAD GRANDE MADONNA <em>&amp;<\/em><\/span><br \/>\n<span style=\"color: #ac8b51;\">FESTIVAL Apartments<\/span><\/h2>\n[\/vc_column_text][\/vc_column_inner][vc_column_inner width=&#8221;1\/6&#8243; offset=&#8221;vc_hidden-sm vc_hidden-xs&#8221;][vc_column_text]\n<h1><img decoding=\"async\" class=\"size-full wp-image-2507 aligncenter\" src=\"https:\/\/hotel-kgm.cz\/wp-content\/uploads\/andel_maly7.png\" alt=\"\" width=\"180\" height=\"261\" \/><\/h1>\n[\/vc_column_text][\/vc_column_inner][\/vc_row_inner][\/vc_column][\/vc_row][vc_row full_width=&#8221;stretch_row&#8221; equal_height=&#8221;yes&#8221; overlay_color=&#8221;rgba(0,0,0,0.01)&#8221; css=&#8221;.vc_custom_1720897652450{padding-bottom: 30px !important;background-image: url(https:\/\/hotel-kgm.cz\/wp-content\/uploads\/gobelin3.jpg?id=3653) !important;}&#8221;][vc_column offset=&#8221;vc_hidden-lg vc_hidden-md&#8221;][vc_row_inner content_placement=&#8221;middle&#8221;][vc_column_inner width=&#8221;5\/6&#8243;][vc_column_text css=&#8221;&#8221;]\n<h2>Restaurant<\/h2>\n[\/vc_column_text][\/vc_column_inner][vc_column_inner width=&#8221;1\/6&#8243;][\/vc_column_inner][\/vc_row_inner][\/vc_column][\/vc_row][vc_row][vc_column offset=&#8221;vc_hidden-xs&#8221;][vc_empty_space][\/vc_column][\/vc_row][vc_row full_width=&#8221;stretch_row_content_no_spaces&#8221; gap=&#8221;yes&#8221; equal_height=&#8221;yes&#8221; content_placement=&#8221;middle&#8221; parallax=&#8221;content-moving&#8221; overlay_color=&#8221;rgba(0,0,0,0.01)&#8221; css=&#8221;.vc_custom_1524949764508{background-position: center;background-repeat: no-repeat;background-size: cover !important;}&#8221; el_class=&#8221;reset-padding&#8221;][vc_column width=&#8221;2\/3&#8243; css=&#8221;.vc_custom_1689158758443{background-position: center !important;background-repeat: no-repeat !important;background-size: cover !important;}&#8221; offset=&#8221;vc_hidden-xs&#8221;][vc_single_image image=&#8221;6760&#8243; img_size=&#8221;full&#8221; alignment=&#8221;center&#8221; onclick=&#8221;custom_link&#8221; link=&#8221;https:\/\/hotel-kgm.cz\/en\/restaurace-en\/grand-restaurant-en\/&#8221;][\/vc_column][vc_column width=&#8221;1\/3&#8243;][vc_empty_space height=&#8221;120px&#8221; height2=&#8221;0&#8243;][vc_row_inner css=&#8221;.vc_custom_1689158223604{margin-right: 20px !important;margin-left: 20px !important;background-color: #ffffff !important;}&#8221;][vc_column_inner][vc_column_text css=&#8221;&#8221;]\n<div class=\"wpb_text_column wpb_content_element vc_custom_1513433702389 animate-text loaded-text\">\n<div class=\"wpb_wrapper\">\n<h2 style=\"text-align: center;\"><a href=\"https:\/\/hotel-kgm.cz\/en\/restaurace-en\/grand-restaurant-en\/\"><strong>GRAND RESTAURANT R1\/R2<\/strong><\/a><\/h2>\n<\/div>\n<\/div>\n<div class=\"grid vc-interactive-banner\" style=\"text-align: center;\">Varied menu of Czech and international cuisine<\/div>\n[\/vc_column_text][vc_single_image image=&#8221;9011&#8243; img_size=&#8221;full&#8221; alignment=&#8221;center&#8221;][vc_btn title=&#8221;ENTER&#8221; shape=&#8221;square&#8221; color=&#8221;chino&#8221; size=&#8221;lg&#8221; align=&#8221;center&#8221; link=&#8221;url:https%3A%2F%2Fhotel-kgm.cz%2Fen%2Frestaurace-en%2Fgrand-restaurant-en%2F|title:Pokoje&#8221;][\/vc_column_inner][\/vc_row_inner][vc_empty_space height=&#8221;120px&#8221; height2=&#8221;0&#8243;][\/vc_column][\/vc_row][vc_row][vc_column offset=&#8221;vc_hidden-xs&#8221;][vc_empty_space][\/vc_column][\/vc_row][vc_row full_width=&#8221;stretch_row_content_no_spaces&#8221; equal_height=&#8221;yes&#8221; content_placement=&#8221;middle&#8221; parallax=&#8221;content-moving&#8221; overlay_color=&#8221;rgba(0,0,0,0.01)&#8221; css=&#8221;.vc_custom_1689158523566{background-position: center;background-repeat: no-repeat !important;background-size: cover !important;}&#8221; el_class=&#8221;reset-padding&#8221;][vc_column width=&#8221;1\/3&#8243; css=&#8221;.vc_custom_1496055533970{background-color: #f5f5f5 !important;}&#8221;][vc_empty_space height=&#8221;120px&#8221; height2=&#8221;0&#8243;][vc_row_inner css=&#8221;.vc_custom_1689158223604{margin-right: 20px !important;margin-left: 20px !important;background-color: #ffffff !important;}&#8221;][vc_column_inner][vc_column_text]\n<div class=\"wpb_text_column wpb_content_element vc_custom_1512480188615 animate-text loaded-text\">\n<div class=\"wpb_wrapper\">\n<h2 style=\"text-align: center;\"><a href=\"https:\/\/hotel-kgm.cz\/en\/restaurace-en\/lobby-bar-en\/\"><strong>LOBBY BAR<\/strong><\/a><\/h2>\n<\/div>\n<\/div>\n<div class=\"grid vc-interactive-banner\" style=\"text-align: center;\"><span id=\"result_box\" class=\"\" lang=\"cs\"><span class=\"\">An ideal place for your business meetings<\/span><\/span><\/div>\n[\/vc_column_text][vc_single_image image=&#8221;9012&#8243; img_size=&#8221;full&#8221; alignment=&#8221;center&#8221;][vc_btn title=&#8221;ENTER&#8221; shape=&#8221;square&#8221; color=&#8221;chino&#8221; size=&#8221;lg&#8221; align=&#8221;center&#8221; link=&#8221;url:https%3A%2F%2Fhotel-kgm.cz%2Fen%2Frestaurace-en%2Flobby-bar-en%2F|title:Pokoje&#8221;][\/vc_column_inner][\/vc_row_inner][vc_empty_space height=&#8221;120px&#8221; height2=&#8221;0&#8243;][\/vc_column][vc_column width=&#8221;2\/3&#8243; css=&#8221;.vc_custom_1689158767777{background-position: center !important;background-repeat: no-repeat !important;background-size: cover !important;}&#8221; offset=&#8221;vc_hidden-xs&#8221;][vc_single_image image=&#8221;8096&#8243; img_size=&#8221;full&#8221; alignment=&#8221;center&#8221; onclick=&#8221;custom_link&#8221; link=&#8221;https:\/\/hotel-kgm.cz\/en\/restaurace-en\/lobby-bar-en\/&#8221;][\/vc_column][\/vc_row][vc_row][vc_column offset=&#8221;vc_hidden-xs&#8221;][vc_empty_space][\/vc_column][\/vc_row][vc_row full_width=&#8221;stretch_row_content_no_spaces&#8221; gap=&#8221;yes&#8221; equal_height=&#8221;yes&#8221; content_placement=&#8221;middle&#8221; parallax=&#8221;content-moving&#8221; overlay_color=&#8221;rgba(0,0,0,0.01)&#8221; css=&#8221;.vc_custom_1524949823582{background-position: center;background-repeat: no-repeat !important;background-size: cover !important;}&#8221; el_class=&#8221;reset-padding&#8221;][vc_column width=&#8221;2\/3&#8243; css=&#8221;.vc_custom_1689158776815{background-position: center !important;background-repeat: no-repeat !important;background-size: cover !important;}&#8221; offset=&#8221;vc_hidden-xs&#8221;][vc_single_image image=&#8221;6764&#8243; img_size=&#8221;full&#8221; alignment=&#8221;center&#8221; onclick=&#8221;custom_link&#8221; link=&#8221;https:\/\/hotel-kgm.cz\/en\/restaurace-en\/restaurace-u-krizovniku-en\/&#8221;][\/vc_column][vc_column width=&#8221;1\/3&#8243; css=&#8221;.vc_custom_1496055533970{background-color: #f5f5f5 !important;}&#8221;][vc_empty_space height=&#8221;120px&#8221; height2=&#8221;0&#8243;][vc_row_inner css=&#8221;.vc_custom_1689158223604{margin-right: 20px !important;margin-left: 20px !important;background-color: #ffffff !important;}&#8221;][vc_column_inner][vc_column_text]\n<div class=\"wpb_text_column wpb_content_element vc_custom_1512480188615 animate-text loaded-text\">\n<div class=\"wpb_wrapper\">\n<h2 style=\"text-align: center;\"><a href=\"https:\/\/hotel-kgm.cz\/en\/restaurace-en\/restaurace-u-krizovniku-en\/\"><strong>RESTAURANT U\u00a0K\u0158I\u017dOVN\u00cdK\u016e<\/strong><\/a><\/h2>\n<\/div>\n<\/div>\n<div class=\"grid vc-interactive-banner\" style=\"text-align: center;\">Pleasant atmosphere and friendly staff<\/div>\n[\/vc_column_text][vc_single_image image=&#8221;9013&#8243; img_size=&#8221;full&#8221; alignment=&#8221;center&#8221;][vc_btn title=&#8221;ENTER&#8221; shape=&#8221;square&#8221; color=&#8221;chino&#8221; size=&#8221;lg&#8221; align=&#8221;center&#8221; link=&#8221;url:https%3A%2F%2Fhotel-kgm.cz%2Fen%2Frestaurace-en%2Frestaurace-u-krizovniku-en%2F|title:Pokoje&#8221;][\/vc_column_inner][\/vc_row_inner][vc_empty_space height=&#8221;120px&#8221; height2=&#8221;0&#8243;][\/vc_column][\/vc_row][vc_row][vc_column][vc_empty_space height=&#8221;52px&#8221;][vc_column_text]<a href=\"https:\/\/hotel-kgm.cz\/wp-content\/uploads\/ochrana-spotrebitele-aj.pdf\"><img decoding=\"async\" class=\"alignleft wp-image-4792\" src=\"https:\/\/hotel-kgm.cz\/wp-content\/uploads\/ochrana_spotrebitele_en.png\" alt=\"\" width=\"78\" height=\"100\" \/><\/a><a href=\"https:\/\/hotel-kgm.cz\/wp-content\/uploads\/eurospa3_en.jpg\" rel=\"noopener\"><img decoding=\"async\" class=\"alignleft wp-image-4591 size-full\" src=\"https:\/\/hotel-kgm.cz\/wp-content\/uploads\/logo_eurospa_v.png\" alt=\"logo_eurospa_v\" width=\"203\" height=\"100\" \/><\/a> <a href=\"https:\/\/hotel-kgm.cz\/wp-content\/uploads\/eurospa3_en.jpg\"><span style=\"color: #3366ff;\"><strong><span style=\"font-size: 14pt;\">The first hotel in Karlovy Vary to receive a&nbsp;certificate of quality \u2013 EUROPESPA med<\/span><\/strong><\/span><\/a>[\/vc_column_text][vc_empty_space][\/vc_column][\/vc_row]\n<\/div>","protected":false},"excerpt":{"rendered":"<p>[vc_row full_width=&#8221;stretch_row&#8221; equal_height=&#8221;yes&#8221; overlay_color=&#8221;rgba(0,0,0,0.01)&#8221; css=&#8221;.vc_custom_1720198086305{padding-bottom: 30px !important;background-image: url(https:\/\/hotel-kgm.cz\/wp-content\/uploads\/gobelin3.jpg?id=3653) !important;}&#8221;][vc_column][vc_row_inner content_placement=&#8221;middle&#8221;][vc_column_inner  [&#8230;]<\/p>\n","protected":false},"author":1,"featured_media":0,"parent":0,"menu_order":0,"comment_status":"closed","ping_status":"closed","template":"","meta":{"iawp_total_views":583,"footnotes":""},"class_list":["post-4908","page","type-page","status-publish","hentry"],"aioseo_notices":[],"_links":{"self":[{"href":"https:\/\/hotel-kgm.cz\/en\/wp-json\/wp\/v2\/pages\/4908","targetHints":{"allow":["GET"]}}],"collection":[{"href":"https:\/\/hotel-kgm.cz\/en\/wp-json\/wp\/v2\/pages"}],"about":[{"href":"https:\/\/hotel-kgm.cz\/en\/wp-json\/wp\/v2\/types\/page"}],"author":[{"embeddable":true,"href":"https:\/\/hotel-kgm.cz\/en\/wp-json\/wp\/v2\/users\/1"}],"replies":[{"embeddable":true,"href":"https:\/\/hotel-kgm.cz\/en\/wp-json\/wp\/v2\/comments?post=4908"}],"version-history":[{"count":6,"href":"https:\/\/hotel-kgm.cz\/en\/wp-json\/wp\/v2\/pages\/4908\/revisions"}],"predecessor-version":[{"id":37728,"href":"https:\/\/hotel-kgm.cz\/en\/wp-json\/wp\/v2\/pages\/4908\/revisions\/37728"}],"wp:attachment":[{"href":"https:\/\/hotel-kgm.cz\/en\/wp-json\/wp\/v2\/media?parent=4908"}],"curies":[{"name":"wp","href":"https:\/\/api.w.org\/{rel}","templated":true}]}}