{"id":4915,"date":"2018-01-12T12:50:41","date_gmt":"2018-01-12T11:50:41","guid":{"rendered":"https:\/\/hotel-kgm.cz\/?page_id=4915"},"modified":"2026-01-09T10:46:22","modified_gmt":"2026-01-09T09:46:22","slug":"grand-restaurant-en","status":"publish","type":"page","link":"https:\/\/hotel-kgm.cz\/en\/restaurace-en\/grand-restaurant-en\/","title":{"rendered":"GRAND RESTAURANT"},"content":{"rendered":"<div class=\"wpb-content-wrapper\">[vc_row full_width=&#8221;stretch_row&#8221; equal_height=&#8221;yes&#8221; overlay_color=&#8221;rgba(0,0,0,0.01)&#8221; css=&#8221;.vc_custom_1655045396833{padding-top: 20px !important;padding-bottom: 30px !important;background-image: url(https:\/\/hotel-kgm.cz\/wp-content\/uploads\/gobelin3.jpg?id=3653) !important;}&#8221;][vc_column][vc_row_inner content_placement=&#8221;middle&#8221;][vc_column_inner width=&#8221;5\/6&#8243; offset=&#8221;vc_hidden-sm vc_hidden-xs&#8221;][vc_column_text]\n<h1><em><span style=\"font-size: 96px;\">Grand Restaurant<\/span><\/em><\/h1>\n[\/vc_column_text][vc_column_text]\n<h2><span style=\"color: #ac8b51;\">KARLSBAD GRANDE MADONNA <em>&amp;<\/em><\/span><br \/>\n<span style=\"color: #ac8b51;\">FESTIVAL Apartments<\/span><\/h2>\n[\/vc_column_text][\/vc_column_inner][vc_column_inner width=&#8221;1\/6&#8243; offset=&#8221;vc_hidden-sm vc_hidden-xs&#8221;][vc_column_text]\n<h1><img decoding=\"async\" class=\"size-full wp-image-2507 aligncenter\" src=\"https:\/\/hotel-kgm.cz\/wp-content\/uploads\/andel_maly7.png\" alt=\"\" width=\"180\" height=\"261\" \/><\/h1>\n[\/vc_column_text][\/vc_column_inner][\/vc_row_inner][\/vc_column][\/vc_row][vc_row full_width=&#8221;stretch_row&#8221; equal_height=&#8221;yes&#8221; overlay_color=&#8221;rgba(0,0,0,0.01)&#8221; css=&#8221;.vc_custom_1720897652450{padding-bottom: 30px !important;background-image: url(https:\/\/hotel-kgm.cz\/wp-content\/uploads\/gobelin3.jpg?id=3653) !important;}&#8221;][vc_column offset=&#8221;vc_hidden-lg vc_hidden-md&#8221;][vc_row_inner content_placement=&#8221;middle&#8221;][vc_column_inner width=&#8221;5\/6&#8243;][vc_column_text css=&#8221;&#8221;]\n<h2>Grand Restaurant<\/h2>\n[\/vc_column_text][\/vc_column_inner][vc_column_inner width=&#8221;1\/6&#8243;][\/vc_column_inner][\/vc_row_inner][\/vc_column][\/vc_row][vc_row][vc_column][vc_empty_space height=&#8221;22px&#8221;][vc_raw_html css=&#8221;&#8221;]JTNDYSUyMGlkJTNEJTIyYnVmZXQlMjIlM0UlM0MlMkZhJTNF[\/vc_raw_html][\/vc_column][\/vc_row][vc_row][vc_column width=&#8221;1\/2&#8243;][vc_gallery interval=&#8221;3&#8243; images=&#8221;2721,2722,2723,2724,2725,2726,2727,2728,2729,3021,3022,3023,3024,3025&#8243; img_size=&#8221;1200&#215;700&#8243; onclick=&#8221;&#8221;][\/vc_column][vc_column width=&#8221;1\/2&#8243;][vc_column_text]<strong><span style=\"color: #ac8b51;\">KARLSBAD GRANDE MADONNA <em>&amp; <\/em><\/span><\/strong><strong><span style=\"color: #ac8b51;\">FESTIVAL Apartments<\/span><\/strong><\/p>\n<h2>About Restaurant<\/h2>\n<p><span lang=\"en-US\">The two-story restaurant of our hotel \u2013 <strong>GRAND RESTAURANT KARLSBAD GRANDE MADONNA<\/strong> \u2013 <\/span><span lang=\"en-US\">will enhance your gastronomic experience during your stay, giving you the chance to feel like a\u00a0real king or a\u00a0queen. The restaurant offers modern cuisine of the highest quality. <\/span><span lang=\"en-US\">We also observe the principles of diet and fine cuisine<\/span><span lang=\"en-US\">. <\/span>We prepare delicious and healthy food for you with love and <em><strong>\u201cWith Heavenly Care\u201d<\/strong><\/em>.[\/vc_column_text][\/vc_column][\/vc_row][vc_row][vc_column width=&#8221;1\/2&#8243;][vc_column_text css=&#8221;&#8221;]<div class=\"su-list\" style=\"margin-left:0px\">\n<ul>\n<li><i class=\"sui sui-circle\" style=\"color:#AC8B51\"><\/i> <span style=\"font-size: 14pt;\"><strong>Breakfast:<\/strong> 7:00 \u2013 10:30 <strong>Hot and cold buffet, healthy food corner,<\/strong> and beverage buffet including hot drinks \u2013 coffee, tea, hot chocolate, and 4 types of juice. Other non-alcoholic and alcoholic beverages can be ordered from the staff.<\/span><\/li>\n<li><i class=\"sui sui-circle\" style=\"color:#AC8B51\"><\/i> <span style=\"font-size: 14pt;\"><strong>Lunch:<\/strong> 12.00 \u2013 14.00 <strong>In the form of a hot and cold buffet.<\/strong> Daily varied selection of main courses (meat, fish, game, vegetarian dishes), soups, salads, vegetables, fruit and homemade desserts from our pastry chef. <strong>Drinks:<\/strong> water in jugs is available at each table. Non-alcoholic and alcoholic drinks can be ordered from the staff.<\/span><\/li>\n<li><i class=\"sui sui-circle\" style=\"color:#AC8B51\"><\/i> <span style=\"font-size: 14pt;\"><strong>Dinner:<\/strong> 18.00 \u2013 20.00 <strong>In the form of a hot and cold buffet.<\/strong> Daily varied selection of main courses (meat, fish, game, vegetarian dishes), soups, salads, vegetables, fruit and homemade desserts from our pastry chef. <strong>Drinks:<\/strong> water in jugs is available at each table. Non-alcoholic and alcoholic drinks can be ordered from the staff.<\/span><\/li>\n<li><i class=\"sui sui-circle\" style=\"color:#AC8B51\"><\/i> <span style=\"font-size: 14pt;\"><strong>Guests can choose the type of board according to their wish:<\/strong><br \/>\n<strong>Breakfast (BB)<\/strong> \u2013 breakfast only<br \/>\n<strong>Half board (HB)<\/strong> \u2013 2 meals a day<br \/>\n(breakfast and lunch or breakfast and dinner)<br \/>\n<strong>Full board (FB)<\/strong> \u2013 3 meals a day<br \/>\n(breakfast + lunch + dinner)<\/span><\/li>\n<\/ul>\n<\/div>[\/vc_column_text][\/vc_column][vc_column width=&#8221;1\/2&#8243;][vc_column_text css=&#8221;&#8221;]<div class=\"su-list\" style=\"margin-left:0px\">\n<ul>\n<li><i class=\"sui sui-circle\" style=\"color:#AC8B51\"><\/i> <span style=\"font-size: 18px;\"><strong>Offers<\/strong> a wide range of Czech and international cuisine. A varied selection of hot and cold food, diet and rational food preparation, rich selection of daily fresh fruit and vegetables, dairy products, or delicacies from the hotel\u2019s own patisserie.<\/span><\/li>\n<li><i class=\"sui sui-circle\" style=\"color:#AC8B51\"><\/i> <span style=\"font-size: 18px;\"><strong>The food<\/strong> we use is bought only from certified suppliers with ISO certification, and all our meals are prepared in accordance with modern trends based on the principles of HACCP.<\/span><\/li>\n<li><i class=\"sui sui-circle\" style=\"color:#AC8B51\"><\/i> <span style=\"font-size: 18px;\"><strong>Size:<\/strong> 155 m2 (1. floor: 65 m2 \/ 2. floor: 90 m2)<\/span><\/li>\n<li><i class=\"sui sui-circle\" style=\"color:#AC8B51\"><\/i> <span style=\"font-size: 18px;\"><strong>The restaurant is equipped with:<\/strong> Air conditioning and access to free wireless Internet (Wi-Fi).<\/span><\/li>\n<li><i class=\"sui sui-circle\" style=\"color:#AC8B51\"><\/i> <span style=\"font-size: 18px;\"><strong>Restaurant offers:<\/strong> <span class=\"HwtZe\" lang=\"en\"><span class=\"jCAhz ChMk0b\"><span class=\"ryNqvb\">Coffee break<\/span><\/span><\/span>s, banquets, group dinners.<\/span><\/li>\n<li><i class=\"sui sui-circle\" style=\"color:#AC8B51\"><\/i> <span style=\"font-size: 14pt;\">For spa guests, we also provide services such as a cold platter delivered to the room in case of late arrival (late arrival must be reported to the hotel reception on the day of arrival by 6 p.m. at the latest on mobile: +420 728 800 968), and a travel package in case of guests leaving, e.g., for an excursion (the travel package must be reported at least 24 hours in advance at the hotel reception).<\/span><\/li>\n<li><i class=\"sui sui-circle\" style=\"color:#AC8B51\"><\/i> <span style=\"font-size: 18px;\">Diet meals are determined after consultation with the spa doctor, but everyone can choose the type of food according to their wish and taste.<\/span><\/li>\n<\/ul>\n<\/div>[\/vc_column_text][vc_empty_space][\/vc_column][\/vc_row][vc_row][vc_column][vc_empty_space height=&#8221;22px&#8221;][\/vc_column][\/vc_row][vc_row full_width=&#8221;stretch_row&#8221; equal_height=&#8221;yes&#8221; content_placement=&#8221;bottom&#8221; video_bg=&#8221;yes&#8221; video_bg_url=&#8221;https:\/\/www.youtube.com\/watch?v=v2R16lth9Qc&#8221; video_bg_parallax=&#8221;content-moving&#8221; parallax_speed_video=&#8221;1&#8243; overlay_color=&#8221;rgba(0,0,0,0.2)&#8221; css=&#8221;.vc_custom_1524223938964{padding-top: 220px !important;padding-bottom: 220px !important;background-position: center !important;background-repeat: no-repeat !important;background-size: cover !important;}&#8221;][vc_column][vc_column_text]\n<h2><span style=\"background-color: #ffffff;\"><span style=\"color: #ffffff;\">_<\/span>KARLSBAD GRANDE MADONNA Spa &amp; Wellness Hotel<span style=\"color: #ffffff;\">_<\/span><\/span><\/h2>\n<p><span style=\"background-color: #ffffff;\"><em><span style=\"color: #ffffff;\">__<\/span>With Heavenly Care<span style=\"color: #ffffff;\">__<\/span><\/em><\/span>[\/vc_column_text][\/vc_column][\/vc_row][vc_row][vc_column][vc_empty_space height=&#8221;72px&#8221;][\/vc_column][\/vc_row][vc_row][vc_column width=&#8221;1\/2&#8243;][vc_single_image image=&#8221;31574&#8243; img_size=&#8221;full&#8221;][\/vc_column][vc_column width=&#8221;1\/2&#8243;][vc_column_text css=&#8221;&#8221;]<strong><span style=\"color: #ac8b51;\">KARLSBAD GRANDE MADONNA \u2013 KARLOVY VARY<\/span><\/strong><\/p>\n<h2>Buffet menu &#8211; sample<\/h2>\n<p><a href=\"https:\/\/hotel-kgm.cz\/wp-content\/uploads\/Raut_nabidka.pdf\" target=\"_blank\" rel=\"noopener\"><img decoding=\"async\" class=\"alignnone wp-image-37974 size-full\" src=\"https:\/\/hotel-kgm.cz\/wp-content\/uploads\/buffet_ukazka.png\" alt=\"\" width=\"785\" height=\"525\" srcset=\"https:\/\/hotel-kgm.cz\/wp-content\/uploads\/buffet_ukazka-200x134.png 200w, https:\/\/hotel-kgm.cz\/wp-content\/uploads\/buffet_ukazka-300x201.png 300w, https:\/\/hotel-kgm.cz\/wp-content\/uploads\/buffet_ukazka-400x268.png 400w, https:\/\/hotel-kgm.cz\/wp-content\/uploads\/buffet_ukazka-600x401.png 600w, https:\/\/hotel-kgm.cz\/wp-content\/uploads\/buffet_ukazka-768x514.png 768w, https:\/\/hotel-kgm.cz\/wp-content\/uploads\/buffet_ukazka.png 785w\" sizes=\"(max-width: 785px) 100vw, 785px\" \/><\/a>[\/vc_column_text][vc_btn title=&#8221;SHOW SAMPLE&#8221; shape=&#8221;square&#8221; color=&#8221;chino&#8221; size=&#8221;lg&#8221; align=&#8221;center&#8221; css=&#8221;&#8221; link=&#8221;url:https%3A%2F%2Fhotel-kgm.cz%2Fwp-content%2Fuploads%2FRaut_nabidka.pdf|title:Pokoje|target:_blank&#8221;][\/vc_column][\/vc_row][vc_row full_width=&#8221;stretch_row&#8221; equal_height=&#8221;yes&#8221; overlay_color=&#8221;rgba(0,0,0,0.01)&#8221; css=&#8221;.vc_custom_1511302591026{padding-top: 20px !important;padding-bottom: 30px !important;}&#8221;][vc_column][vc_raw_html]JTNDYSUyMGlkJTNEJTIyZGlldGElMjIlM0UlM0MlMkZhJTNF[\/vc_raw_html][vc_empty_space height=&#8221;2px&#8221;][vc_row_inner content_placement=&#8221;middle&#8221;][vc_column_inner width=&#8221;3\/4&#8243; css=&#8221;.vc_custom_1525718376414{padding-top: 18px !important;}&#8221;][vc_column_text]<strong><span style=\"color: #ac8b51;\">KARLSBAD GRANDE MADONNA <em>&amp;<\/em> FESTIVAL Apartments \u2013 KARLOVY VARY<\/span><\/strong><\/p>\n<h2><span style=\"font-size: 36pt;\">Diet Catering<\/span><\/h2>\n[\/vc_column_text][\/vc_column_inner][vc_column_inner width=&#8221;1\/4&#8243; css=&#8221;.vc_custom_1662197981720{padding-top: 38px !important;}&#8221;][vc_column_text]<img decoding=\"async\" class=\"wp-image-10074 size-medium aligncenter\" src=\"https:\/\/hotel-kgm.cz\/wp-content\/uploads\/s_andelskou_peci_pruhledne_en-300x44.png\" alt=\" motto S And\u011blskou p\u00e9\u010d\u00ed RU\" width=\"300\" height=\"44\" srcset=\"https:\/\/hotel-kgm.cz\/wp-content\/uploads\/s_andelskou_peci_pruhledne_en-300x44.png 300w, https:\/\/hotel-kgm.cz\/wp-content\/uploads\/s_andelskou_peci_pruhledne_en-768x113.png 768w, https:\/\/hotel-kgm.cz\/wp-content\/uploads\/s_andelskou_peci_pruhledne_en.png 911w\" sizes=\"(max-width: 300px) 100vw, 300px\" \/>[\/vc_column_text][\/vc_column_inner][\/vc_row_inner][vc_separator color=&#8221;chino&#8221; align=&#8221;align_left&#8221; border_width=&#8221;2&#8243;][\/vc_column][\/vc_row][vc_row][vc_column][vc_column_text]GRAND RESTAURANT KARLSBAD GRANDE MADONNA offers its guests a&nbsp;meal of their own choice or based on the recommendation of a&nbsp;doctor. A&nbsp;rich buffet is prepared for lunch and dinner every day with a&nbsp;large selection of salads, fresh fruit, hot and cold buffet, desserts from the hotel confectionery and hot and cold soft drinks. All of this is included in the price of paid pensions. The professional team of GRAND RESTAURANT KARLSBAD GRANDE MADONNA has created a&nbsp;spa diet menu system, which is planned over a&nbsp;three weeks rotation so you won\u2019t have to repeat any meals and you can enjoy a&nbsp;full range of dishes full of creativity and diversity. The menu includes diet meals, international and traditional Czech cuisine.[\/vc_column_text]<div class=\"lvca-accordion lvca-style2\" data-toggle=\"false\" data-expanded=\"false\"><div class=\"lvca-panel\" id=\"\"><div class=\"lvca-panel-title\">n. 2 \u2013 Saving Gall Bladder Diet<\/div><div class=\"lvca-panel-content\">The goal of this saving diet is reduced flatulence through easily digestible, rich, and tasty food. The diet should be followed long term. Allowed types of food which are prepared include: stewing, baking, and roasting in water. The meals are prepared until soft, without indigestible residues and hard crusts. Meals are prepared dry, we add minimum of fat to a&nbsp;finished dish. It is effective against diseases of the gall bladder and the liver, biliary stones, also in bowel diseases, after infectious hepatitis, or in diseases of the pancreas. This diet also has reduced fat. The diet has saving ature by the food choice and its preparation.<\/div><\/div><!-- .lvca-panel --><div class=\"lvca-panel\" id=\"\"><div class=\"lvca-panel-title\">n. 3 \u2013 Rational Diet<\/div><div class=\"lvca-panel-content\">We prepare this diet for guests who come to the spa for relaxation and regeneration stays. It is an optimally appropriate diet that does not burden the organism with its composition. This diet is not limited to food preparation. It is built according to the principles of healthy eating.<\/div><\/div><!-- .lvca-panel --><div class=\"lvca-panel\" id=\"\"><div class=\"lvca-panel-title\">n. 4 \u2013 Reduced Fat<\/div><div class=\"lvca-panel-content\">The diet with reduced fat is full-featured, easily digestible, user-friendly in the long term and has reduced fat content. No food is included that has high levels of cholesterol, which is why this diet also has slight anti-sclerosis effects. It is prescribed during the fading of acute symptoms of the disease of the pancreas and liver disease.<\/div><\/div><!-- .lvca-panel --><div class=\"lvca-panel\" id=\"\"><div class=\"lvca-panel-title\">n. 8 \u2013 Slimming Diet<\/div><div class=\"lvca-panel-content\">This diet has a&nbsp;positive effect on body weight. With proper and regular application, there is a&nbsp;gradual decrease in weight and improvement in physical function. It is calorically and biologically balanced. The slimming diet is always tailored individually according to the current state of health of each guest.<\/div><\/div><!-- .lvca-panel --><div class=\"lvca-panel\" id=\"\"><div class=\"lvca-panel-title\">n. 9 \u2013 Diabetic Diet<\/div><div class=\"lvca-panel-content\">Designed for patients with diabetes. Excludes food containing freely concentrated sugars (carbohydrates). It is based on low-cholesterol food, limiting fats and carbohydrates, and especially designed so that regular and frequent guests eat in gradually smaller amounts. Guests who take insulin have a&nbsp;minimum of five meals a&nbsp;day (breakfast, lunch, snack, dinner, second dinner).<\/div><\/div><!-- .lvca-panel --><\/div><!-- .lvca-accordion -->[vc_row_inner][vc_column_inner][vc_column_text]\n<div class=\"exp-col-content-holder\" style=\"text-align: center;\">\n<div id=\"target-id7115\" class=\"collapseomatic_content \">\n<div class=\"hidden-content\">\n<p style=\"text-align: left;\"><strong>In the case of a&nbsp;special prescription by the spa doctor, we are ready to provide individual preparation of other diets, for example: Gluten-free, Vegetarian, Warfarin and others.<\/strong><\/p>\n<\/div>\n<\/div>\n<\/div>\n[\/vc_column_text][\/vc_column_inner][\/vc_row_inner][\/vc_column][\/vc_row][vc_row][vc_column][vc_empty_space][\/vc_column][\/vc_row][vc_row][vc_column width=&#8221;1\/2&#8243;][vc_single_image image=&#8221;31568&#8243; img_size=&#8221;full&#8221;][\/vc_column][vc_column width=&#8221;1\/2&#8243;][vc_column_text]<strong><span style=\"color: #ac8b51;\">KARLSBAD GRANDE MADONNA \u2013 KARLOVY VARY<\/span><\/strong><\/p>\n<h2>Catering of organized tourist groups<\/h2>\n<p><em>We also offer the possibility of catering for passing groups. Many travel agencies use this possibility to take tourists from Spain, Greece, India, Turkey and other countries to Karlovy Vary to visit. We will be glad to offer catering for your group during your visit to Karlovy Vary. Look at our <a href=\"https:\/\/hotel-kgm.cz\/wp-content\/uploads\/menu_skupiny_EN.pdf\" target=\"_blank\" rel=\"noopener noreferrer\">sample menu<\/a>, where you can find both traditional Czech and international cuisine, but also a\u00a0selection of gluten-free and vegetarian options. We are going to prepare the menu for your lunch or dinner according to your wish and taste.<\/em>[\/vc_column_text][vc_btn title=&#8221;SHOW MENU SELECTION&#8221; shape=&#8221;square&#8221; color=&#8221;chino&#8221; size=&#8221;lg&#8221; align=&#8221;center&#8221; link=&#8221;url:https%3A%2F%2Fhotel-kgm.cz%2Fwp-content%2Fuploads%2Fmenu_skupiny_EN.pdf|title:Pokoje|target:_blank&#8221;][vc_btn title=&#8221;COFFEE AND DESSERT&#8221; shape=&#8221;square&#8221; color=&#8221;chino&#8221; size=&#8221;lg&#8221; align=&#8221;center&#8221; css=&#8221;&#8221; link=&#8221;url:https%3A%2F%2Fhotel-kgm.cz%2Fwp-content%2Fuploads%2FKaffee-und-Kuchen-KGM-ENDE.pdf|title:Pokoje|target:_blank&#8221;][\/vc_column][\/vc_row][vc_row][vc_column][vc_empty_space][\/vc_column][\/vc_row][vc_row][vc_column width=&#8221;1\/2&#8243;][vc_column_text]<strong><span style=\"color: #ac8b51;\">KARLSBAD GRANDE MADONNA <em>&amp; <\/em><\/span><\/strong><strong><span style=\"color: #ac8b51;\">FESTIVAL Apartments<\/span><\/strong><\/p>\n<h2>Lounge of spa hotel<\/h2>\n<p><span style=\"font-size: 18px;\">Provides services for corporate conferences and business meetings, family reunions, weddings and anniversaries or services according to individual client wishes.<\/span><\/p>\n<div class=\"su-list\" style=\"margin-left:0px\">\n<ul>\n<li><i class=\"sui sui-circle\" style=\"color:#AC8B51\"><\/i> <span style=\"font-size: 18px;\"><strong><span id=\"result_box\" class=\"short_text\" lang=\"en\"><span class=\"hps\">The lounge has everything<\/span><\/span>:<\/strong> <span id=\"result_box\" lang=\"en\"><span class=\"hps\">air conditioning<\/span>, <span class=\"hps\">internet connection<\/span>, flipchart, <span class=\"hps\">DVD<\/span> <span class=\"hps\">player,<\/span> <span class=\"hps\">projector and screen<\/span><\/span><\/span><\/li>\n<li><i class=\"sui sui-circle\" style=\"color:#AC8B51\"><\/i> <span style=\"font-size: 18px;\"><strong>Service included:<\/strong> <span id=\"result_box\" class=\"short_text\" lang=\"en\"><span class=\"hps\">coffee breaks<\/span>, banquets, <span class=\"hps\">dinners for groups<\/span><\/span>, menu \u201ca la carte\u201d<\/span><\/li>\n<li><i class=\"sui sui-circle\" style=\"color:#AC8B51\"><\/i> <span style=\"font-size: 18px;\"><strong>Size:<\/strong> 31m<sup>2<\/sup><\/span><\/li>\n<li><i class=\"sui sui-circle\" style=\"color:#AC8B51\"><\/i> <span style=\"font-size: 18px;\"><strong><span id=\"result_box\" class=\"short_text\" lang=\"en\"><span class=\"hps\">Number of seats<\/span><\/span>:<\/strong> 25<\/span><\/li>\n<li><i class=\"sui sui-circle\" style=\"color:#AC8B51\"><\/i> <span style=\"font-size: 18px;\">Conference sample menu for inspiration:<\/span><br \/>\n<span style=\"font-size: 18px;\"><a href=\"https:\/\/hotel-kgm.cz\/wp-content\/uploads\/nabidka_konference_coffee_breaks-EN.pdf\" target=\"_blank\" rel=\"noopener noreferrer\">Coffee Breaks<\/a> \/ <a href=\"https:\/\/hotel-kgm.cz\/wp-content\/uploads\/nabidka_konference_menu-EN.pdf\" target=\"_blank\" rel=\"noopener noreferrer\">Menu<\/a> \/ <\/span><a href=\"https:\/\/hotel-kgm.cz\/wp-content\/uploads\/nabidka_konference_rauty-EN.pdf\" target=\"_blank\" rel=\"noopener noreferrer\"><span style=\"font-size: 18px;\">Receptions<\/span><\/a><\/li>\n<\/ul>\n<\/div>[\/vc_column_text][\/vc_column][vc_column width=&#8221;1\/2&#8243;][vc_empty_space height=&#8221;52px&#8221;][vc_gallery interval=&#8221;3&#8243; images=&#8221;9363,9362,9361&#8243; img_size=&#8221;1200&#215;700&#8243; onclick=&#8221;&#8221;][\/vc_column][\/vc_row][vc_row][vc_column][vc_empty_space][\/vc_column][\/vc_row][vc_row][vc_column][vc_empty_space height=&#8221;12px&#8221;][vc_column_text]\n<p style=\"text-align: center;\"><img decoding=\"async\" class=\"wp-image-6258 aligncenter\" src=\"https:\/\/hotel-kgm.cz\/wp-content\/uploads\/free_wifi_no_bronz.png\" alt=\"\" width=\"120\" height=\"49\" \/>All rooms are <strong>NON-SMOKING<\/strong> and equipped with free <strong>Wi-Fi<\/strong>!<\/p>\n[\/vc_column_text][vc_empty_space height=&#8221;12px&#8221;][\/vc_column][\/vc_row]\n<\/div>","protected":false},"excerpt":{"rendered":"<p>[vc_row full_width=&#8221;stretch_row&#8221; equal_height=&#8221;yes&#8221; overlay_color=&#8221;rgba(0,0,0,0.01)&#8221; css=&#8221;.vc_custom_1655045396833{padding-top: 20px !important;padding-bottom: 30px !important;background-image: url(https:\/\/hotel-kgm.cz\/wp-content\/uploads\/gobelin3.jpg?id=3653)  [&#8230;]<\/p>\n","protected":false},"author":1,"featured_media":0,"parent":4908,"menu_order":0,"comment_status":"closed","ping_status":"closed","template":"","meta":{"iawp_total_views":800,"footnotes":""},"class_list":["post-4915","page","type-page","status-publish","hentry"],"aioseo_notices":[],"_links":{"self":[{"href":"https:\/\/hotel-kgm.cz\/en\/wp-json\/wp\/v2\/pages\/4915","targetHints":{"allow":["GET"]}}],"collection":[{"href":"https:\/\/hotel-kgm.cz\/en\/wp-json\/wp\/v2\/pages"}],"about":[{"href":"https:\/\/hotel-kgm.cz\/en\/wp-json\/wp\/v2\/types\/page"}],"author":[{"embeddable":true,"href":"https:\/\/hotel-kgm.cz\/en\/wp-json\/wp\/v2\/users\/1"}],"replies":[{"embeddable":true,"href":"https:\/\/hotel-kgm.cz\/en\/wp-json\/wp\/v2\/comments?post=4915"}],"version-history":[{"count":32,"href":"https:\/\/hotel-kgm.cz\/en\/wp-json\/wp\/v2\/pages\/4915\/revisions"}],"predecessor-version":[{"id":44946,"href":"https:\/\/hotel-kgm.cz\/en\/wp-json\/wp\/v2\/pages\/4915\/revisions\/44946"}],"up":[{"embeddable":true,"href":"https:\/\/hotel-kgm.cz\/en\/wp-json\/wp\/v2\/pages\/4908"}],"wp:attachment":[{"href":"https:\/\/hotel-kgm.cz\/en\/wp-json\/wp\/v2\/media?parent=4915"}],"curies":[{"name":"wp","href":"https:\/\/api.w.org\/{rel}","templated":true}]}}