{"id":5161,"date":"2018-01-20T14:22:43","date_gmt":"2018-01-20T13:22:43","guid":{"rendered":"https:\/\/hotel-kgm.cz\/?page_id=5161"},"modified":"2024-08-12T17:05:17","modified_gmt":"2024-08-12T15:05:17","slug":"sluzby-lekare-en","status":"publish","type":"page","link":"https:\/\/hotel-kgm.cz\/en\/leceni-en\/sluzby-lekare-en\/","title":{"rendered":"Medical Services"},"content":{"rendered":"<div class=\"wpb-content-wrapper\">[vc_row full_width=&#8221;stretch_row&#8221; equal_height=&#8221;yes&#8221; overlay_color=&#8221;rgba(0,0,0,0.01)&#8221; css=&#8221;.vc_custom_1655045396833{padding-top: 20px !important;padding-bottom: 30px !important;background-image: url(https:\/\/hotel-kgm.cz\/wp-content\/uploads\/gobelin3.jpg?id=3653) !important;}&#8221;][vc_column][vc_row_inner content_placement=&#8221;middle&#8221;][vc_column_inner width=&#8221;5\/6&#8243; offset=&#8221;vc_hidden-sm vc_hidden-xs&#8221;][vc_column_text]\n<h1><em><span style=\"font-size: 96px;\">Medical Services<\/span><\/em><\/h1>\n[\/vc_column_text][vc_column_text]\n<h2><span style=\"color: #ac8b51;\">KARLSBAD GRANDE MADONNA <em>&amp;<\/em><\/span><br \/>\n<span style=\"color: #ac8b51;\">FESTIVAL Apartments<\/span><\/h2>\n[\/vc_column_text][\/vc_column_inner][vc_column_inner width=&#8221;1\/6&#8243; offset=&#8221;vc_hidden-sm vc_hidden-xs&#8221;][vc_column_text]\n<h1><img decoding=\"async\" class=\"size-full wp-image-2507 aligncenter\" src=\"https:\/\/hotel-kgm.cz\/wp-content\/uploads\/andel_maly7.png\" alt=\"\" width=\"180\" height=\"261\" \/><\/h1>\n[\/vc_column_text][\/vc_column_inner][\/vc_row_inner][\/vc_column][\/vc_row][vc_row full_width=&#8221;stretch_row&#8221; equal_height=&#8221;yes&#8221; overlay_color=&#8221;rgba(0,0,0,0.01)&#8221; css=&#8221;.vc_custom_1720897652450{padding-bottom: 30px !important;background-image: url(https:\/\/hotel-kgm.cz\/wp-content\/uploads\/gobelin3.jpg?id=3653) !important;}&#8221;][vc_column offset=&#8221;vc_hidden-lg vc_hidden-md&#8221;][vc_row_inner content_placement=&#8221;middle&#8221;][vc_column_inner width=&#8221;5\/6&#8243;][vc_column_text css=&#8221;&#8221;]\n<h2>Medical Services<\/h2>\n[\/vc_column_text][\/vc_column_inner][vc_column_inner width=&#8221;1\/6&#8243;][\/vc_column_inner][\/vc_row_inner][\/vc_column][\/vc_row][vc_row][vc_column][vc_empty_space height=&#8221;62px&#8221;][\/vc_column][\/vc_row][vc_row disable_element=&#8221;yes&#8221; overlay_color=&#8221;rgba(0,0,0,0.01)&#8221;][vc_column width=&#8221;1\/3&#8243;][vc_row_inner][vc_column_inner width=&#8221;1\/2&#8243;][vc_single_image image=&#8221;20261&#8243; img_size=&#8221;medium&#8221; css_animation=&#8221;none&#8221;][\/vc_column_inner][vc_column_inner width=&#8221;1\/2&#8243;][vc_column_text]<strong>MUDr. V\u00e1clav \u0160olc<br \/>\n<\/strong><em>The chief physician<\/em><\/p>\n<p><span style=\"font-size: 14px;\">Tel.: +420&nbsp;353&nbsp;169&nbsp;504<\/span><br \/>\n<span style=\"font-size: 14px;\">Fax: +420&nbsp;353&nbsp;169&nbsp;510<\/span><br \/>\n<span style=\"font-size: 14px;\">primar@hotel-kgm.cz<\/span>[\/vc_column_text][\/vc_column_inner][\/vc_row_inner][\/vc_column][vc_column width=&#8221;2\/3&#8243;][vc_row_inner][vc_column_inner][vc_column_text]Graduated from the Medical Faculty of Charles University in Hradec Kr\u00e1lov\u00e9 in 1977. Postgradual studies he absolved at Central Military Hospital in Prague, after which he worked for a&nbsp;long time in the Czech Army, including missions abroad, therefore he is also a&nbsp;war veteran.<\/p>\n<p>He passed the attestation in social, internal and general medicine. In addition to medical internship and practicing in his home town Ji\u010d\u00edn, he also worked for 20 years in L\u00e1zn\u011b B\u011blohrad as a&nbsp;quality manager, at the end of his career as a&nbsp;medical director.<\/p>\n<p>He is a&nbsp;graduate of the Czech Medical Chamber\u2019s lifelong education diploma and does not avoid natural medicine as well. His credo is: Bonus aegroti suprema lex (Patient\u2019s health is the highest goal).[\/vc_column_text][\/vc_column_inner][\/vc_row_inner][\/vc_column][\/vc_row][vc_row disable_element=&#8221;yes&#8221; overlay_color=&#8221;rgba(0,0,0,0.01)&#8221;][vc_column][vc_empty_space height=&#8221;22px&#8221;][vc_raw_html]JTVCeHl6LWlocyUyMHNuaXBwZXQlM0QlMjJIQlRhRkJULUVOLTF6MyUyMiU1RA==[\/vc_raw_html][vc_row_inner][vc_column_inner width=&#8221;1\/2&#8243; css=&#8221;.vc_custom_1570559919421{border-top-width: 1px !important;border-right-width: 1px !important;border-bottom-width: 1px !important;border-left-width: 1px !important;padding-left: 10px !important;border-left-color: #b28500 !important;border-left-style: solid !important;border-right-color: #b28500 !important;border-right-style: solid !important;border-top-color: #b28500 !important;border-top-style: solid !important;border-bottom-color: #b28500 !important;border-bottom-style: solid !important;border-radius: 1px !important;}&#8221;][vc_raw_html]JTVCeHl6LWlocyUyMHNuaXBwZXQlM0QlMjJIQlRhRkJULUVOLTJ6MyUyMiU1RA==[\/vc_raw_html][\/vc_column_inner][vc_column_inner width=&#8221;1\/2&#8243; css=&#8221;.vc_custom_1570560034643{border-top-width: 1px !important;border-right-width: 1px !important;border-bottom-width: 1px !important;border-left-width: 1px !important;padding-left: 10px !important;border-left-color: #b28500 !important;border-left-style: solid !important;border-right-color: #b28500 !important;border-right-style: solid !important;border-top-color: #b28500 !important;border-top-style: solid !important;border-bottom-color: #b28500 !important;border-bottom-style: solid !important;border-radius: 1px !important;}&#8221;][vc_raw_html]JTVCeHl6LWlocyUyMHNuaXBwZXQlM0QlMjJIQlRhRkJULUVOLTN6MyUyMiU1RA==[\/vc_raw_html][\/vc_column_inner][\/vc_row_inner][vc_empty_space height=&#8221;82px&#8221;][\/vc_column][\/vc_row][vc_row][vc_column width=&#8221;1\/3&#8243;][vc_single_image image=&#8221;3153&#8243; img_size=&#8221;full&#8221; alignment=&#8221;center&#8221;][vc_column_text]<strong><span style=\"color: #ac8b51; font-size: 10pt;\">MEDICAL SERVICES<\/span><\/strong>[\/vc_column_text][vc_column_text css=&#8221;.vc_custom_1663059692136{margin-top: -30px !important;}&#8221;]<span style=\"font-size: 18pt;\"><strong>Medical examination<\/strong><\/span>[\/vc_column_text][vc_separator color=&#8221;chino&#8221; align=&#8221;align_left&#8221; border_width=&#8221;2&#8243; css=&#8221;.vc_custom_1662634265588{margin-top: -20px !important;}&#8221;][vc_column_text]<div class=\"lvca-accordion lvca-style2\" data-toggle=\"true\" data-expanded=\"false\"><div class=\"lvca-panel\" id=\"\"><div class=\"lvca-panel-title\">Service description<\/div><div class=\"lvca-panel-content\">Price: 1075,- CZK<\/p>\n<p><span id=\"result_box\" class=\"short_text\" lang=\"en\"><span class=\"hps\">Medical<\/span> <span class=\"hps\">examination includes<\/span><\/span>:<\/p>\n<ul>\n<li>Entry examination<\/li>\n<li><span id=\"result_box\" class=\"short_text\" lang=\"en\">T<span class=\"hps\">reatments prescription<br \/>\n<\/span><\/span><\/li>\n<li><span id=\"result_box\" class=\"short_text\" lang=\"en\"><span class=\"hps\">Drinking cure prescription<\/span><\/span><\/li>\n<li>Diet <span id=\"result_box\" class=\"short_text\" lang=\"en\"><span class=\"hps\">prescription<\/span><\/span><\/li>\n<li><span id=\"result_box\" class=\"short_text\" lang=\"en\"><span class=\"hps\">Blood pressure measurement<\/span><\/span><\/li>\n<li>Full examination (for stays longer than 14 days)<\/li>\n<li>Exit examination and final medical report after treatment completion<\/li>\n<\/ul>\n<\/div><\/div><!-- .lvca-panel --><\/div><!-- .lvca-accordion -->[\/vc_column_text][\/vc_column][vc_column width=&#8221;1\/3&#8243;][vc_single_image image=&#8221;3154&#8243; img_size=&#8221;full&#8221; alignment=&#8221;center&#8221;][vc_column_text]<strong><span style=\"color: #ac8b51; font-size: 10pt;\">MEDICAL SERVICES<\/span><\/strong>[\/vc_column_text][vc_column_text css=&#8221;.vc_custom_1663059698849{margin-top: -30px !important;}&#8221;]<span style=\"font-size: 18pt;\"><strong>Measurement of blood sugar levels<\/strong><\/span>[\/vc_column_text][vc_separator color=&#8221;chino&#8221; align=&#8221;align_left&#8221; border_width=&#8221;2&#8243; css=&#8221;.vc_custom_1662635192184{margin-top: -20px !important;}&#8221;][vc_column_text]<div class=\"lvca-accordion lvca-style2\" data-toggle=\"true\" data-expanded=\"false\"><div class=\"lvca-panel\" id=\"\"><div class=\"lvca-panel-title\">Service description<\/div><div class=\"lvca-panel-content\">\n<div id=\"ui-id-2\" class=\"toggle-content ui-accordion-content ui-helper-reset ui-widget-content ui-corner-bottom ui-accordion-content-active\" role=\"tabpanel\" aria-hidden=\"false\" aria-labelledby=\"ui-id-1\">\n<div class=\"toggle-container entry-content\">\n<p>Price: 200,- CZK<\/p><\/div>\n<\/div>\n<\/div><\/div><!-- .lvca-panel --><\/div><!-- .lvca-accordion -->[\/vc_column_text][\/vc_column][vc_column width=&#8221;1\/3&#8243;][vc_single_image image=&#8221;3151&#8243; img_size=&#8221;full&#8221; alignment=&#8221;center&#8221;][vc_column_text]<strong><span style=\"color: #ac8b51; font-size: 10pt;\">MEDICAL SERVICES<\/span><\/strong>[\/vc_column_text][vc_column_text css=&#8221;.vc_custom_1663059708028{margin-top: -30px !important;}&#8221;]<span style=\"font-size: 18pt;\"><strong>Consultation with doctor<\/strong><\/span>[\/vc_column_text][vc_separator color=&#8221;chino&#8221; align=&#8221;align_left&#8221; border_width=&#8221;2&#8243; css=&#8221;.vc_custom_1662635213294{margin-top: -20px !important;}&#8221;][vc_column_text]<div class=\"lvca-accordion lvca-style2\" data-toggle=\"true\" data-expanded=\"false\"><div class=\"lvca-panel\" id=\"\"><div class=\"lvca-panel-title\">Service description<\/div><div class=\"lvca-panel-content\">\n<div id=\"ui-id-2\" class=\"toggle-content ui-accordion-content ui-helper-reset ui-widget-content ui-corner-bottom ui-accordion-content-active\" role=\"tabpanel\" aria-hidden=\"false\" aria-labelledby=\"ui-id-1\">\n<div class=\"toggle-container entry-content\">\n<p>Price: 250,- CZK \u2013 <span id=\"result_box\" class=\"short_text\" lang=\"en\"><span class=\"hps\">only for hotel guests<\/span><\/span><\/p>\n<p>Price: 600,- CZK \u2013 <span id=\"result_box\" class=\"short_text\" lang=\"en\"><span class=\"hps\">examination of guests from other hotels<\/span><\/span><\/div>\n<\/div>\n<\/div><\/div><!-- .lvca-panel --><\/div><!-- .lvca-accordion -->[\/vc_column_text][\/vc_column][\/vc_row][vc_row][vc_column][vc_empty_space][\/vc_column][\/vc_row][vc_row][vc_column width=&#8221;1\/3&#8243;][vc_single_image image=&#8221;3150&#8243; img_size=&#8221;full&#8221; alignment=&#8221;center&#8221;][vc_column_text]<strong><span style=\"color: #ac8b51; font-size: 10pt;\">MEDICAL SERVICES<\/span><\/strong>[\/vc_column_text][vc_column_text css=&#8221;.vc_custom_1663059716289{margin-top: -30px !important;}&#8221;]<span style=\"font-size: 18pt;\"><strong>Application of injection<\/strong><\/span>[\/vc_column_text][vc_separator color=&#8221;chino&#8221; align=&#8221;align_left&#8221; border_width=&#8221;2&#8243; css=&#8221;.vc_custom_1662634265588{margin-top: -20px !important;}&#8221;][vc_column_text]<div class=\"lvca-accordion lvca-style2\" data-toggle=\"true\" data-expanded=\"false\"><div class=\"lvca-panel\" id=\"\"><div class=\"lvca-panel-title\">Service description<\/div><div class=\"lvca-panel-content\">\n<div id=\"ui-id-2\" class=\"toggle-content ui-accordion-content ui-helper-reset ui-widget-content ui-corner-bottom ui-accordion-content-active\" role=\"tabpanel\" aria-hidden=\"false\" aria-labelledby=\"ui-id-1\">\n<div class=\"toggle-container entry-content\">Price: 100,- CZK<\/div>\n<\/div>\n<\/div><\/div><!-- .lvca-panel --><\/div><!-- .lvca-accordion -->[\/vc_column_text][\/vc_column][vc_column width=&#8221;1\/3&#8243;][vc_single_image image=&#8221;3152&#8243; img_size=&#8221;full&#8221; alignment=&#8221;center&#8221;][vc_column_text]<strong><span style=\"color: #ac8b51; font-size: 10pt;\">MEDICAL SERVICES<\/span><\/strong>[\/vc_column_text][vc_column_text css=&#8221;.vc_custom_1663059723644{margin-top: -30px !important;}&#8221;]<span style=\"font-size: 18pt;\"><strong>Laboratory tests<\/strong><\/span>[\/vc_column_text][vc_separator color=&#8221;chino&#8221; align=&#8221;align_left&#8221; border_width=&#8221;2&#8243; css=&#8221;.vc_custom_1662635192184{margin-top: -20px !important;}&#8221;][vc_column_text]<div class=\"lvca-accordion lvca-style2\" data-toggle=\"true\" data-expanded=\"false\"><div class=\"lvca-panel\" id=\"\"><div class=\"lvca-panel-title\">Service description<\/div><div class=\"lvca-panel-content\">\n<div id=\"ui-id-2\" class=\"toggle-content ui-accordion-content ui-helper-reset ui-widget-content ui-corner-bottom ui-accordion-content-active\" role=\"tabpanel\" aria-hidden=\"false\" aria-labelledby=\"ui-id-1\">\n<div class=\"toggle-container entry-content\">\n<p>Price: standard examination \u2013 825,- CZK<\/p>\n<p>Above standard examination \u2013 according to the current pricelist<\/p>\n<p>Above standard examinations are carried out after consultation with a&nbsp;doctor.<\/p><\/div>\n<\/div>\n<\/div><\/div><!-- .lvca-panel --><\/div><!-- .lvca-accordion -->[\/vc_column_text][\/vc_column][vc_column width=&#8221;1\/3&#8243;][vc_single_image image=&#8221;3156&#8243; img_size=&#8221;full&#8221; alignment=&#8221;center&#8221;][vc_column_text]<strong><span style=\"color: #ac8b51; font-size: 10pt;\">MEDICAL SERVICES<\/span><\/strong>[\/vc_column_text][vc_column_text css=&#8221;.vc_custom_1663058606489{margin-top: -30px !important;}&#8221;]<span style=\"font-size: 18pt;\"><strong>EKG<\/strong><\/span>[\/vc_column_text][vc_separator color=&#8221;chino&#8221; align=&#8221;align_left&#8221; border_width=&#8221;2&#8243; css=&#8221;.vc_custom_1662635213294{margin-top: -20px !important;}&#8221;][vc_column_text]<div class=\"lvca-accordion lvca-style2\" data-toggle=\"true\" data-expanded=\"false\"><div class=\"lvca-panel\" id=\"\"><div class=\"lvca-panel-title\">Service description<\/div><div class=\"lvca-panel-content\">\n<div id=\"ui-id-2\" class=\"toggle-content ui-accordion-content ui-helper-reset ui-widget-content ui-corner-bottom ui-accordion-content-active\" role=\"tabpanel\" aria-hidden=\"false\" aria-labelledby=\"ui-id-1\">\n<div class=\"toggle-container entry-content\">\n<p>Price: 375,- CZK<\/p><\/div>\n<\/div>\n<\/div><\/div><!-- .lvca-panel --><\/div><!-- .lvca-accordion -->[\/vc_column_text][\/vc_column][\/vc_row][vc_row][vc_column][vc_empty_space][\/vc_column][\/vc_row][vc_row][vc_column width=&#8221;1\/3&#8243;][\/vc_column][vc_column width=&#8221;1\/3&#8243;][vc_single_image image=&#8221;3148&#8243; img_size=&#8221;full&#8221; alignment=&#8221;center&#8221;][vc_column_text]<strong><span style=\"color: #ac8b51; font-size: 10pt;\">MEDICAL SERVICES<\/span><\/strong>[\/vc_column_text][vc_column_text css=&#8221;.vc_custom_1663059735785{margin-top: -30px !important;}&#8221;]<span style=\"font-size: 18pt;\"><strong>Administrative doctor services upon client\u2019s request<\/strong><\/span>[\/vc_column_text][vc_separator color=&#8221;chino&#8221; align=&#8221;align_left&#8221; border_width=&#8221;2&#8243; css=&#8221;.vc_custom_1662635192184{margin-top: -20px !important;}&#8221;][vc_column_text]<div class=\"lvca-accordion lvca-style2\" data-toggle=\"true\" data-expanded=\"false\"><div class=\"lvca-panel\" id=\"\"><div class=\"lvca-panel-title\">Service description<\/div><div class=\"lvca-panel-content\">Price: 100,- CZK<\/p>\n<p>For example: changing the schedule of procedures and prescribing certain procedures, writing a&nbsp;recipe, etc\u2026<\/div><\/div><!-- .lvca-panel --><\/div><!-- .lvca-accordion -->[\/vc_column_text][\/vc_column][vc_column width=&#8221;1\/3&#8243;][\/vc_column][\/vc_row][vc_row][vc_column][vc_empty_space][\/vc_column][\/vc_row]\n<\/div>","protected":false},"excerpt":{"rendered":"<p>[vc_row full_width=&#8221;stretch_row&#8221; equal_height=&#8221;yes&#8221; overlay_color=&#8221;rgba(0,0,0,0.01)&#8221; css=&#8221;.vc_custom_1655045396833{padding-top: 20px !important;padding-bottom: 30px !important;background-image: url(https:\/\/hotel-kgm.cz\/wp-content\/uploads\/gobelin3.jpg?id=3653)  [&#8230;]<\/p>\n","protected":false},"author":1,"featured_media":0,"parent":5034,"menu_order":0,"comment_status":"closed","ping_status":"closed","template":"","meta":{"iawp_total_views":194,"footnotes":""},"class_list":["post-5161","page","type-page","status-publish","hentry"],"aioseo_notices":[],"_links":{"self":[{"href":"https:\/\/hotel-kgm.cz\/en\/wp-json\/wp\/v2\/pages\/5161","targetHints":{"allow":["GET"]}}],"collection":[{"href":"https:\/\/hotel-kgm.cz\/en\/wp-json\/wp\/v2\/pages"}],"about":[{"href":"https:\/\/hotel-kgm.cz\/en\/wp-json\/wp\/v2\/types\/page"}],"author":[{"embeddable":true,"href":"https:\/\/hotel-kgm.cz\/en\/wp-json\/wp\/v2\/users\/1"}],"replies":[{"embeddable":true,"href":"https:\/\/hotel-kgm.cz\/en\/wp-json\/wp\/v2\/comments?post=5161"}],"version-history":[{"count":5,"href":"https:\/\/hotel-kgm.cz\/en\/wp-json\/wp\/v2\/pages\/5161\/revisions"}],"predecessor-version":[{"id":34580,"href":"https:\/\/hotel-kgm.cz\/en\/wp-json\/wp\/v2\/pages\/5161\/revisions\/34580"}],"up":[{"embeddable":true,"href":"https:\/\/hotel-kgm.cz\/en\/wp-json\/wp\/v2\/pages\/5034"}],"wp:attachment":[{"href":"https:\/\/hotel-kgm.cz\/en\/wp-json\/wp\/v2\/media?parent=5161"}],"curies":[{"name":"wp","href":"https:\/\/api.w.org\/{rel}","templated":true}]}}