{"id":28353,"date":"2022-11-03T10:21:50","date_gmt":"2022-11-03T09:21:50","guid":{"rendered":"https:\/\/hotel-kgm.cz\/?page_id=28353"},"modified":"2026-03-20T10:18:16","modified_gmt":"2026-03-20T09:18:16","slug":"karlovarska-lazenska-lecba-light-ru","status":"publish","type":"page","link":"https:\/\/hotel-kgm.cz\/ru\/leceni-ru\/lazenske-pobyty-ru\/karlovarska-lazenska-lecba-light-ru\/","title":{"rendered":"\u041a\u0430\u0440\u043b\u043e\u0432\u0430\u0440\u0441\u043a\u043e\u0435 \u043b\u0435\u0447\u0435\u043d\u0438\u0435 &#8212; LIGHT"},"content":{"rendered":"<div class=\"wpb-content-wrapper\">[vc_row full_width=&#187;stretch_row&#187; parallax=&#187;content-moving&#187; parallax_image=&#187;28552&#8243; overlay_color=&#187;rgba(0,0,0,0.01)&#187; css=&#187;.vc_custom_1688994336527{padding-top: 300px !important;padding-bottom: 500px !important;}&#187;][vc_column][\/vc_column][\/vc_row][vc_row full_width=&#187;stretch_row&#187; equal_height=&#187;yes&#187; overlay_color=&#187;rgba(0,0,0,0.01)&#187; css=&#187;.vc_custom_1511302591026{padding-top: 20px !important;padding-bottom: 30px !important;}&#187;][vc_column][vc_row_inner content_placement=&#187;middle&#187;][vc_column_inner width=&#187;3\/4&#8243; css=&#187;.vc_custom_1525718376414{padding-top: 18px !important;}&#187;][vc_column_text]<strong><span style=\"color: #ac8b51;\">KARLSBAD GRANDE MADONNA <em>&amp;<\/em> FESTIVAL Apartments \u2013 KARLOVY VARY<\/span><\/strong><\/p>\n<h2><strong><span style=\"font-size: 36pt;\">\u041a\u0430\u0440\u043b\u043e\u0432\u0430\u0440\u0441\u043a\u043e\u0435 \u043b\u0435\u0447\u0435\u043d\u0438\u0435 \u2014 LIGHT<\/span><\/strong><\/h2>\n[\/vc_column_text][\/vc_column_inner][vc_column_inner width=&#187;1\/4&#8243; css=&#187;.vc_custom_1655046293679{padding-top: 70px !important;}&#187;][vc_column_text]<img decoding=\"async\" class=\"size-full wp-image-9042 aligncenter\" src=\"https:\/\/hotel-kgm.cz\/wp-content\/uploads\/s_andelskou_peci_pruhledne_ru.png\" alt=\"\" width=\"1038\" height=\"94\" srcset=\"https:\/\/hotel-kgm.cz\/wp-content\/uploads\/s_andelskou_peci_pruhledne_ru-300x27.png 300w, https:\/\/hotel-kgm.cz\/wp-content\/uploads\/s_andelskou_peci_pruhledne_ru-768x70.png 768w, https:\/\/hotel-kgm.cz\/wp-content\/uploads\/s_andelskou_peci_pruhledne_ru-1024x93.png 1024w, https:\/\/hotel-kgm.cz\/wp-content\/uploads\/s_andelskou_peci_pruhledne_ru.png 1038w\" sizes=\"(max-width: 1038px) 100vw, 1038px\" \/>[\/vc_column_text][\/vc_column_inner][\/vc_row_inner][vc_separator color=&#187;chino&#187; align=&#187;align_left&#187; border_width=&#187;2&#8243;][\/vc_column][\/vc_row][vc_row overlay_color=&#187;rgba(0,0,0,0.01)&#187;][vc_column][vc_column_text css=&#187;&#187;]\n<h3 class=\"toggle-title\">\u041f\u0420\u0415\u0411\u042b\u0412\u0410\u041d\u0418\u0415 \u041d\u0410 6 \u041d\u041e\u0427\u0415\u0419 (7 \u0414\u041d\u0415\u0419) \u0412\u041a\u041b\u042e\u0427\u0410\u0415\u0422:<\/h3>\n[\/vc_column_text][vc_row_inner][vc_column_inner width=&#187;1\/2&#8243;][vc_column_text css=&#187;&#187;]<div class=\"su-list\" style=\"margin-left:0px\">\n<ul>\n<li><i class=\"sui sui-circle\" style=\"color:#AC8B51\"><\/i> <u><a href=\"https:\/\/hotel-kgm.cz\/ru\/pokoje-ru\/\"><strong>\u041f\u0420\u041e\u0416\u0418\u0412\u0410\u041d\u0418\u0415<\/strong><\/a><\/u><u><\/u><\/li>\n<li><i class=\"sui sui-circle\" style=\"color:#AC8B51\"><\/i> <u><a href=\"https:\/\/hotel-kgm.cz\/ru\/restaurace-ru\/grand-restaurant-ru\/#bufet\"><strong>\u041f\u041e\u041b\u0423\u041f\u0410\u041d\u0421\u0418\u041e\u041d<\/strong><\/a><\/u>\u00a0(HB) \u0432\u043a\u043b\u044e\u0447\u0430\u0435\u0442 \u0437\u0430\u0432\u0442\u0440\u0430\u043a \u0438, \u043f\u043e \u0432\u044b\u0431\u043e\u0440\u0443 \u0433\u043e\u0441\u0442\u044f, \u043e\u0431\u0435\u0434 \u0438\u043b\u0438 \u0443\u0436\u0438\u043d. \u0412\u0441\u0435 \u0431\u043b\u044e\u0434\u0430 \u043f\u043e\u0434\u0430\u044e\u0442\u0441\u044f \u0432 \u0444\u043e\u0440\u043c\u0435 \u0433\u043e\u0440\u044f\u0447\u0435\u0433\u043e \u0438 \u0445\u043e\u043b\u043e\u0434\u043d\u043e\u0433\u043e \u0431\u0443\u0444\u0435\u0442\u0430.<\/li>\n<li><i class=\"sui sui-circle\" style=\"color:#AC8B51\"><\/i> \u041f\u0438\u0442\u0430\u043d\u0438\u0435 \u0442\u0430\u043a\u0436\u0435 \u0432\u043a\u043b\u044e\u0447\u0430\u0435\u0442 \u0434\u0438\u0435\u0442\u0438\u0447\u0435\u0441\u043a\u0438\u0435 \u0438 \u0432\u0435\u0433\u0435\u0442\u0430\u0440\u0438\u0430\u043d\u0441\u043a\u0438\u0435 \u0431\u043b\u044e\u0434\u0430<\/li>\n<li><i class=\"sui sui-circle\" style=\"color:#AC8B51\"><\/i> \u0412\u0441\u0442\u0443\u043f\u0438\u0442\u0435\u043b\u044c\u043d\u044b\u0439 \u043c\u0435\u0434\u0438\u0446\u0438\u043d\u0441\u043a\u0438\u0439 \u043e\u0441\u043c\u043e\u0442\u0440 \u0441 \u043d\u0430\u0437\u043d\u0430\u0447\u0435\u043d\u0438\u0435\u043c \u043f\u0440\u043e\u0446\u0435\u0434\u0443\u0440<\/li>\n<li><i class=\"sui sui-circle\" style=\"color:#AC8B51\"><\/i> \u041d\u0430\u0437\u043d\u0430\u0447\u0435\u043d\u0438\u0435 \u043a\u0430\u0440\u043b\u043e\u0432\u0430\u0440\u0441\u043a\u043e\u0433\u043e \u043f\u0438\u0442\u044c\u0435\u0432\u043e\u0433\u043e \u043a\u0443\u0440\u0441\u0430 \u0432\u0440\u0430\u0447\u043e\u043c<\/li>\n<li><i class=\"sui sui-circle\" style=\"color:#AC8B51\"><\/i> <strong>10<\/strong> <span style=\"text-decoration: underline;\"><a href=\"https:\/\/hotel-kgm.cz\/ru\/leceni-ru\/lazenske-procedury-ru\/\"><strong>\u041f\u0420\u041e\u0426\u0415\u0414\u0423\u0420<\/strong><\/a><\/span> \u0432 \u043d\u0435\u0434\u0435\u043b\u044e \u043f\u043e \u043d\u0430\u0437\u043d\u0430\u0447\u0435\u043d\u0438\u044e \u0432\u0440\u0430\u0447\u0430<\/li>\n<\/ul>\n<\/div>[\/vc_column_text][vc_column_text css=&#187;&#187;]<strong>\u0414\u043e\u043f\u043e\u043b\u043d\u0438\u0442\u0435\u043b\u044c\u043d\u043e \u0431\u0435\u0441\u043f\u043b\u0430\u0442\u043d\u043e<\/strong><\/p>\n<div class=\"su-list\" style=\"margin-left:0px\">\n<ul>\n<li><i class=\"sui sui-circle\" style=\"color:#AC8B51\"><\/i> \u0412\u0445\u043e\u0434 \u0432 \u043e\u0437\u0434\u043e\u0440\u043e\u0432\u0438\u0442\u0435\u043b\u044c\u043d\u044b\u0439 \u0446\u0435\u043d\u0442\u0440 (\u0434\u0436\u0430\u043a\u0443\u0437\u0438, 3 \u0441\u0430\u0443\u043d\u044b, \u0442\u0440\u0435\u043d\u0430\u0436\u0435\u0440\u044b)<\/li>\n<li><i class=\"sui sui-circle\" style=\"color:#AC8B51\"><\/i> \u0425\u0430\u043b\u0430\u0442, \u0442\u0430\u043f\u043e\u0447\u043a\u0438 \u0438 \u0437\u043e\u043d\u0442\u0438\u043a \u043d\u0430 \u0432\u0440\u0435\u043c\u044f \u043f\u0440\u0435\u0431\u044b\u0432\u0430\u043d\u0438\u044f<\/li>\n<li><i class=\"sui sui-circle\" style=\"color:#AC8B51\"><\/i> 1x \u0432\u0445\u043e\u0434 \u043d\u0430 2 \u0447\u0430\u0441\u0430 \u0432 \u0431\u0430\u0441\u0441\u0435\u0439\u043d\u043e\u0432\u044b\u0439 \u043a\u043e\u043c\u043f\u043b\u0435\u043a\u0441 <a href=\"https:\/\/www.karlovyvary.cz\/ru\/alzhbetiny-lazne-1\" target=\"_blank\" rel=\"noopener\">Al\u017eb\u011btiny l\u00e1zn\u011b<\/a>, CENTR\u00c1LN\u00cd M\u011aSTSK\u00c9 L\u00c1ZN\u011a, Smetanovy sady 11445\/1<\/li>\n<\/ul>\n<\/div>[\/vc_column_text][\/vc_column_inner][vc_column_inner width=&#187;1\/2&#8243; css=&#187;.vc_custom_1522138238838{padding-right: 60px !important;}&#187;][vc_gallery interval=&#187;3&#8243; images=&#187;13934,13949,13989,13524&#8243; img_size=&#187;1200&#215;700&#8243; onclick=&#187;&#187;][\/vc_column_inner][\/vc_row_inner][\/vc_column][\/vc_row][vc_row disable_element=&#187;yes&#187; overlay_color=&#187;rgba(0,0,0,0.01)&#187;][vc_column css=&#187;.vc_custom_1641139964101{background-color: #138dd2 !important;}&#187;][vc_raw_html]JTVCeHl6LWlocyUyMHNuaXBwZXQlM0QlMjJMYXpuZVJVJTIyJTVE[\/vc_raw_html][vc_empty_space height=&#187;25px&#187;][vc_column_text]\n<p style=\"text-align: center;\"><span style=\"font-size: 18px; color: #ffffff;\"><strong>1x Vstup na 2 hodiny do baz\u00e9nov\u00e9ho komplexu <span style=\"text-decoration: underline;\"><a style=\"color: #ffffff; text-decoration: underline;\" href=\"https:\/\/www.karlovyvary.cz\/cs\/alzbetiny-lazne-1\" target=\"_blank\" rel=\"noopener noreferrer\">Al\u017eb\u011btiny l\u00e1zn\u011b<\/a><\/span> (CENTR\u00c1LN\u00cd M\u011aSTSK\u00c9 L\u00c1ZN\u011a, Smetanovy sady 1145\/1)<br \/>\n<\/strong><\/span><\/p>\n[\/vc_column_text][\/vc_column][\/vc_row][vc_row][vc_column][vc_empty_space height=&#187;22px&#187;][\/vc_column][\/vc_row][vc_row][vc_column width=&#187;1\/3&#8243;][mvc_advanced_button align=&#187;center&#187; btn_text=&#187;\u041f\u041e\u0414\u0410\u0420\u041e\u0427\u041d\u042b\u0419 \u0412\u0410\u0423\u0427\u0415\u0420&#187; btn_block=&#187;btn_block&#187; use_theme_fonts=&#187;yes&#187; btn_url=&#187;url:https%3A%2F%2Fhotel-kgm.cz%2Fru%2Fleceni-ru%2Fdarkove-poukazy-ru%2F%23kkl_light&#187; btn_clr=&#187;#ffffff&#187; btn_bg=&#187;#ac8b51&#8243; btn_hvrclr=&#187;#ffffff&#187; btn_hvrbg=&#187;#714d1f&#187;][vc_empty_space height=&#187;12px&#187;][\/vc_column][vc_column width=&#187;1\/3&#8243; el_id=&#187;kkllight&#187;][mvc_advanced_button align=&#187;center&#187; btn_text=&#187;\u0411\u0420\u041e\u041d\u0418\u0420\u0423\u0419&#187; btn_block=&#187;btn_block&#187; btn_size=&#187;25&#8243; icon_size=&#187;28&#8243; use_theme_fonts=&#187;yes&#187; btn_icon=&#187;fas fa-bed&#187; btn_url=&#187;url:https%3A%2F%2Fhotel-kgm.cz%2Fru%2Frezervace-2-ru%2F&#187; btn_clr=&#187;#ffffff&#187; btn_bg=&#187;#ac8b51&#8243; btn_hvrclr=&#187;#ffffff&#187; btn_hvrbg=&#187;#714d1f&#187; classname=&#187;tlacitko_rezervace&#187;][vc_empty_space height=&#187;12px&#187;][\/vc_column][vc_column width=&#187;1\/3&#8243;][mvc_advanced_button align=&#187;center&#187; btn_text=&#187;\u0421\u0412\u042f\u0416\u0418\u0421\u042c \u0421 \u041e\u041f\u0415\u0420\u0410\u0422\u041e\u0420\u041e\u041c&#187; btn_block=&#187;btn_block&#187; use_theme_fonts=&#187;yes&#187; btn_url=&#187;url:https%3A%2F%2Fhotel-kgm.cz%2Fru%2Fkontakt-ru%2F%23obchodni_oddeleni&#187; btn_clr=&#187;#ffffff&#187; btn_bg=&#187;#ac8b51&#8243; btn_hvrclr=&#187;#ffffff&#187; btn_hvrbg=&#187;#714d1f&#187;][vc_empty_space height=&#187;12px&#187;][\/vc_column][\/vc_row][vc_row][vc_column][vc_empty_space height=&#187;52px&#187;][\/vc_column][\/vc_row][vc_row disable_element=&#187;yes&#187; overlay_color=&#187;rgba(0,0,0,0.01)&#187;][vc_column][vc_column_text]\n<h3 style=\"text-align: center;\">\u041a\u0430\u0440\u043b\u043e\u0432\u0430\u0440\u0441\u043a\u043e\u0435 \u043b\u0435\u0447\u0435\u043d\u0438\u0435 &#8212; LIGHT \u0441 \u043f\u043e\u043b\u0443\u043f\u0430\u043d\u0441\u0438\u043e\u043d\u043e\u043c<\/h3>\n[\/vc_column_text][vc_column_text]\n<table style=\"border-collapse: collapse; width: 100%; height: 168px;\">\n<tbody>\n<tr style=\"height: 24px;\">\n<td style=\"width: 34.6103%; height: 24px; text-align: center;\"><strong>\u0426\u0415\u041d\u041d\u0418\u041a (\u0426\u0435\u043d\u044b \u0443\u043a\u0430\u0437\u0430\u043d\u044b \u0432 \u0435\u0432\u0440\u043e, \u0437\u0430 1 \u0447\u0435\u043b\u043e\u0432\u0435\u043a\u0430\/1 \u043d\u043e\u0447\u044c)<\/strong><\/td>\n<td style=\"width: 9.55848%; text-align: center; height: 24px;\"><strong>1.7. \u2013 31.10.23<\/strong><br \/>\n<strong>27.12.23 \u2013 3.1.24<\/strong><\/td>\n<td style=\"width: 8.95967%; text-align: center; height: 24px;\"><strong>14.3. \u2013 30.6.23<\/strong><br \/>\n<strong>1.11. \u2013 26.12.23<\/strong><\/td>\n<td style=\"width: 8.10205%; text-align: center; height: 24px;\"><strong>4.1. \u2013 13.3.23<\/strong><\/td>\n<\/tr>\n<tr style=\"height: 24px;\">\n<td style=\"width: 34.6103%; height: 24px;\"><strong>\u041e\u0434\u043d\u043e\u043c\u0435\u0441\u0442\u043d\u044b\u0439 \u043d\u043e\u043c\u0435\u0440<\/strong><\/td>\n<td style=\"width: 9.55848%; text-align: center; height: 24px;\"><strong>97,-<\/strong><\/td>\n<td style=\"width: 8.95967%; text-align: center; height: 24px;\"><strong>87,-<\/strong><\/td>\n<td style=\"width: 8.10205%; text-align: center; height: 24px;\"><strong>79,-<\/strong><\/td>\n<\/tr>\n<tr style=\"height: 24px;\">\n<td style=\"width: 34.6103%; height: 24px;\"><strong>\u0414\u0432\u0443\u0445\u043c\u0435\u0441\u0442\u043d\u044b\u0439 \u043d\u043e\u043c\u0435\u0440<\/strong><\/td>\n<td style=\"width: 9.55848%; text-align: center; height: 24px;\"><strong>82,-<\/strong><\/td>\n<td style=\"width: 8.95967%; text-align: center; height: 24px;\"><strong>72,-<\/strong><\/td>\n<td style=\"width: 8.10205%; text-align: center; height: 24px;\"><strong>64,-<\/strong><\/td>\n<\/tr>\n<tr style=\"height: 24px;\">\n<td style=\"width: 34.6103%; height: 24px;\"><strong>\u0422\u0440\u0435\u0445\u043c\u0435\u0441\u0442\u043d\u044b\u0439 \u043d\u043e\u043c\u0435\u0440<\/strong><\/td>\n<td style=\"width: 9.55848%; text-align: center; height: 24px;\"><strong>82,-<\/strong><\/td>\n<td style=\"width: 8.95967%; text-align: center; height: 24px;\"><strong>72,-<\/strong><\/td>\n<td style=\"width: 8.10205%; text-align: center; height: 24px;\"><strong>64,-<\/strong><\/td>\n<\/tr>\n<tr style=\"height: 24px;\">\n<td style=\"width: 34.6103%; height: 24px;\"><strong>\u0421\u044e\u0438\u0442 (\u043c\u0438\u043d. 2 \u0447\u0435\u043b.)<br \/>\n<\/strong><\/td>\n<td style=\"width: 9.55848%; text-align: center; height: 24px;\"><strong>97,-<\/strong><\/td>\n<td style=\"width: 8.95967%; text-align: center; height: 24px;\"><strong>87,-<\/strong><\/td>\n<td style=\"width: 8.10205%; text-align: center; height: 24px;\"><strong>79,-<\/strong><\/td>\n<\/tr>\n<tr style=\"height: 24px;\">\n<td style=\"width: 34.6103%; height: 24px;\"><strong>\u0421\u044e\u0438\u0442 \u0441 \u044d\u0440\u043a\u0435\u0440\u043e\u043c (\u043c\u0438\u043d. 2 \u0447\u0435\u043b.)<br \/>\n<\/strong><\/td>\n<td style=\"width: 9.55848%; text-align: center; height: 24px;\"><strong>102,-<\/strong><\/td>\n<td style=\"width: 8.95967%; text-align: center; height: 24px;\"><strong>92,-<\/strong><\/td>\n<td style=\"width: 8.10205%; text-align: center; height: 24px;\"><strong>84,-<\/strong><\/td>\n<\/tr>\n<tr style=\"height: 24px;\">\n<td style=\"width: 34.6103%; height: 24px;\"><strong>\u0410\u043f\u0430\u0440\u0442\u0430\u043c\u0435\u043d\u0442 \u0432 \u0434\u0435\u043f\u0430\u043d\u0434\u0430\u043d\u0441\u0435 FESTIVAL (\u043c\u0438\u043d. 2 \u0447\u0435\u043b.)<br \/>\n<\/strong><\/td>\n<td style=\"width: 9.55848%; text-align: center; height: 24px;\"><strong>82,-<\/strong><\/td>\n<td style=\"width: 8.95967%; text-align: center; height: 24px;\"><strong>72,-<\/strong><\/td>\n<td style=\"width: 8.10205%; text-align: center; height: 24px;\"><strong>64,-<\/strong><\/td>\n<\/tr>\n<\/tbody>\n<\/table>\n[\/vc_column_text][vc_column_text]\n<h3 style=\"text-align: center;\">\u041a\u0430\u0440\u043b\u043e\u0432\u0430\u0440\u0441\u043a\u043e\u0435 \u043b\u0435\u0447\u0435\u043d\u0438\u0435 &#8212; LIGHT \u0441 \u043f\u043e\u043b\u043d\u044b\u043c \u043f\u0430\u043d\u0441\u0438\u043e\u043d\u043e\u043c<\/h3>\n[\/vc_column_text][vc_column_text]\n<table style=\"border-collapse: collapse; width: 100%; height: 168px;\">\n<tbody>\n<tr style=\"height: 24px;\">\n<td style=\"width: 34.6103%; height: 24px; text-align: center;\"><strong>\u0426\u0415\u041d\u041d\u0418\u041a (\u0426\u0435\u043d\u044b \u0443\u043a\u0430\u0437\u0430\u043d\u044b \u0432 \u0435\u0432\u0440\u043e, \u0437\u0430 1 \u0447\u0435\u043b\u043e\u0432\u0435\u043a\u0430\/1 \u043d\u043e\u0447\u044c)<\/strong><\/td>\n<td style=\"width: 9.55848%; text-align: center; height: 24px;\"><strong>1.7. \u2013 31.10.23<\/strong><br \/>\n<strong>27.12.23 \u2013 3.1.24<\/strong><\/td>\n<td style=\"width: 8.95967%; text-align: center; height: 24px;\"><strong>14.3. \u2013 30.6.23<\/strong><br \/>\n<strong>1.11. \u2013 26.12.23<\/strong><\/td>\n<td style=\"width: 8.10205%; text-align: center; height: 24px;\"><strong>4.1. \u2013 13.3.23<\/strong><\/td>\n<\/tr>\n<tr style=\"height: 24px;\">\n<td style=\"width: 34.6103%; height: 24px;\"><strong>\u041e\u0434\u043d\u043e\u043c\u0435\u0441\u0442\u043d\u044b\u0439 \u043d\u043e\u043c\u0435\u0440<\/strong><\/td>\n<td style=\"width: 9.55848%; text-align: center; height: 24px;\"><strong>105,-<\/strong><\/td>\n<td style=\"width: 8.95967%; text-align: center; height: 24px;\"><strong>95,-<\/strong><\/td>\n<td style=\"width: 8.10205%; text-align: center; height: 24px;\"><strong>87,-<\/strong><\/td>\n<\/tr>\n<tr style=\"height: 24px;\">\n<td style=\"width: 34.6103%; height: 24px;\"><strong>\u0414\u0432\u0443\u0445\u043c\u0435\u0441\u0442\u043d\u044b\u0439 \u043d\u043e\u043c\u0435\u0440<\/strong><\/td>\n<td style=\"width: 9.55848%; text-align: center; height: 24px;\"><strong>90,-<\/strong><\/td>\n<td style=\"width: 8.95967%; text-align: center; height: 24px;\"><strong>81,-<\/strong><\/td>\n<td style=\"width: 8.10205%; text-align: center; height: 24px;\"><strong>72,-<\/strong><\/td>\n<\/tr>\n<tr style=\"height: 24px;\">\n<td style=\"width: 34.6103%; height: 24px;\"><strong>\u0422\u0440\u0435\u0445\u043c\u0435\u0441\u0442\u043d\u044b\u0439 \u043d\u043e\u043c\u0435\u0440<\/strong><\/td>\n<td style=\"width: 9.55848%; text-align: center; height: 24px;\"><strong>90,-<\/strong><\/td>\n<td style=\"width: 8.95967%; text-align: center; height: 24px;\"><strong>81,-<\/strong><\/td>\n<td style=\"width: 8.10205%; text-align: center; height: 24px;\"><strong>72,-<\/strong><\/td>\n<\/tr>\n<tr style=\"height: 24px;\">\n<td style=\"width: 34.6103%; height: 24px;\"><strong>\u0421\u044e\u0438\u0442 (\u043c\u0438\u043d. 2 \u0447\u0435\u043b.)<br \/>\n<\/strong><\/td>\n<td style=\"width: 9.55848%; text-align: center; height: 24px;\"><strong>105,-<\/strong><\/td>\n<td style=\"width: 8.95967%; text-align: center; height: 24px;\"><strong>95,-<\/strong><\/td>\n<td style=\"width: 8.10205%; text-align: center; height: 24px;\"><strong>87,-<\/strong><\/td>\n<\/tr>\n<tr style=\"height: 24px;\">\n<td style=\"width: 34.6103%; height: 24px;\"><strong>\u0421\u044e\u0438\u0442 \u0441 \u044d\u0440\u043a\u0435\u0440\u043e\u043c (\u043c\u0438\u043d. 2 \u0447\u0435\u043b.)<br \/>\n<\/strong><\/td>\n<td style=\"width: 9.55848%; text-align: center; height: 24px;\"><strong>110,-<\/strong><\/td>\n<td style=\"width: 8.95967%; text-align: center; height: 24px;\"><strong>100,-<\/strong><\/td>\n<td style=\"width: 8.10205%; text-align: center; height: 24px;\"><strong>92,-<\/strong><\/td>\n<\/tr>\n<tr style=\"height: 24px;\">\n<td style=\"width: 34.6103%; height: 24px;\"><strong>\u0410\u043f\u0430\u0440\u0442\u0430\u043c\u0435\u043d\u0442 \u0432 \u0434\u0435\u043f\u0430\u043d\u0434\u0430\u043d\u0441\u0435 FESTIVAL (\u043c\u0438\u043d. 2 \u0447\u0435\u043b.)<br \/>\n<\/strong><\/td>\n<td style=\"width: 9.55848%; text-align: center; height: 24px;\"><strong>90,-<\/strong><\/td>\n<td style=\"width: 8.95967%; text-align: center; height: 24px;\"><strong>81,-<\/strong><\/td>\n<td style=\"width: 8.10205%; text-align: center; height: 24px;\"><strong>72,-<\/strong><\/td>\n<\/tr>\n<\/tbody>\n<\/table>\n[\/vc_column_text][vc_empty_space height=&#187;22px&#187;][\/vc_column][\/vc_row][vc_row][vc_column][vc_raw_html]JTVCeHl6LWlocyUyMHNuaXBwZXQlM0QlMjJsZWNlbmluYWJpZGthUlUlMjIlNUQ=[\/vc_raw_html][\/vc_column][\/vc_row]\n<\/div>","protected":false},"excerpt":{"rendered":"<p>[vc_row full_width=&#187;stretch_row&#187; parallax=&#187;content-moving&#187; parallax_image=&#187;28552&#8243; overlay_color=&#187;rgba(0,0,0,0.01)&#187; css=&#187;.vc_custom_1688994336527{padding-top: 300px !important;padding-bottom: 500px !important;}&#187;][vc_column][\/vc_column][\/vc_row][vc_row  [&#8230;]<\/p>\n","protected":false},"author":1,"featured_media":0,"parent":3974,"menu_order":0,"comment_status":"closed","ping_status":"closed","template":"","meta":{"iawp_total_views":2660,"footnotes":""},"class_list":["post-28353","page","type-page","status-publish","hentry"],"aioseo_notices":[],"_links":{"self":[{"href":"https:\/\/hotel-kgm.cz\/ru\/wp-json\/wp\/v2\/pages\/28353","targetHints":{"allow":["GET"]}}],"collection":[{"href":"https:\/\/hotel-kgm.cz\/ru\/wp-json\/wp\/v2\/pages"}],"about":[{"href":"https:\/\/hotel-kgm.cz\/ru\/wp-json\/wp\/v2\/types\/page"}],"author":[{"embeddable":true,"href":"https:\/\/hotel-kgm.cz\/ru\/wp-json\/wp\/v2\/users\/1"}],"replies":[{"embeddable":true,"href":"https:\/\/hotel-kgm.cz\/ru\/wp-json\/wp\/v2\/comments?post=28353"}],"version-history":[{"count":34,"href":"https:\/\/hotel-kgm.cz\/ru\/wp-json\/wp\/v2\/pages\/28353\/revisions"}],"predecessor-version":[{"id":45623,"href":"https:\/\/hotel-kgm.cz\/ru\/wp-json\/wp\/v2\/pages\/28353\/revisions\/45623"}],"up":[{"embeddable":true,"href":"https:\/\/hotel-kgm.cz\/ru\/wp-json\/wp\/v2\/pages\/3974"}],"wp:attachment":[{"href":"https:\/\/hotel-kgm.cz\/ru\/wp-json\/wp\/v2\/media?parent=28353"}],"curies":[{"name":"wp","href":"https:\/\/api.w.org\/{rel}","templated":true}]}}