{"id":2963,"date":"2017-12-05T14:04:35","date_gmt":"2017-12-05T13:04:35","guid":{"rendered":"https:\/\/hotel-kgm.cz\/?page_id=2963"},"modified":"2025-06-10T03:08:55","modified_gmt":"2025-06-10T01:08:55","slug":"restaurace-ru","status":"publish","type":"page","link":"https:\/\/hotel-kgm.cz\/ru\/restaurace-ru\/","title":{"rendered":"\u0420\u0435\u0441\u0442\u043e\u0440\u0430\u043d"},"content":{"rendered":"<div class=\"wpb-content-wrapper\">[vc_row full_width=&#187;stretch_row&#187; equal_height=&#187;yes&#187; overlay_color=&#187;rgba(0,0,0,0.01)&#187; css=&#187;.vc_custom_1720198086305{padding-bottom: 30px !important;background-image: url(https:\/\/hotel-kgm.cz\/wp-content\/uploads\/gobelin3.jpg?id=3653) !important;}&#187;][vc_column][vc_row_inner content_placement=&#187;middle&#187;][vc_column_inner width=&#187;5\/6&#8243; offset=&#187;vc_hidden-sm vc_hidden-xs&#187;][vc_column_text]\n<h1><em><span style=\"font-size: 96px;\">\u0420\u0435\u0441\u0442\u043e\u0440\u0430\u043d<\/span><\/em><\/h1>\n[\/vc_column_text][vc_column_text]\n<h2><span style=\"color: #ac8b51;\">KARLSBAD GRANDE MADONNA <em>&amp;<\/em><\/span><br \/>\n<span style=\"color: #ac8b51;\">FESTIVAL Apartments<\/span><\/h2>\n[\/vc_column_text][\/vc_column_inner][vc_column_inner width=&#187;1\/6&#8243; offset=&#187;vc_hidden-sm vc_hidden-xs&#187;][vc_column_text]\n<h1><img decoding=\"async\" class=\"size-full wp-image-2507 aligncenter\" src=\"https:\/\/hotel-kgm.cz\/wp-content\/uploads\/andel_maly7.png\" alt=\"\" width=\"180\" height=\"261\" \/><\/h1>\n[\/vc_column_text][\/vc_column_inner][\/vc_row_inner][\/vc_column][\/vc_row][vc_row full_width=&#187;stretch_row&#187; equal_height=&#187;yes&#187; overlay_color=&#187;rgba(0,0,0,0.01)&#187; css=&#187;.vc_custom_1720897652450{padding-bottom: 30px !important;background-image: url(https:\/\/hotel-kgm.cz\/wp-content\/uploads\/gobelin3.jpg?id=3653) !important;}&#187;][vc_column offset=&#187;vc_hidden-lg vc_hidden-md&#187;][vc_row_inner content_placement=&#187;middle&#187;][vc_column_inner width=&#187;5\/6&#8243;][vc_column_text css=&#187;&#187;]\n<h2>\u0420\u0435\u0441\u0442\u043e\u0440\u0430\u043d<\/h2>\n[\/vc_column_text][\/vc_column_inner][vc_column_inner width=&#187;1\/6&#8243;][\/vc_column_inner][\/vc_row_inner][\/vc_column][\/vc_row][vc_row][vc_column offset=&#187;vc_hidden-xs&#187;][vc_empty_space][\/vc_column][\/vc_row][vc_row full_width=&#187;stretch_row_content_no_spaces&#187; gap=&#187;yes&#187; equal_height=&#187;yes&#187; content_placement=&#187;middle&#187; parallax=&#187;content-moving&#187; overlay_color=&#187;rgba(0,0,0,0.01)&#187; css=&#187;.vc_custom_1524949764508{background-position: center;background-repeat: no-repeat;background-size: cover !important;}&#187; el_class=&#187;reset-padding&#187;][vc_column width=&#187;2\/3&#8243; css=&#187;.vc_custom_1689158758443{background-position: center !important;background-repeat: no-repeat !important;background-size: cover !important;}&#187; offset=&#187;vc_hidden-xs&#187;][vc_single_image image=&#187;6760&#8243; img_size=&#187;full&#187; alignment=&#187;center&#187; onclick=&#187;custom_link&#187; link=&#187;https:\/\/hotel-kgm.cz\/ru\/restaurace-ru\/grand-restaurant-ru\/&#187;][\/vc_column][vc_column width=&#187;1\/3&#8243;][vc_empty_space height=&#187;120px&#187; height2=&#187;0&#8243;][vc_row_inner css=&#187;.vc_custom_1689158223604{margin-right: 20px !important;margin-left: 20px !important;background-color: #ffffff !important;}&#187;][vc_column_inner][vc_column_text css=&#187;&#187;]\n<div class=\"wpb_text_column wpb_content_element vc_custom_1513433702389 animate-text loaded-text\">\n<div class=\"wpb_wrapper\">\n<h2 style=\"text-align: center;\"><a href=\"https:\/\/hotel-kgm.cz\/ru\/restaurace-ru\/grand-restaurant-ru\/\"><strong>GRAND RESTAURANT R1\/R2<\/strong><\/a><\/h2>\n<\/div>\n<\/div>\n<div class=\"grid vc-interactive-banner\" style=\"text-align: center;\">\u0411\u043e\u0433\u0430\u0442\u044b\u0439 \u0441\u0435\u0437\u043e\u043d\u043d\u044b\u0439 \u0432\u044b\u0431\u043e\u0440 \u0447\u0435\u0448\u0441\u043a\u043e\u0439 \u0438 \u043c\u0435\u0436\u0434\u0443\u043d\u0430\u0440\u043e\u0434\u043d\u043e\u0439 \u043a\u0443\u0445\u043d\u0438 \u0441 \u043a\u0430\u0440\u043b\u043e\u0432\u0430\u0440\u0441\u043a\u0438\u043c\u0438 \u0434\u0435\u043b\u0438\u043a\u0430\u0442\u0435\u0441\u0430\u043c\u0438<\/div>\n[\/vc_column_text][vc_single_image image=&#187;9011&#8243; img_size=&#187;full&#187; alignment=&#187;center&#187;][vc_btn title=&#187;\u041f\u041e\u0414\u0420\u041e\u0411\u041d\u0415\u0415&#187; shape=&#187;square&#187; color=&#187;chino&#187; size=&#187;lg&#187; align=&#187;center&#187; link=&#187;url:https%3A%2F%2Fhotel-kgm.cz%2Fru%2Frestaurace-ru%2Fgrand-restaurant-ru%2F|title:Pokoje&#187;][\/vc_column_inner][\/vc_row_inner][vc_empty_space height=&#187;120px&#187; height2=&#187;0&#8243;][\/vc_column][\/vc_row][vc_row][vc_column offset=&#187;vc_hidden-xs&#187;][vc_empty_space][\/vc_column][\/vc_row][vc_row full_width=&#187;stretch_row_content_no_spaces&#187; equal_height=&#187;yes&#187; content_placement=&#187;middle&#187; parallax=&#187;content-moving&#187; overlay_color=&#187;rgba(0,0,0,0.01)&#187; css=&#187;.vc_custom_1689158523566{background-position: center;background-repeat: no-repeat !important;background-size: cover !important;}&#187; el_class=&#187;reset-padding&#187;][vc_column width=&#187;1\/3&#8243; css=&#187;.vc_custom_1496055533970{background-color: #f5f5f5 !important;}&#187;][vc_empty_space height=&#187;120px&#187; height2=&#187;0&#8243;][vc_row_inner css=&#187;.vc_custom_1689158223604{margin-right: 20px !important;margin-left: 20px !important;background-color: #ffffff !important;}&#187;][vc_column_inner][vc_column_text]\n<div class=\"wpb_text_column wpb_content_element vc_custom_1512480188615 animate-text loaded-text\">\n<div class=\"wpb_wrapper\">\n<h2 style=\"text-align: center;\"><a href=\"https:\/\/hotel-kgm.cz\/ru\/restaurace-ru\/lobby-bar-ru\/\"><strong>LOBBY BAR<\/strong><\/a><\/h2>\n<\/div>\n<\/div>\n<div class=\"grid vc-interactive-banner\" style=\"text-align: center;\"><span id=\"result_box\" class=\"\" lang=\"cs\"><span class=\"\">\u0418\u0434\u0435\u0430\u043b\u044c\u043d\u043e\u0435 \u043c\u0435\u0441\u0442\u043e \u043d\u0435 \u0442\u043e\u043b\u044c\u043a\u043e \u0434\u043b\u044f \u0434\u0435\u043b\u043e\u0432\u044b\u0445 \u0432\u0441\u0442\u0440\u0435\u0447<\/span><\/span><\/div>\n[\/vc_column_text][vc_single_image image=&#187;9012&#8243; img_size=&#187;full&#187; alignment=&#187;center&#187;][vc_btn title=&#187;\u041f\u041e\u0414\u0420\u041e\u0411\u041d\u0415\u0415&#187; shape=&#187;square&#187; color=&#187;chino&#187; size=&#187;lg&#187; align=&#187;center&#187; link=&#187;url:https%3A%2F%2Fhotel-kgm.cz%2Fru%2Frestaurace-ru%2Flobby-bar-ru%2F|title:Pokoje&#187;][\/vc_column_inner][\/vc_row_inner][vc_empty_space height=&#187;120px&#187; height2=&#187;0&#8243;][\/vc_column][vc_column width=&#187;2\/3&#8243; css=&#187;.vc_custom_1689158767777{background-position: center !important;background-repeat: no-repeat !important;background-size: cover !important;}&#187; offset=&#187;vc_hidden-xs&#187;][vc_single_image image=&#187;8096&#8243; img_size=&#187;full&#187; alignment=&#187;center&#187; onclick=&#187;custom_link&#187; link=&#187;https:\/\/hotel-kgm.cz\/ru\/restaurace-ru\/lobby-bar-ru\/&#187;][\/vc_column][\/vc_row][vc_row][vc_column offset=&#187;vc_hidden-xs&#187;][vc_empty_space][\/vc_column][\/vc_row][vc_row full_width=&#187;stretch_row_content_no_spaces&#187; gap=&#187;yes&#187; equal_height=&#187;yes&#187; content_placement=&#187;middle&#187; parallax=&#187;content-moving&#187; overlay_color=&#187;rgba(0,0,0,0.01)&#187; css=&#187;.vc_custom_1524949823582{background-position: center;background-repeat: no-repeat !important;background-size: cover !important;}&#187; el_class=&#187;reset-padding&#187;][vc_column width=&#187;2\/3&#8243; css=&#187;.vc_custom_1689158776815{background-position: center !important;background-repeat: no-repeat !important;background-size: cover !important;}&#187; offset=&#187;vc_hidden-xs&#187;][vc_single_image image=&#187;6764&#8243; img_size=&#187;full&#187; alignment=&#187;center&#187; onclick=&#187;custom_link&#187; link=&#187;https:\/\/hotel-kgm.cz\/ru\/restaurace-ru\/restaurant-u-krizovniku-ru\/&#187;][\/vc_column][vc_column width=&#187;1\/3&#8243; css=&#187;.vc_custom_1496055533970{background-color: #f5f5f5 !important;}&#187;][vc_empty_space height=&#187;120px&#187; height2=&#187;0&#8243;][vc_row_inner css=&#187;.vc_custom_1689158223604{margin-right: 20px !important;margin-left: 20px !important;background-color: #ffffff !important;}&#187;][vc_column_inner][vc_column_text]\n<div class=\"wpb_text_column wpb_content_element vc_custom_1512480188615 animate-text loaded-text\">\n<div class=\"wpb_wrapper\">\n<h2 style=\"text-align: center;\"><a href=\"https:\/\/hotel-kgm.cz\/ru\/restaurace-ru\/restaurant-u-krizovniku-ru\/\"><strong>\u0420\u0415\u0421\u0422\u041e\u0420\u0410\u041d U\u00a0K\u0158I\u017dOVN\u00cdK\u016e<\/strong><\/a><\/h2>\n<\/div>\n<\/div>\n<div class=\"grid vc-interactive-banner\" style=\"text-align: center;\">\u041f\u0440\u0438\u044f\u0442\u043d\u0430\u044f \u043e\u0431\u0441\u0442\u0430\u043d\u043e\u0432\u043a\u0430 \u0438 \u0434\u0440\u0443\u0436\u0435\u0441\u043a\u043e\u0435 \u043e\u0431\u0441\u043b\u0443\u0436\u0438\u0432\u0430\u043d\u0438\u0435<\/div>\n[\/vc_column_text][vc_single_image image=&#187;9013&#8243; img_size=&#187;full&#187; alignment=&#187;center&#187;][vc_btn title=&#187;\u041f\u041e\u0414\u0420\u041e\u0411\u041d\u0415\u0415&#187; shape=&#187;square&#187; color=&#187;chino&#187; size=&#187;lg&#187; align=&#187;center&#187; link=&#187;url:https%3A%2F%2Fhotel-kgm.cz%2Fru%2Frestaurace-ru%2Frestaurant-u-krizovniku-ru%2F|title:Pokoje&#187;][\/vc_column_inner][\/vc_row_inner][vc_empty_space height=&#187;120px&#187; height2=&#187;0&#8243;][\/vc_column][\/vc_row][vc_row][vc_column][vc_empty_space height=&#187;52px&#187;][vc_column_text]<a href=\"https:\/\/hotel-kgm.cz\/wp-content\/uploads\/eurospa_ru.jpg\"><img decoding=\"async\" class=\"alignleft wp-image-3865\" src=\"https:\/\/hotel-kgm.cz\/wp-content\/uploads\/ochrana_spotrebirtele_ru.jpg\" alt=\"\" width=\"81\" height=\"103\" \/><\/a><a href=\"https:\/\/hotel-kgm.cz\/wp-content\/uploads\/eurospa_ru.jpg\" rel=\"noopener\"><img decoding=\"async\" class=\"alignleft wp-image-4591 size-full\" src=\"https:\/\/hotel-kgm.cz\/wp-content\/uploads\/logo_eurospa_v.png\" alt=\"logo_eurospa_v\" width=\"203\" height=\"100\" \/><\/a> <a href=\"https:\/\/hotel-kgm.cz\/wp-content\/uploads\/eurospa_ru.jpg\"><span style=\"color: #3366ff;\"><strong><span style=\"font-size: 14pt;\">\u041f\u0415\u0420\u0412\u042b\u0419 \u041e\u0422\u0415\u041b\u042c \u0432 \u041a\u0430\u0440\u043b\u043e\u0432\u044b\u0445 \u0412\u0430\u0440\u0430\u0445, \u043a\u043e\u0442\u043e\u0440\u044b\u0439 \u043f\u043e\u043b\u0443\u0447\u0438\u043b \u0435\u0432\u0440\u043e\u043f\u0435\u0439\u0441\u043a\u0438\u0439 \u0441\u0435\u0440\u0442\u0438\u0444\u0438\u043a\u0430\u0442 \u043a\u0430\u0447\u0435\u0441\u0442\u0432\u0430 &#8212; EUROPESPA med<\/span><\/strong><\/span><\/a>[\/vc_column_text][vc_empty_space][\/vc_column][\/vc_row]\n<\/div>","protected":false},"excerpt":{"rendered":"<p>[vc_row full_width=&#187;stretch_row&#187; equal_height=&#187;yes&#187; overlay_color=&#187;rgba(0,0,0,0.01)&#187; css=&#187;.vc_custom_1720198086305{padding-bottom: 30px !important;background-image: url(https:\/\/hotel-kgm.cz\/wp-content\/uploads\/gobelin3.jpg?id=3653) !important;}&#187;][vc_column][vc_row_inner content_placement=&#187;middle&#187;][vc_column_inner  [&#8230;]<\/p>\n","protected":false},"author":1,"featured_media":0,"parent":0,"menu_order":0,"comment_status":"closed","ping_status":"closed","template":"","meta":{"iawp_total_views":3281,"footnotes":""},"class_list":["post-2963","page","type-page","status-publish","hentry"],"aioseo_notices":[],"_links":{"self":[{"href":"https:\/\/hotel-kgm.cz\/ru\/wp-json\/wp\/v2\/pages\/2963","targetHints":{"allow":["GET"]}}],"collection":[{"href":"https:\/\/hotel-kgm.cz\/ru\/wp-json\/wp\/v2\/pages"}],"about":[{"href":"https:\/\/hotel-kgm.cz\/ru\/wp-json\/wp\/v2\/types\/page"}],"author":[{"embeddable":true,"href":"https:\/\/hotel-kgm.cz\/ru\/wp-json\/wp\/v2\/users\/1"}],"replies":[{"embeddable":true,"href":"https:\/\/hotel-kgm.cz\/ru\/wp-json\/wp\/v2\/comments?post=2963"}],"version-history":[{"count":6,"href":"https:\/\/hotel-kgm.cz\/ru\/wp-json\/wp\/v2\/pages\/2963\/revisions"}],"predecessor-version":[{"id":37727,"href":"https:\/\/hotel-kgm.cz\/ru\/wp-json\/wp\/v2\/pages\/2963\/revisions\/37727"}],"wp:attachment":[{"href":"https:\/\/hotel-kgm.cz\/ru\/wp-json\/wp\/v2\/media?parent=2963"}],"curies":[{"name":"wp","href":"https:\/\/api.w.org\/{rel}","templated":true}]}}