{"id":31696,"date":"2023-07-31T09:28:07","date_gmt":"2023-07-31T07:28:07","guid":{"rendered":"https:\/\/hotel-kgm.cz\/?page_id=31696"},"modified":"2024-07-14T10:07:45","modified_gmt":"2024-07-14T08:07:45","slug":"recenze-restaurace-u-krizovniku-ru","status":"publish","type":"page","link":"https:\/\/hotel-kgm.cz\/ru\/restaurace-ru\/restaurant-u-krizovniku-ru\/recenze-restaurace-u-krizovniku-ru\/","title":{"rendered":"\u0420\u0435\u0441\u0442\u043e\u0440\u0430\u043d U&nbsp;K\u0159\u00ed\u017eovn\u00edk\u016f \u043e\u0442\u0437\u044b\u0432\u044b"},"content":{"rendered":"<div class=\"wpb-content-wrapper\">[vc_row full_width=&#187;stretch_row&#187; content_placement=&#187;middle&#187; overlay_color=&#187;rgba(0,0,0,0.01)&#187; css=&#187;.vc_custom_1720944378708{padding-top: 150px !important;padding-bottom: 150px !important;background-image: url(https:\/\/hotel-kgm.cz\/wp-content\/uploads\/u_krizovniku_top7.jpg?id=20709) !important;background-position: center !important;background-repeat: no-repeat !important;background-size: contain !important;}&#187;][vc_column][vc_row_inner css=&#187;.vc_custom_1689598436687{margin-right: 10px !important;margin-left: 10px !important;padding-top: 12px !important;padding-bottom: 22px !important;background-color: rgba(255,255,255,0.95) !important;*background-color: rgb(255,255,255) !important;}&#187;][vc_column_inner offset=&#187;vc_hidden-sm vc_hidden-xs&#187;][vc_empty_space height2=&#187;75&#8243;][vc_column_text]\n<h1 style=\"text-align: center;\">\u0420\u0435\u0441\u0442\u043e\u0440\u0430\u043d U&nbsp;K\u0159\u00ed\u017eovn\u00edk\u016f<br \/>\n\u043e\u0442\u0437\u044b\u0432\u044b<\/h1>\n[\/vc_column_text][vc_empty_space height=&#187;8px&#187; height2=&#187;75&#8243;][\/vc_column_inner][\/vc_row_inner][vc_row_inner css=&#187;.vc_custom_1689598436687{margin-right: 10px !important;margin-left: 10px !important;padding-top: 12px !important;padding-bottom: 22px !important;background-color: rgba(255,255,255,0.95) !important;*background-color: rgb(255,255,255) !important;}&#187;][vc_column_inner offset=&#187;vc_hidden-lg vc_hidden-md&#187;][vc_column_text css=&#187;&#187;]\n<h2>\u0420\u0435\u0441\u0442\u043e\u0440\u0430\u043d U&nbsp;K\u0159\u00ed\u017eovn\u00edk\u016f \u043e\u0442\u0437\u044b\u0432\u044b<\/h2>\n[\/vc_column_text][\/vc_column_inner][\/vc_row_inner][\/vc_column][\/vc_row][vc_row][vc_column][vc_column_text]<div data-src=\"https:\/\/cdn.trustindex.io\/loader.js?c6cd0da182950186b2063c71268\"><\/div>[\/vc_column_text][\/vc_column][\/vc_row]\n<\/div>","protected":false},"excerpt":{"rendered":"<p>[vc_row full_width=&#187;stretch_row&#187; content_placement=&#187;middle&#187; overlay_color=&#187;rgba(0,0,0,0.01)&#187; css=&#187;.vc_custom_1720944378708{padding-top: 150px !important;padding-bottom: 150px !important;background-image: url(https:\/\/hotel-kgm.cz\/wp-content\/uploads\/u_krizovniku_top7.jpg?id=20709)  [&#8230;]<\/p>\n","protected":false},"author":1,"featured_media":0,"parent":4283,"menu_order":0,"comment_status":"closed","ping_status":"closed","template":"","meta":{"iawp_total_views":117,"footnotes":""},"class_list":["post-31696","page","type-page","status-publish","hentry"],"aioseo_notices":[],"_links":{"self":[{"href":"https:\/\/hotel-kgm.cz\/ru\/wp-json\/wp\/v2\/pages\/31696","targetHints":{"allow":["GET"]}}],"collection":[{"href":"https:\/\/hotel-kgm.cz\/ru\/wp-json\/wp\/v2\/pages"}],"about":[{"href":"https:\/\/hotel-kgm.cz\/ru\/wp-json\/wp\/v2\/types\/page"}],"author":[{"embeddable":true,"href":"https:\/\/hotel-kgm.cz\/ru\/wp-json\/wp\/v2\/users\/1"}],"replies":[{"embeddable":true,"href":"https:\/\/hotel-kgm.cz\/ru\/wp-json\/wp\/v2\/comments?post=31696"}],"version-history":[{"count":6,"href":"https:\/\/hotel-kgm.cz\/ru\/wp-json\/wp\/v2\/pages\/31696\/revisions"}],"predecessor-version":[{"id":34310,"href":"https:\/\/hotel-kgm.cz\/ru\/wp-json\/wp\/v2\/pages\/31696\/revisions\/34310"}],"up":[{"embeddable":true,"href":"https:\/\/hotel-kgm.cz\/ru\/wp-json\/wp\/v2\/pages\/4283"}],"wp:attachment":[{"href":"https:\/\/hotel-kgm.cz\/ru\/wp-json\/wp\/v2\/media?parent=31696"}],"curies":[{"name":"wp","href":"https:\/\/api.w.org\/{rel}","templated":true}]}}